{"id":10098,"date":"2022-06-07T16:57:50","date_gmt":"2022-06-07T14:57:50","guid":{"rendered":"https:\/\/planikafires.shop\/plyn\/interierove-plynove-krby\/"},"modified":"2022-09-28T09:39:13","modified_gmt":"2022-09-28T07:39:13","slug":"interierove-plynove-krby","status":"publish","type":"page","link":"https:\/\/planikafires.shop\/cs\/plyn\/interierove-plynove-krby\/","title":{"rendered":"Interi\u00e9rov\u00e9 plynov\u00e9 krby"},"content":{"rendered":"\t\t<div data-elementor-type=\"wp-page\" data-elementor-id=\"10098\" class=\"elementor elementor-10098 elementor-43\" data-elementor-post-type=\"page\">\n\t\t\t\t\t\t<section class=\"elementor-section elementor-top-section elementor-element elementor-element-8e98731 elementor-section-height-min-height elementor-section-boxed elementor-section-height-default elementor-section-items-middle\" data-id=\"8e98731\" data-element_type=\"section\" data-settings=\"{&quot;background_background&quot;:&quot;video&quot;,&quot;background_video_link&quot;:&quot;https:\\\/\\\/www.youtube.com\\\/watch?v=gmZO5GCh7gg&quot;,&quot;background_play_on_mobile&quot;:&quot;yes&quot;}\">\n\t\t\t\t\t\t\t\t<div class=\"elementor-background-video-container\">\n\t\t\t\t\t\t\t\t\t\t\t\t\t<div class=\"elementor-background-video-embed\"><\/div>\n\t\t\t\t\t\t\t\t\t\t\t\t<\/div>\n\t\t\t\t\t\t\t\t\t<div class=\"elementor-background-overlay\"><\/div>\n\t\t\t\t\t\t\t<div class=\"elementor-container elementor-column-gap-default\">\n\t\t\t\t\t<div class=\"elementor-column elementor-col-100 elementor-top-column elementor-element elementor-element-1ab8bb13\" data-id=\"1ab8bb13\" data-element_type=\"column\">\n\t\t\t<div class=\"elementor-widget-wrap elementor-element-populated\">\n\t\t\t\t\t\t<div class=\"elementor-element elementor-element-7cfe72e9 elementor-widget elementor-widget-text-editor\" data-id=\"7cfe72e9\" data-element_type=\"widget\" data-widget_type=\"text-editor.default\">\n\t\t\t\t<div class=\"elementor-widget-container\">\n\t\t\t\t\t\t\t\t\t<p>Automatick\u00e9 vnit\u0159n\u00ed plynov\u00e9 krby Planika kombinuj\u00ed \u0159adu inteligentn\u00edch funkc\u00ed a jedine\u010dn\u011b autentick\u00fdch dekorativn\u00edch dopl\u0148k\u016f, kter\u00e9 poskytuj\u00ed v\u017edy bezpe\u010dn\u00fd a neuv\u011b\u0159iteln\u00fd ohe\u0148. Objevte skute\u010dnou kr\u00e1su ohn\u011b.<\/p>\n\t\t\t\t\t\t\t\t<\/div>\n\t\t\t\t<\/div>\n\t\t\t\t\t<\/div>\n\t\t<\/div>\n\t\t\t\t\t<\/div>\n\t\t<\/section>\n\t\t\t\t<section class=\"elementor-section elementor-top-section elementor-element elementor-element-6a67c279 elementor-section-full_width elementor-section-height-default elementor-section-height-default\" data-id=\"6a67c279\" data-element_type=\"section\">\n\t\t\t\t\t\t<div class=\"elementor-container elementor-column-gap-default\">\n\t\t\t\t\t<div class=\"elementor-column elementor-col-50 elementor-top-column elementor-element elementor-element-68027bd7\" data-id=\"68027bd7\" data-element_type=\"column\">\n\t\t\t<div class=\"elementor-widget-wrap elementor-element-populated\">\n\t\t\t\t\t\t<section class=\"elementor-section elementor-inner-section elementor-element elementor-element-79a88f04 elementor-section-boxed elementor-section-height-default elementor-section-height-default\" data-id=\"79a88f04\" data-element_type=\"section\" data-settings=\"{&quot;sticky&quot;:&quot;top&quot;,&quot;sticky_offset&quot;:120,&quot;sticky_effects_offset&quot;:1000,&quot;sticky_parent&quot;:&quot;yes&quot;,&quot;sticky_on&quot;:[&quot;desktop&quot;,&quot;tablet&quot;,&quot;mobile&quot;],&quot;sticky_anchor_link_offset&quot;:0}\">\n\t\t\t\t\t\t<div class=\"elementor-container elementor-column-gap-default\">\n\t\t\t\t\t<div class=\"elementor-column elementor-col-100 elementor-inner-column elementor-element elementor-element-6e046af8\" data-id=\"6e046af8\" data-element_type=\"column\">\n\t\t\t<div class=\"elementor-widget-wrap elementor-element-populated\">\n\t\t\t\t\t\t<div class=\"elementor-element elementor-element-15c1fd2 elementor-icon-list--layout-traditional elementor-list-item-link-full_width elementor-widget elementor-widget-icon-list\" data-id=\"15c1fd2\" data-element_type=\"widget\" data-widget_type=\"icon-list.default\">\n\t\t\t\t<div class=\"elementor-widget-container\">\n\t\t\t\t\t\t\t<ul class=\"elementor-icon-list-items\">\n\t\t\t\t\t\t\t<li class=\"elementor-icon-list-item\">\n\t\t\t\t\t\t\t\t\t\t\t<a href=\"#ohniste\">\n\n\t\t\t\t\t\t\t\t\t\t\t\t<span class=\"elementor-icon-list-icon\">\n\t\t\t\t\t\t\t<i aria-hidden=\"true\" class=\"fas fa-circle\"><\/i>\t\t\t\t\t\t<\/span>\n\t\t\t\t\t\t\t\t\t\t<span class=\"elementor-icon-list-text\">Ohni\u0161t\u011b<\/span>\n\t\t\t\t\t\t\t\t\t\t\t<\/a>\n\t\t\t\t\t\t\t\t\t<\/li>\n\t\t\t\t\t\t\t\t<li class=\"elementor-icon-list-item\">\n\t\t\t\t\t\t\t\t\t\t\t<a href=\"#linearni-ohen\">\n\n\t\t\t\t\t\t\t\t\t\t\t\t<span class=\"elementor-icon-list-icon\">\n\t\t\t\t\t\t\t<i aria-hidden=\"true\" class=\"fas fa-circle\"><\/i>\t\t\t\t\t\t<\/span>\n\t\t\t\t\t\t\t\t\t\t<span class=\"elementor-icon-list-text\">Line\u00e1rn\u00ed ohe\u0148<\/span>\n\t\t\t\t\t\t\t\t\t\t\t<\/a>\n\t\t\t\t\t\t\t\t\t<\/li>\n\t\t\t\t\t\t<\/ul>\n\t\t\t\t\t\t<\/div>\n\t\t\t\t<\/div>\n\t\t\t\t\t<\/div>\n\t\t<\/div>\n\t\t\t\t\t<\/div>\n\t\t<\/section>\n\t\t\t\t\t<\/div>\n\t\t<\/div>\n\t\t\t\t<div class=\"elementor-column elementor-col-50 elementor-top-column elementor-element elementor-element-6d527c5a\" data-id=\"6d527c5a\" data-element_type=\"column\">\n\t\t\t<div class=\"elementor-widget-wrap elementor-element-populated\">\n\t\t\t\t\t\t<section class=\"elementor-section elementor-inner-section elementor-element elementor-element-380e077f elementor-section-boxed elementor-section-height-default elementor-section-height-default\" data-id=\"380e077f\" data-element_type=\"section\" id=\"ohnisko\">\n\t\t\t\t\t\t<div class=\"elementor-container elementor-column-gap-default\">\n\t\t\t\t\t<div class=\"elementor-column elementor-col-100 elementor-inner-column elementor-element elementor-element-60d5a589\" data-id=\"60d5a589\" data-element_type=\"column\">\n\t\t\t<div class=\"elementor-widget-wrap elementor-element-populated\">\n\t\t\t\t\t\t<div class=\"elementor-element elementor-element-35e97fbc elementor-widget elementor-widget-heading\" data-id=\"35e97fbc\" data-element_type=\"widget\" data-widget_type=\"heading.default\">\n\t\t\t\t<div class=\"elementor-widget-container\">\n\t\t\t\t\t<h2 class=\"elementor-heading-title elementor-size-default\">Ohni\u0161t\u011b<\/h2>\t\t\t\t<\/div>\n\t\t\t\t<\/div>\n\t\t\t\t<div class=\"elementor-element elementor-element-6f47734d elementor-widget elementor-widget-heading\" data-id=\"6f47734d\" data-element_type=\"widget\" data-widget_type=\"heading.default\">\n\t\t\t\t<div class=\"elementor-widget-container\">\n\t\t\t\t\t<p class=\"elementor-heading-title elementor-size-default\">P\u0158\u00cdRODN\u00cd PLAMENE VE VA\u0160EM POKOJI<\/p>\t\t\t\t<\/div>\n\t\t\t\t<\/div>\n\t\t\t\t<div class=\"elementor-element elementor-element-ed13a75 elementor-widget elementor-widget-text-editor\" data-id=\"ed13a75\" data-element_type=\"widget\" data-widget_type=\"text-editor.default\">\n\t\t\t\t<div class=\"elementor-widget-container\">\n\t\t\t\t\t\t\t\t\t<p>Tento vnit\u0159n\u00ed plynov\u00fd krb p\u0159edstavuje nejklasi\u010dt\u011bj\u0161\u00ed ze v\u0161ech design\u016f ohn\u011b. Krb s vertik\u00e1ln\u00edm ho\u0159\u00e1kem slou\u017e\u00ed k r\u00e1mov\u00e1n\u00ed ohn\u011b, zd\u016fraz\u0148uj\u00edc\u00ed jeho skute\u010dn\u00e9 kouzlo a kr\u00e1su.<\/p>\n\t\t\t\t\t\t\t\t<\/div>\n\t\t\t\t<\/div>\n\t\t\t\t\t<\/div>\n\t\t<\/div>\n\t\t\t\t\t<\/div>\n\t\t<\/section>\n\t\t\t\t<section class=\"elementor-section elementor-inner-section elementor-element elementor-element-1798da0 elementor-section-boxed elementor-section-height-default elementor-section-height-default\" data-id=\"1798da0\" data-element_type=\"section\" id=\"linearny-ohen\">\n\t\t\t\t\t\t<div class=\"elementor-container elementor-column-gap-default\">\n\t\t\t\t\t<div class=\"elementor-column elementor-col-100 elementor-inner-column elementor-element elementor-element-6df3f17\" data-id=\"6df3f17\" data-element_type=\"column\">\n\t\t\t<div class=\"elementor-widget-wrap elementor-element-populated\">\n\t\t\t\t\t\t<div class=\"elementor-element elementor-element-25486e6b elementor-widget elementor-widget-heading\" data-id=\"25486e6b\" data-element_type=\"widget\" id=\"etanolove-krby\" data-widget_type=\"heading.default\">\n\t\t\t\t<div class=\"elementor-widget-container\">\n\t\t\t\t\t<h2 class=\"elementor-heading-title elementor-size-default\">Line\u00e1rn\u00ed ohe\u0148<\/h2>\t\t\t\t<\/div>\n\t\t\t\t<\/div>\n\t\t\t\t<div class=\"elementor-element elementor-element-1ddfe6b7 elementor-widget elementor-widget-heading\" data-id=\"1ddfe6b7\" data-element_type=\"widget\" data-widget_type=\"heading.default\">\n\t\t\t\t<div class=\"elementor-widget-container\">\n\t\t\t\t\t<p class=\"elementor-heading-title elementor-size-default\"> PLAMENE V P\u0158\u00cdRODN\u00cd PODOB\u011a<\/p>\t\t\t\t<\/div>\n\t\t\t\t<\/div>\n\t\t\t\t<div class=\"elementor-element elementor-element-27e4268e elementor-widget elementor-widget-text-editor\" data-id=\"27e4268e\" data-element_type=\"widget\" data-widget_type=\"text-editor.default\">\n\t\t\t\t<div class=\"elementor-widget-container\">\n\t\t\t\t\t\t\t\t\t<p>Na\u0161e vnit\u0159n\u00ed plynov\u00e9 krby s line\u00e1rn\u00edmi ho\u0159\u00e1ky jsou perfektn\u00edm \u0159e\u0161en\u00edm pro obytn\u00e9 i komer\u010dn\u00ed interi\u00e9ry, kde mohou b\u00fdt uspo\u0159\u00e1d\u00e1ny jako \u00fast\u0159edn\u00ed bod prostoru. Dv\u011b r\u016fzn\u00e9 mo\u017enosti paliva a syst\u00e9my d\u00e1lkov\u00e9ho ovl\u00e1d\u00e1n\u00ed d\u011blaj\u00ed z line\u00e1rn\u00edch plynov\u00fdch krb\u016f v\u0161estrann\u00e9 \u0159e\u0161en\u00ed vhodn\u00e9 pro ka\u017ed\u00e9ho. Vyberte si vnit\u0159n\u00ed plynov\u00fd krb, abyste vytvo\u0159ili nejelegantn\u011bj\u0161\u00ed ohni\u0161t\u011b ve sv\u00e9m prostoru.<\/p>\n\t\t\t\t\t\t\t\t<\/div>\n\t\t\t\t<\/div>\n\t\t\t\t\t<\/div>\n\t\t<\/div>\n\t\t\t\t\t<\/div>\n\t\t<\/section>\n\t\t\t\t\t<\/div>\n\t\t<\/div>\n\t\t\t\t\t<\/div>\n\t\t<\/section>\n\t\t\t\t<section class=\"elementor-section elementor-top-section elementor-element elementor-element-2ada12f6 elementor-section-content-middle elementor-section-boxed elementor-section-height-default elementor-section-height-default\" data-id=\"2ada12f6\" data-element_type=\"section\">\n\t\t\t\t\t\t<div class=\"elementor-container elementor-column-gap-default\">\n\t\t\t\t\t<div class=\"elementor-column elementor-col-100 elementor-top-column elementor-element elementor-element-2f165822\" data-id=\"2f165822\" data-element_type=\"column\">\n\t\t\t<div class=\"elementor-widget-wrap elementor-element-populated\">\n\t\t\t\t\t\t<div class=\"elementor-element elementor-element-7c53f5c3 elementor-widget elementor-widget-heading\" data-id=\"7c53f5c3\" data-element_type=\"widget\" data-widget_type=\"heading.default\">\n\t\t\t\t<div class=\"elementor-widget-container\">\n\t\t\t\t\t<h2 class=\"elementor-heading-title elementor-size-default\">Nejprod\u00e1van\u011bj\u0161\u00ed<\/h2>\t\t\t\t<\/div>\n\t\t\t\t<\/div>\n\t\t\t\t\t<\/div>\n\t\t<\/div>\n\t\t\t\t\t<\/div>\n\t\t<\/section>\n\t\t\t\t<section class=\"elementor-section elementor-top-section elementor-element elementor-element-18c73f95 elementor-section-boxed elementor-section-height-default elementor-section-height-default\" data-id=\"18c73f95\" data-element_type=\"section\">\n\t\t\t\t\t\t<div class=\"elementor-container elementor-column-gap-default\">\n\t\t\t\t\t<div class=\"elementor-column elementor-col-100 elementor-top-column elementor-element elementor-element-19e961f1\" data-id=\"19e961f1\" data-element_type=\"column\">\n\t\t\t<div class=\"elementor-widget-wrap elementor-element-populated\">\n\t\t\t\t\t\t<div class=\"elementor-element elementor-element-4d55cd94 elementor-grid-3 elementor-grid-mobile-1 elementor-grid-tablet-3 elementor-products-grid elementor-wc-products elementor-widget elementor-widget-woocommerce-products\" data-id=\"4d55cd94\" data-element_type=\"widget\" data-widget_type=\"woocommerce-products.default\">\n\t\t\t\t<div class=\"elementor-widget-container\">\n\t\t\t\t\t<div class=\"woocommerce columns-3 \"><ul class=\"products elementor-grid columns-3\">\n<li class=\"product type-product post-11149 status-publish first onbackorder product_cat-exterierovy-volne-stojici-plynovy-krb product_tag-basic-collection-cs has-post-thumbnail taxable shipping-taxable purchasable product-type-simple\">\n\t<a href=\"https:\/\/planikafires.shop\/cs\/produkt\/faro-2\/\" class=\"woocommerce-LoopProduct-link woocommerce-loop-product__link\"><div class=\"tp-image-wrapper\"><img decoding=\"async\" class=\"image\" src=\"https:\/\/planikafires.shop\/wp-content\/uploads\/2022\/08\/faro-category2-800x0-c-default-800x800.jpg\" srcset=\"https:\/\/planikafires.shop\/wp-content\/uploads\/2022\/08\/faro-category2-800x0-c-default-800x800.jpg 800w, https:\/\/planikafires.shop\/wp-content\/uploads\/2022\/08\/faro-category2-800x0-c-default-150x150.jpg 150w, https:\/\/planikafires.shop\/wp-content\/uploads\/2022\/08\/faro-category2-800x0-c-default-100x100.jpg 100w\" sizes=\"(max-width: 360px) 100vw, 360px\" alt=\"FARO\"><\/div><div class=\"advanced-woo-labels awl-position-type-on-image awl-label-type-archive awl-align-right-top\" style=\"display:flex;flex-wrap:wrap;flex-direction:row;text-align:left;width:100%;position:absolute;z-index:9;left:0px;right:auto;top:0px;bottom:auto;transform:none;justify-content:flex-end;align-items:stretch;\"><div class=\"awl-label-wrap awl-label-id-11795\" style=\"\"><span class=\"awl-product-label awl-type-label awl-type-label-standard\" style=\"display:table;position:relative;line-height:1;white-space:nowrap;vertical-align:baseline;font-size:16px;;font-weight:900;font-style:normal;letter-spacing:0px;;color:#020202;opacity:0.5;margin:0px 0px 0px 0px;\"><span class=\"awl-label-text\"  style=\"display:table-cell;padding:2em 2em 2em 2em;z-index:1;background:transparent;position:relative;line-height:1;border-radius:0;\"><span class=\"awl-inner-text\">BASIC COLLECTION<\/span><\/span><\/span><\/div><\/div><h2 class=\"woocommerce-loop-product__title\">FARO<\/h2>\n\t<span class=\"price\"><span class=\"woocommerce-Price-amount amount\"><bdi>10.225&nbsp;<span class=\"woocommerce-Price-currencySymbol\">&#75;&#269;<\/span><\/bdi><\/span> <small class=\"woocommerce-price-suffix\">s DPH<\/small><\/span>\n<\/a><a href=\"\/cs\/wp-json\/wp\/v2\/pages\/10098?add-to-cart=11149\" aria-describedby=\"woocommerce_loop_add_to_cart_link_describedby_11149\" data-quantity=\"1\" class=\"button product_type_simple add_to_cart_button ajax_add_to_cart\" data-product_id=\"11149\" data-product_sku=\"\" aria-label=\"P\u0159idat do ko\u0161\u00edku: &ldquo;FARO&rdquo;\" rel=\"nofollow\" data-success_message=\"&ldquo;FARO&rdquo; byl p\u0159id\u00e1n do ko\u0161\u00edku\" role=\"button\">P\u0159idat do ko\u0161\u00edku<\/a>\t<span id=\"woocommerce_loop_add_to_cart_link_describedby_11149\" class=\"screen-reader-text\">\n\t\t\t<\/span>\n<\/li>\n<\/ul>\n<\/div>\t\t\t\t<\/div>\n\t\t\t\t<\/div>\n\t\t\t\t\t<\/div>\n\t\t<\/div>\n\t\t\t\t\t<\/div>\n\t\t<\/section>\n\t\t\t\t<\/div>\n\t\t","protected":false},"excerpt":{"rendered":"<p>Automatick\u00e9 vnit\u0159n\u00ed plynov\u00e9 krby Planika kombinuj\u00ed \u0159adu inteligentn\u00edch funkc\u00ed a jedine\u010dn\u011b autentick\u00fdch dekorativn\u00edch dopl\u0148k\u016f, kter\u00e9 poskytuj\u00ed v\u017edy bezpe\u010dn\u00fd a neuv\u011b\u0159iteln\u00fd ohe\u0148. Objevte skute\u010dnou kr\u00e1su ohn\u011b. Ohni\u0161t\u011b Line\u00e1rn\u00ed ohe\u0148 Ohni\u0161t\u011b P\u0158\u00cdRODN\u00cd PLAMENE VE VA\u0160EM POKOJI Tento vnit\u0159n\u00ed plynov\u00fd krb p\u0159edstavuje nejklasi\u010dt\u011bj\u0161\u00ed ze v\u0161ech design\u016f ohn\u011b. Krb s vertik\u00e1ln\u00edm ho\u0159\u00e1kem slou\u017e\u00ed k r\u00e1mov\u00e1n\u00ed ohn\u011b, zd\u016fraz\u0148uj\u00edc\u00ed jeho skute\u010dn\u00e9 [&hellip;]<\/p>\n","protected":false},"author":1,"featured_media":0,"parent":10094,"menu_order":0,"comment_status":"closed","ping_status":"closed","template":"","meta":{"_acf_changed":false,"footnotes":""},"class_list":["post-10098","page","type-page","status-publish","hentry"],"acf":[],"yoast_head":"<!-- This site is optimized with the Yoast SEO plugin v24.2 - https:\/\/yoast.com\/wordpress\/plugins\/seo\/ -->\n<title>Interi\u00e9rov\u00e9 plynov\u00e9 krby | Planika<\/title>\n<meta name=\"robots\" content=\"index, follow, max-snippet:-1, max-image-preview:large, max-video-preview:-1\" \/>\n<link rel=\"canonical\" href=\"https:\/\/planikafires.shop\/cs\/plyn\/interierove-plynove-krby\/\" \/>\n<meta property=\"og:locale\" content=\"cs_CZ\" \/>\n<meta property=\"og:type\" content=\"article\" \/>\n<meta property=\"og:title\" content=\"Interi\u00e9rov\u00e9 plynov\u00e9 krby | Planika\" \/>\n<meta property=\"og:description\" content=\"Automatick\u00e9 vnit\u0159n\u00ed plynov\u00e9 krby Planika kombinuj\u00ed \u0159adu inteligentn\u00edch funkc\u00ed a jedine\u010dn\u011b autentick\u00fdch dekorativn\u00edch dopl\u0148k\u016f, kter\u00e9 poskytuj\u00ed v\u017edy bezpe\u010dn\u00fd a neuv\u011b\u0159iteln\u00fd ohe\u0148. Objevte skute\u010dnou kr\u00e1su ohn\u011b. Ohni\u0161t\u011b Line\u00e1rn\u00ed ohe\u0148 Ohni\u0161t\u011b P\u0158\u00cdRODN\u00cd PLAMENE VE VA\u0160EM POKOJI Tento vnit\u0159n\u00ed plynov\u00fd krb p\u0159edstavuje nejklasi\u010dt\u011bj\u0161\u00ed ze v\u0161ech design\u016f ohn\u011b. Krb s vertik\u00e1ln\u00edm ho\u0159\u00e1kem slou\u017e\u00ed k r\u00e1mov\u00e1n\u00ed ohn\u011b, zd\u016fraz\u0148uj\u00edc\u00ed jeho skute\u010dn\u00e9 [&hellip;]\" \/>\n<meta property=\"og:url\" content=\"https:\/\/planikafires.shop\/cs\/plyn\/interierove-plynove-krby\/\" \/>\n<meta property=\"og:site_name\" content=\"Planika\" \/>\n<meta property=\"article:modified_time\" content=\"2022-09-28T07:39:13+00:00\" \/>\n<meta property=\"og:image\" content=\"https:\/\/planikafires.shop\/wp-content\/uploads\/2023\/08\/Planika-Casa_Bodhi_Event-121.jpg\" \/>\n\t<meta property=\"og:image:width\" content=\"1920\" \/>\n\t<meta property=\"og:image:height\" content=\"1281\" \/>\n\t<meta property=\"og:image:type\" content=\"image\/jpeg\" \/>\n<meta name=\"twitter:card\" content=\"summary_large_image\" \/>\n<meta name=\"twitter:label1\" content=\"Odhadovan\u00e1 doba \u010dten\u00ed\" \/>\n\t<meta name=\"twitter:data1\" content=\"1 minuta\" \/>\n<script type=\"application\/ld+json\" class=\"yoast-schema-graph\">{\"@context\":\"https:\/\/schema.org\",\"@graph\":[{\"@type\":\"WebPage\",\"@id\":\"https:\/\/planikafires.shop\/cs\/plyn\/interierove-plynove-krby\/\",\"url\":\"https:\/\/planikafires.shop\/cs\/plyn\/interierove-plynove-krby\/\",\"name\":\"Interi\u00e9rov\u00e9 plynov\u00e9 krby | Planika\",\"isPartOf\":{\"@id\":\"https:\/\/planikafires.shop\/cs\/#website\"},\"datePublished\":\"2022-06-07T14:57:50+00:00\",\"dateModified\":\"2022-09-28T07:39:13+00:00\",\"breadcrumb\":{\"@id\":\"https:\/\/planikafires.shop\/cs\/plyn\/interierove-plynove-krby\/#breadcrumb\"},\"inLanguage\":\"cs\",\"potentialAction\":[{\"@type\":\"ReadAction\",\"target\":[\"https:\/\/planikafires.shop\/cs\/plyn\/interierove-plynove-krby\/\"]}]},{\"@type\":\"BreadcrumbList\",\"@id\":\"https:\/\/planikafires.shop\/cs\/plyn\/interierove-plynove-krby\/#breadcrumb\",\"itemListElement\":[{\"@type\":\"ListItem\",\"position\":1,\"name\":\"Domovsk\u00e1 str\u00e1nka\",\"item\":\"https:\/\/planikafires.shop\/cs\/\"},{\"@type\":\"ListItem\",\"position\":2,\"name\":\"Plyn\",\"item\":\"https:\/\/planikafires.shop\/cs\/plyn\/\"},{\"@type\":\"ListItem\",\"position\":3,\"name\":\"Interi\u00e9rov\u00e9 plynov\u00e9 krby\"}]},{\"@type\":\"WebSite\",\"@id\":\"https:\/\/planikafires.shop\/cs\/#website\",\"url\":\"https:\/\/planikafires.shop\/cs\/\",\"name\":\"Planika\",\"description\":\"Modern\u00e9 rie\u0161enie krbov\",\"publisher\":{\"@id\":\"https:\/\/planikafires.shop\/cs\/#organization\"},\"potentialAction\":[{\"@type\":\"SearchAction\",\"target\":{\"@type\":\"EntryPoint\",\"urlTemplate\":\"https:\/\/planikafires.shop\/cs\/?s={search_term_string}\"},\"query-input\":{\"@type\":\"PropertyValueSpecification\",\"valueRequired\":true,\"valueName\":\"search_term_string\"}}],\"inLanguage\":\"cs\"},{\"@type\":\"Organization\",\"@id\":\"https:\/\/planikafires.shop\/cs\/#organization\",\"name\":\"Planika\",\"url\":\"https:\/\/planikafires.shop\/cs\/\",\"logo\":{\"@type\":\"ImageObject\",\"inLanguage\":\"cs\",\"@id\":\"https:\/\/planikafires.shop\/cs\/#\/schema\/logo\/image\/\",\"url\":\"https:\/\/planikafires.shop\/wp-content\/uploads\/2022\/06\/logo.png\",\"contentUrl\":\"https:\/\/planikafires.shop\/wp-content\/uploads\/2022\/06\/logo.png\",\"width\":191,\"height\":78,\"caption\":\"Planika\"},\"image\":{\"@id\":\"https:\/\/planikafires.shop\/cs\/#\/schema\/logo\/image\/\"}}]}<\/script>\n<!-- \/ Yoast SEO plugin. -->","yoast_head_json":{"title":"Interi\u00e9rov\u00e9 plynov\u00e9 krby | Planika","robots":{"index":"index","follow":"follow","max-snippet":"max-snippet:-1","max-image-preview":"max-image-preview:large","max-video-preview":"max-video-preview:-1"},"canonical":"https:\/\/planikafires.shop\/cs\/plyn\/interierove-plynove-krby\/","og_locale":"cs_CZ","og_type":"article","og_title":"Interi\u00e9rov\u00e9 plynov\u00e9 krby | Planika","og_description":"Automatick\u00e9 vnit\u0159n\u00ed plynov\u00e9 krby Planika kombinuj\u00ed \u0159adu inteligentn\u00edch funkc\u00ed a jedine\u010dn\u011b autentick\u00fdch dekorativn\u00edch dopl\u0148k\u016f, kter\u00e9 poskytuj\u00ed v\u017edy bezpe\u010dn\u00fd a neuv\u011b\u0159iteln\u00fd ohe\u0148. Objevte skute\u010dnou kr\u00e1su ohn\u011b. Ohni\u0161t\u011b Line\u00e1rn\u00ed ohe\u0148 Ohni\u0161t\u011b P\u0158\u00cdRODN\u00cd PLAMENE VE VA\u0160EM POKOJI Tento vnit\u0159n\u00ed plynov\u00fd krb p\u0159edstavuje nejklasi\u010dt\u011bj\u0161\u00ed ze v\u0161ech design\u016f ohn\u011b. Krb s vertik\u00e1ln\u00edm ho\u0159\u00e1kem slou\u017e\u00ed k r\u00e1mov\u00e1n\u00ed ohn\u011b, zd\u016fraz\u0148uj\u00edc\u00ed jeho skute\u010dn\u00e9 [&hellip;]","og_url":"https:\/\/planikafires.shop\/cs\/plyn\/interierove-plynove-krby\/","og_site_name":"Planika","article_modified_time":"2022-09-28T07:39:13+00:00","og_image":[{"width":1920,"height":1281,"url":"https:\/\/planikafires.shop\/wp-content\/uploads\/2023\/08\/Planika-Casa_Bodhi_Event-121.jpg","type":"image\/jpeg"}],"twitter_card":"summary_large_image","twitter_misc":{"Odhadovan\u00e1 doba \u010dten\u00ed":"1 minuta"},"schema":{"@context":"https:\/\/schema.org","@graph":[{"@type":"WebPage","@id":"https:\/\/planikafires.shop\/cs\/plyn\/interierove-plynove-krby\/","url":"https:\/\/planikafires.shop\/cs\/plyn\/interierove-plynove-krby\/","name":"Interi\u00e9rov\u00e9 plynov\u00e9 krby | Planika","isPartOf":{"@id":"https:\/\/planikafires.shop\/cs\/#website"},"datePublished":"2022-06-07T14:57:50+00:00","dateModified":"2022-09-28T07:39:13+00:00","breadcrumb":{"@id":"https:\/\/planikafires.shop\/cs\/plyn\/interierove-plynove-krby\/#breadcrumb"},"inLanguage":"cs","potentialAction":[{"@type":"ReadAction","target":["https:\/\/planikafires.shop\/cs\/plyn\/interierove-plynove-krby\/"]}]},{"@type":"BreadcrumbList","@id":"https:\/\/planikafires.shop\/cs\/plyn\/interierove-plynove-krby\/#breadcrumb","itemListElement":[{"@type":"ListItem","position":1,"name":"Domovsk\u00e1 str\u00e1nka","item":"https:\/\/planikafires.shop\/cs\/"},{"@type":"ListItem","position":2,"name":"Plyn","item":"https:\/\/planikafires.shop\/cs\/plyn\/"},{"@type":"ListItem","position":3,"name":"Interi\u00e9rov\u00e9 plynov\u00e9 krby"}]},{"@type":"WebSite","@id":"https:\/\/planikafires.shop\/cs\/#website","url":"https:\/\/planikafires.shop\/cs\/","name":"Planika","description":"Modern\u00e9 rie\u0161enie krbov","publisher":{"@id":"https:\/\/planikafires.shop\/cs\/#organization"},"potentialAction":[{"@type":"SearchAction","target":{"@type":"EntryPoint","urlTemplate":"https:\/\/planikafires.shop\/cs\/?s={search_term_string}"},"query-input":{"@type":"PropertyValueSpecification","valueRequired":true,"valueName":"search_term_string"}}],"inLanguage":"cs"},{"@type":"Organization","@id":"https:\/\/planikafires.shop\/cs\/#organization","name":"Planika","url":"https:\/\/planikafires.shop\/cs\/","logo":{"@type":"ImageObject","inLanguage":"cs","@id":"https:\/\/planikafires.shop\/cs\/#\/schema\/logo\/image\/","url":"https:\/\/planikafires.shop\/wp-content\/uploads\/2022\/06\/logo.png","contentUrl":"https:\/\/planikafires.shop\/wp-content\/uploads\/2022\/06\/logo.png","width":191,"height":78,"caption":"Planika"},"image":{"@id":"https:\/\/planikafires.shop\/cs\/#\/schema\/logo\/image\/"}}]}},"_links":{"self":[{"href":"https:\/\/planikafires.shop\/cs\/wp-json\/wp\/v2\/pages\/10098","targetHints":{"allow":["GET"]}}],"collection":[{"href":"https:\/\/planikafires.shop\/cs\/wp-json\/wp\/v2\/pages"}],"about":[{"href":"https:\/\/planikafires.shop\/cs\/wp-json\/wp\/v2\/types\/page"}],"author":[{"embeddable":true,"href":"https:\/\/planikafires.shop\/cs\/wp-json\/wp\/v2\/users\/1"}],"replies":[{"embeddable":true,"href":"https:\/\/planikafires.shop\/cs\/wp-json\/wp\/v2\/comments?post=10098"}],"version-history":[{"count":1,"href":"https:\/\/planikafires.shop\/cs\/wp-json\/wp\/v2\/pages\/10098\/revisions"}],"predecessor-version":[{"id":10099,"href":"https:\/\/planikafires.shop\/cs\/wp-json\/wp\/v2\/pages\/10098\/revisions\/10099"}],"up":[{"embeddable":true,"href":"https:\/\/planikafires.shop\/cs\/wp-json\/wp\/v2\/pages\/10094"}],"wp:attachment":[{"href":"https:\/\/planikafires.shop\/cs\/wp-json\/wp\/v2\/media?parent=10098"}],"curies":[{"name":"wp","href":"https:\/\/api.w.org\/{rel}","templated":true}]}}