{"id":11249,"date":"2022-06-07T16:53:52","date_gmt":"2022-06-07T14:53:52","guid":{"rendered":"https:\/\/planikafires.shop\/prislusenstvi\/"},"modified":"2023-02-14T15:29:44","modified_gmt":"2023-02-14T14:29:44","slug":"prislusenstvi","status":"publish","type":"page","link":"https:\/\/planikafires.shop\/cs\/prislusenstvi\/","title":{"rendered":"P\u0159\u00edslu\u0161enstv\u00ed"},"content":{"rendered":"\t\t<div data-elementor-type=\"wp-page\" data-elementor-id=\"11249\" class=\"elementor elementor-11249 elementor-33\" data-elementor-post-type=\"page\">\n\t\t\t\t\t\t<section class=\"elementor-section elementor-top-section elementor-element elementor-element-28d2c63d elementor-section-height-min-height elementor-section-boxed elementor-section-height-default elementor-section-items-middle\" data-id=\"28d2c63d\" data-element_type=\"section\" data-settings=\"{&quot;background_background&quot;:&quot;classic&quot;}\">\n\t\t\t\t\t\t\t<div class=\"elementor-background-overlay\"><\/div>\n\t\t\t\t\t\t\t<div class=\"elementor-container elementor-column-gap-default\">\n\t\t\t\t\t<div class=\"elementor-column elementor-col-100 elementor-top-column elementor-element elementor-element-6aa181a8\" data-id=\"6aa181a8\" data-element_type=\"column\">\n\t\t\t<div class=\"elementor-widget-wrap elementor-element-populated\">\n\t\t\t\t\t\t<div class=\"elementor-element elementor-element-ee88021 elementor-widget elementor-widget-text-editor\" data-id=\"ee88021\" data-element_type=\"widget\" data-widget_type=\"text-editor.default\">\n\t\t\t\t<div class=\"elementor-widget-container\">\n\t\t\t\t\t\t\t\t\t<pre id=\"tw-target-text\" class=\"tw-data-text tw-text-large tw-ta\" dir=\"ltr\" data-placeholder=\"Preklad\"><span class=\"Y2IQFc\" lang=\"cs\">Zde naleznete ve\u0161ker\u00e9 p\u0159\u00edslu\u0161enstv\u00ed pro v\u00e1\u0161 krb.<\/span><\/pre>\n\t\t\t\t\t\t\t\t<\/div>\n\t\t\t\t<\/div>\n\t\t\t\t\t<\/div>\n\t\t<\/div>\n\t\t\t\t\t<\/div>\n\t\t<\/section>\n\t\t\t\t<section class=\"elementor-section elementor-top-section elementor-element elementor-element-2514341c elementor-section-full_width elementor-section-height-default elementor-section-height-default\" data-id=\"2514341c\" data-element_type=\"section\">\n\t\t\t\t\t\t<div class=\"elementor-container elementor-column-gap-default\">\n\t\t\t\t\t<div class=\"elementor-column elementor-col-50 elementor-top-column elementor-element elementor-element-1a3f2acb\" data-id=\"1a3f2acb\" data-element_type=\"column\">\n\t\t\t<div class=\"elementor-widget-wrap elementor-element-populated\">\n\t\t\t\t\t\t<section class=\"elementor-section elementor-inner-section elementor-element elementor-element-7f416a57 elementor-section-boxed elementor-section-height-default elementor-section-height-default\" data-id=\"7f416a57\" data-element_type=\"section\" data-settings=\"{&quot;sticky&quot;:&quot;top&quot;,&quot;sticky_offset&quot;:120,&quot;sticky_effects_offset&quot;:1000,&quot;sticky_parent&quot;:&quot;yes&quot;,&quot;sticky_on&quot;:[&quot;desktop&quot;,&quot;tablet&quot;,&quot;mobile&quot;],&quot;sticky_anchor_link_offset&quot;:0}\">\n\t\t\t\t\t\t<div class=\"elementor-container elementor-column-gap-default\">\n\t\t\t\t\t<div class=\"elementor-column elementor-col-100 elementor-inner-column elementor-element elementor-element-31684b7a\" data-id=\"31684b7a\" data-element_type=\"column\">\n\t\t\t<div class=\"elementor-widget-wrap elementor-element-populated\">\n\t\t\t\t\t\t<div class=\"elementor-element elementor-element-71ac5859 elementor-icon-list--layout-traditional elementor-list-item-link-full_width elementor-widget elementor-widget-icon-list\" data-id=\"71ac5859\" data-element_type=\"widget\" data-widget_type=\"icon-list.default\">\n\t\t\t\t<div class=\"elementor-widget-container\">\n\t\t\t\t\t\t\t<ul class=\"elementor-icon-list-items\">\n\t\t\t\t\t\t\t<li class=\"elementor-icon-list-item\">\n\t\t\t\t\t\t\t\t\t\t\t<a href=\"#dekorativne-doplnky\">\n\n\t\t\t\t\t\t\t\t\t\t\t\t<span class=\"elementor-icon-list-icon\">\n\t\t\t\t\t\t\t<i aria-hidden=\"true\" class=\"fas fa-circle\"><\/i>\t\t\t\t\t\t<\/span>\n\t\t\t\t\t\t\t\t\t\t<span class=\"elementor-icon-list-text\">Dekorativn\u00ed dopl\u0148ky pro Etanolov\u00e9 krby<\/span>\n\t\t\t\t\t\t\t\t\t\t\t<\/a>\n\t\t\t\t\t\t\t\t\t<\/li>\n\t\t\t\t\t\t\t\t<li class=\"elementor-icon-list-item\">\n\t\t\t\t\t\t\t\t\t\t\t<a href=\"#obal-na-krb\">\n\n\t\t\t\t\t\t\t\t\t\t\t\t<span class=\"elementor-icon-list-icon\">\n\t\t\t\t\t\t\t<i aria-hidden=\"true\" class=\"fas fa-circle\"><\/i>\t\t\t\t\t\t<\/span>\n\t\t\t\t\t\t\t\t\t\t<span class=\"elementor-icon-list-text\">Obal na krb<\/span>\n\t\t\t\t\t\t\t\t\t\t\t<\/a>\n\t\t\t\t\t\t\t\t\t<\/li>\n\t\t\t\t\t\t\t\t<li class=\"elementor-icon-list-item\">\n\t\t\t\t\t\t\t\t\t\t\t<a href=\"#instalacny-box-pre-astro\">\n\n\t\t\t\t\t\t\t\t\t\t\t\t<span class=\"elementor-icon-list-icon\">\n\t\t\t\t\t\t\t<i aria-hidden=\"true\" class=\"fas fa-circle\"><\/i>\t\t\t\t\t\t<\/span>\n\t\t\t\t\t\t\t\t\t\t<span class=\"elementor-icon-list-text\">Instala\u010dn\u00ed box pro Astro<\/span>\n\t\t\t\t\t\t\t\t\t\t\t<\/a>\n\t\t\t\t\t\t\t\t\t<\/li>\n\t\t\t\t\t\t\t\t<li class=\"elementor-icon-list-item\">\n\t\t\t\t\t\t\t\t\t\t\t<a href=\"#skleneny-panely\">\n\n\t\t\t\t\t\t\t\t\t\t\t\t<span class=\"elementor-icon-list-icon\">\n\t\t\t\t\t\t\t<i aria-hidden=\"true\" class=\"fas fa-circle\"><\/i>\t\t\t\t\t\t<\/span>\n\t\t\t\t\t\t\t\t\t\t<span class=\"elementor-icon-list-text\">Sklen\u011bn\u00e9 panely<\/span>\n\t\t\t\t\t\t\t\t\t\t\t<\/a>\n\t\t\t\t\t\t\t\t\t<\/li>\n\t\t\t\t\t\t\t\t<li class=\"elementor-icon-list-item\">\n\t\t\t\t\t\t\t\t\t\t\t<a href=\"#sklenene-cylindre\">\n\n\t\t\t\t\t\t\t\t\t\t\t\t<span class=\"elementor-icon-list-icon\">\n\t\t\t\t\t\t\t<i aria-hidden=\"true\" class=\"fas fa-circle\"><\/i>\t\t\t\t\t\t<\/span>\n\t\t\t\t\t\t\t\t\t\t<span class=\"elementor-icon-list-text\">Sklen\u011bn\u00e9 cylindry<\/span>\n\t\t\t\t\t\t\t\t\t\t\t<\/a>\n\t\t\t\t\t\t\t\t\t<\/li>\n\t\t\t\t\t\t\t\t<li class=\"elementor-icon-list-item\">\n\t\t\t\t\t\t\t\t\t\t\t<a href=\"#nahradne-diely\">\n\n\t\t\t\t\t\t\t\t\t\t\t\t<span class=\"elementor-icon-list-icon\">\n\t\t\t\t\t\t\t<i aria-hidden=\"true\" class=\"fas fa-circle\"><\/i>\t\t\t\t\t\t<\/span>\n\t\t\t\t\t\t\t\t\t\t<span class=\"elementor-icon-list-text\"> N\u00e1hradn\u00ed d\u00edly<\/span>\n\t\t\t\t\t\t\t\t\t\t\t<\/a>\n\t\t\t\t\t\t\t\t\t<\/li>\n\t\t\t\t\t\t<\/ul>\n\t\t\t\t\t\t<\/div>\n\t\t\t\t<\/div>\n\t\t\t\t\t<\/div>\n\t\t<\/div>\n\t\t\t\t\t<\/div>\n\t\t<\/section>\n\t\t\t\t\t<\/div>\n\t\t<\/div>\n\t\t\t\t<div class=\"elementor-column elementor-col-50 elementor-top-column elementor-element elementor-element-14d95be0\" data-id=\"14d95be0\" data-element_type=\"column\">\n\t\t\t<div class=\"elementor-widget-wrap elementor-element-populated\">\n\t\t\t\t\t\t<section class=\"elementor-section elementor-inner-section elementor-element elementor-element-18b24067 elementor-section-boxed elementor-section-height-default elementor-section-height-default\" data-id=\"18b24067\" data-element_type=\"section\" id=\"dekorativne-doplnky\">\n\t\t\t\t\t\t<div class=\"elementor-container elementor-column-gap-default\">\n\t\t\t\t\t<div class=\"elementor-column elementor-col-100 elementor-inner-column elementor-element elementor-element-59616cfa\" data-id=\"59616cfa\" data-element_type=\"column\">\n\t\t\t<div class=\"elementor-widget-wrap elementor-element-populated\">\n\t\t\t\t\t\t<div class=\"elementor-element elementor-element-acd9eba elementor-widget elementor-widget-heading\" data-id=\"acd9eba\" data-element_type=\"widget\" data-widget_type=\"heading.default\">\n\t\t\t\t<div class=\"elementor-widget-container\">\n\t\t\t\t\t<h2 class=\"elementor-heading-title elementor-size-default\">Dekorativn\u00ed dopl\u0148ky pro Etanolov\u00e9 krby<\/h2>\t\t\t\t<\/div>\n\t\t\t\t<\/div>\n\t\t\t\t\t<\/div>\n\t\t<\/div>\n\t\t\t\t\t<\/div>\n\t\t<\/section>\n\t\t\t\t<section class=\"elementor-section elementor-inner-section elementor-element elementor-element-7704263a elementor-section-boxed elementor-section-height-default elementor-section-height-default\" data-id=\"7704263a\" data-element_type=\"section\" id=\"obal-na-krb\">\n\t\t\t\t\t\t<div class=\"elementor-container elementor-column-gap-default\">\n\t\t\t\t\t<div class=\"elementor-column elementor-col-100 elementor-inner-column elementor-element elementor-element-7054a0b6\" data-id=\"7054a0b6\" data-element_type=\"column\">\n\t\t\t<div class=\"elementor-widget-wrap elementor-element-populated\">\n\t\t\t\t\t\t<div class=\"elementor-element elementor-element-4c24a53d elementor-widget elementor-widget-heading\" data-id=\"4c24a53d\" data-element_type=\"widget\" id=\"etanolove-krby\" data-widget_type=\"heading.default\">\n\t\t\t\t<div class=\"elementor-widget-container\">\n\t\t\t\t\t<h2 class=\"elementor-heading-title elementor-size-default\">Obal na krb<\/h2>\t\t\t\t<\/div>\n\t\t\t\t<\/div>\n\t\t\t\t\t<\/div>\n\t\t<\/div>\n\t\t\t\t\t<\/div>\n\t\t<\/section>\n\t\t\t\t<section class=\"elementor-section elementor-inner-section elementor-element elementor-element-4fa9f57e elementor-section-boxed elementor-section-height-default elementor-section-height-default\" data-id=\"4fa9f57e\" data-element_type=\"section\" id=\"instalacny-box-pre-astro\">\n\t\t\t\t\t\t<div class=\"elementor-container elementor-column-gap-default\">\n\t\t\t\t\t<div class=\"elementor-column elementor-col-100 elementor-inner-column elementor-element elementor-element-8493a47\" data-id=\"8493a47\" data-element_type=\"column\">\n\t\t\t<div class=\"elementor-widget-wrap elementor-element-populated\">\n\t\t\t\t\t\t<div class=\"elementor-element elementor-element-f673eed elementor-widget elementor-widget-heading\" data-id=\"f673eed\" data-element_type=\"widget\" data-widget_type=\"heading.default\">\n\t\t\t\t<div class=\"elementor-widget-container\">\n\t\t\t\t\t<h2 class=\"elementor-heading-title elementor-size-default\">In\u0161tala\u010dn\u00ed box pro astro<\/h2>\t\t\t\t<\/div>\n\t\t\t\t<\/div>\n\t\t\t\t\t<\/div>\n\t\t<\/div>\n\t\t\t\t\t<\/div>\n\t\t<\/section>\n\t\t\t\t<section class=\"elementor-section elementor-inner-section elementor-element elementor-element-fdf09c6 elementor-section-boxed elementor-section-height-default elementor-section-height-default\" data-id=\"fdf09c6\" data-element_type=\"section\" id=\"skleneny-panely\">\n\t\t\t\t\t\t<div class=\"elementor-container elementor-column-gap-default\">\n\t\t\t\t\t<div class=\"elementor-column elementor-col-100 elementor-inner-column elementor-element elementor-element-71daafd\" data-id=\"71daafd\" data-element_type=\"column\">\n\t\t\t<div class=\"elementor-widget-wrap elementor-element-populated\">\n\t\t\t\t\t\t<div class=\"elementor-element elementor-element-39d631e elementor-widget elementor-widget-heading\" data-id=\"39d631e\" data-element_type=\"widget\" data-widget_type=\"heading.default\">\n\t\t\t\t<div class=\"elementor-widget-container\">\n\t\t\t\t\t<h2 class=\"elementor-heading-title elementor-size-default\">Sklen\u011bn\u00e9 panely<\/h2>\t\t\t\t<\/div>\n\t\t\t\t<\/div>\n\t\t\t\t\t<\/div>\n\t\t<\/div>\n\t\t\t\t\t<\/div>\n\t\t<\/section>\n\t\t\t\t<section class=\"elementor-section elementor-inner-section elementor-element elementor-element-764ec882 elementor-section-boxed elementor-section-height-default elementor-section-height-default\" data-id=\"764ec882\" data-element_type=\"section\" id=\"sklenene-cylindre\">\n\t\t\t\t\t\t<div class=\"elementor-container elementor-column-gap-default\">\n\t\t\t\t\t<div class=\"elementor-column elementor-col-100 elementor-inner-column elementor-element elementor-element-b9b4bf3\" data-id=\"b9b4bf3\" data-element_type=\"column\">\n\t\t\t<div class=\"elementor-widget-wrap elementor-element-populated\">\n\t\t\t\t\t\t<div class=\"elementor-element elementor-element-3b54c92a elementor-widget elementor-widget-heading\" data-id=\"3b54c92a\" data-element_type=\"widget\" data-widget_type=\"heading.default\">\n\t\t\t\t<div class=\"elementor-widget-container\">\n\t\t\t\t\t<h2 class=\"elementor-heading-title elementor-size-default\">Sklen\u011bn\u00e9 cylindry<\/h2>\t\t\t\t<\/div>\n\t\t\t\t<\/div>\n\t\t\t\t\t<\/div>\n\t\t<\/div>\n\t\t\t\t\t<\/div>\n\t\t<\/section>\n\t\t\t\t<section class=\"elementor-section elementor-inner-section elementor-element elementor-element-ea17528 elementor-section-boxed elementor-section-height-default elementor-section-height-default\" data-id=\"ea17528\" data-element_type=\"section\" id=\"nahradne-diely\">\n\t\t\t\t\t\t<div class=\"elementor-container elementor-column-gap-default\">\n\t\t\t\t\t<div class=\"elementor-column elementor-col-100 elementor-inner-column elementor-element elementor-element-f249812\" data-id=\"f249812\" data-element_type=\"column\">\n\t\t\t<div class=\"elementor-widget-wrap elementor-element-populated\">\n\t\t\t\t\t\t<div class=\"elementor-element elementor-element-c9bb6dc elementor-widget elementor-widget-heading\" data-id=\"c9bb6dc\" data-element_type=\"widget\" data-widget_type=\"heading.default\">\n\t\t\t\t<div class=\"elementor-widget-container\">\n\t\t\t\t\t<h2 class=\"elementor-heading-title elementor-size-default\"> N\u00e1hradn\u00ed d\u00edly<\/h2>\t\t\t\t<\/div>\n\t\t\t\t<\/div>\n\t\t\t\t\t<\/div>\n\t\t<\/div>\n\t\t\t\t\t<\/div>\n\t\t<\/section>\n\t\t\t\t\t<\/div>\n\t\t<\/div>\n\t\t\t\t\t<\/div>\n\t\t<\/section>\n\t\t\t\t<section class=\"elementor-section elementor-top-section elementor-element elementor-element-55003c05 elementor-section-content-middle elementor-section-boxed elementor-section-height-default elementor-section-height-default\" data-id=\"55003c05\" data-element_type=\"section\">\n\t\t\t\t\t\t<div class=\"elementor-container elementor-column-gap-default\">\n\t\t\t\t\t<div class=\"elementor-column elementor-col-100 elementor-top-column elementor-element elementor-element-445eee0d\" data-id=\"445eee0d\" data-element_type=\"column\">\n\t\t\t<div class=\"elementor-widget-wrap elementor-element-populated\">\n\t\t\t\t\t\t<div class=\"elementor-element elementor-element-54173495 elementor-widget elementor-widget-heading\" data-id=\"54173495\" data-element_type=\"widget\" data-widget_type=\"heading.default\">\n\t\t\t\t<div class=\"elementor-widget-container\">\n\t\t\t\t\t<h2 class=\"elementor-heading-title elementor-size-default\">Nejprod\u00e1van\u011bj\u0161\u00ed<\/h2>\t\t\t\t<\/div>\n\t\t\t\t<\/div>\n\t\t\t\t\t<\/div>\n\t\t<\/div>\n\t\t\t\t\t<\/div>\n\t\t<\/section>\n\t\t\t\t<section class=\"elementor-section elementor-top-section elementor-element elementor-element-406c9019 elementor-section-boxed elementor-section-height-default elementor-section-height-default\" data-id=\"406c9019\" data-element_type=\"section\">\n\t\t\t\t\t\t<div class=\"elementor-container elementor-column-gap-default\">\n\t\t\t\t\t<div class=\"elementor-column elementor-col-100 elementor-top-column elementor-element elementor-element-1fc02321\" data-id=\"1fc02321\" data-element_type=\"column\">\n\t\t\t<div class=\"elementor-widget-wrap elementor-element-populated\">\n\t\t\t\t\t\t<div class=\"elementor-element elementor-element-73c3c55c elementor-grid-3 elementor-grid-mobile-1 elementor-grid-tablet-3 elementor-products-grid elementor-wc-products elementor-widget elementor-widget-woocommerce-products\" data-id=\"73c3c55c\" data-element_type=\"widget\" data-widget_type=\"woocommerce-products.default\">\n\t\t\t\t<div class=\"elementor-widget-container\">\n\t\t\t\t\t<div class=\"woocommerce columns-3 \"><ul class=\"products elementor-grid columns-3\">\n<li class=\"product type-product post-11149 status-publish first onbackorder product_cat-exterierovy-volne-stojici-plynovy-krb product_tag-basic-collection-cs has-post-thumbnail taxable shipping-taxable purchasable product-type-variable has-default-attributes\">\n\t<a href=\"https:\/\/planikafires.shop\/cs\/produkt\/faro-2\/\" class=\"woocommerce-LoopProduct-link woocommerce-loop-product__link\"><div class=\"tp-image-wrapper\"><img decoding=\"async\" class=\"image\" src=\"https:\/\/planikafires.shop\/wp-content\/uploads\/2022\/08\/faro-category2-800x0-c-default-800x800.jpg\" srcset=\"https:\/\/planikafires.shop\/wp-content\/uploads\/2022\/08\/faro-category2-800x0-c-default-800x800.jpg 800w, https:\/\/planikafires.shop\/wp-content\/uploads\/2022\/08\/faro-category2-800x0-c-default-150x150.jpg 150w, https:\/\/planikafires.shop\/wp-content\/uploads\/2022\/08\/faro-category2-800x0-c-default-100x100.jpg 100w\" sizes=\"(max-width: 360px) 100vw, 360px\" alt=\"FARO\"><\/div><div class=\"advanced-woo-labels awl-position-type-on-image awl-label-type-archive awl-align-right-top\" style=\"display:flex;flex-wrap:wrap;flex-direction:row;text-align:left;width:100%;position:absolute;z-index:9;left:0px;right:auto;top:0px;bottom:auto;transform:none;justify-content:flex-end;align-items:stretch;\"><div class=\"awl-label-wrap awl-label-id-11795\" style=\"\"><span class=\"awl-product-label awl-type-label awl-type-label-standard\" style=\"display:table;position:relative;line-height:1;white-space:nowrap;vertical-align:baseline;font-size:16px;;font-weight:900;font-style:normal;letter-spacing:0px;;color:#020202;opacity:0.5;margin:0px 0px 0px 0px;\"><span class=\"awl-label-text\"  style=\"display:table-cell;padding:2em 2em 2em 2em;z-index:1;background:transparent;position:relative;line-height:1;border-radius:0;\"><span class=\"awl-inner-text\">BASIC COLLECTION<\/span><\/span><\/span><\/div><\/div><h2 class=\"woocommerce-loop-product__title\">FARO<\/h2>\n\t<span class=\"price\"><span class=\"woocommerce-Price-amount amount\" aria-hidden=\"true\"><bdi>10.231&nbsp;<span class=\"woocommerce-Price-currencySymbol\">&#75;&#269;<\/span><\/bdi><\/span> <span aria-hidden=\"true\">&ndash;<\/span> <span class=\"woocommerce-Price-amount amount\" aria-hidden=\"true\"><bdi>11.484&nbsp;<span class=\"woocommerce-Price-currencySymbol\">&#75;&#269;<\/span><\/bdi><\/span><span class=\"screen-reader-text\">Rozp\u011bt\u00ed cen: 10.231&nbsp;&#75;&#269; a\u017e 11.484&nbsp;&#75;&#269;<\/span> <small class=\"woocommerce-price-suffix\">s DPH<\/small><\/span>\n<\/a><a href=\"https:\/\/planikafires.shop\/cs\/produkt\/faro-2\/\" aria-describedby=\"woocommerce_loop_add_to_cart_link_describedby_11149\" data-quantity=\"1\" class=\"button product_type_variable add_to_cart_button\" data-product_id=\"11149\" data-product_sku=\"\" aria-label=\"Vyberte nastaven\u00ed pro &bdquo;FARO&ldquo;\" rel=\"nofollow\">V\u00fdb\u011br mo\u017enost\u00ed<\/a>\t<span id=\"woocommerce_loop_add_to_cart_link_describedby_11149\" class=\"screen-reader-text\">\n\t\tTento produkt m\u00e1 v\u00edce variant. Mo\u017enosti lze vybrat na str\u00e1nce produktu\t<\/span>\n<\/li>\n<\/ul>\n<\/div>\t\t\t\t<\/div>\n\t\t\t\t<\/div>\n\t\t\t\t\t<\/div>\n\t\t<\/div>\n\t\t\t\t\t<\/div>\n\t\t<\/section>\n\t\t\t\t<\/div>\n\t\t","protected":false},"excerpt":{"rendered":"<p>Zde naleznete ve\u0161ker\u00e9 p\u0159\u00edslu\u0161enstv\u00ed pro v\u00e1\u0161 krb. Dekorativn\u00ed dopl\u0148ky pro Etanolov\u00e9 krby Obal na krb Instala\u010dn\u00ed box pro Astro Sklen\u011bn\u00e9 panely Sklen\u011bn\u00e9 cylindry N\u00e1hradn\u00ed d\u00edly Dekorativn\u00ed dopl\u0148ky pro Etanolov\u00e9 krby Obal na krb In\u0161tala\u010dn\u00ed box pro astro Sklen\u011bn\u00e9 panely Sklen\u011bn\u00e9 cylindry N\u00e1hradn\u00ed d\u00edly Nejprod\u00e1van\u011bj\u0161\u00ed<\/p>\n","protected":false},"author":1,"featured_media":0,"parent":0,"menu_order":0,"comment_status":"closed","ping_status":"closed","template":"","meta":{"_acf_changed":false,"footnotes":""},"class_list":["post-11249","page","type-page","status-publish","hentry"],"acf":[],"yoast_head":"<!-- This site is optimized with the Yoast SEO plugin v24.2 - https:\/\/yoast.com\/wordpress\/plugins\/seo\/ -->\n<title>P\u0159\u00edslu\u0161enstv\u00ed | Planika<\/title>\n<meta name=\"robots\" content=\"index, follow, max-snippet:-1, max-image-preview:large, max-video-preview:-1\" \/>\n<link rel=\"canonical\" href=\"https:\/\/planikafires.shop\/prislusenstvo\/\" \/>\n<meta property=\"og:locale\" content=\"cs_CZ\" \/>\n<meta property=\"og:type\" content=\"article\" \/>\n<meta property=\"og:title\" content=\"P\u0159\u00edslu\u0161enstv\u00ed | Planika\" \/>\n<meta property=\"og:description\" content=\"Zde naleznete ve\u0161ker\u00e9 p\u0159\u00edslu\u0161enstv\u00ed pro v\u00e1\u0161 krb. Dekorativn\u00ed dopl\u0148ky pro Etanolov\u00e9 krby Obal na krb Instala\u010dn\u00ed box pro Astro Sklen\u011bn\u00e9 panely Sklen\u011bn\u00e9 cylindry N\u00e1hradn\u00ed d\u00edly Dekorativn\u00ed dopl\u0148ky pro Etanolov\u00e9 krby Obal na krb In\u0161tala\u010dn\u00ed box pro astro Sklen\u011bn\u00e9 panely Sklen\u011bn\u00e9 cylindry N\u00e1hradn\u00ed d\u00edly Nejprod\u00e1van\u011bj\u0161\u00ed\" \/>\n<meta property=\"og:url\" content=\"https:\/\/planikafires.shop\/prislusenstvo\/\" \/>\n<meta property=\"og:site_name\" content=\"Planika\" \/>\n<meta property=\"article:modified_time\" content=\"2023-02-14T14:29:44+00:00\" \/>\n<meta property=\"og:image\" content=\"https:\/\/planikafires.shop\/wp-content\/uploads\/2023\/08\/Planika-Casa_Bodhi_Event-121.jpg\" \/>\n\t<meta property=\"og:image:width\" content=\"1920\" \/>\n\t<meta property=\"og:image:height\" content=\"1281\" \/>\n\t<meta property=\"og:image:type\" content=\"image\/jpeg\" \/>\n<meta name=\"twitter:card\" content=\"summary_large_image\" \/>\n<script type=\"application\/ld+json\" class=\"yoast-schema-graph\">{\"@context\":\"https:\/\/schema.org\",\"@graph\":[{\"@type\":\"WebPage\",\"@id\":\"https:\/\/planikafires.shop\/prislusenstvo\/\",\"url\":\"https:\/\/planikafires.shop\/prislusenstvo\/\",\"name\":\"P\u0159\u00edslu\u0161enstv\u00ed | Planika\",\"isPartOf\":{\"@id\":\"https:\/\/planikafires.shop\/cs\/#website\"},\"datePublished\":\"2022-06-07T14:53:52+00:00\",\"dateModified\":\"2023-02-14T14:29:44+00:00\",\"breadcrumb\":{\"@id\":\"https:\/\/planikafires.shop\/prislusenstvo\/#breadcrumb\"},\"inLanguage\":\"cs\",\"potentialAction\":[{\"@type\":\"ReadAction\",\"target\":[\"https:\/\/planikafires.shop\/prislusenstvo\/\"]}]},{\"@type\":\"BreadcrumbList\",\"@id\":\"https:\/\/planikafires.shop\/prislusenstvo\/#breadcrumb\",\"itemListElement\":[{\"@type\":\"ListItem\",\"position\":1,\"name\":\"Domovsk\u00e1 str\u00e1nka\",\"item\":\"https:\/\/planikafires.shop\/cs\/\"},{\"@type\":\"ListItem\",\"position\":2,\"name\":\"P\u0159\u00edslu\u0161enstv\u00ed\"}]},{\"@type\":\"WebSite\",\"@id\":\"https:\/\/planikafires.shop\/cs\/#website\",\"url\":\"https:\/\/planikafires.shop\/cs\/\",\"name\":\"Planika\",\"description\":\"Modern\u00e9 rie\u0161enie krbov\",\"publisher\":{\"@id\":\"https:\/\/planikafires.shop\/cs\/#organization\"},\"potentialAction\":[{\"@type\":\"SearchAction\",\"target\":{\"@type\":\"EntryPoint\",\"urlTemplate\":\"https:\/\/planikafires.shop\/cs\/?s={search_term_string}\"},\"query-input\":{\"@type\":\"PropertyValueSpecification\",\"valueRequired\":true,\"valueName\":\"search_term_string\"}}],\"inLanguage\":\"cs\"},{\"@type\":\"Organization\",\"@id\":\"https:\/\/planikafires.shop\/cs\/#organization\",\"name\":\"Planika\",\"url\":\"https:\/\/planikafires.shop\/cs\/\",\"logo\":{\"@type\":\"ImageObject\",\"inLanguage\":\"cs\",\"@id\":\"https:\/\/planikafires.shop\/cs\/#\/schema\/logo\/image\/\",\"url\":\"https:\/\/planikafires.shop\/wp-content\/uploads\/2022\/06\/logo.png\",\"contentUrl\":\"https:\/\/planikafires.shop\/wp-content\/uploads\/2022\/06\/logo.png\",\"width\":191,\"height\":78,\"caption\":\"Planika\"},\"image\":{\"@id\":\"https:\/\/planikafires.shop\/cs\/#\/schema\/logo\/image\/\"}}]}<\/script>\n<!-- \/ Yoast SEO plugin. -->","yoast_head_json":{"title":"P\u0159\u00edslu\u0161enstv\u00ed | Planika","robots":{"index":"index","follow":"follow","max-snippet":"max-snippet:-1","max-image-preview":"max-image-preview:large","max-video-preview":"max-video-preview:-1"},"canonical":"https:\/\/planikafires.shop\/prislusenstvo\/","og_locale":"cs_CZ","og_type":"article","og_title":"P\u0159\u00edslu\u0161enstv\u00ed | Planika","og_description":"Zde naleznete ve\u0161ker\u00e9 p\u0159\u00edslu\u0161enstv\u00ed pro v\u00e1\u0161 krb. Dekorativn\u00ed dopl\u0148ky pro Etanolov\u00e9 krby Obal na krb Instala\u010dn\u00ed box pro Astro Sklen\u011bn\u00e9 panely Sklen\u011bn\u00e9 cylindry N\u00e1hradn\u00ed d\u00edly Dekorativn\u00ed dopl\u0148ky pro Etanolov\u00e9 krby Obal na krb In\u0161tala\u010dn\u00ed box pro astro Sklen\u011bn\u00e9 panely Sklen\u011bn\u00e9 cylindry N\u00e1hradn\u00ed d\u00edly Nejprod\u00e1van\u011bj\u0161\u00ed","og_url":"https:\/\/planikafires.shop\/prislusenstvo\/","og_site_name":"Planika","article_modified_time":"2023-02-14T14:29:44+00:00","og_image":[{"width":1920,"height":1281,"url":"https:\/\/planikafires.shop\/wp-content\/uploads\/2023\/08\/Planika-Casa_Bodhi_Event-121.jpg","type":"image\/jpeg"}],"twitter_card":"summary_large_image","schema":{"@context":"https:\/\/schema.org","@graph":[{"@type":"WebPage","@id":"https:\/\/planikafires.shop\/prislusenstvo\/","url":"https:\/\/planikafires.shop\/prislusenstvo\/","name":"P\u0159\u00edslu\u0161enstv\u00ed | Planika","isPartOf":{"@id":"https:\/\/planikafires.shop\/cs\/#website"},"datePublished":"2022-06-07T14:53:52+00:00","dateModified":"2023-02-14T14:29:44+00:00","breadcrumb":{"@id":"https:\/\/planikafires.shop\/prislusenstvo\/#breadcrumb"},"inLanguage":"cs","potentialAction":[{"@type":"ReadAction","target":["https:\/\/planikafires.shop\/prislusenstvo\/"]}]},{"@type":"BreadcrumbList","@id":"https:\/\/planikafires.shop\/prislusenstvo\/#breadcrumb","itemListElement":[{"@type":"ListItem","position":1,"name":"Domovsk\u00e1 str\u00e1nka","item":"https:\/\/planikafires.shop\/cs\/"},{"@type":"ListItem","position":2,"name":"P\u0159\u00edslu\u0161enstv\u00ed"}]},{"@type":"WebSite","@id":"https:\/\/planikafires.shop\/cs\/#website","url":"https:\/\/planikafires.shop\/cs\/","name":"Planika","description":"Modern\u00e9 rie\u0161enie krbov","publisher":{"@id":"https:\/\/planikafires.shop\/cs\/#organization"},"potentialAction":[{"@type":"SearchAction","target":{"@type":"EntryPoint","urlTemplate":"https:\/\/planikafires.shop\/cs\/?s={search_term_string}"},"query-input":{"@type":"PropertyValueSpecification","valueRequired":true,"valueName":"search_term_string"}}],"inLanguage":"cs"},{"@type":"Organization","@id":"https:\/\/planikafires.shop\/cs\/#organization","name":"Planika","url":"https:\/\/planikafires.shop\/cs\/","logo":{"@type":"ImageObject","inLanguage":"cs","@id":"https:\/\/planikafires.shop\/cs\/#\/schema\/logo\/image\/","url":"https:\/\/planikafires.shop\/wp-content\/uploads\/2022\/06\/logo.png","contentUrl":"https:\/\/planikafires.shop\/wp-content\/uploads\/2022\/06\/logo.png","width":191,"height":78,"caption":"Planika"},"image":{"@id":"https:\/\/planikafires.shop\/cs\/#\/schema\/logo\/image\/"}}]}},"_links":{"self":[{"href":"https:\/\/planikafires.shop\/cs\/wp-json\/wp\/v2\/pages\/11249","targetHints":{"allow":["GET"]}}],"collection":[{"href":"https:\/\/planikafires.shop\/cs\/wp-json\/wp\/v2\/pages"}],"about":[{"href":"https:\/\/planikafires.shop\/cs\/wp-json\/wp\/v2\/types\/page"}],"author":[{"embeddable":true,"href":"https:\/\/planikafires.shop\/cs\/wp-json\/wp\/v2\/users\/1"}],"replies":[{"embeddable":true,"href":"https:\/\/planikafires.shop\/cs\/wp-json\/wp\/v2\/comments?post=11249"}],"version-history":[{"count":3,"href":"https:\/\/planikafires.shop\/cs\/wp-json\/wp\/v2\/pages\/11249\/revisions"}],"predecessor-version":[{"id":11252,"href":"https:\/\/planikafires.shop\/cs\/wp-json\/wp\/v2\/pages\/11249\/revisions\/11252"}],"wp:attachment":[{"href":"https:\/\/planikafires.shop\/cs\/wp-json\/wp\/v2\/media?parent=11249"}],"curies":[{"name":"wp","href":"https:\/\/api.w.org\/{rel}","templated":true}]}}