{"id":10136,"date":"2022-07-04T10:21:53","date_gmt":"2022-07-04T08:21:53","guid":{"rendered":"https:\/\/planikafires.shop\/produkt\/rondo\/"},"modified":"2022-07-04T10:21:53","modified_gmt":"2022-07-04T08:21:53","slug":"rondo-2","status":"publish","type":"product","link":"https:\/\/planikafires.shop\/cs\/produkt\/rondo-2\/","title":{"rendered":"RONDO"},"content":{"rendered":"<div class=\"description\">\n<ul>\n<li><strong>Bez kou\u0159e<\/strong><\/li>\n<li><strong>Bez popela<\/strong><\/li>\n<li><strong>Bez kom\u00edna<\/strong><\/li>\n<li>Eco &#8211; palivo<\/li>\n<li>Pou\u017eit\u00ed v interi\u00e9ri \/ exteri\u00e9ri<\/li>\n<li>Certifikov\u00e1no<\/li>\n<li>Mo\u017enost instalace do n\u00e1bytku<\/li>\n<li>Povrchov\u00e1 \u00faprava &#8211; ne\u0159ez<\/li>\n<li>Tepeln\u00fd \u0161t\u00edt &#8211; tvrzen\u00e9 sklo<\/li>\n<li>Ho\u0159\u00e1k &#8211; nerez<\/li>\n<\/ul>\n<p><strong>\u010cEKAC\u00cd DOBA: 15 pracovn\u00edch dn\u016f!<\/strong><\/p>\n<ul>\n<li>Z\u00e1sobn\u00edk: 3 L<\/li>\n<li>\u010cas ho\u0159en\u00ed: 7 h<\/li>\n<li>V\u00fdkon: 2,5 kW<\/li>\n<li>Biokrb hmotnost netto: 7 kg<\/li>\n<li>Interval v\u011btr\u00e1n\u00ed: min. 1\/h<\/li>\n<li>Rozm\u011bry \u00d8 x v: 412 x 412 mm<\/li>\n<\/ul>\n<\/div>\n","protected":false},"excerpt":{"rendered":"<p>Bez kou\u0159e Bez popela Bez kom\u00edna Eco &#8211; palivo Pou\u017eit\u00ed v interi\u00e9ri \/ exteri\u00e9ri Certifikov\u00e1no Mo\u017enost instalace do n\u00e1bytku Povrchov\u00e1 \u00faprava &#8211; ne\u0159ez Tepeln\u00fd \u0161t\u00edt &#8211; tvrzen\u00e9 sklo Ho\u0159\u00e1k &#8211; nerez \u010cEKAC\u00cd DOBA: 15 pracovn\u00edch dn\u016f! Z\u00e1sobn\u00edk: 3 L \u010cas ho\u0159en\u00ed: 7 h V\u00fdkon: 2,5 kW Biokrb hmotnost netto: 7 kg Interval v\u011btr\u00e1n\u00ed: min. 1\/h [&hellip;]<\/p>\n","protected":false},"featured_media":9863,"template":"","meta":{"_acf_changed":false},"product_brand":[],"product_cat":[149],"product_tag":[],"class_list":{"0":"post-10136","1":"product","2":"type-product","3":"status-publish","4":"has-post-thumbnail","6":"product_cat-etanolove-horaky-na-stul","8":"first","9":"onbackorder","10":"taxable","11":"shipping-taxable","12":"purchasable","13":"product-type-simple"},"acf":[],"yoast_head":"<!-- This site is optimized with the Yoast SEO plugin v24.2 - https:\/\/yoast.com\/wordpress\/plugins\/seo\/ -->\n<title>RONDO | Planika<\/title>\n<meta name=\"robots\" content=\"index, follow, max-snippet:-1, max-image-preview:large, max-video-preview:-1\" \/>\n<link rel=\"canonical\" href=\"https:\/\/planikafires.shop\/produkt\/rondo\/\" \/>\n<meta property=\"og:locale\" content=\"cs_CZ\" \/>\n<meta property=\"og:type\" content=\"article\" \/>\n<meta property=\"og:title\" content=\"RONDO | Planika\" \/>\n<meta property=\"og:description\" content=\"Bez kou\u0159e Bez popela Bez kom\u00edna Eco &#8211; palivo Pou\u017eit\u00ed v interi\u00e9ri \/ exteri\u00e9ri Certifikov\u00e1no Mo\u017enost instalace do n\u00e1bytku Povrchov\u00e1 \u00faprava &#8211; ne\u0159ez Tepeln\u00fd \u0161t\u00edt &#8211; tvrzen\u00e9 sklo Ho\u0159\u00e1k &#8211; nerez \u010cEKAC\u00cd DOBA: 15 pracovn\u00edch dn\u016f! Z\u00e1sobn\u00edk: 3 L \u010cas ho\u0159en\u00ed: 7 h V\u00fdkon: 2,5 kW Biokrb hmotnost netto: 7 kg Interval v\u011btr\u00e1n\u00ed: min. 1\/h [&hellip;]\" \/>\n<meta property=\"og:url\" content=\"https:\/\/planikafires.shop\/produkt\/rondo\/\" \/>\n<meta property=\"og:site_name\" content=\"Planika\" \/>\n<meta property=\"og:image\" content=\"https:\/\/planikafires.shop\/wp-content\/uploads\/2022\/07\/rondo-category-800x0-c-default.jpg\" \/>\n\t<meta property=\"og:image:width\" content=\"800\" \/>\n\t<meta property=\"og:image:height\" content=\"811\" \/>\n\t<meta property=\"og:image:type\" content=\"image\/jpeg\" \/>\n<meta name=\"twitter:card\" content=\"summary_large_image\" \/>\n<script type=\"application\/ld+json\" class=\"yoast-schema-graph\">{\"@context\":\"https:\/\/schema.org\",\"@graph\":[{\"@type\":\"WebPage\",\"@id\":\"https:\/\/planikafires.shop\/produkt\/rondo\/\",\"url\":\"https:\/\/planikafires.shop\/produkt\/rondo\/\",\"name\":\"RONDO | Planika\",\"isPartOf\":{\"@id\":\"https:\/\/planikafires.shop\/cs\/#website\"},\"primaryImageOfPage\":{\"@id\":\"https:\/\/planikafires.shop\/produkt\/rondo\/#primaryimage\"},\"image\":{\"@id\":\"https:\/\/planikafires.shop\/produkt\/rondo\/#primaryimage\"},\"thumbnailUrl\":\"https:\/\/planikafires.shop\/wp-content\/uploads\/2022\/07\/rondo-category-800x0-c-default.jpg\",\"datePublished\":\"2022-07-04T08:21:53+00:00\",\"dateModified\":\"2022-07-04T08:21:53+00:00\",\"breadcrumb\":{\"@id\":\"https:\/\/planikafires.shop\/produkt\/rondo\/#breadcrumb\"},\"inLanguage\":\"cs\",\"potentialAction\":[{\"@type\":\"ReadAction\",\"target\":[\"https:\/\/planikafires.shop\/produkt\/rondo\/\"]}]},{\"@type\":\"ImageObject\",\"inLanguage\":\"cs\",\"@id\":\"https:\/\/planikafires.shop\/produkt\/rondo\/#primaryimage\",\"url\":\"https:\/\/planikafires.shop\/wp-content\/uploads\/2022\/07\/rondo-category-800x0-c-default.jpg\",\"contentUrl\":\"https:\/\/planikafires.shop\/wp-content\/uploads\/2022\/07\/rondo-category-800x0-c-default.jpg\",\"width\":800,\"height\":811},{\"@type\":\"BreadcrumbList\",\"@id\":\"https:\/\/planikafires.shop\/produkt\/rondo\/#breadcrumb\",\"itemListElement\":[{\"@type\":\"ListItem\",\"position\":1,\"name\":\"Domovsk\u00e1 str\u00e1nka\",\"item\":\"https:\/\/planikafires.shop\/cs\/\"},{\"@type\":\"ListItem\",\"position\":2,\"name\":\"Obchod\",\"item\":\"https:\/\/planikafires.shop\/cs\/shop\/\"},{\"@type\":\"ListItem\",\"position\":3,\"name\":\"RONDO\"}]},{\"@type\":\"WebSite\",\"@id\":\"https:\/\/planikafires.shop\/cs\/#website\",\"url\":\"https:\/\/planikafires.shop\/cs\/\",\"name\":\"Planika\",\"description\":\"Modern\u00e9 rie\u0161enie krbov\",\"publisher\":{\"@id\":\"https:\/\/planikafires.shop\/cs\/#organization\"},\"potentialAction\":[{\"@type\":\"SearchAction\",\"target\":{\"@type\":\"EntryPoint\",\"urlTemplate\":\"https:\/\/planikafires.shop\/cs\/?s={search_term_string}\"},\"query-input\":{\"@type\":\"PropertyValueSpecification\",\"valueRequired\":true,\"valueName\":\"search_term_string\"}}],\"inLanguage\":\"cs\"},{\"@type\":\"Organization\",\"@id\":\"https:\/\/planikafires.shop\/cs\/#organization\",\"name\":\"Planika\",\"url\":\"https:\/\/planikafires.shop\/cs\/\",\"logo\":{\"@type\":\"ImageObject\",\"inLanguage\":\"cs\",\"@id\":\"https:\/\/planikafires.shop\/cs\/#\/schema\/logo\/image\/\",\"url\":\"https:\/\/planikafires.shop\/wp-content\/uploads\/2022\/06\/logo.png\",\"contentUrl\":\"https:\/\/planikafires.shop\/wp-content\/uploads\/2022\/06\/logo.png\",\"width\":191,\"height\":78,\"caption\":\"Planika\"},\"image\":{\"@id\":\"https:\/\/planikafires.shop\/cs\/#\/schema\/logo\/image\/\"}}]}<\/script>\n<!-- \/ Yoast SEO plugin. -->","yoast_head_json":{"title":"RONDO | Planika","robots":{"index":"index","follow":"follow","max-snippet":"max-snippet:-1","max-image-preview":"max-image-preview:large","max-video-preview":"max-video-preview:-1"},"canonical":"https:\/\/planikafires.shop\/produkt\/rondo\/","og_locale":"cs_CZ","og_type":"article","og_title":"RONDO | Planika","og_description":"Bez kou\u0159e Bez popela Bez kom\u00edna Eco &#8211; palivo Pou\u017eit\u00ed v interi\u00e9ri \/ exteri\u00e9ri Certifikov\u00e1no Mo\u017enost instalace do n\u00e1bytku Povrchov\u00e1 \u00faprava &#8211; ne\u0159ez Tepeln\u00fd \u0161t\u00edt &#8211; tvrzen\u00e9 sklo Ho\u0159\u00e1k &#8211; nerez \u010cEKAC\u00cd DOBA: 15 pracovn\u00edch dn\u016f! Z\u00e1sobn\u00edk: 3 L \u010cas ho\u0159en\u00ed: 7 h V\u00fdkon: 2,5 kW Biokrb hmotnost netto: 7 kg Interval v\u011btr\u00e1n\u00ed: min. 1\/h [&hellip;]","og_url":"https:\/\/planikafires.shop\/produkt\/rondo\/","og_site_name":"Planika","og_image":[{"width":800,"height":811,"url":"https:\/\/planikafires.shop\/wp-content\/uploads\/2022\/07\/rondo-category-800x0-c-default.jpg","type":"image\/jpeg"}],"twitter_card":"summary_large_image","schema":{"@context":"https:\/\/schema.org","@graph":[{"@type":"WebPage","@id":"https:\/\/planikafires.shop\/produkt\/rondo\/","url":"https:\/\/planikafires.shop\/produkt\/rondo\/","name":"RONDO | Planika","isPartOf":{"@id":"https:\/\/planikafires.shop\/cs\/#website"},"primaryImageOfPage":{"@id":"https:\/\/planikafires.shop\/produkt\/rondo\/#primaryimage"},"image":{"@id":"https:\/\/planikafires.shop\/produkt\/rondo\/#primaryimage"},"thumbnailUrl":"https:\/\/planikafires.shop\/wp-content\/uploads\/2022\/07\/rondo-category-800x0-c-default.jpg","datePublished":"2022-07-04T08:21:53+00:00","dateModified":"2022-07-04T08:21:53+00:00","breadcrumb":{"@id":"https:\/\/planikafires.shop\/produkt\/rondo\/#breadcrumb"},"inLanguage":"cs","potentialAction":[{"@type":"ReadAction","target":["https:\/\/planikafires.shop\/produkt\/rondo\/"]}]},{"@type":"ImageObject","inLanguage":"cs","@id":"https:\/\/planikafires.shop\/produkt\/rondo\/#primaryimage","url":"https:\/\/planikafires.shop\/wp-content\/uploads\/2022\/07\/rondo-category-800x0-c-default.jpg","contentUrl":"https:\/\/planikafires.shop\/wp-content\/uploads\/2022\/07\/rondo-category-800x0-c-default.jpg","width":800,"height":811},{"@type":"BreadcrumbList","@id":"https:\/\/planikafires.shop\/produkt\/rondo\/#breadcrumb","itemListElement":[{"@type":"ListItem","position":1,"name":"Domovsk\u00e1 str\u00e1nka","item":"https:\/\/planikafires.shop\/cs\/"},{"@type":"ListItem","position":2,"name":"Obchod","item":"https:\/\/planikafires.shop\/cs\/shop\/"},{"@type":"ListItem","position":3,"name":"RONDO"}]},{"@type":"WebSite","@id":"https:\/\/planikafires.shop\/cs\/#website","url":"https:\/\/planikafires.shop\/cs\/","name":"Planika","description":"Modern\u00e9 rie\u0161enie krbov","publisher":{"@id":"https:\/\/planikafires.shop\/cs\/#organization"},"potentialAction":[{"@type":"SearchAction","target":{"@type":"EntryPoint","urlTemplate":"https:\/\/planikafires.shop\/cs\/?s={search_term_string}"},"query-input":{"@type":"PropertyValueSpecification","valueRequired":true,"valueName":"search_term_string"}}],"inLanguage":"cs"},{"@type":"Organization","@id":"https:\/\/planikafires.shop\/cs\/#organization","name":"Planika","url":"https:\/\/planikafires.shop\/cs\/","logo":{"@type":"ImageObject","inLanguage":"cs","@id":"https:\/\/planikafires.shop\/cs\/#\/schema\/logo\/image\/","url":"https:\/\/planikafires.shop\/wp-content\/uploads\/2022\/06\/logo.png","contentUrl":"https:\/\/planikafires.shop\/wp-content\/uploads\/2022\/06\/logo.png","width":191,"height":78,"caption":"Planika"},"image":{"@id":"https:\/\/planikafires.shop\/cs\/#\/schema\/logo\/image\/"}}]}},"_links":{"self":[{"href":"https:\/\/planikafires.shop\/cs\/wp-json\/wp\/v2\/product\/10136","targetHints":{"allow":["GET"]}}],"collection":[{"href":"https:\/\/planikafires.shop\/cs\/wp-json\/wp\/v2\/product"}],"about":[{"href":"https:\/\/planikafires.shop\/cs\/wp-json\/wp\/v2\/types\/product"}],"version-history":[{"count":0,"href":"https:\/\/planikafires.shop\/cs\/wp-json\/wp\/v2\/product\/10136\/revisions"}],"wp:featuredmedia":[{"embeddable":true,"href":"https:\/\/planikafires.shop\/cs\/wp-json\/wp\/v2\/media\/9863"}],"wp:attachment":[{"href":"https:\/\/planikafires.shop\/cs\/wp-json\/wp\/v2\/media?parent=10136"}],"wp:term":[{"taxonomy":"product_brand","embeddable":true,"href":"https:\/\/planikafires.shop\/cs\/wp-json\/wp\/v2\/product_brand?post=10136"},{"taxonomy":"product_cat","embeddable":true,"href":"https:\/\/planikafires.shop\/cs\/wp-json\/wp\/v2\/product_cat?post=10136"},{"taxonomy":"product_tag","embeddable":true,"href":"https:\/\/planikafires.shop\/cs\/wp-json\/wp\/v2\/product_tag?post=10136"}],"curies":[{"name":"wp","href":"https:\/\/api.w.org\/{rel}","templated":true}]}}