{"id":10186,"date":"2022-07-04T10:59:40","date_gmt":"2022-07-04T08:59:40","guid":{"rendered":"https:\/\/planikafires.shop\/produkt\/bubble-wall-floor\/"},"modified":"2022-07-04T10:59:40","modified_gmt":"2022-07-04T08:59:40","slug":"bubble-wall-floor-2","status":"publish","type":"product","link":"https:\/\/planikafires.shop\/cs\/produkt\/bubble-wall-floor-2\/","title":{"rendered":"BUBBLE WALL &amp; FLOOR"},"content":{"rendered":"<ul>\n<li><strong>Bez kou\u0159e<\/strong><\/li>\n<li><strong>Bez popela<\/strong><\/li>\n<li><strong>Bez kom\u00edna<\/strong><\/li>\n<li><strong>Bez z\u00e1palek<\/strong><\/li>\n<li>Automatick\u00fd ho\u0159\u00e1k s patentovanou Technologi\u00ed BEV (Technologie ho\u0159\u00edc\u00edch v\u00fdpar\u016f etanolu)<\/li>\n<li>Nej\u010dist\u0161\u00ed spalov\u00e1n\u00ed<\/li>\n<li>Ho\u0159\u00e1k je ozdoben sklen\u011bn\u00fdm p\u011bnov\u00fdm granul\u00e1tem<\/li>\n<li>Speci\u00e1ln\u00ed panel z tvrzen\u00e9ho skla stabilizuje plamen<\/li>\n<li>2 v 1 &#8211; d\u0159ev\u011bn\u00e9 no\u017ei\u010dky pro um\u00edst\u011bn\u00ed na podlahu, nebo zav\u011bsit na ze\u010f<\/li>\n<li>Eco &#8211; palivo<\/li>\n<li>Automatick\u00e1 pumpa<\/li>\n<li>Automatick\u00fd start\/stop<\/li>\n<li>Integrovan\u00fd ovl\u00e1dac\u00ed panel se vstupem pro automatickou pumpu<\/li>\n<li>Regulace velikosti plamene &#8211; 2 stupn\u011b<\/li>\n<li>Pou\u017eit\u00ed v interi\u00e9ri<\/li>\n<li>Bezpe\u010dnostn\u00ed senzory &#8211; teplotn\u00ed senzor, senzor rozlit\u00ed paliva a senzor hladiny paliva<\/li>\n<li>Certifikov\u00e1no<\/li>\n<li>Povrchov\u00e1 \u00faprava horn\u00ed desky &#8211; pr\u00e1\u0161kovan\u00e1 \u010dern\u00e1<\/li>\n<li>Pot\u0159ebn\u00fd p\u0159\u00edvod el. energie<\/li>\n<li>Pro spr\u00e1vn\u00e9 fungov\u00e1n\u00ed pou\u017e\u00edvejte certifikovan\u00e9 palivo Fanola<sup>\u00ae<\/sup><\/li>\n<li>Voliteln\u00fd ro\u0161t a polena &#8211; ZA P\u0158\u00cdPLATEK<\/li>\n<li><strong>D\u00e1lkov\u00e9 ovl\u00e1d\u00e1n\u00ed v cen\u011b<\/strong><\/li>\n<\/ul>\n<p><strong>\u010cEKAC\u00cd DOBA: 15 pracovn\u00edch dn\u016f!<\/strong><\/p>\n<h3>Technick\u00e9 parametry:<\/h3>\n<ul>\n<li>Z\u00e1sobn\u00edk: 1,3 L<\/li>\n<li>\u010cas ho\u0159en\u00ed: max 4,5 h<\/li>\n<li>V\u00fdkon: max. 2,5 kW<\/li>\n<li>Hmotnost netto: 24,1 kg<\/li>\n<li>Interval v\u011btr\u00e1n\u00ed: min. 1\/h<\/li>\n<li>Minim\u00e1lna velikost m\u00edstnost\u00ed: 25 m<sup>3<\/sup> (9,6 m<sup>2<\/sup> p\u0159i v\u00fd\u0161ce 2,6 m)<\/li>\n<li>Nap\u00e1jen\u00ed: 230 V \/ 115 V<\/li>\n<li>Rozm\u011bry (\u00f8xVxH) 650 x 726 x 370 mm<\/li>\n<\/ul>\n","protected":false},"excerpt":{"rendered":"<p>Bez kou\u0159e Bez popela Bez kom\u00edna Bez z\u00e1palek Automatick\u00fd ho\u0159\u00e1k s patentovanou Technologi\u00ed BEV (Technologie ho\u0159\u00edc\u00edch v\u00fdpar\u016f etanolu) Nej\u010dist\u0161\u00ed spalov\u00e1n\u00ed Ho\u0159\u00e1k je ozdoben sklen\u011bn\u00fdm p\u011bnov\u00fdm granul\u00e1tem Speci\u00e1ln\u00ed panel z tvrzen\u00e9ho skla stabilizuje plamen 2 v 1 &#8211; d\u0159ev\u011bn\u00e9 no\u017ei\u010dky pro um\u00edst\u011bn\u00ed na podlahu, nebo zav\u011bsit na ze\u010f Eco &#8211; palivo Automatick\u00e1 pumpa Automatick\u00fd start\/stop Integrovan\u00fd [&hellip;]<\/p>\n","protected":false},"featured_media":9841,"template":"","meta":{"_acf_changed":false},"product_brand":[],"product_cat":[156],"product_tag":[285],"class_list":{"0":"post-10186","1":"product","2":"type-product","3":"status-publish","4":"has-post-thumbnail","6":"product_cat-volne-stojici-krby-na-etanol","7":"product_tag-basic-collection-cs","8":"product_shipping_class-1-2-paleta-cs","10":"first","11":"onbackorder","12":"taxable","13":"shipping-taxable","14":"purchasable","15":"product-type-simple"},"acf":[],"yoast_head":"<!-- This site is optimized with the Yoast SEO plugin v24.2 - https:\/\/yoast.com\/wordpress\/plugins\/seo\/ -->\n<title>BUBBLE WALL &amp; FLOOR | Planika<\/title>\n<meta name=\"robots\" content=\"index, follow, max-snippet:-1, max-image-preview:large, max-video-preview:-1\" \/>\n<link rel=\"canonical\" href=\"https:\/\/planikafires.shop\/produkt\/bubble-wall-floor\/\" \/>\n<meta property=\"og:locale\" content=\"cs_CZ\" \/>\n<meta property=\"og:type\" content=\"article\" \/>\n<meta property=\"og:title\" content=\"BUBBLE WALL &amp; FLOOR | Planika\" \/>\n<meta property=\"og:description\" content=\"Bez kou\u0159e Bez popela Bez kom\u00edna Bez z\u00e1palek Automatick\u00fd ho\u0159\u00e1k s patentovanou Technologi\u00ed BEV (Technologie ho\u0159\u00edc\u00edch v\u00fdpar\u016f etanolu) Nej\u010dist\u0161\u00ed spalov\u00e1n\u00ed Ho\u0159\u00e1k je ozdoben sklen\u011bn\u00fdm p\u011bnov\u00fdm granul\u00e1tem Speci\u00e1ln\u00ed panel z tvrzen\u00e9ho skla stabilizuje plamen 2 v 1 &#8211; d\u0159ev\u011bn\u00e9 no\u017ei\u010dky pro um\u00edst\u011bn\u00ed na podlahu, nebo zav\u011bsit na ze\u010f Eco &#8211; palivo Automatick\u00e1 pumpa Automatick\u00fd start\/stop Integrovan\u00fd [&hellip;]\" \/>\n<meta property=\"og:url\" content=\"https:\/\/planikafires.shop\/produkt\/bubble-wall-floor\/\" \/>\n<meta property=\"og:site_name\" content=\"Planika\" \/>\n<meta property=\"og:image\" content=\"https:\/\/planikafires.shop\/wp-content\/uploads\/2022\/07\/Bubble-Wall-Floor-category-800x0-c-default.jpg\" \/>\n\t<meta property=\"og:image:width\" content=\"800\" \/>\n\t<meta property=\"og:image:height\" content=\"811\" \/>\n\t<meta property=\"og:image:type\" content=\"image\/jpeg\" \/>\n<meta name=\"twitter:card\" content=\"summary_large_image\" \/>\n<meta name=\"twitter:label1\" content=\"Odhadovan\u00e1 doba \u010dten\u00ed\" \/>\n\t<meta name=\"twitter:data1\" content=\"1 minuta\" \/>\n<script type=\"application\/ld+json\" class=\"yoast-schema-graph\">{\"@context\":\"https:\/\/schema.org\",\"@graph\":[{\"@type\":\"WebPage\",\"@id\":\"https:\/\/planikafires.shop\/produkt\/bubble-wall-floor\/\",\"url\":\"https:\/\/planikafires.shop\/produkt\/bubble-wall-floor\/\",\"name\":\"BUBBLE WALL &amp; FLOOR | Planika\",\"isPartOf\":{\"@id\":\"https:\/\/planikafires.shop\/cs\/#website\"},\"primaryImageOfPage\":{\"@id\":\"https:\/\/planikafires.shop\/produkt\/bubble-wall-floor\/#primaryimage\"},\"image\":{\"@id\":\"https:\/\/planikafires.shop\/produkt\/bubble-wall-floor\/#primaryimage\"},\"thumbnailUrl\":\"https:\/\/planikafires.shop\/wp-content\/uploads\/2022\/07\/Bubble-Wall-Floor-category-800x0-c-default.jpg\",\"datePublished\":\"2022-07-04T08:59:40+00:00\",\"dateModified\":\"2022-07-04T08:59:40+00:00\",\"breadcrumb\":{\"@id\":\"https:\/\/planikafires.shop\/produkt\/bubble-wall-floor\/#breadcrumb\"},\"inLanguage\":\"cs\",\"potentialAction\":[{\"@type\":\"ReadAction\",\"target\":[\"https:\/\/planikafires.shop\/produkt\/bubble-wall-floor\/\"]}]},{\"@type\":\"ImageObject\",\"inLanguage\":\"cs\",\"@id\":\"https:\/\/planikafires.shop\/produkt\/bubble-wall-floor\/#primaryimage\",\"url\":\"https:\/\/planikafires.shop\/wp-content\/uploads\/2022\/07\/Bubble-Wall-Floor-category-800x0-c-default.jpg\",\"contentUrl\":\"https:\/\/planikafires.shop\/wp-content\/uploads\/2022\/07\/Bubble-Wall-Floor-category-800x0-c-default.jpg\",\"width\":800,\"height\":811},{\"@type\":\"BreadcrumbList\",\"@id\":\"https:\/\/planikafires.shop\/produkt\/bubble-wall-floor\/#breadcrumb\",\"itemListElement\":[{\"@type\":\"ListItem\",\"position\":1,\"name\":\"Domovsk\u00e1 str\u00e1nka\",\"item\":\"https:\/\/planikafires.shop\/cs\/\"},{\"@type\":\"ListItem\",\"position\":2,\"name\":\"Obchod\",\"item\":\"https:\/\/planikafires.shop\/cs\/shop\/\"},{\"@type\":\"ListItem\",\"position\":3,\"name\":\"BUBBLE WALL &amp; FLOOR\"}]},{\"@type\":\"WebSite\",\"@id\":\"https:\/\/planikafires.shop\/cs\/#website\",\"url\":\"https:\/\/planikafires.shop\/cs\/\",\"name\":\"Planika\",\"description\":\"Modern\u00e9 rie\u0161enie krbov\",\"publisher\":{\"@id\":\"https:\/\/planikafires.shop\/cs\/#organization\"},\"potentialAction\":[{\"@type\":\"SearchAction\",\"target\":{\"@type\":\"EntryPoint\",\"urlTemplate\":\"https:\/\/planikafires.shop\/cs\/?s={search_term_string}\"},\"query-input\":{\"@type\":\"PropertyValueSpecification\",\"valueRequired\":true,\"valueName\":\"search_term_string\"}}],\"inLanguage\":\"cs\"},{\"@type\":\"Organization\",\"@id\":\"https:\/\/planikafires.shop\/cs\/#organization\",\"name\":\"Planika\",\"url\":\"https:\/\/planikafires.shop\/cs\/\",\"logo\":{\"@type\":\"ImageObject\",\"inLanguage\":\"cs\",\"@id\":\"https:\/\/planikafires.shop\/cs\/#\/schema\/logo\/image\/\",\"url\":\"https:\/\/planikafires.shop\/wp-content\/uploads\/2022\/06\/logo.png\",\"contentUrl\":\"https:\/\/planikafires.shop\/wp-content\/uploads\/2022\/06\/logo.png\",\"width\":191,\"height\":78,\"caption\":\"Planika\"},\"image\":{\"@id\":\"https:\/\/planikafires.shop\/cs\/#\/schema\/logo\/image\/\"}}]}<\/script>\n<!-- \/ Yoast SEO plugin. -->","yoast_head_json":{"title":"BUBBLE WALL &amp; FLOOR | Planika","robots":{"index":"index","follow":"follow","max-snippet":"max-snippet:-1","max-image-preview":"max-image-preview:large","max-video-preview":"max-video-preview:-1"},"canonical":"https:\/\/planikafires.shop\/produkt\/bubble-wall-floor\/","og_locale":"cs_CZ","og_type":"article","og_title":"BUBBLE WALL &amp; FLOOR | Planika","og_description":"Bez kou\u0159e Bez popela Bez kom\u00edna Bez z\u00e1palek Automatick\u00fd ho\u0159\u00e1k s patentovanou Technologi\u00ed BEV (Technologie ho\u0159\u00edc\u00edch v\u00fdpar\u016f etanolu) Nej\u010dist\u0161\u00ed spalov\u00e1n\u00ed Ho\u0159\u00e1k je ozdoben sklen\u011bn\u00fdm p\u011bnov\u00fdm granul\u00e1tem Speci\u00e1ln\u00ed panel z tvrzen\u00e9ho skla stabilizuje plamen 2 v 1 &#8211; d\u0159ev\u011bn\u00e9 no\u017ei\u010dky pro um\u00edst\u011bn\u00ed na podlahu, nebo zav\u011bsit na ze\u010f Eco &#8211; palivo Automatick\u00e1 pumpa Automatick\u00fd start\/stop Integrovan\u00fd [&hellip;]","og_url":"https:\/\/planikafires.shop\/produkt\/bubble-wall-floor\/","og_site_name":"Planika","og_image":[{"width":800,"height":811,"url":"https:\/\/planikafires.shop\/wp-content\/uploads\/2022\/07\/Bubble-Wall-Floor-category-800x0-c-default.jpg","type":"image\/jpeg"}],"twitter_card":"summary_large_image","twitter_misc":{"Odhadovan\u00e1 doba \u010dten\u00ed":"1 minuta"},"schema":{"@context":"https:\/\/schema.org","@graph":[{"@type":"WebPage","@id":"https:\/\/planikafires.shop\/produkt\/bubble-wall-floor\/","url":"https:\/\/planikafires.shop\/produkt\/bubble-wall-floor\/","name":"BUBBLE WALL &amp; FLOOR | Planika","isPartOf":{"@id":"https:\/\/planikafires.shop\/cs\/#website"},"primaryImageOfPage":{"@id":"https:\/\/planikafires.shop\/produkt\/bubble-wall-floor\/#primaryimage"},"image":{"@id":"https:\/\/planikafires.shop\/produkt\/bubble-wall-floor\/#primaryimage"},"thumbnailUrl":"https:\/\/planikafires.shop\/wp-content\/uploads\/2022\/07\/Bubble-Wall-Floor-category-800x0-c-default.jpg","datePublished":"2022-07-04T08:59:40+00:00","dateModified":"2022-07-04T08:59:40+00:00","breadcrumb":{"@id":"https:\/\/planikafires.shop\/produkt\/bubble-wall-floor\/#breadcrumb"},"inLanguage":"cs","potentialAction":[{"@type":"ReadAction","target":["https:\/\/planikafires.shop\/produkt\/bubble-wall-floor\/"]}]},{"@type":"ImageObject","inLanguage":"cs","@id":"https:\/\/planikafires.shop\/produkt\/bubble-wall-floor\/#primaryimage","url":"https:\/\/planikafires.shop\/wp-content\/uploads\/2022\/07\/Bubble-Wall-Floor-category-800x0-c-default.jpg","contentUrl":"https:\/\/planikafires.shop\/wp-content\/uploads\/2022\/07\/Bubble-Wall-Floor-category-800x0-c-default.jpg","width":800,"height":811},{"@type":"BreadcrumbList","@id":"https:\/\/planikafires.shop\/produkt\/bubble-wall-floor\/#breadcrumb","itemListElement":[{"@type":"ListItem","position":1,"name":"Domovsk\u00e1 str\u00e1nka","item":"https:\/\/planikafires.shop\/cs\/"},{"@type":"ListItem","position":2,"name":"Obchod","item":"https:\/\/planikafires.shop\/cs\/shop\/"},{"@type":"ListItem","position":3,"name":"BUBBLE WALL &amp; FLOOR"}]},{"@type":"WebSite","@id":"https:\/\/planikafires.shop\/cs\/#website","url":"https:\/\/planikafires.shop\/cs\/","name":"Planika","description":"Modern\u00e9 rie\u0161enie krbov","publisher":{"@id":"https:\/\/planikafires.shop\/cs\/#organization"},"potentialAction":[{"@type":"SearchAction","target":{"@type":"EntryPoint","urlTemplate":"https:\/\/planikafires.shop\/cs\/?s={search_term_string}"},"query-input":{"@type":"PropertyValueSpecification","valueRequired":true,"valueName":"search_term_string"}}],"inLanguage":"cs"},{"@type":"Organization","@id":"https:\/\/planikafires.shop\/cs\/#organization","name":"Planika","url":"https:\/\/planikafires.shop\/cs\/","logo":{"@type":"ImageObject","inLanguage":"cs","@id":"https:\/\/planikafires.shop\/cs\/#\/schema\/logo\/image\/","url":"https:\/\/planikafires.shop\/wp-content\/uploads\/2022\/06\/logo.png","contentUrl":"https:\/\/planikafires.shop\/wp-content\/uploads\/2022\/06\/logo.png","width":191,"height":78,"caption":"Planika"},"image":{"@id":"https:\/\/planikafires.shop\/cs\/#\/schema\/logo\/image\/"}}]}},"_links":{"self":[{"href":"https:\/\/planikafires.shop\/cs\/wp-json\/wp\/v2\/product\/10186","targetHints":{"allow":["GET"]}}],"collection":[{"href":"https:\/\/planikafires.shop\/cs\/wp-json\/wp\/v2\/product"}],"about":[{"href":"https:\/\/planikafires.shop\/cs\/wp-json\/wp\/v2\/types\/product"}],"version-history":[{"count":0,"href":"https:\/\/planikafires.shop\/cs\/wp-json\/wp\/v2\/product\/10186\/revisions"}],"wp:featuredmedia":[{"embeddable":true,"href":"https:\/\/planikafires.shop\/cs\/wp-json\/wp\/v2\/media\/9841"}],"wp:attachment":[{"href":"https:\/\/planikafires.shop\/cs\/wp-json\/wp\/v2\/media?parent=10186"}],"wp:term":[{"taxonomy":"product_brand","embeddable":true,"href":"https:\/\/planikafires.shop\/cs\/wp-json\/wp\/v2\/product_brand?post=10186"},{"taxonomy":"product_cat","embeddable":true,"href":"https:\/\/planikafires.shop\/cs\/wp-json\/wp\/v2\/product_cat?post=10186"},{"taxonomy":"product_tag","embeddable":true,"href":"https:\/\/planikafires.shop\/cs\/wp-json\/wp\/v2\/product_tag?post=10186"}],"curies":[{"name":"wp","href":"https:\/\/api.w.org\/{rel}","templated":true}]}}