{"id":10201,"date":"2022-07-04T10:36:02","date_gmt":"2022-07-04T08:36:02","guid":{"rendered":"https:\/\/planikafires.shop\/produkt\/bioalkoholove-palivo-fanola\/"},"modified":"2022-12-12T15:45:29","modified_gmt":"2022-12-12T14:45:29","slug":"bioalkoholove-palivo-fanola-cs","status":"publish","type":"product","link":"https:\/\/planikafires.shop\/cs\/produkt\/bioalkoholove-palivo-fanola-cs\/","title":{"rendered":"BIOALKOHOLOV\u00c9 PALIVO FANOLA"},"content":{"rendered":"<ul>\n<li>Bez kou\u0159e, z\u00e1pachu, popela<\/li>\n<li>Certifikov\u00e1no<\/li>\n<li>P\u0159\u00e1telsk\u00e9 v\u016f\u010di \u017eivotn\u00edmu prost\u0159ed\u00ed<\/li>\n<li>Bezpe\u010dn\u00e9 slo\u017een\u00ed<\/li>\n<\/ul>\n<p><strong>MIN. ODB\u011aR:<\/strong><\/p>\n<p><strong>1L &#8211; min.12 x 1 L lahv\u00ed \/24ks\/36ks,&#8230;<\/strong><\/p>\n<p><strong>5L &#8211; min. 4 x 5 L kanystr \/8ks\/12ks,&#8230;<\/strong><\/p>\n<p style=\"text-align: left;\">Produkty PLANIKA jsou dod\u00e1v\u00e1ny se speci\u00e1ln\u00edm bioalkoholem Fanola\u00ae. Palivo je na rostlinn\u00e9 b\u00e1zi ethylalkoholu. Fanola\u00ae p\u0159edstavuje obnoviteln\u00fd zdroj energie a b\u011bhem ho\u0159en\u00ed nevytv\u00e1\u0159\u00ed kou\u0159, z\u00e1pach a nezanech\u00e1v\u00e1 popel. Slo\u017een\u00ed paliva Fanola\u00ae bylo navr\u017eeno v laborato\u0159\u00edch firmy Planika a firma je tak\u00e9 jeho jedin\u00fdm leg\u00e1ln\u00edm producentem. Nav\u00edc tento produkt byl podroben s\u00e9rii test\u016f s d\u016frazem na bezpe\u010dnost pro lidi a \u017eivotn\u00ed prost\u0159ed\u00ed. V\u00fdsledky test\u016f byly pozitivn\u011b ohodnoceny mezin\u00e1rodn\u00edmi instituty pro certifikace, jako nap\u0159.: PZH, CNBOP, OMNI-Test Laboratories Inc. Patentovan\u00e9 slo\u017een\u00ed paliva umo\u017e\u0148uje naprosto \u010dist\u00e9 spalov\u00e1n\u00ed. \u010cist\u00e9 spalov\u00e1n\u00ed bioalkoholu znamen\u00e1, \u017ee b\u011bhem ho\u0159en\u00ed se neuvol\u0148uj\u00ed \u017e\u00e1dn\u00e9 \u0161kodliv\u00e9 substance. V\u00fdsledkem ho\u0159en\u00ed jsou: vodn\u00ed p\u00e1ra a CO<sub>2 <\/sub>v mno\u017estv\u00edch bl\u00ed\u017e\u00edc\u00edch se t\u011bm, kter\u00e1 jsou obsa\u017eena v dechu \u010dlov\u011bka. \u010cist\u00e9 spalov\u00e1n\u00ed znamen\u00e1 tak\u00e9, \u017ee palivo se spaluje bez kou\u0159e z\u00e1pachu, a po doho\u0159en\u00ed nez\u016fst\u00e1vaj\u00ed \u017e\u00e1dn\u00e9 \u010d\u00e1ste\u010dky jako nap\u0159\u00edklad. popel. Vlastnosti, kter\u00fdmi se vyzna\u010duje bioalkohol zp\u016fsobily, \u017ee k ho\u0159en\u00ed nen\u00ed zapot\u0159eb\u00ed kom\u00edn ani \u017e\u00e1dn\u00e9 odvodov\u00e9 instalace. D\u00edky formuli zpracovan\u00e9 firmou Planika se ohe\u0148 stal plnohodnotn\u00fdm bytov\u00fdm dopl\u0148kem.<\/p>\n<p>&nbsp;<\/p>\n<h3>Podm\u00ednky ho\u0159en\u00ed:<\/h3>\n<ul>\n<li>B\u011bhem ho\u0159en\u00ed neprodukuje kou\u0159 ani z\u00e1pach<\/li>\n<li>V\u00fdsledkem ho\u0159en\u00ed jsou vodn\u00ed p\u00e1ra a CO<sub>2<\/sub> v mno\u017estv\u00edch bl\u00ed\u017e\u00edc\u00edch se lidsk\u00e9mu dechu<\/li>\n<li>Podrobn\u00e9 podm\u00ednky ho\u0159en\u00ed jsou pops\u00e1ny v n\u00e1vodu k pou\u017eit\u00ed.<\/li>\n<\/ul>\n","protected":false},"excerpt":{"rendered":"<p>Bez kou\u0159e, z\u00e1pachu, popela Certifikov\u00e1no P\u0159\u00e1telsk\u00e9 v\u016f\u010di \u017eivotn\u00edmu prost\u0159ed\u00ed Bezpe\u010dn\u00e9 slo\u017een\u00ed MIN. ODB\u011aR: 1L &#8211; min.12 x 1 L lahv\u00ed \/24ks\/36ks,&#8230; 5L &#8211; min. 4 x 5 L kanystr \/8ks\/12ks,&#8230; Produkty PLANIKA jsou dod\u00e1v\u00e1ny se speci\u00e1ln\u00edm bioalkoholem Fanola\u00ae. Palivo je na rostlinn\u00e9 b\u00e1zi ethylalkoholu. Fanola\u00ae p\u0159edstavuje obnoviteln\u00fd zdroj energie a b\u011bhem ho\u0159en\u00ed nevytv\u00e1\u0159\u00ed kou\u0159, z\u00e1pach [&hellip;]<\/p>\n","protected":false},"featured_media":10169,"template":"","meta":{"_acf_changed":false},"product_brand":[],"product_cat":[153],"product_tag":[],"class_list":{"0":"post-10201","1":"product","2":"type-product","3":"status-publish","4":"has-post-thumbnail","6":"product_cat-palivo-cs","8":"first","9":"instock","10":"taxable","11":"shipping-taxable","12":"purchasable","13":"product-type-variable","14":"has-default-attributes"},"acf":[],"yoast_head":"<!-- This site is optimized with the Yoast SEO plugin v24.2 - https:\/\/yoast.com\/wordpress\/plugins\/seo\/ -->\n<title>BIOALKOHOLOV\u00c9 PALIVO FANOLA | Planika<\/title>\n<meta name=\"robots\" content=\"index, follow, max-snippet:-1, max-image-preview:large, max-video-preview:-1\" \/>\n<link rel=\"canonical\" href=\"https:\/\/planikafires.shop\/cs\/produkt\/bioalkoholove-palivo-fanola-cs\/\" \/>\n<meta property=\"og:locale\" content=\"cs_CZ\" \/>\n<meta property=\"og:type\" content=\"article\" \/>\n<meta property=\"og:title\" content=\"BIOALKOHOLOV\u00c9 PALIVO FANOLA | Planika\" \/>\n<meta property=\"og:description\" content=\"Bez kou\u0159e, z\u00e1pachu, popela Certifikov\u00e1no P\u0159\u00e1telsk\u00e9 v\u016f\u010di \u017eivotn\u00edmu prost\u0159ed\u00ed Bezpe\u010dn\u00e9 slo\u017een\u00ed MIN. ODB\u011aR: 1L &#8211; min.12 x 1 L lahv\u00ed \/24ks\/36ks,&#8230; 5L &#8211; min. 4 x 5 L kanystr \/8ks\/12ks,&#8230; Produkty PLANIKA jsou dod\u00e1v\u00e1ny se speci\u00e1ln\u00edm bioalkoholem Fanola\u00ae. Palivo je na rostlinn\u00e9 b\u00e1zi ethylalkoholu. Fanola\u00ae p\u0159edstavuje obnoviteln\u00fd zdroj energie a b\u011bhem ho\u0159en\u00ed nevytv\u00e1\u0159\u00ed kou\u0159, z\u00e1pach [&hellip;]\" \/>\n<meta property=\"og:url\" content=\"https:\/\/planikafires.shop\/cs\/produkt\/bioalkoholove-palivo-fanola-cs\/\" \/>\n<meta property=\"og:site_name\" content=\"Planika\" \/>\n<meta property=\"article:modified_time\" content=\"2022-12-12T14:45:29+00:00\" \/>\n<meta property=\"og:image\" content=\"https:\/\/planikafires.shop\/wp-content\/uploads\/2022\/07\/Planika_Automatic_Pump_1.jpg\" \/>\n\t<meta property=\"og:image:width\" content=\"2502\" \/>\n\t<meta property=\"og:image:height\" content=\"1669\" \/>\n\t<meta property=\"og:image:type\" content=\"image\/jpeg\" \/>\n<meta name=\"twitter:card\" content=\"summary_large_image\" \/>\n<meta name=\"twitter:label1\" content=\"Odhadovan\u00e1 doba \u010dten\u00ed\" \/>\n\t<meta name=\"twitter:data1\" content=\"2 minuty\" \/>\n<script type=\"application\/ld+json\" class=\"yoast-schema-graph\">{\"@context\":\"https:\/\/schema.org\",\"@graph\":[{\"@type\":\"WebPage\",\"@id\":\"https:\/\/planikafires.shop\/cs\/produkt\/bioalkoholove-palivo-fanola-cs\/\",\"url\":\"https:\/\/planikafires.shop\/cs\/produkt\/bioalkoholove-palivo-fanola-cs\/\",\"name\":\"BIOALKOHOLOV\u00c9 PALIVO FANOLA | Planika\",\"isPartOf\":{\"@id\":\"https:\/\/planikafires.shop\/cs\/#website\"},\"primaryImageOfPage\":{\"@id\":\"https:\/\/planikafires.shop\/cs\/produkt\/bioalkoholove-palivo-fanola-cs\/#primaryimage\"},\"image\":{\"@id\":\"https:\/\/planikafires.shop\/cs\/produkt\/bioalkoholove-palivo-fanola-cs\/#primaryimage\"},\"thumbnailUrl\":\"https:\/\/planikafires.shop\/wp-content\/uploads\/2022\/07\/Planika_Automatic_Pump_1.jpg\",\"datePublished\":\"2022-07-04T08:36:02+00:00\",\"dateModified\":\"2022-12-12T14:45:29+00:00\",\"breadcrumb\":{\"@id\":\"https:\/\/planikafires.shop\/cs\/produkt\/bioalkoholove-palivo-fanola-cs\/#breadcrumb\"},\"inLanguage\":\"cs\",\"potentialAction\":[{\"@type\":\"ReadAction\",\"target\":[\"https:\/\/planikafires.shop\/cs\/produkt\/bioalkoholove-palivo-fanola-cs\/\"]}]},{\"@type\":\"ImageObject\",\"inLanguage\":\"cs\",\"@id\":\"https:\/\/planikafires.shop\/cs\/produkt\/bioalkoholove-palivo-fanola-cs\/#primaryimage\",\"url\":\"https:\/\/planikafires.shop\/wp-content\/uploads\/2022\/07\/Planika_Automatic_Pump_1.jpg\",\"contentUrl\":\"https:\/\/planikafires.shop\/wp-content\/uploads\/2022\/07\/Planika_Automatic_Pump_1.jpg\",\"width\":2502,\"height\":1669},{\"@type\":\"BreadcrumbList\",\"@id\":\"https:\/\/planikafires.shop\/cs\/produkt\/bioalkoholove-palivo-fanola-cs\/#breadcrumb\",\"itemListElement\":[{\"@type\":\"ListItem\",\"position\":1,\"name\":\"Domovsk\u00e1 str\u00e1nka\",\"item\":\"https:\/\/planikafires.shop\/cs\/\"},{\"@type\":\"ListItem\",\"position\":2,\"name\":\"Obchod\",\"item\":\"https:\/\/planikafires.shop\/cs\/shop\/\"},{\"@type\":\"ListItem\",\"position\":3,\"name\":\"BIOALKOHOLOV\u00c9 PALIVO FANOLA\"}]},{\"@type\":\"WebSite\",\"@id\":\"https:\/\/planikafires.shop\/cs\/#website\",\"url\":\"https:\/\/planikafires.shop\/cs\/\",\"name\":\"Planika\",\"description\":\"Modern\u00e9 rie\u0161enie krbov\",\"publisher\":{\"@id\":\"https:\/\/planikafires.shop\/cs\/#organization\"},\"potentialAction\":[{\"@type\":\"SearchAction\",\"target\":{\"@type\":\"EntryPoint\",\"urlTemplate\":\"https:\/\/planikafires.shop\/cs\/?s={search_term_string}\"},\"query-input\":{\"@type\":\"PropertyValueSpecification\",\"valueRequired\":true,\"valueName\":\"search_term_string\"}}],\"inLanguage\":\"cs\"},{\"@type\":\"Organization\",\"@id\":\"https:\/\/planikafires.shop\/cs\/#organization\",\"name\":\"Planika\",\"url\":\"https:\/\/planikafires.shop\/cs\/\",\"logo\":{\"@type\":\"ImageObject\",\"inLanguage\":\"cs\",\"@id\":\"https:\/\/planikafires.shop\/cs\/#\/schema\/logo\/image\/\",\"url\":\"https:\/\/planikafires.shop\/wp-content\/uploads\/2022\/06\/logo.png\",\"contentUrl\":\"https:\/\/planikafires.shop\/wp-content\/uploads\/2022\/06\/logo.png\",\"width\":191,\"height\":78,\"caption\":\"Planika\"},\"image\":{\"@id\":\"https:\/\/planikafires.shop\/cs\/#\/schema\/logo\/image\/\"}}]}<\/script>\n<!-- \/ Yoast SEO plugin. -->","yoast_head_json":{"title":"BIOALKOHOLOV\u00c9 PALIVO FANOLA | Planika","robots":{"index":"index","follow":"follow","max-snippet":"max-snippet:-1","max-image-preview":"max-image-preview:large","max-video-preview":"max-video-preview:-1"},"canonical":"https:\/\/planikafires.shop\/cs\/produkt\/bioalkoholove-palivo-fanola-cs\/","og_locale":"cs_CZ","og_type":"article","og_title":"BIOALKOHOLOV\u00c9 PALIVO FANOLA | Planika","og_description":"Bez kou\u0159e, z\u00e1pachu, popela Certifikov\u00e1no P\u0159\u00e1telsk\u00e9 v\u016f\u010di \u017eivotn\u00edmu prost\u0159ed\u00ed Bezpe\u010dn\u00e9 slo\u017een\u00ed MIN. ODB\u011aR: 1L &#8211; min.12 x 1 L lahv\u00ed \/24ks\/36ks,&#8230; 5L &#8211; min. 4 x 5 L kanystr \/8ks\/12ks,&#8230; Produkty PLANIKA jsou dod\u00e1v\u00e1ny se speci\u00e1ln\u00edm bioalkoholem Fanola\u00ae. Palivo je na rostlinn\u00e9 b\u00e1zi ethylalkoholu. Fanola\u00ae p\u0159edstavuje obnoviteln\u00fd zdroj energie a b\u011bhem ho\u0159en\u00ed nevytv\u00e1\u0159\u00ed kou\u0159, z\u00e1pach [&hellip;]","og_url":"https:\/\/planikafires.shop\/cs\/produkt\/bioalkoholove-palivo-fanola-cs\/","og_site_name":"Planika","article_modified_time":"2022-12-12T14:45:29+00:00","og_image":[{"width":2502,"height":1669,"url":"https:\/\/planikafires.shop\/wp-content\/uploads\/2022\/07\/Planika_Automatic_Pump_1.jpg","type":"image\/jpeg"}],"twitter_card":"summary_large_image","twitter_misc":{"Odhadovan\u00e1 doba \u010dten\u00ed":"2 minuty"},"schema":{"@context":"https:\/\/schema.org","@graph":[{"@type":"WebPage","@id":"https:\/\/planikafires.shop\/cs\/produkt\/bioalkoholove-palivo-fanola-cs\/","url":"https:\/\/planikafires.shop\/cs\/produkt\/bioalkoholove-palivo-fanola-cs\/","name":"BIOALKOHOLOV\u00c9 PALIVO FANOLA | Planika","isPartOf":{"@id":"https:\/\/planikafires.shop\/cs\/#website"},"primaryImageOfPage":{"@id":"https:\/\/planikafires.shop\/cs\/produkt\/bioalkoholove-palivo-fanola-cs\/#primaryimage"},"image":{"@id":"https:\/\/planikafires.shop\/cs\/produkt\/bioalkoholove-palivo-fanola-cs\/#primaryimage"},"thumbnailUrl":"https:\/\/planikafires.shop\/wp-content\/uploads\/2022\/07\/Planika_Automatic_Pump_1.jpg","datePublished":"2022-07-04T08:36:02+00:00","dateModified":"2022-12-12T14:45:29+00:00","breadcrumb":{"@id":"https:\/\/planikafires.shop\/cs\/produkt\/bioalkoholove-palivo-fanola-cs\/#breadcrumb"},"inLanguage":"cs","potentialAction":[{"@type":"ReadAction","target":["https:\/\/planikafires.shop\/cs\/produkt\/bioalkoholove-palivo-fanola-cs\/"]}]},{"@type":"ImageObject","inLanguage":"cs","@id":"https:\/\/planikafires.shop\/cs\/produkt\/bioalkoholove-palivo-fanola-cs\/#primaryimage","url":"https:\/\/planikafires.shop\/wp-content\/uploads\/2022\/07\/Planika_Automatic_Pump_1.jpg","contentUrl":"https:\/\/planikafires.shop\/wp-content\/uploads\/2022\/07\/Planika_Automatic_Pump_1.jpg","width":2502,"height":1669},{"@type":"BreadcrumbList","@id":"https:\/\/planikafires.shop\/cs\/produkt\/bioalkoholove-palivo-fanola-cs\/#breadcrumb","itemListElement":[{"@type":"ListItem","position":1,"name":"Domovsk\u00e1 str\u00e1nka","item":"https:\/\/planikafires.shop\/cs\/"},{"@type":"ListItem","position":2,"name":"Obchod","item":"https:\/\/planikafires.shop\/cs\/shop\/"},{"@type":"ListItem","position":3,"name":"BIOALKOHOLOV\u00c9 PALIVO FANOLA"}]},{"@type":"WebSite","@id":"https:\/\/planikafires.shop\/cs\/#website","url":"https:\/\/planikafires.shop\/cs\/","name":"Planika","description":"Modern\u00e9 rie\u0161enie krbov","publisher":{"@id":"https:\/\/planikafires.shop\/cs\/#organization"},"potentialAction":[{"@type":"SearchAction","target":{"@type":"EntryPoint","urlTemplate":"https:\/\/planikafires.shop\/cs\/?s={search_term_string}"},"query-input":{"@type":"PropertyValueSpecification","valueRequired":true,"valueName":"search_term_string"}}],"inLanguage":"cs"},{"@type":"Organization","@id":"https:\/\/planikafires.shop\/cs\/#organization","name":"Planika","url":"https:\/\/planikafires.shop\/cs\/","logo":{"@type":"ImageObject","inLanguage":"cs","@id":"https:\/\/planikafires.shop\/cs\/#\/schema\/logo\/image\/","url":"https:\/\/planikafires.shop\/wp-content\/uploads\/2022\/06\/logo.png","contentUrl":"https:\/\/planikafires.shop\/wp-content\/uploads\/2022\/06\/logo.png","width":191,"height":78,"caption":"Planika"},"image":{"@id":"https:\/\/planikafires.shop\/cs\/#\/schema\/logo\/image\/"}}]}},"_links":{"self":[{"href":"https:\/\/planikafires.shop\/cs\/wp-json\/wp\/v2\/product\/10201","targetHints":{"allow":["GET"]}}],"collection":[{"href":"https:\/\/planikafires.shop\/cs\/wp-json\/wp\/v2\/product"}],"about":[{"href":"https:\/\/planikafires.shop\/cs\/wp-json\/wp\/v2\/types\/product"}],"version-history":[{"count":4,"href":"https:\/\/planikafires.shop\/cs\/wp-json\/wp\/v2\/product\/10201\/revisions"}],"predecessor-version":[{"id":10699,"href":"https:\/\/planikafires.shop\/cs\/wp-json\/wp\/v2\/product\/10201\/revisions\/10699"}],"wp:featuredmedia":[{"embeddable":true,"href":"https:\/\/planikafires.shop\/cs\/wp-json\/wp\/v2\/media\/10169"}],"wp:attachment":[{"href":"https:\/\/planikafires.shop\/cs\/wp-json\/wp\/v2\/media?parent=10201"}],"wp:term":[{"taxonomy":"product_brand","embeddable":true,"href":"https:\/\/planikafires.shop\/cs\/wp-json\/wp\/v2\/product_brand?post=10201"},{"taxonomy":"product_cat","embeddable":true,"href":"https:\/\/planikafires.shop\/cs\/wp-json\/wp\/v2\/product_cat?post=10201"},{"taxonomy":"product_tag","embeddable":true,"href":"https:\/\/planikafires.shop\/cs\/wp-json\/wp\/v2\/product_tag?post=10201"}],"curies":[{"name":"wp","href":"https:\/\/api.w.org\/{rel}","templated":true}]}}