{"id":10207,"date":"2022-07-04T11:07:30","date_gmt":"2022-07-04T09:07:30","guid":{"rendered":"https:\/\/planikafires.shop\/produkt\/basket-fire-logs\/"},"modified":"2026-03-25T08:47:07","modified_gmt":"2026-03-25T07:47:07","slug":"basket-fire-logs","status":"publish","type":"product","link":"https:\/\/planikafires.shop\/cs\/produkt\/basket-fire-logs\/","title":{"rendered":"BASKET FIRE LOGS"},"content":{"rendered":"<div class=\"parameters\">\n<div class=\"param\"><\/div>\n<\/div>\n<div class=\"description\">\n<ul>\n<li><strong>Bez kou\u0159e<\/strong><\/li>\n<li><strong>Bez popela<\/strong><\/li>\n<li><strong>Bez kom\u00edna<\/strong><\/li>\n<li><strong>Bez z\u00e1palek<\/strong><\/li>\n<li>Technologie BEV (Technologie ho\u0159\u00edc\u00edch v\u00fdpar\u016f etanolu)<\/li>\n<li>Eco &#8211; palivo<\/li>\n<li>Automatick\u00fd start\/stop<\/li>\n<li>Regulace velikosti plamene &#8211; 2 stupn\u011b<\/li>\n<li>Pou\u017eit\u00ed v interi\u00e9ru<\/li>\n<li>Voln\u011b stoj\u00edci<\/li>\n<li>Bezpe\u010dnostn\u00ed senzory<\/li>\n<li>Certifikov\u00e1no<\/li>\n<li>Detsk\u00e1 pojistka<\/li>\n<li>Povrchov\u00e1 \u00faprava horn\u00ed desky &#8211; pr\u00e1\u0161kovan\u00e1 \u010dern\u00e1<\/li>\n<li>Potrebn\u00fd p\u0159\u00edvod el. energie<\/li>\n<li>Keramick\u00e1 polena v cen\u011b<\/li>\n<li>Ozdobn\u00e1 m\u0159\u00ed\u017eka p\u0159ed biokrb &#8211; <strong>ZA P\u0158\u00cdPLATEK<\/strong><\/li>\n<li>D\u00e1lkov\u00e9 ovl\u00e1d\u00e1n\u00ed v cen\u011b<\/li>\n<\/ul>\n<p><strong>\u010cEKAC\u00cd DOBA: 20 pracovn\u00edch dn\u016f!<\/strong><\/p>\n<h3>Technick\u00e9 parametry:<\/h3>\n<ul>\n<li>Z\u00e1sobn\u00edk: 1,8 L<\/li>\n<li>\u010cas ho\u0159en\u00ed: max 4,5 h<\/li>\n<li>V\u00fdkon: max. 2,5 kW<\/li>\n<li>Hmotnost netto: 14,8 kg<\/li>\n<li>Interval v\u011btr\u00e1n\u00ed: min. 1\/h<\/li>\n<li>Minim\u00e1lna velikost m\u00edstnosti: 25 m<sup>3<\/sup> (9,5 m2 p\u0159i v\u00fd\u0161ce 2,6 m)<\/li>\n<li>Nap\u00e1jen\u00ed: 230 V \/ 115 V<\/li>\n<li>Rozm\u011bry (\u0160xVxH) 550 x 277 x 265 mm<\/li>\n<\/ul>\n<\/div>\n","protected":false},"excerpt":{"rendered":"<p>Bez kou\u0159e Bez popela Bez kom\u00edna Bez z\u00e1palek Technologie BEV (Technologie ho\u0159\u00edc\u00edch v\u00fdpar\u016f etanolu) Eco &#8211; palivo Automatick\u00fd start\/stop Regulace velikosti plamene &#8211; 2 stupn\u011b Pou\u017eit\u00ed v interi\u00e9ru Voln\u011b stoj\u00edci Bezpe\u010dnostn\u00ed senzory Certifikov\u00e1no Detsk\u00e1 pojistka Povrchov\u00e1 \u00faprava horn\u00ed desky &#8211; pr\u00e1\u0161kovan\u00e1 \u010dern\u00e1 Potrebn\u00fd p\u0159\u00edvod el. energie Keramick\u00e1 polena v cen\u011b Ozdobn\u00e1 m\u0159\u00ed\u017eka p\u0159ed biokrb &#8211; [&hellip;]<\/p>\n","protected":false},"featured_media":13527,"template":"","meta":{"_acf_changed":false},"product_brand":[],"product_cat":[156],"product_tag":[],"class_list":{"0":"post-10207","1":"product","2":"type-product","3":"status-publish","4":"has-post-thumbnail","6":"product_cat-volne-stojici-krby-na-etanol","8":"first","9":"outofstock","10":"taxable","11":"shipping-taxable","12":"purchasable","13":"product-type-simple"},"acf":[],"yoast_head":"<!-- This site is optimized with the Yoast SEO plugin v24.2 - https:\/\/yoast.com\/wordpress\/plugins\/seo\/ -->\n<title>BASKET FIRE LOGS | Planika<\/title>\n<meta name=\"robots\" content=\"index, follow, max-snippet:-1, max-image-preview:large, max-video-preview:-1\" \/>\n<link rel=\"canonical\" href=\"https:\/\/planikafires.shop\/cs\/produkt\/basket-fire-logs\/\" \/>\n<meta property=\"og:locale\" content=\"cs_CZ\" \/>\n<meta property=\"og:type\" content=\"article\" \/>\n<meta property=\"og:title\" content=\"BASKET FIRE LOGS | Planika\" \/>\n<meta property=\"og:description\" content=\"Bez kou\u0159e Bez popela Bez kom\u00edna Bez z\u00e1palek Technologie BEV (Technologie ho\u0159\u00edc\u00edch v\u00fdpar\u016f etanolu) Eco &#8211; palivo Automatick\u00fd start\/stop Regulace velikosti plamene &#8211; 2 stupn\u011b Pou\u017eit\u00ed v interi\u00e9ru Voln\u011b stoj\u00edci Bezpe\u010dnostn\u00ed senzory Certifikov\u00e1no Detsk\u00e1 pojistka Povrchov\u00e1 \u00faprava horn\u00ed desky &#8211; pr\u00e1\u0161kovan\u00e1 \u010dern\u00e1 Potrebn\u00fd p\u0159\u00edvod el. energie Keramick\u00e1 polena v cen\u011b Ozdobn\u00e1 m\u0159\u00ed\u017eka p\u0159ed biokrb &#8211; [&hellip;]\" \/>\n<meta property=\"og:url\" content=\"https:\/\/planikafires.shop\/cs\/produkt\/basket-fire-logs\/\" \/>\n<meta property=\"og:site_name\" content=\"Planika\" \/>\n<meta property=\"article:modified_time\" content=\"2026-03-25T07:47:07+00:00\" \/>\n<meta property=\"og:image\" content=\"https:\/\/planikafires.shop\/wp-content\/uploads\/2022\/07\/Basket_Fire_Logs_v.2_3600px.jpg\" \/>\n\t<meta property=\"og:image:width\" content=\"1920\" \/>\n\t<meta property=\"og:image:height\" content=\"1297\" \/>\n\t<meta property=\"og:image:type\" content=\"image\/jpeg\" \/>\n<meta name=\"twitter:card\" content=\"summary_large_image\" \/>\n<meta name=\"twitter:label1\" content=\"Odhadovan\u00e1 doba \u010dten\u00ed\" \/>\n\t<meta name=\"twitter:data1\" content=\"1 minuta\" \/>\n<script type=\"application\/ld+json\" class=\"yoast-schema-graph\">{\"@context\":\"https:\/\/schema.org\",\"@graph\":[{\"@type\":\"WebPage\",\"@id\":\"https:\/\/planikafires.shop\/cs\/produkt\/basket-fire-logs\/\",\"url\":\"https:\/\/planikafires.shop\/cs\/produkt\/basket-fire-logs\/\",\"name\":\"BASKET FIRE LOGS | Planika\",\"isPartOf\":{\"@id\":\"https:\/\/planikafires.shop\/cs\/#website\"},\"primaryImageOfPage\":{\"@id\":\"https:\/\/planikafires.shop\/cs\/produkt\/basket-fire-logs\/#primaryimage\"},\"image\":{\"@id\":\"https:\/\/planikafires.shop\/cs\/produkt\/basket-fire-logs\/#primaryimage\"},\"thumbnailUrl\":\"https:\/\/planikafires.shop\/wp-content\/uploads\/2022\/07\/Basket_Fire_Logs_v.2_3600px.jpg\",\"datePublished\":\"2022-07-04T09:07:30+00:00\",\"dateModified\":\"2026-03-25T07:47:07+00:00\",\"breadcrumb\":{\"@id\":\"https:\/\/planikafires.shop\/cs\/produkt\/basket-fire-logs\/#breadcrumb\"},\"inLanguage\":\"cs\",\"potentialAction\":[{\"@type\":\"ReadAction\",\"target\":[\"https:\/\/planikafires.shop\/cs\/produkt\/basket-fire-logs\/\"]}]},{\"@type\":\"ImageObject\",\"inLanguage\":\"cs\",\"@id\":\"https:\/\/planikafires.shop\/cs\/produkt\/basket-fire-logs\/#primaryimage\",\"url\":\"https:\/\/planikafires.shop\/wp-content\/uploads\/2022\/07\/Basket_Fire_Logs_v.2_3600px.jpg\",\"contentUrl\":\"https:\/\/planikafires.shop\/wp-content\/uploads\/2022\/07\/Basket_Fire_Logs_v.2_3600px.jpg\",\"width\":1920,\"height\":1297},{\"@type\":\"BreadcrumbList\",\"@id\":\"https:\/\/planikafires.shop\/cs\/produkt\/basket-fire-logs\/#breadcrumb\",\"itemListElement\":[{\"@type\":\"ListItem\",\"position\":1,\"name\":\"Domovsk\u00e1 str\u00e1nka\",\"item\":\"https:\/\/planikafires.shop\/cs\/\"},{\"@type\":\"ListItem\",\"position\":2,\"name\":\"Obchod\",\"item\":\"https:\/\/planikafires.shop\/cs\/shop\/\"},{\"@type\":\"ListItem\",\"position\":3,\"name\":\"BASKET FIRE LOGS\"}]},{\"@type\":\"WebSite\",\"@id\":\"https:\/\/planikafires.shop\/cs\/#website\",\"url\":\"https:\/\/planikafires.shop\/cs\/\",\"name\":\"Planika\",\"description\":\"Modern\u00e9 rie\u0161enie krbov\",\"publisher\":{\"@id\":\"https:\/\/planikafires.shop\/cs\/#organization\"},\"potentialAction\":[{\"@type\":\"SearchAction\",\"target\":{\"@type\":\"EntryPoint\",\"urlTemplate\":\"https:\/\/planikafires.shop\/cs\/?s={search_term_string}\"},\"query-input\":{\"@type\":\"PropertyValueSpecification\",\"valueRequired\":true,\"valueName\":\"search_term_string\"}}],\"inLanguage\":\"cs\"},{\"@type\":\"Organization\",\"@id\":\"https:\/\/planikafires.shop\/cs\/#organization\",\"name\":\"Planika\",\"url\":\"https:\/\/planikafires.shop\/cs\/\",\"logo\":{\"@type\":\"ImageObject\",\"inLanguage\":\"cs\",\"@id\":\"https:\/\/planikafires.shop\/cs\/#\/schema\/logo\/image\/\",\"url\":\"https:\/\/planikafires.shop\/wp-content\/uploads\/2022\/06\/logo.png\",\"contentUrl\":\"https:\/\/planikafires.shop\/wp-content\/uploads\/2022\/06\/logo.png\",\"width\":191,\"height\":78,\"caption\":\"Planika\"},\"image\":{\"@id\":\"https:\/\/planikafires.shop\/cs\/#\/schema\/logo\/image\/\"}}]}<\/script>\n<!-- \/ Yoast SEO plugin. -->","yoast_head_json":{"title":"BASKET FIRE LOGS | Planika","robots":{"index":"index","follow":"follow","max-snippet":"max-snippet:-1","max-image-preview":"max-image-preview:large","max-video-preview":"max-video-preview:-1"},"canonical":"https:\/\/planikafires.shop\/cs\/produkt\/basket-fire-logs\/","og_locale":"cs_CZ","og_type":"article","og_title":"BASKET FIRE LOGS | Planika","og_description":"Bez kou\u0159e Bez popela Bez kom\u00edna Bez z\u00e1palek Technologie BEV (Technologie ho\u0159\u00edc\u00edch v\u00fdpar\u016f etanolu) Eco &#8211; palivo Automatick\u00fd start\/stop Regulace velikosti plamene &#8211; 2 stupn\u011b Pou\u017eit\u00ed v interi\u00e9ru Voln\u011b stoj\u00edci Bezpe\u010dnostn\u00ed senzory Certifikov\u00e1no Detsk\u00e1 pojistka Povrchov\u00e1 \u00faprava horn\u00ed desky &#8211; pr\u00e1\u0161kovan\u00e1 \u010dern\u00e1 Potrebn\u00fd p\u0159\u00edvod el. energie Keramick\u00e1 polena v cen\u011b Ozdobn\u00e1 m\u0159\u00ed\u017eka p\u0159ed biokrb &#8211; [&hellip;]","og_url":"https:\/\/planikafires.shop\/cs\/produkt\/basket-fire-logs\/","og_site_name":"Planika","article_modified_time":"2026-03-25T07:47:07+00:00","og_image":[{"width":1920,"height":1297,"url":"https:\/\/planikafires.shop\/wp-content\/uploads\/2022\/07\/Basket_Fire_Logs_v.2_3600px.jpg","type":"image\/jpeg"}],"twitter_card":"summary_large_image","twitter_misc":{"Odhadovan\u00e1 doba \u010dten\u00ed":"1 minuta"},"schema":{"@context":"https:\/\/schema.org","@graph":[{"@type":"WebPage","@id":"https:\/\/planikafires.shop\/cs\/produkt\/basket-fire-logs\/","url":"https:\/\/planikafires.shop\/cs\/produkt\/basket-fire-logs\/","name":"BASKET FIRE LOGS | Planika","isPartOf":{"@id":"https:\/\/planikafires.shop\/cs\/#website"},"primaryImageOfPage":{"@id":"https:\/\/planikafires.shop\/cs\/produkt\/basket-fire-logs\/#primaryimage"},"image":{"@id":"https:\/\/planikafires.shop\/cs\/produkt\/basket-fire-logs\/#primaryimage"},"thumbnailUrl":"https:\/\/planikafires.shop\/wp-content\/uploads\/2022\/07\/Basket_Fire_Logs_v.2_3600px.jpg","datePublished":"2022-07-04T09:07:30+00:00","dateModified":"2026-03-25T07:47:07+00:00","breadcrumb":{"@id":"https:\/\/planikafires.shop\/cs\/produkt\/basket-fire-logs\/#breadcrumb"},"inLanguage":"cs","potentialAction":[{"@type":"ReadAction","target":["https:\/\/planikafires.shop\/cs\/produkt\/basket-fire-logs\/"]}]},{"@type":"ImageObject","inLanguage":"cs","@id":"https:\/\/planikafires.shop\/cs\/produkt\/basket-fire-logs\/#primaryimage","url":"https:\/\/planikafires.shop\/wp-content\/uploads\/2022\/07\/Basket_Fire_Logs_v.2_3600px.jpg","contentUrl":"https:\/\/planikafires.shop\/wp-content\/uploads\/2022\/07\/Basket_Fire_Logs_v.2_3600px.jpg","width":1920,"height":1297},{"@type":"BreadcrumbList","@id":"https:\/\/planikafires.shop\/cs\/produkt\/basket-fire-logs\/#breadcrumb","itemListElement":[{"@type":"ListItem","position":1,"name":"Domovsk\u00e1 str\u00e1nka","item":"https:\/\/planikafires.shop\/cs\/"},{"@type":"ListItem","position":2,"name":"Obchod","item":"https:\/\/planikafires.shop\/cs\/shop\/"},{"@type":"ListItem","position":3,"name":"BASKET FIRE LOGS"}]},{"@type":"WebSite","@id":"https:\/\/planikafires.shop\/cs\/#website","url":"https:\/\/planikafires.shop\/cs\/","name":"Planika","description":"Modern\u00e9 rie\u0161enie krbov","publisher":{"@id":"https:\/\/planikafires.shop\/cs\/#organization"},"potentialAction":[{"@type":"SearchAction","target":{"@type":"EntryPoint","urlTemplate":"https:\/\/planikafires.shop\/cs\/?s={search_term_string}"},"query-input":{"@type":"PropertyValueSpecification","valueRequired":true,"valueName":"search_term_string"}}],"inLanguage":"cs"},{"@type":"Organization","@id":"https:\/\/planikafires.shop\/cs\/#organization","name":"Planika","url":"https:\/\/planikafires.shop\/cs\/","logo":{"@type":"ImageObject","inLanguage":"cs","@id":"https:\/\/planikafires.shop\/cs\/#\/schema\/logo\/image\/","url":"https:\/\/planikafires.shop\/wp-content\/uploads\/2022\/06\/logo.png","contentUrl":"https:\/\/planikafires.shop\/wp-content\/uploads\/2022\/06\/logo.png","width":191,"height":78,"caption":"Planika"},"image":{"@id":"https:\/\/planikafires.shop\/cs\/#\/schema\/logo\/image\/"}}]}},"_links":{"self":[{"href":"https:\/\/planikafires.shop\/cs\/wp-json\/wp\/v2\/product\/10207","targetHints":{"allow":["GET"]}}],"collection":[{"href":"https:\/\/planikafires.shop\/cs\/wp-json\/wp\/v2\/product"}],"about":[{"href":"https:\/\/planikafires.shop\/cs\/wp-json\/wp\/v2\/types\/product"}],"version-history":[{"count":2,"href":"https:\/\/planikafires.shop\/cs\/wp-json\/wp\/v2\/product\/10207\/revisions"}],"predecessor-version":[{"id":13537,"href":"https:\/\/planikafires.shop\/cs\/wp-json\/wp\/v2\/product\/10207\/revisions\/13537"}],"wp:featuredmedia":[{"embeddable":true,"href":"https:\/\/planikafires.shop\/cs\/wp-json\/wp\/v2\/media\/13527"}],"wp:attachment":[{"href":"https:\/\/planikafires.shop\/cs\/wp-json\/wp\/v2\/media?parent=10207"}],"wp:term":[{"taxonomy":"product_brand","embeddable":true,"href":"https:\/\/planikafires.shop\/cs\/wp-json\/wp\/v2\/product_brand?post=10207"},{"taxonomy":"product_cat","embeddable":true,"href":"https:\/\/planikafires.shop\/cs\/wp-json\/wp\/v2\/product_cat?post=10207"},{"taxonomy":"product_tag","embeddable":true,"href":"https:\/\/planikafires.shop\/cs\/wp-json\/wp\/v2\/product_tag?post=10207"}],"curies":[{"name":"wp","href":"https:\/\/api.w.org\/{rel}","templated":true}]}}