{"id":10313,"date":"2022-07-04T11:24:35","date_gmt":"2022-07-04T09:24:35","guid":{"rendered":"https:\/\/planikafires.shop\/produkt\/panorama\/"},"modified":"2023-01-17T14:55:43","modified_gmt":"2023-01-17T13:55:43","slug":"panorama","status":"publish","type":"product","link":"https:\/\/planikafires.shop\/cs\/produkt\/panorama\/","title":{"rendered":"PANORAMA"},"content":{"rendered":"<ul>\n<li><strong>Bez kou\u0159e<\/strong><\/li>\n<li><strong>Bez popela<\/strong><\/li>\n<li><strong>Bez kom\u00edna<\/strong><\/li>\n<li>Technologie BEV (Technologie ho\u0159\u00edc\u00edch v\u00fdpar\u016f etanolu)<\/li>\n<li>Eco &#8211; palivo<\/li>\n<li><strong>NET ZERO ohni\u0161t\u011b<\/strong> uzav\u0159eno tvrzen\u00fdm sklem s instala\u010dn\u00edm boxem<\/li>\n<li>Distribuce tepl\u00e9ho vzduchu (nad a pod ohni\u0161t\u011bm)<\/li>\n<li>Regulace velikosti plamene &#8211; 6 stup\u0148\u016f<\/li>\n<li>Pou\u017eit\u00ed v interi\u00e9ru<\/li>\n<li>Bezpe\u010dnostn\u00ed senzory<\/li>\n<li>D\u00e1lkov\u00e9 ovl\u00e1d\u00e1n\u00ed v cen\u011b<\/li>\n<li>WI-FI v cen\u011b<\/li>\n<li>Kompatibiln\u00ed se Smart Home System<\/li>\n<li>Aplikace<strong>NET ZERO-APP <\/strong>&#8211; ovl\u00e1d\u00e1n\u00ed biokrbu pomoc\u00ed aplikace<\/li>\n<li>Certifikov\u00e1no<\/li>\n<li>Detsk\u00e1 pojistka<\/li>\n<li>Pouzdro \u2013 galvanizovan\u00e1 ocel<\/li>\n<li>Tepeln\u00fd \u0161t\u00edt &#8211; tvrzen\u00e9 sklo<\/li>\n<li>Potrebn\u00fd p\u0159\u00edvod el. energie<\/li>\n<li>Diagnostika a nastaven\u00ed za\u0159\u00edzen\u00ed p\u0159\u00edmo z centr\u00e1ly prost\u0159ednictv\u00edm propojen\u00ed topeni\u0161t\u011b s internetem<\/li>\n<\/ul>\n<p><strong>\u010cEKAC\u00cd DOBA: 20 pracovn\u00edch dn\u016f!<\/strong><\/p>\n<p><strong>ORIENTACE instala\u010dn\u00edho boxu &#8211; p\u0159edn\u00ed, prav\u00fd, lev\u00fd roh, t\u0159\u00edstrann\u00fd, tunel, m\u00edstnost d\u011bl\u00edc\u00ed<\/strong><\/p>\n<ul>\n<li>Z\u00e1sobn\u00edk: 5,5 L<\/li>\n<li>\u010cas ho\u0159en\u00ed: max 10 h<\/li>\n<li>V\u00fdkon: max 7 kW<\/li>\n<li>Hmotnost netto: 86,6 &#8211; 93,8 kg<\/li>\n<li>Interval v\u011btr\u00e1n\u00ed: min. 1\/h<\/li>\n<li>Minim\u00e1ln\u00ed velikost m\u00edstnosti: 70 m<sup>3<\/sup> (27 m<sup>2<\/sup> p\u0159i v\u00fd\u0161ce 2.6 m)<\/li>\n<li>Nap\u00e1jen\u00ed: 230 V \/ 115 V<\/li>\n<li>Rozm\u011bry biokrbu: \u0160 x V x H &#8211; 1 219 x 508 x 406 mm<\/li>\n<\/ul>\n","protected":false},"excerpt":{"rendered":"<p>Biokrb s automatick\u00fdm etanolov\u00fdm ho\u0159\u00e1kem uzav\u0159en\u00fd tvrzen\u00fdm sklem.<\/p>\n","protected":false},"featured_media":9822,"template":"","meta":{"_acf_changed":false},"product_brand":[],"product_cat":[150],"product_tag":[],"class_list":{"0":"post-10313","1":"product","2":"type-product","3":"status-publish","4":"has-post-thumbnail","6":"product_cat-etanolove-krby-cs","8":"first","9":"outofstock","10":"taxable","11":"shipping-taxable","12":"purchasable","13":"product-type-variable","14":"has-default-attributes"},"acf":[],"yoast_head":"<!-- This site is optimized with the Yoast SEO plugin v24.2 - https:\/\/yoast.com\/wordpress\/plugins\/seo\/ -->\n<title>PANORAMA | Planika<\/title>\n<meta name=\"robots\" content=\"index, follow, max-snippet:-1, max-image-preview:large, max-video-preview:-1\" \/>\n<link rel=\"canonical\" href=\"https:\/\/planikafires.shop\/produkt\/panorama\/\" \/>\n<meta property=\"og:locale\" content=\"cs_CZ\" \/>\n<meta property=\"og:type\" content=\"article\" \/>\n<meta property=\"og:title\" content=\"PANORAMA | Planika\" \/>\n<meta property=\"og:description\" content=\"Biokrb s automatick\u00fdm etanolov\u00fdm ho\u0159\u00e1kem uzav\u0159en\u00fd tvrzen\u00fdm sklem.\" \/>\n<meta property=\"og:url\" content=\"https:\/\/planikafires.shop\/produkt\/panorama\/\" \/>\n<meta property=\"og:site_name\" content=\"Planika\" \/>\n<meta property=\"article:modified_time\" content=\"2023-01-17T13:55:43+00:00\" \/>\n<meta property=\"og:image\" content=\"https:\/\/planikafires.shop\/wp-content\/uploads\/2022\/07\/panorama-category-800x0-c-default.jpg\" \/>\n\t<meta property=\"og:image:width\" content=\"800\" \/>\n\t<meta property=\"og:image:height\" content=\"811\" \/>\n\t<meta property=\"og:image:type\" content=\"image\/jpeg\" \/>\n<meta name=\"twitter:card\" content=\"summary_large_image\" \/>\n<meta name=\"twitter:label1\" content=\"Odhadovan\u00e1 doba \u010dten\u00ed\" \/>\n\t<meta name=\"twitter:data1\" content=\"1 minuta\" \/>\n<script type=\"application\/ld+json\" class=\"yoast-schema-graph\">{\"@context\":\"https:\/\/schema.org\",\"@graph\":[{\"@type\":\"WebPage\",\"@id\":\"https:\/\/planikafires.shop\/produkt\/panorama\/\",\"url\":\"https:\/\/planikafires.shop\/produkt\/panorama\/\",\"name\":\"PANORAMA | Planika\",\"isPartOf\":{\"@id\":\"https:\/\/planikafires.shop\/cs\/#website\"},\"primaryImageOfPage\":{\"@id\":\"https:\/\/planikafires.shop\/produkt\/panorama\/#primaryimage\"},\"image\":{\"@id\":\"https:\/\/planikafires.shop\/produkt\/panorama\/#primaryimage\"},\"thumbnailUrl\":\"https:\/\/planikafires.shop\/wp-content\/uploads\/2022\/07\/panorama-category-800x0-c-default.jpg\",\"datePublished\":\"2022-07-04T09:24:35+00:00\",\"dateModified\":\"2023-01-17T13:55:43+00:00\",\"breadcrumb\":{\"@id\":\"https:\/\/planikafires.shop\/produkt\/panorama\/#breadcrumb\"},\"inLanguage\":\"cs\",\"potentialAction\":[{\"@type\":\"ReadAction\",\"target\":[\"https:\/\/planikafires.shop\/produkt\/panorama\/\"]}]},{\"@type\":\"ImageObject\",\"inLanguage\":\"cs\",\"@id\":\"https:\/\/planikafires.shop\/produkt\/panorama\/#primaryimage\",\"url\":\"https:\/\/planikafires.shop\/wp-content\/uploads\/2022\/07\/panorama-category-800x0-c-default.jpg\",\"contentUrl\":\"https:\/\/planikafires.shop\/wp-content\/uploads\/2022\/07\/panorama-category-800x0-c-default.jpg\",\"width\":800,\"height\":811},{\"@type\":\"BreadcrumbList\",\"@id\":\"https:\/\/planikafires.shop\/produkt\/panorama\/#breadcrumb\",\"itemListElement\":[{\"@type\":\"ListItem\",\"position\":1,\"name\":\"Domovsk\u00e1 str\u00e1nka\",\"item\":\"https:\/\/planikafires.shop\/cs\/\"},{\"@type\":\"ListItem\",\"position\":2,\"name\":\"Obchod\",\"item\":\"https:\/\/planikafires.shop\/cs\/shop\/\"},{\"@type\":\"ListItem\",\"position\":3,\"name\":\"PANORAMA\"}]},{\"@type\":\"WebSite\",\"@id\":\"https:\/\/planikafires.shop\/cs\/#website\",\"url\":\"https:\/\/planikafires.shop\/cs\/\",\"name\":\"Planika\",\"description\":\"Modern\u00e9 rie\u0161enie krbov\",\"publisher\":{\"@id\":\"https:\/\/planikafires.shop\/cs\/#organization\"},\"potentialAction\":[{\"@type\":\"SearchAction\",\"target\":{\"@type\":\"EntryPoint\",\"urlTemplate\":\"https:\/\/planikafires.shop\/cs\/?s={search_term_string}\"},\"query-input\":{\"@type\":\"PropertyValueSpecification\",\"valueRequired\":true,\"valueName\":\"search_term_string\"}}],\"inLanguage\":\"cs\"},{\"@type\":\"Organization\",\"@id\":\"https:\/\/planikafires.shop\/cs\/#organization\",\"name\":\"Planika\",\"url\":\"https:\/\/planikafires.shop\/cs\/\",\"logo\":{\"@type\":\"ImageObject\",\"inLanguage\":\"cs\",\"@id\":\"https:\/\/planikafires.shop\/cs\/#\/schema\/logo\/image\/\",\"url\":\"https:\/\/planikafires.shop\/wp-content\/uploads\/2022\/06\/logo.png\",\"contentUrl\":\"https:\/\/planikafires.shop\/wp-content\/uploads\/2022\/06\/logo.png\",\"width\":191,\"height\":78,\"caption\":\"Planika\"},\"image\":{\"@id\":\"https:\/\/planikafires.shop\/cs\/#\/schema\/logo\/image\/\"}}]}<\/script>\n<!-- \/ Yoast SEO plugin. -->","yoast_head_json":{"title":"PANORAMA | Planika","robots":{"index":"index","follow":"follow","max-snippet":"max-snippet:-1","max-image-preview":"max-image-preview:large","max-video-preview":"max-video-preview:-1"},"canonical":"https:\/\/planikafires.shop\/produkt\/panorama\/","og_locale":"cs_CZ","og_type":"article","og_title":"PANORAMA | Planika","og_description":"Biokrb s automatick\u00fdm etanolov\u00fdm ho\u0159\u00e1kem uzav\u0159en\u00fd tvrzen\u00fdm sklem.","og_url":"https:\/\/planikafires.shop\/produkt\/panorama\/","og_site_name":"Planika","article_modified_time":"2023-01-17T13:55:43+00:00","og_image":[{"width":800,"height":811,"url":"https:\/\/planikafires.shop\/wp-content\/uploads\/2022\/07\/panorama-category-800x0-c-default.jpg","type":"image\/jpeg"}],"twitter_card":"summary_large_image","twitter_misc":{"Odhadovan\u00e1 doba \u010dten\u00ed":"1 minuta"},"schema":{"@context":"https:\/\/schema.org","@graph":[{"@type":"WebPage","@id":"https:\/\/planikafires.shop\/produkt\/panorama\/","url":"https:\/\/planikafires.shop\/produkt\/panorama\/","name":"PANORAMA | Planika","isPartOf":{"@id":"https:\/\/planikafires.shop\/cs\/#website"},"primaryImageOfPage":{"@id":"https:\/\/planikafires.shop\/produkt\/panorama\/#primaryimage"},"image":{"@id":"https:\/\/planikafires.shop\/produkt\/panorama\/#primaryimage"},"thumbnailUrl":"https:\/\/planikafires.shop\/wp-content\/uploads\/2022\/07\/panorama-category-800x0-c-default.jpg","datePublished":"2022-07-04T09:24:35+00:00","dateModified":"2023-01-17T13:55:43+00:00","breadcrumb":{"@id":"https:\/\/planikafires.shop\/produkt\/panorama\/#breadcrumb"},"inLanguage":"cs","potentialAction":[{"@type":"ReadAction","target":["https:\/\/planikafires.shop\/produkt\/panorama\/"]}]},{"@type":"ImageObject","inLanguage":"cs","@id":"https:\/\/planikafires.shop\/produkt\/panorama\/#primaryimage","url":"https:\/\/planikafires.shop\/wp-content\/uploads\/2022\/07\/panorama-category-800x0-c-default.jpg","contentUrl":"https:\/\/planikafires.shop\/wp-content\/uploads\/2022\/07\/panorama-category-800x0-c-default.jpg","width":800,"height":811},{"@type":"BreadcrumbList","@id":"https:\/\/planikafires.shop\/produkt\/panorama\/#breadcrumb","itemListElement":[{"@type":"ListItem","position":1,"name":"Domovsk\u00e1 str\u00e1nka","item":"https:\/\/planikafires.shop\/cs\/"},{"@type":"ListItem","position":2,"name":"Obchod","item":"https:\/\/planikafires.shop\/cs\/shop\/"},{"@type":"ListItem","position":3,"name":"PANORAMA"}]},{"@type":"WebSite","@id":"https:\/\/planikafires.shop\/cs\/#website","url":"https:\/\/planikafires.shop\/cs\/","name":"Planika","description":"Modern\u00e9 rie\u0161enie krbov","publisher":{"@id":"https:\/\/planikafires.shop\/cs\/#organization"},"potentialAction":[{"@type":"SearchAction","target":{"@type":"EntryPoint","urlTemplate":"https:\/\/planikafires.shop\/cs\/?s={search_term_string}"},"query-input":{"@type":"PropertyValueSpecification","valueRequired":true,"valueName":"search_term_string"}}],"inLanguage":"cs"},{"@type":"Organization","@id":"https:\/\/planikafires.shop\/cs\/#organization","name":"Planika","url":"https:\/\/planikafires.shop\/cs\/","logo":{"@type":"ImageObject","inLanguage":"cs","@id":"https:\/\/planikafires.shop\/cs\/#\/schema\/logo\/image\/","url":"https:\/\/planikafires.shop\/wp-content\/uploads\/2022\/06\/logo.png","contentUrl":"https:\/\/planikafires.shop\/wp-content\/uploads\/2022\/06\/logo.png","width":191,"height":78,"caption":"Planika"},"image":{"@id":"https:\/\/planikafires.shop\/cs\/#\/schema\/logo\/image\/"}}]}},"_links":{"self":[{"href":"https:\/\/planikafires.shop\/cs\/wp-json\/wp\/v2\/product\/10313","targetHints":{"allow":["GET"]}}],"collection":[{"href":"https:\/\/planikafires.shop\/cs\/wp-json\/wp\/v2\/product"}],"about":[{"href":"https:\/\/planikafires.shop\/cs\/wp-json\/wp\/v2\/types\/product"}],"version-history":[{"count":1,"href":"https:\/\/planikafires.shop\/cs\/wp-json\/wp\/v2\/product\/10313\/revisions"}],"predecessor-version":[{"id":11184,"href":"https:\/\/planikafires.shop\/cs\/wp-json\/wp\/v2\/product\/10313\/revisions\/11184"}],"wp:featuredmedia":[{"embeddable":true,"href":"https:\/\/planikafires.shop\/cs\/wp-json\/wp\/v2\/media\/9822"}],"wp:attachment":[{"href":"https:\/\/planikafires.shop\/cs\/wp-json\/wp\/v2\/media?parent=10313"}],"wp:term":[{"taxonomy":"product_brand","embeddable":true,"href":"https:\/\/planikafires.shop\/cs\/wp-json\/wp\/v2\/product_brand?post=10313"},{"taxonomy":"product_cat","embeddable":true,"href":"https:\/\/planikafires.shop\/cs\/wp-json\/wp\/v2\/product_cat?post=10313"},{"taxonomy":"product_tag","embeddable":true,"href":"https:\/\/planikafires.shop\/cs\/wp-json\/wp\/v2\/product_tag?post=10313"}],"curies":[{"name":"wp","href":"https:\/\/api.w.org\/{rel}","templated":true}]}}