{"id":10482,"date":"2022-09-02T12:54:17","date_gmt":"2022-09-02T10:54:17","guid":{"rendered":"https:\/\/planikafires.shop\/produkt\/rost-s-poleny-pro-neo\/"},"modified":"2024-09-11T12:51:19","modified_gmt":"2024-09-11T10:51:19","slug":"rost-s-poleny-pro-neo","status":"publish","type":"product","link":"https:\/\/planikafires.shop\/cs\/produkt\/rost-s-poleny-pro-neo\/","title":{"rendered":"Ro\u0161t s poleny pro NEO"},"content":{"rendered":"<ul>\n<li>dekora\u010dn\u00ed ro\u0161t s keramick\u00fdmi poleny pro biokrb NEO<\/li>\n<\/ul>\n","protected":false},"excerpt":{"rendered":"<p>dekora\u010dn\u00ed ro\u0161t s keramick\u00fdmi poleny pro biokrb NEO<\/p>\n","protected":false},"featured_media":12896,"template":"","meta":{"_acf_changed":false},"product_brand":[],"product_cat":[147],"product_tag":[],"class_list":{"0":"post-10482","1":"product","2":"type-product","3":"status-publish","4":"has-post-thumbnail","6":"product_cat-dekorativni-doplnky-pro-etanolove-krby","8":"first","9":"onbackorder","10":"taxable","11":"shipping-taxable","12":"purchasable","13":"product-type-variable","14":"has-default-attributes"},"acf":[],"yoast_head":"<!-- This site is optimized with the Yoast SEO plugin v24.2 - https:\/\/yoast.com\/wordpress\/plugins\/seo\/ -->\n<title>Ro\u0161t s poleny pro NEO | Planika<\/title>\n<meta name=\"robots\" content=\"index, follow, max-snippet:-1, max-image-preview:large, max-video-preview:-1\" \/>\n<link rel=\"canonical\" href=\"https:\/\/planikafires.shop\/cs\/produkt\/rost-s-polenami-pre-neo-2\/\" \/>\n<meta property=\"og:locale\" content=\"cs_CZ\" \/>\n<meta property=\"og:type\" content=\"article\" \/>\n<meta property=\"og:title\" content=\"Ro\u0161t s poleny pro NEO | Planika\" \/>\n<meta property=\"og:description\" content=\"dekora\u010dn\u00ed ro\u0161t s keramick\u00fdmi poleny pro biokrb NEO\" \/>\n<meta property=\"og:url\" content=\"https:\/\/planikafires.shop\/cs\/produkt\/rost-s-polenami-pre-neo-2\/\" \/>\n<meta property=\"og:site_name\" content=\"Planika\" \/>\n<meta property=\"article:modified_time\" content=\"2024-09-11T10:51:19+00:00\" \/>\n<meta property=\"og:image\" content=\"https:\/\/planikafires.shop\/wp-content\/uploads\/2022\/09\/Neo_500_Tray_with_Logs.jpg\" \/>\n\t<meta property=\"og:image:width\" content=\"1920\" \/>\n\t<meta property=\"og:image:height\" content=\"1277\" \/>\n\t<meta property=\"og:image:type\" content=\"image\/jpeg\" \/>\n<meta name=\"twitter:card\" content=\"summary_large_image\" \/>\n<script type=\"application\/ld+json\" class=\"yoast-schema-graph\">{\"@context\":\"https:\/\/schema.org\",\"@graph\":[{\"@type\":\"WebPage\",\"@id\":\"https:\/\/planikafires.shop\/cs\/produkt\/rost-s-polenami-pre-neo-2\/\",\"url\":\"https:\/\/planikafires.shop\/cs\/produkt\/rost-s-polenami-pre-neo-2\/\",\"name\":\"Ro\u0161t s poleny pro NEO | Planika\",\"isPartOf\":{\"@id\":\"https:\/\/planikafires.shop\/cs\/#website\"},\"primaryImageOfPage\":{\"@id\":\"https:\/\/planikafires.shop\/cs\/produkt\/rost-s-polenami-pre-neo-2\/#primaryimage\"},\"image\":{\"@id\":\"https:\/\/planikafires.shop\/cs\/produkt\/rost-s-polenami-pre-neo-2\/#primaryimage\"},\"thumbnailUrl\":\"https:\/\/planikafires.shop\/wp-content\/uploads\/2022\/09\/Neo_500_Tray_with_Logs.jpg\",\"datePublished\":\"2022-09-02T10:54:17+00:00\",\"dateModified\":\"2024-09-11T10:51:19+00:00\",\"breadcrumb\":{\"@id\":\"https:\/\/planikafires.shop\/cs\/produkt\/rost-s-polenami-pre-neo-2\/#breadcrumb\"},\"inLanguage\":\"cs\",\"potentialAction\":[{\"@type\":\"ReadAction\",\"target\":[\"https:\/\/planikafires.shop\/cs\/produkt\/rost-s-polenami-pre-neo-2\/\"]}]},{\"@type\":\"ImageObject\",\"inLanguage\":\"cs\",\"@id\":\"https:\/\/planikafires.shop\/cs\/produkt\/rost-s-polenami-pre-neo-2\/#primaryimage\",\"url\":\"https:\/\/planikafires.shop\/wp-content\/uploads\/2022\/09\/Neo_500_Tray_with_Logs.jpg\",\"contentUrl\":\"https:\/\/planikafires.shop\/wp-content\/uploads\/2022\/09\/Neo_500_Tray_with_Logs.jpg\",\"width\":1920,\"height\":1277},{\"@type\":\"BreadcrumbList\",\"@id\":\"https:\/\/planikafires.shop\/cs\/produkt\/rost-s-polenami-pre-neo-2\/#breadcrumb\",\"itemListElement\":[{\"@type\":\"ListItem\",\"position\":1,\"name\":\"Domovsk\u00e1 str\u00e1nka\",\"item\":\"https:\/\/planikafires.shop\/cs\/\"},{\"@type\":\"ListItem\",\"position\":2,\"name\":\"Obchod\",\"item\":\"https:\/\/planikafires.shop\/cs\/shop\/\"},{\"@type\":\"ListItem\",\"position\":3,\"name\":\"Ro\u0161t s poleny pro NEO\"}]},{\"@type\":\"WebSite\",\"@id\":\"https:\/\/planikafires.shop\/cs\/#website\",\"url\":\"https:\/\/planikafires.shop\/cs\/\",\"name\":\"Planika\",\"description\":\"Modern\u00e9 rie\u0161enie krbov\",\"publisher\":{\"@id\":\"https:\/\/planikafires.shop\/cs\/#organization\"},\"potentialAction\":[{\"@type\":\"SearchAction\",\"target\":{\"@type\":\"EntryPoint\",\"urlTemplate\":\"https:\/\/planikafires.shop\/cs\/?s={search_term_string}\"},\"query-input\":{\"@type\":\"PropertyValueSpecification\",\"valueRequired\":true,\"valueName\":\"search_term_string\"}}],\"inLanguage\":\"cs\"},{\"@type\":\"Organization\",\"@id\":\"https:\/\/planikafires.shop\/cs\/#organization\",\"name\":\"Planika\",\"url\":\"https:\/\/planikafires.shop\/cs\/\",\"logo\":{\"@type\":\"ImageObject\",\"inLanguage\":\"cs\",\"@id\":\"https:\/\/planikafires.shop\/cs\/#\/schema\/logo\/image\/\",\"url\":\"https:\/\/planikafires.shop\/wp-content\/uploads\/2022\/06\/logo.png\",\"contentUrl\":\"https:\/\/planikafires.shop\/wp-content\/uploads\/2022\/06\/logo.png\",\"width\":191,\"height\":78,\"caption\":\"Planika\"},\"image\":{\"@id\":\"https:\/\/planikafires.shop\/cs\/#\/schema\/logo\/image\/\"}}]}<\/script>\n<!-- \/ Yoast SEO plugin. -->","yoast_head_json":{"title":"Ro\u0161t s poleny pro NEO | Planika","robots":{"index":"index","follow":"follow","max-snippet":"max-snippet:-1","max-image-preview":"max-image-preview:large","max-video-preview":"max-video-preview:-1"},"canonical":"https:\/\/planikafires.shop\/cs\/produkt\/rost-s-polenami-pre-neo-2\/","og_locale":"cs_CZ","og_type":"article","og_title":"Ro\u0161t s poleny pro NEO | Planika","og_description":"dekora\u010dn\u00ed ro\u0161t s keramick\u00fdmi poleny pro biokrb NEO","og_url":"https:\/\/planikafires.shop\/cs\/produkt\/rost-s-polenami-pre-neo-2\/","og_site_name":"Planika","article_modified_time":"2024-09-11T10:51:19+00:00","og_image":[{"width":1920,"height":1277,"url":"https:\/\/planikafires.shop\/wp-content\/uploads\/2022\/09\/Neo_500_Tray_with_Logs.jpg","type":"image\/jpeg"}],"twitter_card":"summary_large_image","schema":{"@context":"https:\/\/schema.org","@graph":[{"@type":"WebPage","@id":"https:\/\/planikafires.shop\/cs\/produkt\/rost-s-polenami-pre-neo-2\/","url":"https:\/\/planikafires.shop\/cs\/produkt\/rost-s-polenami-pre-neo-2\/","name":"Ro\u0161t s poleny pro NEO | Planika","isPartOf":{"@id":"https:\/\/planikafires.shop\/cs\/#website"},"primaryImageOfPage":{"@id":"https:\/\/planikafires.shop\/cs\/produkt\/rost-s-polenami-pre-neo-2\/#primaryimage"},"image":{"@id":"https:\/\/planikafires.shop\/cs\/produkt\/rost-s-polenami-pre-neo-2\/#primaryimage"},"thumbnailUrl":"https:\/\/planikafires.shop\/wp-content\/uploads\/2022\/09\/Neo_500_Tray_with_Logs.jpg","datePublished":"2022-09-02T10:54:17+00:00","dateModified":"2024-09-11T10:51:19+00:00","breadcrumb":{"@id":"https:\/\/planikafires.shop\/cs\/produkt\/rost-s-polenami-pre-neo-2\/#breadcrumb"},"inLanguage":"cs","potentialAction":[{"@type":"ReadAction","target":["https:\/\/planikafires.shop\/cs\/produkt\/rost-s-polenami-pre-neo-2\/"]}]},{"@type":"ImageObject","inLanguage":"cs","@id":"https:\/\/planikafires.shop\/cs\/produkt\/rost-s-polenami-pre-neo-2\/#primaryimage","url":"https:\/\/planikafires.shop\/wp-content\/uploads\/2022\/09\/Neo_500_Tray_with_Logs.jpg","contentUrl":"https:\/\/planikafires.shop\/wp-content\/uploads\/2022\/09\/Neo_500_Tray_with_Logs.jpg","width":1920,"height":1277},{"@type":"BreadcrumbList","@id":"https:\/\/planikafires.shop\/cs\/produkt\/rost-s-polenami-pre-neo-2\/#breadcrumb","itemListElement":[{"@type":"ListItem","position":1,"name":"Domovsk\u00e1 str\u00e1nka","item":"https:\/\/planikafires.shop\/cs\/"},{"@type":"ListItem","position":2,"name":"Obchod","item":"https:\/\/planikafires.shop\/cs\/shop\/"},{"@type":"ListItem","position":3,"name":"Ro\u0161t s poleny pro NEO"}]},{"@type":"WebSite","@id":"https:\/\/planikafires.shop\/cs\/#website","url":"https:\/\/planikafires.shop\/cs\/","name":"Planika","description":"Modern\u00e9 rie\u0161enie krbov","publisher":{"@id":"https:\/\/planikafires.shop\/cs\/#organization"},"potentialAction":[{"@type":"SearchAction","target":{"@type":"EntryPoint","urlTemplate":"https:\/\/planikafires.shop\/cs\/?s={search_term_string}"},"query-input":{"@type":"PropertyValueSpecification","valueRequired":true,"valueName":"search_term_string"}}],"inLanguage":"cs"},{"@type":"Organization","@id":"https:\/\/planikafires.shop\/cs\/#organization","name":"Planika","url":"https:\/\/planikafires.shop\/cs\/","logo":{"@type":"ImageObject","inLanguage":"cs","@id":"https:\/\/planikafires.shop\/cs\/#\/schema\/logo\/image\/","url":"https:\/\/planikafires.shop\/wp-content\/uploads\/2022\/06\/logo.png","contentUrl":"https:\/\/planikafires.shop\/wp-content\/uploads\/2022\/06\/logo.png","width":191,"height":78,"caption":"Planika"},"image":{"@id":"https:\/\/planikafires.shop\/cs\/#\/schema\/logo\/image\/"}}]}},"_links":{"self":[{"href":"https:\/\/planikafires.shop\/cs\/wp-json\/wp\/v2\/product\/10482","targetHints":{"allow":["GET"]}}],"collection":[{"href":"https:\/\/planikafires.shop\/cs\/wp-json\/wp\/v2\/product"}],"about":[{"href":"https:\/\/planikafires.shop\/cs\/wp-json\/wp\/v2\/types\/product"}],"version-history":[{"count":1,"href":"https:\/\/planikafires.shop\/cs\/wp-json\/wp\/v2\/product\/10482\/revisions"}],"predecessor-version":[{"id":12901,"href":"https:\/\/planikafires.shop\/cs\/wp-json\/wp\/v2\/product\/10482\/revisions\/12901"}],"wp:featuredmedia":[{"embeddable":true,"href":"https:\/\/planikafires.shop\/cs\/wp-json\/wp\/v2\/media\/12896"}],"wp:attachment":[{"href":"https:\/\/planikafires.shop\/cs\/wp-json\/wp\/v2\/media?parent=10482"}],"wp:term":[{"taxonomy":"product_brand","embeddable":true,"href":"https:\/\/planikafires.shop\/cs\/wp-json\/wp\/v2\/product_brand?post=10482"},{"taxonomy":"product_cat","embeddable":true,"href":"https:\/\/planikafires.shop\/cs\/wp-json\/wp\/v2\/product_cat?post=10482"},{"taxonomy":"product_tag","embeddable":true,"href":"https:\/\/planikafires.shop\/cs\/wp-json\/wp\/v2\/product_tag?post=10482"}],"curies":[{"name":"wp","href":"https:\/\/api.w.org\/{rel}","templated":true}]}}