{"id":10607,"date":"2022-11-08T13:25:42","date_gmt":"2022-11-08T12:25:42","guid":{"rendered":"https:\/\/planikafires.shop\/produkt\/arcticon\/"},"modified":"2023-05-09T14:29:06","modified_gmt":"2023-05-09T12:29:06","slug":"arcticon","status":"publish","type":"product","link":"https:\/\/planikafires.shop\/cs\/produkt\/arcticon\/","title":{"rendered":"ARCTICON"},"content":{"rendered":"<ul>\n<li><strong>Bez kou\u0159e<\/strong><\/li>\n<li><strong>Bez popela<\/strong><\/li>\n<li><strong>Bez kom\u00edna<\/strong><\/li>\n<li><strong>Bez z\u00e1palek<\/strong><\/li>\n<li>Technologie BEV (Technologie ho\u0159\u00edc\u00edch v\u00fdpar\u016f etanolu)<\/li>\n<li>Voln\u011b stoj\u00edc\u00ed biokrb (plug and play)<\/li>\n<li>Eco &#8211; palivo<\/li>\n<li>Automatick\u00fd start\/stop<\/li>\n<li>T\u0159\u00edstrann\u00fd biokrb<\/li>\n<li>Panel z tvrzen\u00e9ho skla<\/li>\n<li>Integrovan\u00fd kontroln\u00ed panel<\/li>\n<li>Jednoduch\u00fd pln\u00edc\u00ed syst\u00e9m<\/li>\n<li>Regulace velikosti plamene &#8211; 2 \u00farovn\u011b v\u00fd\u0161ky plamene<\/li>\n<li>Pou\u017eit\u00ed v interi\u00e9ru<\/li>\n<li>Certifikov\u00e1no<\/li>\n<li>Potrebn\u00fd p\u0159\u00edvod el. energie<\/li>\n<li>D\u00e1lkov\u00e9 ovl\u00e1d\u00e1n\u00ed v cen\u011b<\/li>\n<\/ul>\n<p><strong>\u010cEKAC\u00cd DOBA: 20 pracovn\u00edch dn\u016f!<\/strong><\/p>\n<h3><strong>Technick\u00e9 parametry:<\/strong><\/h3>\n<ul>\n<li>Z\u00e1sobn\u00edk: 5 L<\/li>\n<li>\u010cas ho\u0159en\u00ed: 33 h<\/li>\n<li>V\u00fdkon: 3,5 kW<\/li>\n<li>Hmotnost netto: 38 kg<\/li>\n<li>Interval v\u011btr\u00e1n\u00ed: min. 1\/h<\/li>\n<li>Minim\u00e1lna velikost m\u00edstnosti: 41 m3 (15 m2 p\u0159i v\u00fd\u0161ce 2,6 m)<\/li>\n<li>Biokrb nap\u00e1jen\u00ed: 230 V \/ 115 V<\/li>\n<li>Rozm\u011bry vlo\u017eky \u0160xVxH &#8211; 400 x 1262 x 321 mm<\/li>\n<\/ul>\n","protected":false},"excerpt":{"rendered":"<p>Bez kou\u0159e Bez popela Bez kom\u00edna Bez z\u00e1palek Technologie BEV (Technologie ho\u0159\u00edc\u00edch v\u00fdpar\u016f etanolu) Voln\u011b stoj\u00edc\u00ed biokrb (plug and play) Eco &#8211; palivo Automatick\u00fd start\/stop T\u0159\u00edstrann\u00fd biokrb Panel z tvrzen\u00e9ho skla Integrovan\u00fd kontroln\u00ed panel Jednoduch\u00fd pln\u00edc\u00ed syst\u00e9m Regulace velikosti plamene &#8211; 2 \u00farovn\u011b v\u00fd\u0161ky plamene Pou\u017eit\u00ed v interi\u00e9ru Certifikov\u00e1no Potrebn\u00fd p\u0159\u00edvod el. energie D\u00e1lkov\u00e9 ovl\u00e1d\u00e1n\u00ed [&hellip;]<\/p>\n","protected":false},"featured_media":10588,"template":"","meta":{"_acf_changed":false},"product_brand":[],"product_cat":[146,156],"product_tag":[285],"class_list":{"0":"post-10607","1":"product","2":"type-product","3":"status-publish","4":"has-post-thumbnail","6":"product_cat-bevetanol-cs","7":"product_cat-volne-stojici-krby-na-etanol","8":"product_tag-basic-collection-cs","9":"product_shipping_class-1-2-paleta-cs","11":"first","12":"onbackorder","13":"taxable","14":"shipping-taxable","15":"purchasable","16":"product-type-simple"},"acf":[],"yoast_head":"<!-- This site is optimized with the Yoast SEO plugin v24.2 - https:\/\/yoast.com\/wordpress\/plugins\/seo\/ -->\n<title>ARCTICON | Planika<\/title>\n<meta name=\"robots\" content=\"index, follow, max-snippet:-1, max-image-preview:large, max-video-preview:-1\" \/>\n<link rel=\"canonical\" href=\"https:\/\/planikafires.shop\/produkt\/arcticon\/\" \/>\n<meta property=\"og:locale\" content=\"cs_CZ\" \/>\n<meta property=\"og:type\" content=\"article\" \/>\n<meta property=\"og:title\" content=\"ARCTICON | Planika\" \/>\n<meta property=\"og:description\" content=\"Bez kou\u0159e Bez popela Bez kom\u00edna Bez z\u00e1palek Technologie BEV (Technologie ho\u0159\u00edc\u00edch v\u00fdpar\u016f etanolu) Voln\u011b stoj\u00edc\u00ed biokrb (plug and play) Eco &#8211; palivo Automatick\u00fd start\/stop T\u0159\u00edstrann\u00fd biokrb Panel z tvrzen\u00e9ho skla Integrovan\u00fd kontroln\u00ed panel Jednoduch\u00fd pln\u00edc\u00ed syst\u00e9m Regulace velikosti plamene &#8211; 2 \u00farovn\u011b v\u00fd\u0161ky plamene Pou\u017eit\u00ed v interi\u00e9ru Certifikov\u00e1no Potrebn\u00fd p\u0159\u00edvod el. energie D\u00e1lkov\u00e9 ovl\u00e1d\u00e1n\u00ed [&hellip;]\" \/>\n<meta property=\"og:url\" content=\"https:\/\/planikafires.shop\/produkt\/arcticon\/\" \/>\n<meta property=\"og:site_name\" content=\"Planika\" \/>\n<meta property=\"article:modified_time\" content=\"2023-05-09T12:29:06+00:00\" \/>\n<meta property=\"og:image\" content=\"https:\/\/planikafires.shop\/wp-content\/uploads\/2022\/11\/Arcticon_Black_2500px_1.jpg\" \/>\n\t<meta property=\"og:image:width\" content=\"1668\" \/>\n\t<meta property=\"og:image:height\" content=\"2500\" \/>\n\t<meta property=\"og:image:type\" content=\"image\/jpeg\" \/>\n<meta name=\"twitter:card\" content=\"summary_large_image\" \/>\n<meta name=\"twitter:label1\" content=\"Odhadovan\u00e1 doba \u010dten\u00ed\" \/>\n\t<meta name=\"twitter:data1\" content=\"1 minuta\" \/>\n<script type=\"application\/ld+json\" class=\"yoast-schema-graph\">{\"@context\":\"https:\/\/schema.org\",\"@graph\":[{\"@type\":\"WebPage\",\"@id\":\"https:\/\/planikafires.shop\/produkt\/arcticon\/\",\"url\":\"https:\/\/planikafires.shop\/produkt\/arcticon\/\",\"name\":\"ARCTICON | Planika\",\"isPartOf\":{\"@id\":\"https:\/\/planikafires.shop\/cs\/#website\"},\"primaryImageOfPage\":{\"@id\":\"https:\/\/planikafires.shop\/produkt\/arcticon\/#primaryimage\"},\"image\":{\"@id\":\"https:\/\/planikafires.shop\/produkt\/arcticon\/#primaryimage\"},\"thumbnailUrl\":\"https:\/\/planikafires.shop\/wp-content\/uploads\/2022\/11\/Arcticon_Black_2500px_1.jpg\",\"datePublished\":\"2022-11-08T12:25:42+00:00\",\"dateModified\":\"2023-05-09T12:29:06+00:00\",\"breadcrumb\":{\"@id\":\"https:\/\/planikafires.shop\/produkt\/arcticon\/#breadcrumb\"},\"inLanguage\":\"cs\",\"potentialAction\":[{\"@type\":\"ReadAction\",\"target\":[\"https:\/\/planikafires.shop\/produkt\/arcticon\/\"]}]},{\"@type\":\"ImageObject\",\"inLanguage\":\"cs\",\"@id\":\"https:\/\/planikafires.shop\/produkt\/arcticon\/#primaryimage\",\"url\":\"https:\/\/planikafires.shop\/wp-content\/uploads\/2022\/11\/Arcticon_Black_2500px_1.jpg\",\"contentUrl\":\"https:\/\/planikafires.shop\/wp-content\/uploads\/2022\/11\/Arcticon_Black_2500px_1.jpg\",\"width\":1668,\"height\":2500},{\"@type\":\"BreadcrumbList\",\"@id\":\"https:\/\/planikafires.shop\/produkt\/arcticon\/#breadcrumb\",\"itemListElement\":[{\"@type\":\"ListItem\",\"position\":1,\"name\":\"Domovsk\u00e1 str\u00e1nka\",\"item\":\"https:\/\/planikafires.shop\/cs\/\"},{\"@type\":\"ListItem\",\"position\":2,\"name\":\"Obchod\",\"item\":\"https:\/\/planikafires.shop\/cs\/shop\/\"},{\"@type\":\"ListItem\",\"position\":3,\"name\":\"ARCTICON\"}]},{\"@type\":\"WebSite\",\"@id\":\"https:\/\/planikafires.shop\/cs\/#website\",\"url\":\"https:\/\/planikafires.shop\/cs\/\",\"name\":\"Planika\",\"description\":\"Modern\u00e9 rie\u0161enie krbov\",\"publisher\":{\"@id\":\"https:\/\/planikafires.shop\/cs\/#organization\"},\"potentialAction\":[{\"@type\":\"SearchAction\",\"target\":{\"@type\":\"EntryPoint\",\"urlTemplate\":\"https:\/\/planikafires.shop\/cs\/?s={search_term_string}\"},\"query-input\":{\"@type\":\"PropertyValueSpecification\",\"valueRequired\":true,\"valueName\":\"search_term_string\"}}],\"inLanguage\":\"cs\"},{\"@type\":\"Organization\",\"@id\":\"https:\/\/planikafires.shop\/cs\/#organization\",\"name\":\"Planika\",\"url\":\"https:\/\/planikafires.shop\/cs\/\",\"logo\":{\"@type\":\"ImageObject\",\"inLanguage\":\"cs\",\"@id\":\"https:\/\/planikafires.shop\/cs\/#\/schema\/logo\/image\/\",\"url\":\"https:\/\/planikafires.shop\/wp-content\/uploads\/2022\/06\/logo.png\",\"contentUrl\":\"https:\/\/planikafires.shop\/wp-content\/uploads\/2022\/06\/logo.png\",\"width\":191,\"height\":78,\"caption\":\"Planika\"},\"image\":{\"@id\":\"https:\/\/planikafires.shop\/cs\/#\/schema\/logo\/image\/\"}}]}<\/script>\n<!-- \/ Yoast SEO plugin. -->","yoast_head_json":{"title":"ARCTICON | Planika","robots":{"index":"index","follow":"follow","max-snippet":"max-snippet:-1","max-image-preview":"max-image-preview:large","max-video-preview":"max-video-preview:-1"},"canonical":"https:\/\/planikafires.shop\/produkt\/arcticon\/","og_locale":"cs_CZ","og_type":"article","og_title":"ARCTICON | Planika","og_description":"Bez kou\u0159e Bez popela Bez kom\u00edna Bez z\u00e1palek Technologie BEV (Technologie ho\u0159\u00edc\u00edch v\u00fdpar\u016f etanolu) Voln\u011b stoj\u00edc\u00ed biokrb (plug and play) Eco &#8211; palivo Automatick\u00fd start\/stop T\u0159\u00edstrann\u00fd biokrb Panel z tvrzen\u00e9ho skla Integrovan\u00fd kontroln\u00ed panel Jednoduch\u00fd pln\u00edc\u00ed syst\u00e9m Regulace velikosti plamene &#8211; 2 \u00farovn\u011b v\u00fd\u0161ky plamene Pou\u017eit\u00ed v interi\u00e9ru Certifikov\u00e1no Potrebn\u00fd p\u0159\u00edvod el. energie D\u00e1lkov\u00e9 ovl\u00e1d\u00e1n\u00ed [&hellip;]","og_url":"https:\/\/planikafires.shop\/produkt\/arcticon\/","og_site_name":"Planika","article_modified_time":"2023-05-09T12:29:06+00:00","og_image":[{"width":1668,"height":2500,"url":"https:\/\/planikafires.shop\/wp-content\/uploads\/2022\/11\/Arcticon_Black_2500px_1.jpg","type":"image\/jpeg"}],"twitter_card":"summary_large_image","twitter_misc":{"Odhadovan\u00e1 doba \u010dten\u00ed":"1 minuta"},"schema":{"@context":"https:\/\/schema.org","@graph":[{"@type":"WebPage","@id":"https:\/\/planikafires.shop\/produkt\/arcticon\/","url":"https:\/\/planikafires.shop\/produkt\/arcticon\/","name":"ARCTICON | Planika","isPartOf":{"@id":"https:\/\/planikafires.shop\/cs\/#website"},"primaryImageOfPage":{"@id":"https:\/\/planikafires.shop\/produkt\/arcticon\/#primaryimage"},"image":{"@id":"https:\/\/planikafires.shop\/produkt\/arcticon\/#primaryimage"},"thumbnailUrl":"https:\/\/planikafires.shop\/wp-content\/uploads\/2022\/11\/Arcticon_Black_2500px_1.jpg","datePublished":"2022-11-08T12:25:42+00:00","dateModified":"2023-05-09T12:29:06+00:00","breadcrumb":{"@id":"https:\/\/planikafires.shop\/produkt\/arcticon\/#breadcrumb"},"inLanguage":"cs","potentialAction":[{"@type":"ReadAction","target":["https:\/\/planikafires.shop\/produkt\/arcticon\/"]}]},{"@type":"ImageObject","inLanguage":"cs","@id":"https:\/\/planikafires.shop\/produkt\/arcticon\/#primaryimage","url":"https:\/\/planikafires.shop\/wp-content\/uploads\/2022\/11\/Arcticon_Black_2500px_1.jpg","contentUrl":"https:\/\/planikafires.shop\/wp-content\/uploads\/2022\/11\/Arcticon_Black_2500px_1.jpg","width":1668,"height":2500},{"@type":"BreadcrumbList","@id":"https:\/\/planikafires.shop\/produkt\/arcticon\/#breadcrumb","itemListElement":[{"@type":"ListItem","position":1,"name":"Domovsk\u00e1 str\u00e1nka","item":"https:\/\/planikafires.shop\/cs\/"},{"@type":"ListItem","position":2,"name":"Obchod","item":"https:\/\/planikafires.shop\/cs\/shop\/"},{"@type":"ListItem","position":3,"name":"ARCTICON"}]},{"@type":"WebSite","@id":"https:\/\/planikafires.shop\/cs\/#website","url":"https:\/\/planikafires.shop\/cs\/","name":"Planika","description":"Modern\u00e9 rie\u0161enie krbov","publisher":{"@id":"https:\/\/planikafires.shop\/cs\/#organization"},"potentialAction":[{"@type":"SearchAction","target":{"@type":"EntryPoint","urlTemplate":"https:\/\/planikafires.shop\/cs\/?s={search_term_string}"},"query-input":{"@type":"PropertyValueSpecification","valueRequired":true,"valueName":"search_term_string"}}],"inLanguage":"cs"},{"@type":"Organization","@id":"https:\/\/planikafires.shop\/cs\/#organization","name":"Planika","url":"https:\/\/planikafires.shop\/cs\/","logo":{"@type":"ImageObject","inLanguage":"cs","@id":"https:\/\/planikafires.shop\/cs\/#\/schema\/logo\/image\/","url":"https:\/\/planikafires.shop\/wp-content\/uploads\/2022\/06\/logo.png","contentUrl":"https:\/\/planikafires.shop\/wp-content\/uploads\/2022\/06\/logo.png","width":191,"height":78,"caption":"Planika"},"image":{"@id":"https:\/\/planikafires.shop\/cs\/#\/schema\/logo\/image\/"}}]}},"_links":{"self":[{"href":"https:\/\/planikafires.shop\/cs\/wp-json\/wp\/v2\/product\/10607","targetHints":{"allow":["GET"]}}],"collection":[{"href":"https:\/\/planikafires.shop\/cs\/wp-json\/wp\/v2\/product"}],"about":[{"href":"https:\/\/planikafires.shop\/cs\/wp-json\/wp\/v2\/types\/product"}],"version-history":[{"count":1,"href":"https:\/\/planikafires.shop\/cs\/wp-json\/wp\/v2\/product\/10607\/revisions"}],"predecessor-version":[{"id":11567,"href":"https:\/\/planikafires.shop\/cs\/wp-json\/wp\/v2\/product\/10607\/revisions\/11567"}],"wp:featuredmedia":[{"embeddable":true,"href":"https:\/\/planikafires.shop\/cs\/wp-json\/wp\/v2\/media\/10588"}],"wp:attachment":[{"href":"https:\/\/planikafires.shop\/cs\/wp-json\/wp\/v2\/media?parent=10607"}],"wp:term":[{"taxonomy":"product_brand","embeddable":true,"href":"https:\/\/planikafires.shop\/cs\/wp-json\/wp\/v2\/product_brand?post=10607"},{"taxonomy":"product_cat","embeddable":true,"href":"https:\/\/planikafires.shop\/cs\/wp-json\/wp\/v2\/product_cat?post=10607"},{"taxonomy":"product_tag","embeddable":true,"href":"https:\/\/planikafires.shop\/cs\/wp-json\/wp\/v2\/product_tag?post=10607"}],"curies":[{"name":"wp","href":"https:\/\/api.w.org\/{rel}","templated":true}]}}