{"id":11033,"date":"2023-01-12T10:47:32","date_gmt":"2023-01-12T09:47:32","guid":{"rendered":"https:\/\/planikafires.shop\/?post_type=product&p=11033"},"modified":"2023-01-12T10:47:32","modified_gmt":"2023-01-12T09:47:32","slug":"galaxy-automatic-2","status":"publish","type":"product","link":"https:\/\/planikafires.shop\/cs\/produkt\/galaxy-automatic-2\/","title":{"rendered":"GALAXY AUTOMATIC"},"content":{"rendered":"<ul>\n<li>Plynov\u00e9 ohni\u0161t\u011b s boxem na zemn\u00fd plyn\/prop\u00e1n-but\u00e1n<\/li>\n<li>Voliteln\u00fd box (pouze pro \u0161. 1150 mm) &#8211; Daze, Laurent, Corten, \u010dern\u00fd<\/li>\n<li>Pouze na vn\u011bj\u0161\u00ed pou\u017eit\u00ed<\/li>\n<li>Voln\u011b stoj\u00edc\u00ed za\u0159\u00edzen\u00ed<\/li>\n<li>Nastaviteln\u00e1 v\u00fd\u0161ka plamene<\/li>\n<li>Bezpe\u010dnostn\u00ed senzory<\/li>\n<li>Nen\u00ed t\u0159eba elektrick\u00e9 p\u0159ipojen\u00ed<\/li>\n<li>CE certifikovan\u00fd syst\u00e9m ovl\u00e1d\u00e1n\u00ed<\/li>\n<li>Povrchov\u00e1 \u00faprava: brou\u0161en\u00e1 nerez<\/li>\n<li>Ho\u0159\u00e1k je zdoben jemn\u00fdm sklen\u011bn\u00fdm \u0161t\u011brkem<\/li>\n<li>Sklen\u011bn\u00e9 panely z tvrzen\u00e9ho skla<\/li>\n<li>Automatick\u00e9 ovl\u00e1d\u00e1n\u00ed v cen\u011b<\/li>\n<li>Ovl\u00e1d\u00e1n\u00ed pomoc\u00ed mobiln\u00ed aplikace<\/li>\n<li>Kompatibiln\u00ed se Smart Home System<\/li>\n<\/ul>\n<p>Box je vyroben z velmi zn\u00e1m\u00e9ho povrchu Dekton od Consentino &#8211; 12 mm tlust\u00fd ultra kompaktn\u00ed materi\u00e1l vyroben\u00fd ze sintrovan\u00e9 keramiky, k\u0159emene a skla. Vyu\u017e\u00edv\u00e1 jen p\u0159\u00edrodn\u00edch materi\u00e1l\u016f, povrch je zcela uhl\u00edkov\u011b neutr\u00e1ln\u00ed a ekologick\u00fd. M\u00e1 vysokou odolnost proti po\u0161kr\u00e1b\u00e1n\u00ed, skvrn\u00e1m a v\u016f\u010di vysok\u00e9 teplot\u011b. M\u00e1 p\u011bkn\u00fd matn\u00fd vzhled mramoru <strong>DAZE<\/strong> a <strong>LAURENT<\/strong> d\u00edky \u010demu\u017e je po\u00fatavou dekorac\u00ed v interi\u00e9ru.<\/p>\n<h4><strong>PARAMETRY:<\/strong><\/h4>\n<ul>\n<li>v\u00fdkon: ZP 10,1 \/ LPG 13,4 kW<\/li>\n<li>spot\u0159eba zemn\u00edho plynu (ZP): max 0,96 m<sup>3<\/sup>\/hod.<\/li>\n<li>spot\u0159eba LPG: 0,95 kg\/hod.<\/li>\n<li>rozm\u011bry 1150 (\u0160xVxH): 1150 x 340 x 350 mm<\/li>\n<li>hmotnost: 38,5 kg<\/li>\n<\/ul>\n","protected":false},"excerpt":{"rendered":"<p>Vylep\u0161en\u00e1 verzie Galio Insert Auotmatic o povrchovou \u00fapravu ho\u0159\u00e1ku a voliteln\u00e9 4 boxy.<\/p>\n","protected":false},"featured_media":11023,"template":"","meta":{"_acf_changed":false},"product_brand":[],"product_cat":[182,181],"product_tag":[],"class_list":{"0":"post-11033","1":"product","2":"type-product","3":"status-publish","4":"has-post-thumbnail","6":"product_cat-plynove-vnejsi-krby","7":"product_cat-plyn-cs","9":"first","10":"outofstock","11":"taxable","12":"shipping-taxable","13":"purchasable","14":"product-type-variable","15":"has-default-attributes"},"acf":[],"yoast_head":"<!-- This site is optimized with the Yoast SEO plugin v24.2 - https:\/\/yoast.com\/wordpress\/plugins\/seo\/ -->\n<title>GALAXY AUTOMATIC | Planika<\/title>\n<meta name=\"robots\" content=\"index, follow, max-snippet:-1, max-image-preview:large, max-video-preview:-1\" \/>\n<link rel=\"canonical\" href=\"https:\/\/planikafires.shop\/cs\/produkt\/galaxy-automatic-2\/\" \/>\n<meta property=\"og:locale\" content=\"cs_CZ\" \/>\n<meta property=\"og:type\" content=\"article\" \/>\n<meta property=\"og:title\" content=\"GALAXY AUTOMATIC | Planika\" \/>\n<meta property=\"og:description\" content=\"Vylep\u0161en\u00e1 verzie Galio Insert Auotmatic o povrchovou \u00fapravu ho\u0159\u00e1ku a voliteln\u00e9 4 boxy.\" \/>\n<meta property=\"og:url\" content=\"https:\/\/planikafires.shop\/cs\/produkt\/galaxy-automatic-2\/\" \/>\n<meta property=\"og:site_name\" content=\"Planika\" \/>\n<meta property=\"og:image\" content=\"https:\/\/planikafires.shop\/wp-content\/uploads\/2023\/01\/Galaxy_Corten_2500px_1.jpg\" \/>\n\t<meta property=\"og:image:width\" content=\"2500\" \/>\n\t<meta property=\"og:image:height\" content=\"1668\" \/>\n\t<meta property=\"og:image:type\" content=\"image\/jpeg\" \/>\n<meta name=\"twitter:card\" content=\"summary_large_image\" \/>\n<meta name=\"twitter:label1\" content=\"Odhadovan\u00e1 doba \u010dten\u00ed\" \/>\n\t<meta name=\"twitter:data1\" content=\"1 minuta\" \/>\n<script type=\"application\/ld+json\" class=\"yoast-schema-graph\">{\"@context\":\"https:\/\/schema.org\",\"@graph\":[{\"@type\":\"WebPage\",\"@id\":\"https:\/\/planikafires.shop\/cs\/produkt\/galaxy-automatic-2\/\",\"url\":\"https:\/\/planikafires.shop\/cs\/produkt\/galaxy-automatic-2\/\",\"name\":\"GALAXY AUTOMATIC | Planika\",\"isPartOf\":{\"@id\":\"https:\/\/planikafires.shop\/cs\/#website\"},\"primaryImageOfPage\":{\"@id\":\"https:\/\/planikafires.shop\/cs\/produkt\/galaxy-automatic-2\/#primaryimage\"},\"image\":{\"@id\":\"https:\/\/planikafires.shop\/cs\/produkt\/galaxy-automatic-2\/#primaryimage\"},\"thumbnailUrl\":\"https:\/\/planikafires.shop\/wp-content\/uploads\/2023\/01\/Galaxy_Corten_2500px_1.jpg\",\"datePublished\":\"2023-01-12T09:47:32+00:00\",\"dateModified\":\"2023-01-12T09:47:32+00:00\",\"breadcrumb\":{\"@id\":\"https:\/\/planikafires.shop\/cs\/produkt\/galaxy-automatic-2\/#breadcrumb\"},\"inLanguage\":\"cs\",\"potentialAction\":[{\"@type\":\"ReadAction\",\"target\":[\"https:\/\/planikafires.shop\/cs\/produkt\/galaxy-automatic-2\/\"]}]},{\"@type\":\"ImageObject\",\"inLanguage\":\"cs\",\"@id\":\"https:\/\/planikafires.shop\/cs\/produkt\/galaxy-automatic-2\/#primaryimage\",\"url\":\"https:\/\/planikafires.shop\/wp-content\/uploads\/2023\/01\/Galaxy_Corten_2500px_1.jpg\",\"contentUrl\":\"https:\/\/planikafires.shop\/wp-content\/uploads\/2023\/01\/Galaxy_Corten_2500px_1.jpg\",\"width\":2500,\"height\":1668},{\"@type\":\"BreadcrumbList\",\"@id\":\"https:\/\/planikafires.shop\/cs\/produkt\/galaxy-automatic-2\/#breadcrumb\",\"itemListElement\":[{\"@type\":\"ListItem\",\"position\":1,\"name\":\"Domovsk\u00e1 str\u00e1nka\",\"item\":\"https:\/\/planikafires.shop\/cs\/\"},{\"@type\":\"ListItem\",\"position\":2,\"name\":\"Obchod\",\"item\":\"https:\/\/planikafires.shop\/cs\/shop\/\"},{\"@type\":\"ListItem\",\"position\":3,\"name\":\"GALAXY AUTOMATIC\"}]},{\"@type\":\"WebSite\",\"@id\":\"https:\/\/planikafires.shop\/cs\/#website\",\"url\":\"https:\/\/planikafires.shop\/cs\/\",\"name\":\"Planika\",\"description\":\"Modern\u00e9 rie\u0161enie krbov\",\"publisher\":{\"@id\":\"https:\/\/planikafires.shop\/cs\/#organization\"},\"potentialAction\":[{\"@type\":\"SearchAction\",\"target\":{\"@type\":\"EntryPoint\",\"urlTemplate\":\"https:\/\/planikafires.shop\/cs\/?s={search_term_string}\"},\"query-input\":{\"@type\":\"PropertyValueSpecification\",\"valueRequired\":true,\"valueName\":\"search_term_string\"}}],\"inLanguage\":\"cs\"},{\"@type\":\"Organization\",\"@id\":\"https:\/\/planikafires.shop\/cs\/#organization\",\"name\":\"Planika\",\"url\":\"https:\/\/planikafires.shop\/cs\/\",\"logo\":{\"@type\":\"ImageObject\",\"inLanguage\":\"cs\",\"@id\":\"https:\/\/planikafires.shop\/cs\/#\/schema\/logo\/image\/\",\"url\":\"https:\/\/planikafires.shop\/wp-content\/uploads\/2022\/06\/logo.png\",\"contentUrl\":\"https:\/\/planikafires.shop\/wp-content\/uploads\/2022\/06\/logo.png\",\"width\":191,\"height\":78,\"caption\":\"Planika\"},\"image\":{\"@id\":\"https:\/\/planikafires.shop\/cs\/#\/schema\/logo\/image\/\"}}]}<\/script>\n<!-- \/ Yoast SEO plugin. -->","yoast_head_json":{"title":"GALAXY AUTOMATIC | Planika","robots":{"index":"index","follow":"follow","max-snippet":"max-snippet:-1","max-image-preview":"max-image-preview:large","max-video-preview":"max-video-preview:-1"},"canonical":"https:\/\/planikafires.shop\/cs\/produkt\/galaxy-automatic-2\/","og_locale":"cs_CZ","og_type":"article","og_title":"GALAXY AUTOMATIC | Planika","og_description":"Vylep\u0161en\u00e1 verzie Galio Insert Auotmatic o povrchovou \u00fapravu ho\u0159\u00e1ku a voliteln\u00e9 4 boxy.","og_url":"https:\/\/planikafires.shop\/cs\/produkt\/galaxy-automatic-2\/","og_site_name":"Planika","og_image":[{"width":2500,"height":1668,"url":"https:\/\/planikafires.shop\/wp-content\/uploads\/2023\/01\/Galaxy_Corten_2500px_1.jpg","type":"image\/jpeg"}],"twitter_card":"summary_large_image","twitter_misc":{"Odhadovan\u00e1 doba \u010dten\u00ed":"1 minuta"},"schema":{"@context":"https:\/\/schema.org","@graph":[{"@type":"WebPage","@id":"https:\/\/planikafires.shop\/cs\/produkt\/galaxy-automatic-2\/","url":"https:\/\/planikafires.shop\/cs\/produkt\/galaxy-automatic-2\/","name":"GALAXY AUTOMATIC | Planika","isPartOf":{"@id":"https:\/\/planikafires.shop\/cs\/#website"},"primaryImageOfPage":{"@id":"https:\/\/planikafires.shop\/cs\/produkt\/galaxy-automatic-2\/#primaryimage"},"image":{"@id":"https:\/\/planikafires.shop\/cs\/produkt\/galaxy-automatic-2\/#primaryimage"},"thumbnailUrl":"https:\/\/planikafires.shop\/wp-content\/uploads\/2023\/01\/Galaxy_Corten_2500px_1.jpg","datePublished":"2023-01-12T09:47:32+00:00","dateModified":"2023-01-12T09:47:32+00:00","breadcrumb":{"@id":"https:\/\/planikafires.shop\/cs\/produkt\/galaxy-automatic-2\/#breadcrumb"},"inLanguage":"cs","potentialAction":[{"@type":"ReadAction","target":["https:\/\/planikafires.shop\/cs\/produkt\/galaxy-automatic-2\/"]}]},{"@type":"ImageObject","inLanguage":"cs","@id":"https:\/\/planikafires.shop\/cs\/produkt\/galaxy-automatic-2\/#primaryimage","url":"https:\/\/planikafires.shop\/wp-content\/uploads\/2023\/01\/Galaxy_Corten_2500px_1.jpg","contentUrl":"https:\/\/planikafires.shop\/wp-content\/uploads\/2023\/01\/Galaxy_Corten_2500px_1.jpg","width":2500,"height":1668},{"@type":"BreadcrumbList","@id":"https:\/\/planikafires.shop\/cs\/produkt\/galaxy-automatic-2\/#breadcrumb","itemListElement":[{"@type":"ListItem","position":1,"name":"Domovsk\u00e1 str\u00e1nka","item":"https:\/\/planikafires.shop\/cs\/"},{"@type":"ListItem","position":2,"name":"Obchod","item":"https:\/\/planikafires.shop\/cs\/shop\/"},{"@type":"ListItem","position":3,"name":"GALAXY AUTOMATIC"}]},{"@type":"WebSite","@id":"https:\/\/planikafires.shop\/cs\/#website","url":"https:\/\/planikafires.shop\/cs\/","name":"Planika","description":"Modern\u00e9 rie\u0161enie krbov","publisher":{"@id":"https:\/\/planikafires.shop\/cs\/#organization"},"potentialAction":[{"@type":"SearchAction","target":{"@type":"EntryPoint","urlTemplate":"https:\/\/planikafires.shop\/cs\/?s={search_term_string}"},"query-input":{"@type":"PropertyValueSpecification","valueRequired":true,"valueName":"search_term_string"}}],"inLanguage":"cs"},{"@type":"Organization","@id":"https:\/\/planikafires.shop\/cs\/#organization","name":"Planika","url":"https:\/\/planikafires.shop\/cs\/","logo":{"@type":"ImageObject","inLanguage":"cs","@id":"https:\/\/planikafires.shop\/cs\/#\/schema\/logo\/image\/","url":"https:\/\/planikafires.shop\/wp-content\/uploads\/2022\/06\/logo.png","contentUrl":"https:\/\/planikafires.shop\/wp-content\/uploads\/2022\/06\/logo.png","width":191,"height":78,"caption":"Planika"},"image":{"@id":"https:\/\/planikafires.shop\/cs\/#\/schema\/logo\/image\/"}}]}},"_links":{"self":[{"href":"https:\/\/planikafires.shop\/cs\/wp-json\/wp\/v2\/product\/11033","targetHints":{"allow":["GET"]}}],"collection":[{"href":"https:\/\/planikafires.shop\/cs\/wp-json\/wp\/v2\/product"}],"about":[{"href":"https:\/\/planikafires.shop\/cs\/wp-json\/wp\/v2\/types\/product"}],"version-history":[{"count":0,"href":"https:\/\/planikafires.shop\/cs\/wp-json\/wp\/v2\/product\/11033\/revisions"}],"wp:featuredmedia":[{"embeddable":true,"href":"https:\/\/planikafires.shop\/cs\/wp-json\/wp\/v2\/media\/11023"}],"wp:attachment":[{"href":"https:\/\/planikafires.shop\/cs\/wp-json\/wp\/v2\/media?parent=11033"}],"wp:term":[{"taxonomy":"product_brand","embeddable":true,"href":"https:\/\/planikafires.shop\/cs\/wp-json\/wp\/v2\/product_brand?post=11033"},{"taxonomy":"product_cat","embeddable":true,"href":"https:\/\/planikafires.shop\/cs\/wp-json\/wp\/v2\/product_cat?post=11033"},{"taxonomy":"product_tag","embeddable":true,"href":"https:\/\/planikafires.shop\/cs\/wp-json\/wp\/v2\/product_tag?post=11033"}],"curies":[{"name":"wp","href":"https:\/\/api.w.org\/{rel}","templated":true}]}}