{"id":11038,"date":"2023-01-12T09:56:08","date_gmt":"2023-01-12T08:56:08","guid":{"rendered":"https:\/\/planikafires.shop\/produkt\/cabo\/"},"modified":"2026-04-10T08:06:26","modified_gmt":"2026-04-10T06:06:26","slug":"cabo-2","status":"publish","type":"product","link":"https:\/\/planikafires.shop\/cs\/produkt\/cabo-2\/","title":{"rendered":"CABO"},"content":{"rendered":"<ul>\n<li><strong>Bez kou\u0159e<\/strong><\/li>\n<li><strong>Bez popela<\/strong><\/li>\n<li><strong>Bez kom\u00edna<\/strong><\/li>\n<li>Automatick\u00fd krb s technologi\u00ed BEV (Technologie ho\u0159\u00edc\u00edch v\u00fdpar\u016f etanolu)<\/li>\n<li>Voln\u011b stoj\u00edc\u00ed biokrb &#8211; Plug &amp; Play, kter\u00fd um\u00edst\u00edte kamkoli a s volitelnou protipo\u017e\u00e1rn\u00ed obestavbou<\/li>\n<li>Eco &#8211; palivo<\/li>\n<li>Regulace velikosti plamene &#8211; 6 stup\u0148\u016f<\/li>\n<li>Automatick\u00fd pln\u00edc\u00ed syst\u00e9m<\/li>\n<li>Integrovan\u00fd kontroln\u00ed panel<\/li>\n<li>Pou\u017eit\u00ed v interi\u00e9ri \/ exteri\u00e9ri<\/li>\n<li>Odoln\u00fd v\u016f\u010di de\u0161ti a vlhkosti<\/li>\n<li>Bezpe\u010dnostn\u00ed senzory<\/li>\n<li>Zabudovan\u00fd modul WiFi &#8211; <strong>ovl\u00e1d\u00e1n\u00ed prost\u0159ednictv\u00edm chytr\u00e9ho telefonu \u010di tabletu<\/strong><\/li>\n<li>Aplikace <strong>NET ZERO-APP <\/strong>&#8211; ovl\u00e1d\u00e1n\u00ed biokrbu pomoc\u00ed aplikace<\/li>\n<li>Certifikov\u00e1no<\/li>\n<li>Detsk\u00e1 pojistka<\/li>\n<li>Obestavba \u2013 bez obestavby (Cabo Core) \/ Dekton Nacre \/ Dekton Laurent \/ Kreta<\/li>\n<li>Sklen\u011bn\u00e9 panely ze 4 str\u00e1n &#8211; tvrzen\u00e9 sklo<\/li>\n<li>Potrebn\u00fd p\u0159\u00edvod el. energie<\/li>\n<\/ul>\n<p style=\"text-align: justify;\">Box je vyroben z velmi zn\u00e1m\u00e9ho povrchu Dekton od Consentino &#8211; 12 mm tlust\u00fd ultra kompaktn\u00ed materi\u00e1l vyroben\u00fd ze sintrovan\u00e9 keramiky, k\u0159emene a skla. Vyu\u017e\u00edv\u00e1 jen p\u0159\u00edrodn\u00edch materi\u00e1l\u016f, povrch je zcela uhl\u00edkov\u011b neutr\u00e1ln\u00ed a ekologick\u00fd. M\u00e1 vysokou odolnost proti po\u0161kr\u00e1b\u00e1n\u00ed, skvrn\u00e1m a v\u016f\u010di vysok\u00e9 teplot\u011b. M\u00e1 p\u011bkn\u00fd matn\u00fd vzhled mramoru <strong>NACRE<\/strong> a <strong>LAURENT<\/strong> d\u00edky \u010demu\u017e je poutavou dekorac\u00ed v interi\u00e9ru.<\/p>\n<p style=\"text-align: justify;\">Box <strong>KRETA<\/strong> je vyroben z vl\u00e1knocementu s vysokou hustotou a jemn\u00fdmi miner\u00e1ly, d\u00edky \u010demu\u017e je vysoce odoln\u00e1 proti po\u0161kr\u00e1b\u00e1n\u00ed, skvrn\u00e1m a vysok\u00fdm teplot\u00e1m.<\/p>\n<p><strong>DODAC\u00cd DOBA: 20-25 pracovn\u00edch dn\u016f!<\/strong><\/p>\n<h3><strong>Technick\u00e9 parametry:<\/strong><\/h3>\n<ul>\n<li>N\u00e1dr\u017e: 10,5 L<\/li>\n<li>\u010cas ho\u0159en\u00ed: 15 h<\/li>\n<li>V\u00fdkon: 9.4 kW<\/li>\n<li>Interval v\u011btr\u00e1n\u00ed: min. 1\/h<\/li>\n<li>Minim\u00e1ln\u00ed velikost m\u00edstnosti: 94 m3 ( 36,2 m2 p\u0159i v\u00fd\u0161ce 2,6 m)<\/li>\n<li>Biokrb nap\u00e1jen\u00ed: 230 V \/ 115 V<\/li>\n<li>Rozm\u011bry Cabo Core \u0160xVxH &#8211; 1190 x 449 x 280 mm<\/li>\n<li>Rozm\u011bry Cabo Nacre\/Laurent\/Kreta \u0160xVxH &#8211; 1190 x 480 x 280 mm<\/li>\n<\/ul>\n<p>&nbsp;<\/p>\n","protected":false},"excerpt":{"rendered":"<p>Voln\u011b stoj\u00edc\u00ed biokrb, kter\u00fd umo\u017en\u00ed vychutn\u00e1vat si atmosf\u00e9ru v interi\u00e9ru i exteri\u00e9ru. Spojuje nejvy\u0161\u0161\u00ed bezpe\u010dnostn\u00ed standardy s v\u00fdjime\u010dn\u00fdm designem a \u0161pi\u010dkov\u00fdmi materi\u00e1ly pro jedine\u010dn\u00fd z\u00e1\u017eitek z plamen\u016f.<\/p>\n","protected":false},"featured_media":13546,"template":"","meta":{"_acf_changed":false},"product_brand":[],"product_cat":[146,183],"product_tag":[],"class_list":{"0":"post-11038","1":"product","2":"type-product","3":"status-publish","4":"has-post-thumbnail","6":"product_cat-bevetanol-cs","7":"product_cat-ohniska-s-bev-technologii","9":"first","10":"outofstock","11":"taxable","12":"shipping-taxable","13":"purchasable","14":"product-type-variable","15":"has-default-attributes"},"acf":[],"yoast_head":"<!-- This site is optimized with the Yoast SEO plugin v24.2 - https:\/\/yoast.com\/wordpress\/plugins\/seo\/ -->\n<title>CABO | Planika<\/title>\n<meta name=\"robots\" content=\"index, follow, max-snippet:-1, max-image-preview:large, max-video-preview:-1\" \/>\n<link rel=\"canonical\" href=\"https:\/\/planikafires.shop\/cs\/produkt\/cabo-2\/\" \/>\n<meta property=\"og:locale\" content=\"cs_CZ\" \/>\n<meta property=\"og:type\" content=\"article\" \/>\n<meta property=\"og:title\" content=\"CABO | Planika\" \/>\n<meta property=\"og:description\" content=\"Voln\u011b stoj\u00edc\u00ed biokrb, kter\u00fd umo\u017en\u00ed vychutn\u00e1vat si atmosf\u00e9ru v interi\u00e9ru i exteri\u00e9ru. Spojuje nejvy\u0161\u0161\u00ed bezpe\u010dnostn\u00ed standardy s v\u00fdjime\u010dn\u00fdm designem a \u0161pi\u010dkov\u00fdmi materi\u00e1ly pro jedine\u010dn\u00fd z\u00e1\u017eitek z plamen\u016f.\" \/>\n<meta property=\"og:url\" content=\"https:\/\/planikafires.shop\/cs\/produkt\/cabo-2\/\" \/>\n<meta property=\"og:site_name\" content=\"Planika\" \/>\n<meta property=\"article:modified_time\" content=\"2026-04-10T06:06:26+00:00\" \/>\n<meta property=\"og:image\" content=\"https:\/\/planikafires.shop\/wp-content\/uploads\/2023\/01\/Cabo_Nacre.jpg\" \/>\n\t<meta property=\"og:image:width\" content=\"1920\" \/>\n\t<meta property=\"og:image:height\" content=\"1422\" \/>\n\t<meta property=\"og:image:type\" content=\"image\/jpeg\" \/>\n<meta name=\"twitter:card\" content=\"summary_large_image\" \/>\n<meta name=\"twitter:label1\" content=\"Odhadovan\u00e1 doba \u010dten\u00ed\" \/>\n\t<meta name=\"twitter:data1\" content=\"1 minuta\" \/>\n<script type=\"application\/ld+json\" class=\"yoast-schema-graph\">{\"@context\":\"https:\/\/schema.org\",\"@graph\":[{\"@type\":\"WebPage\",\"@id\":\"https:\/\/planikafires.shop\/cs\/produkt\/cabo-2\/\",\"url\":\"https:\/\/planikafires.shop\/cs\/produkt\/cabo-2\/\",\"name\":\"CABO | Planika\",\"isPartOf\":{\"@id\":\"https:\/\/planikafires.shop\/cs\/#website\"},\"primaryImageOfPage\":{\"@id\":\"https:\/\/planikafires.shop\/cs\/produkt\/cabo-2\/#primaryimage\"},\"image\":{\"@id\":\"https:\/\/planikafires.shop\/cs\/produkt\/cabo-2\/#primaryimage\"},\"thumbnailUrl\":\"https:\/\/planikafires.shop\/wp-content\/uploads\/2023\/01\/Cabo_Nacre.jpg\",\"datePublished\":\"2023-01-12T08:56:08+00:00\",\"dateModified\":\"2026-04-10T06:06:26+00:00\",\"breadcrumb\":{\"@id\":\"https:\/\/planikafires.shop\/cs\/produkt\/cabo-2\/#breadcrumb\"},\"inLanguage\":\"cs\",\"potentialAction\":[{\"@type\":\"ReadAction\",\"target\":[\"https:\/\/planikafires.shop\/cs\/produkt\/cabo-2\/\"]}]},{\"@type\":\"ImageObject\",\"inLanguage\":\"cs\",\"@id\":\"https:\/\/planikafires.shop\/cs\/produkt\/cabo-2\/#primaryimage\",\"url\":\"https:\/\/planikafires.shop\/wp-content\/uploads\/2023\/01\/Cabo_Nacre.jpg\",\"contentUrl\":\"https:\/\/planikafires.shop\/wp-content\/uploads\/2023\/01\/Cabo_Nacre.jpg\",\"width\":1920,\"height\":1422},{\"@type\":\"BreadcrumbList\",\"@id\":\"https:\/\/planikafires.shop\/cs\/produkt\/cabo-2\/#breadcrumb\",\"itemListElement\":[{\"@type\":\"ListItem\",\"position\":1,\"name\":\"Domovsk\u00e1 str\u00e1nka\",\"item\":\"https:\/\/planikafires.shop\/cs\/\"},{\"@type\":\"ListItem\",\"position\":2,\"name\":\"Obchod\",\"item\":\"https:\/\/planikafires.shop\/cs\/shop\/\"},{\"@type\":\"ListItem\",\"position\":3,\"name\":\"CABO\"}]},{\"@type\":\"WebSite\",\"@id\":\"https:\/\/planikafires.shop\/cs\/#website\",\"url\":\"https:\/\/planikafires.shop\/cs\/\",\"name\":\"Planika\",\"description\":\"Modern\u00e9 rie\u0161enie krbov\",\"publisher\":{\"@id\":\"https:\/\/planikafires.shop\/cs\/#organization\"},\"potentialAction\":[{\"@type\":\"SearchAction\",\"target\":{\"@type\":\"EntryPoint\",\"urlTemplate\":\"https:\/\/planikafires.shop\/cs\/?s={search_term_string}\"},\"query-input\":{\"@type\":\"PropertyValueSpecification\",\"valueRequired\":true,\"valueName\":\"search_term_string\"}}],\"inLanguage\":\"cs\"},{\"@type\":\"Organization\",\"@id\":\"https:\/\/planikafires.shop\/cs\/#organization\",\"name\":\"Planika\",\"url\":\"https:\/\/planikafires.shop\/cs\/\",\"logo\":{\"@type\":\"ImageObject\",\"inLanguage\":\"cs\",\"@id\":\"https:\/\/planikafires.shop\/cs\/#\/schema\/logo\/image\/\",\"url\":\"https:\/\/planikafires.shop\/wp-content\/uploads\/2022\/06\/logo.png\",\"contentUrl\":\"https:\/\/planikafires.shop\/wp-content\/uploads\/2022\/06\/logo.png\",\"width\":191,\"height\":78,\"caption\":\"Planika\"},\"image\":{\"@id\":\"https:\/\/planikafires.shop\/cs\/#\/schema\/logo\/image\/\"}}]}<\/script>\n<!-- \/ Yoast SEO plugin. -->","yoast_head_json":{"title":"CABO | Planika","robots":{"index":"index","follow":"follow","max-snippet":"max-snippet:-1","max-image-preview":"max-image-preview:large","max-video-preview":"max-video-preview:-1"},"canonical":"https:\/\/planikafires.shop\/cs\/produkt\/cabo-2\/","og_locale":"cs_CZ","og_type":"article","og_title":"CABO | Planika","og_description":"Voln\u011b stoj\u00edc\u00ed biokrb, kter\u00fd umo\u017en\u00ed vychutn\u00e1vat si atmosf\u00e9ru v interi\u00e9ru i exteri\u00e9ru. Spojuje nejvy\u0161\u0161\u00ed bezpe\u010dnostn\u00ed standardy s v\u00fdjime\u010dn\u00fdm designem a \u0161pi\u010dkov\u00fdmi materi\u00e1ly pro jedine\u010dn\u00fd z\u00e1\u017eitek z plamen\u016f.","og_url":"https:\/\/planikafires.shop\/cs\/produkt\/cabo-2\/","og_site_name":"Planika","article_modified_time":"2026-04-10T06:06:26+00:00","og_image":[{"width":1920,"height":1422,"url":"https:\/\/planikafires.shop\/wp-content\/uploads\/2023\/01\/Cabo_Nacre.jpg","type":"image\/jpeg"}],"twitter_card":"summary_large_image","twitter_misc":{"Odhadovan\u00e1 doba \u010dten\u00ed":"1 minuta"},"schema":{"@context":"https:\/\/schema.org","@graph":[{"@type":"WebPage","@id":"https:\/\/planikafires.shop\/cs\/produkt\/cabo-2\/","url":"https:\/\/planikafires.shop\/cs\/produkt\/cabo-2\/","name":"CABO | Planika","isPartOf":{"@id":"https:\/\/planikafires.shop\/cs\/#website"},"primaryImageOfPage":{"@id":"https:\/\/planikafires.shop\/cs\/produkt\/cabo-2\/#primaryimage"},"image":{"@id":"https:\/\/planikafires.shop\/cs\/produkt\/cabo-2\/#primaryimage"},"thumbnailUrl":"https:\/\/planikafires.shop\/wp-content\/uploads\/2023\/01\/Cabo_Nacre.jpg","datePublished":"2023-01-12T08:56:08+00:00","dateModified":"2026-04-10T06:06:26+00:00","breadcrumb":{"@id":"https:\/\/planikafires.shop\/cs\/produkt\/cabo-2\/#breadcrumb"},"inLanguage":"cs","potentialAction":[{"@type":"ReadAction","target":["https:\/\/planikafires.shop\/cs\/produkt\/cabo-2\/"]}]},{"@type":"ImageObject","inLanguage":"cs","@id":"https:\/\/planikafires.shop\/cs\/produkt\/cabo-2\/#primaryimage","url":"https:\/\/planikafires.shop\/wp-content\/uploads\/2023\/01\/Cabo_Nacre.jpg","contentUrl":"https:\/\/planikafires.shop\/wp-content\/uploads\/2023\/01\/Cabo_Nacre.jpg","width":1920,"height":1422},{"@type":"BreadcrumbList","@id":"https:\/\/planikafires.shop\/cs\/produkt\/cabo-2\/#breadcrumb","itemListElement":[{"@type":"ListItem","position":1,"name":"Domovsk\u00e1 str\u00e1nka","item":"https:\/\/planikafires.shop\/cs\/"},{"@type":"ListItem","position":2,"name":"Obchod","item":"https:\/\/planikafires.shop\/cs\/shop\/"},{"@type":"ListItem","position":3,"name":"CABO"}]},{"@type":"WebSite","@id":"https:\/\/planikafires.shop\/cs\/#website","url":"https:\/\/planikafires.shop\/cs\/","name":"Planika","description":"Modern\u00e9 rie\u0161enie krbov","publisher":{"@id":"https:\/\/planikafires.shop\/cs\/#organization"},"potentialAction":[{"@type":"SearchAction","target":{"@type":"EntryPoint","urlTemplate":"https:\/\/planikafires.shop\/cs\/?s={search_term_string}"},"query-input":{"@type":"PropertyValueSpecification","valueRequired":true,"valueName":"search_term_string"}}],"inLanguage":"cs"},{"@type":"Organization","@id":"https:\/\/planikafires.shop\/cs\/#organization","name":"Planika","url":"https:\/\/planikafires.shop\/cs\/","logo":{"@type":"ImageObject","inLanguage":"cs","@id":"https:\/\/planikafires.shop\/cs\/#\/schema\/logo\/image\/","url":"https:\/\/planikafires.shop\/wp-content\/uploads\/2022\/06\/logo.png","contentUrl":"https:\/\/planikafires.shop\/wp-content\/uploads\/2022\/06\/logo.png","width":191,"height":78,"caption":"Planika"},"image":{"@id":"https:\/\/planikafires.shop\/cs\/#\/schema\/logo\/image\/"}}]}},"_links":{"self":[{"href":"https:\/\/planikafires.shop\/cs\/wp-json\/wp\/v2\/product\/11038","targetHints":{"allow":["GET"]}}],"collection":[{"href":"https:\/\/planikafires.shop\/cs\/wp-json\/wp\/v2\/product"}],"about":[{"href":"https:\/\/planikafires.shop\/cs\/wp-json\/wp\/v2\/types\/product"}],"version-history":[{"count":1,"href":"https:\/\/planikafires.shop\/cs\/wp-json\/wp\/v2\/product\/11038\/revisions"}],"predecessor-version":[{"id":13553,"href":"https:\/\/planikafires.shop\/cs\/wp-json\/wp\/v2\/product\/11038\/revisions\/13553"}],"wp:featuredmedia":[{"embeddable":true,"href":"https:\/\/planikafires.shop\/cs\/wp-json\/wp\/v2\/media\/13546"}],"wp:attachment":[{"href":"https:\/\/planikafires.shop\/cs\/wp-json\/wp\/v2\/media?parent=11038"}],"wp:term":[{"taxonomy":"product_brand","embeddable":true,"href":"https:\/\/planikafires.shop\/cs\/wp-json\/wp\/v2\/product_brand?post=11038"},{"taxonomy":"product_cat","embeddable":true,"href":"https:\/\/planikafires.shop\/cs\/wp-json\/wp\/v2\/product_cat?post=11038"},{"taxonomy":"product_tag","embeddable":true,"href":"https:\/\/planikafires.shop\/cs\/wp-json\/wp\/v2\/product_tag?post=11038"}],"curies":[{"name":"wp","href":"https:\/\/api.w.org\/{rel}","templated":true}]}}