{"id":11043,"date":"2023-01-12T09:25:06","date_gmt":"2023-01-12T08:25:06","guid":{"rendered":"https:\/\/planikafires.shop\/produkt\/porto\/"},"modified":"2023-01-12T09:25:06","modified_gmt":"2023-01-12T08:25:06","slug":"porto-2","status":"publish","type":"product","link":"https:\/\/planikafires.shop\/cs\/produkt\/porto-2\/","title":{"rendered":"PORTO"},"content":{"rendered":"<ul>\n<li><strong>Bez kou\u0159e<\/strong><\/li>\n<li><strong>Bez popela<\/strong><\/li>\n<li><strong>Bez kom\u00edna<\/strong><\/li>\n<li><strong>Bez z\u00e1palek<\/strong><\/li>\n<li>NET ZERO biokrb s technol\u00f3gi\u00ed BEV (Technologie ho\u0159\u00edc\u00edch v\u00fdpar\u016f etanolu)<\/li>\n<li>Voln\u011b stoj\u00edc\u00ed biokrb (plug and play)<\/li>\n<li>Pou\u017eit\u00ed v exteri\u00e9ri<\/li>\n<li>Odoln\u00fd v\u016f\u010di de\u0161ti a vlhkosti<\/li>\n<li>Eco &#8211; palivo<\/li>\n<li>Automatick\u00fd start\/stop<\/li>\n<li>Panel z tvrzen\u00e9ho skla<\/li>\n<li>Integrovan\u00fd kontroln\u00ed panel<\/li>\n<li>Jednoduch\u00fd pln\u00edc\u00ed syst\u00e9m<\/li>\n<li>Regulace velikosti plamene &#8211; 6 \u00farovn\u00ed v\u00fd\u0161ky plamene<\/li>\n<li>Certifikov\u00e1no<\/li>\n<li>Potrebn\u00fd p\u0159\u00edvod el. energie<\/li>\n<li>D\u00e1lkov\u00e9 ovl\u00e1d\u00e1n\u00ed v cen\u011b<\/li>\n<\/ul>\n<p style=\"text-align: justify;\">Box je vyroben z velmi zn\u00e1m\u00e9ho povrchu Dekton od Consentino &#8211; 12 mm tlust\u00fd ultra kompaktn\u00ed materi\u00e1l vyroben\u00fd ze sintrovan\u00e9 keramiky, k\u0159emene a skla. Vyu\u017e\u00edv\u00e1 jen p\u0159\u00edrodn\u00edch materi\u00e1l\u016f, povrch je zcela uhl\u00edkov\u011b neutr\u00e1ln\u00ed a ekologick\u00fd. M\u00e1 vysokou odolnost proti po\u0161kr\u00e1b\u00e1n\u00ed, skvrn\u00e1m a v\u016f\u010di vysok\u00e9 teplot\u011b. M\u00e1 p\u011bkn\u00fd matn\u00fd vzhled mramoru <strong>DAZE<\/strong> a <strong>LAURENT<\/strong> d\u00edky \u010demu\u017e je po\u00fatavou dekorac\u00ed v interi\u00e9ru.<\/p>\n<p style=\"text-align: justify;\">Box <strong>LUNARA<\/strong> je vyroben z vl\u00e1kno cementu s vysokou hustotou jemn\u00fdch miner\u00e1l\u016f, d\u00edky \u010demu\u017e m\u00e1 vysokou odolnost proti po\u0161kr\u00e1b\u00e1n\u00ed, skvrn\u00e1m a v\u016f\u010di vysok\u00e9 teplot\u011b.<\/p>\n<p><strong>DODAC\u00cd DOBA: 35 pracovn\u00edch dn\u016f!<\/strong><\/p>\n<h3><strong>Technick\u00e9 parametry:<\/strong><\/h3>\n<ul>\n<li>Z\u00e1sobn\u00edk: 5 L<\/li>\n<li>\u010cas ho\u0159en\u00ed: 14 h<\/li>\n<li>V\u00fdkon: 3,7 kW<\/li>\n<li>Hmotnost netto: kg<\/li>\n<li>Interval v\u011btr\u00e1n\u00ed: min. 1\/h<\/li>\n<li>Minim\u00e1lna velikos\u0165 m\u00edstnosti: m3 ( 14,2 m2 p\u0159i v\u00fd\u0161ce 2,6 m)<\/li>\n<li>Biokrb nap\u00e1jen\u00ed: 230 V \/ 115 V<\/li>\n<li>Rozm\u011bry vlo\u017eky \u0160xVxH &#8211; 400 x 1147 x 400 mm<\/li>\n<\/ul>\n","protected":false},"excerpt":{"rendered":"<p>\u00dapln\u011b prvn\u00ed biokrb sv\u00e9ho druhu do interi\u00e9ru. Je to alternativa k plynov\u00fdm vn\u011bj\u0161\u00edm voln\u011b stoj\u00edc\u00edm krbem.<\/p>\n","protected":false},"featured_media":10988,"template":"","meta":{"_acf_changed":false},"product_brand":[],"product_cat":[155,146,183],"product_tag":[],"class_list":{"0":"post-11043","1":"product","2":"type-product","3":"status-publish","4":"has-post-thumbnail","6":"product_cat-volne-stojici-etanolove-horaky","7":"product_cat-bevetanol-cs","8":"product_cat-ohniska-s-bev-technologii","10":"first","11":"outofstock","12":"taxable","13":"shipping-taxable","14":"purchasable","15":"product-type-variable","16":"has-default-attributes"},"acf":[],"yoast_head":"<!-- This site is optimized with the Yoast SEO plugin v24.2 - https:\/\/yoast.com\/wordpress\/plugins\/seo\/ -->\n<title>PORTO | Planika<\/title>\n<meta name=\"robots\" content=\"index, follow, max-snippet:-1, max-image-preview:large, max-video-preview:-1\" \/>\n<link rel=\"canonical\" href=\"https:\/\/planikafires.shop\/produkt\/porto\/\" \/>\n<meta property=\"og:locale\" content=\"cs_CZ\" \/>\n<meta property=\"og:type\" content=\"article\" \/>\n<meta property=\"og:title\" content=\"PORTO | Planika\" \/>\n<meta property=\"og:description\" content=\"\u00dapln\u011b prvn\u00ed biokrb sv\u00e9ho druhu do interi\u00e9ru. Je to alternativa k plynov\u00fdm vn\u011bj\u0161\u00edm voln\u011b stoj\u00edc\u00edm krbem.\" \/>\n<meta property=\"og:url\" content=\"https:\/\/planikafires.shop\/produkt\/porto\/\" \/>\n<meta property=\"og:site_name\" content=\"Planika\" \/>\n<meta property=\"og:image\" content=\"https:\/\/planikafires.shop\/wp-content\/uploads\/2023\/01\/Porto_Daze_2500px_1.jpg\" \/>\n\t<meta property=\"og:image:width\" content=\"1668\" \/>\n\t<meta property=\"og:image:height\" content=\"2500\" \/>\n\t<meta property=\"og:image:type\" content=\"image\/jpeg\" \/>\n<meta name=\"twitter:card\" content=\"summary_large_image\" \/>\n<meta name=\"twitter:label1\" content=\"Odhadovan\u00e1 doba \u010dten\u00ed\" \/>\n\t<meta name=\"twitter:data1\" content=\"1 minuta\" \/>\n<script type=\"application\/ld+json\" class=\"yoast-schema-graph\">{\"@context\":\"https:\/\/schema.org\",\"@graph\":[{\"@type\":\"WebPage\",\"@id\":\"https:\/\/planikafires.shop\/produkt\/porto\/\",\"url\":\"https:\/\/planikafires.shop\/produkt\/porto\/\",\"name\":\"PORTO | Planika\",\"isPartOf\":{\"@id\":\"https:\/\/planikafires.shop\/cs\/#website\"},\"primaryImageOfPage\":{\"@id\":\"https:\/\/planikafires.shop\/produkt\/porto\/#primaryimage\"},\"image\":{\"@id\":\"https:\/\/planikafires.shop\/produkt\/porto\/#primaryimage\"},\"thumbnailUrl\":\"https:\/\/planikafires.shop\/wp-content\/uploads\/2023\/01\/Porto_Daze_2500px_1.jpg\",\"datePublished\":\"2023-01-12T08:25:06+00:00\",\"dateModified\":\"2023-01-12T08:25:06+00:00\",\"breadcrumb\":{\"@id\":\"https:\/\/planikafires.shop\/produkt\/porto\/#breadcrumb\"},\"inLanguage\":\"cs\",\"potentialAction\":[{\"@type\":\"ReadAction\",\"target\":[\"https:\/\/planikafires.shop\/produkt\/porto\/\"]}]},{\"@type\":\"ImageObject\",\"inLanguage\":\"cs\",\"@id\":\"https:\/\/planikafires.shop\/produkt\/porto\/#primaryimage\",\"url\":\"https:\/\/planikafires.shop\/wp-content\/uploads\/2023\/01\/Porto_Daze_2500px_1.jpg\",\"contentUrl\":\"https:\/\/planikafires.shop\/wp-content\/uploads\/2023\/01\/Porto_Daze_2500px_1.jpg\",\"width\":1668,\"height\":2500},{\"@type\":\"BreadcrumbList\",\"@id\":\"https:\/\/planikafires.shop\/produkt\/porto\/#breadcrumb\",\"itemListElement\":[{\"@type\":\"ListItem\",\"position\":1,\"name\":\"Domovsk\u00e1 str\u00e1nka\",\"item\":\"https:\/\/planikafires.shop\/cs\/\"},{\"@type\":\"ListItem\",\"position\":2,\"name\":\"Obchod\",\"item\":\"https:\/\/planikafires.shop\/cs\/shop\/\"},{\"@type\":\"ListItem\",\"position\":3,\"name\":\"PORTO\"}]},{\"@type\":\"WebSite\",\"@id\":\"https:\/\/planikafires.shop\/cs\/#website\",\"url\":\"https:\/\/planikafires.shop\/cs\/\",\"name\":\"Planika\",\"description\":\"Modern\u00e9 rie\u0161enie krbov\",\"publisher\":{\"@id\":\"https:\/\/planikafires.shop\/cs\/#organization\"},\"potentialAction\":[{\"@type\":\"SearchAction\",\"target\":{\"@type\":\"EntryPoint\",\"urlTemplate\":\"https:\/\/planikafires.shop\/cs\/?s={search_term_string}\"},\"query-input\":{\"@type\":\"PropertyValueSpecification\",\"valueRequired\":true,\"valueName\":\"search_term_string\"}}],\"inLanguage\":\"cs\"},{\"@type\":\"Organization\",\"@id\":\"https:\/\/planikafires.shop\/cs\/#organization\",\"name\":\"Planika\",\"url\":\"https:\/\/planikafires.shop\/cs\/\",\"logo\":{\"@type\":\"ImageObject\",\"inLanguage\":\"cs\",\"@id\":\"https:\/\/planikafires.shop\/cs\/#\/schema\/logo\/image\/\",\"url\":\"https:\/\/planikafires.shop\/wp-content\/uploads\/2022\/06\/logo.png\",\"contentUrl\":\"https:\/\/planikafires.shop\/wp-content\/uploads\/2022\/06\/logo.png\",\"width\":191,\"height\":78,\"caption\":\"Planika\"},\"image\":{\"@id\":\"https:\/\/planikafires.shop\/cs\/#\/schema\/logo\/image\/\"}}]}<\/script>\n<!-- \/ Yoast SEO plugin. -->","yoast_head_json":{"title":"PORTO | Planika","robots":{"index":"index","follow":"follow","max-snippet":"max-snippet:-1","max-image-preview":"max-image-preview:large","max-video-preview":"max-video-preview:-1"},"canonical":"https:\/\/planikafires.shop\/produkt\/porto\/","og_locale":"cs_CZ","og_type":"article","og_title":"PORTO | Planika","og_description":"\u00dapln\u011b prvn\u00ed biokrb sv\u00e9ho druhu do interi\u00e9ru. Je to alternativa k plynov\u00fdm vn\u011bj\u0161\u00edm voln\u011b stoj\u00edc\u00edm krbem.","og_url":"https:\/\/planikafires.shop\/produkt\/porto\/","og_site_name":"Planika","og_image":[{"width":1668,"height":2500,"url":"https:\/\/planikafires.shop\/wp-content\/uploads\/2023\/01\/Porto_Daze_2500px_1.jpg","type":"image\/jpeg"}],"twitter_card":"summary_large_image","twitter_misc":{"Odhadovan\u00e1 doba \u010dten\u00ed":"1 minuta"},"schema":{"@context":"https:\/\/schema.org","@graph":[{"@type":"WebPage","@id":"https:\/\/planikafires.shop\/produkt\/porto\/","url":"https:\/\/planikafires.shop\/produkt\/porto\/","name":"PORTO | Planika","isPartOf":{"@id":"https:\/\/planikafires.shop\/cs\/#website"},"primaryImageOfPage":{"@id":"https:\/\/planikafires.shop\/produkt\/porto\/#primaryimage"},"image":{"@id":"https:\/\/planikafires.shop\/produkt\/porto\/#primaryimage"},"thumbnailUrl":"https:\/\/planikafires.shop\/wp-content\/uploads\/2023\/01\/Porto_Daze_2500px_1.jpg","datePublished":"2023-01-12T08:25:06+00:00","dateModified":"2023-01-12T08:25:06+00:00","breadcrumb":{"@id":"https:\/\/planikafires.shop\/produkt\/porto\/#breadcrumb"},"inLanguage":"cs","potentialAction":[{"@type":"ReadAction","target":["https:\/\/planikafires.shop\/produkt\/porto\/"]}]},{"@type":"ImageObject","inLanguage":"cs","@id":"https:\/\/planikafires.shop\/produkt\/porto\/#primaryimage","url":"https:\/\/planikafires.shop\/wp-content\/uploads\/2023\/01\/Porto_Daze_2500px_1.jpg","contentUrl":"https:\/\/planikafires.shop\/wp-content\/uploads\/2023\/01\/Porto_Daze_2500px_1.jpg","width":1668,"height":2500},{"@type":"BreadcrumbList","@id":"https:\/\/planikafires.shop\/produkt\/porto\/#breadcrumb","itemListElement":[{"@type":"ListItem","position":1,"name":"Domovsk\u00e1 str\u00e1nka","item":"https:\/\/planikafires.shop\/cs\/"},{"@type":"ListItem","position":2,"name":"Obchod","item":"https:\/\/planikafires.shop\/cs\/shop\/"},{"@type":"ListItem","position":3,"name":"PORTO"}]},{"@type":"WebSite","@id":"https:\/\/planikafires.shop\/cs\/#website","url":"https:\/\/planikafires.shop\/cs\/","name":"Planika","description":"Modern\u00e9 rie\u0161enie krbov","publisher":{"@id":"https:\/\/planikafires.shop\/cs\/#organization"},"potentialAction":[{"@type":"SearchAction","target":{"@type":"EntryPoint","urlTemplate":"https:\/\/planikafires.shop\/cs\/?s={search_term_string}"},"query-input":{"@type":"PropertyValueSpecification","valueRequired":true,"valueName":"search_term_string"}}],"inLanguage":"cs"},{"@type":"Organization","@id":"https:\/\/planikafires.shop\/cs\/#organization","name":"Planika","url":"https:\/\/planikafires.shop\/cs\/","logo":{"@type":"ImageObject","inLanguage":"cs","@id":"https:\/\/planikafires.shop\/cs\/#\/schema\/logo\/image\/","url":"https:\/\/planikafires.shop\/wp-content\/uploads\/2022\/06\/logo.png","contentUrl":"https:\/\/planikafires.shop\/wp-content\/uploads\/2022\/06\/logo.png","width":191,"height":78,"caption":"Planika"},"image":{"@id":"https:\/\/planikafires.shop\/cs\/#\/schema\/logo\/image\/"}}]}},"_links":{"self":[{"href":"https:\/\/planikafires.shop\/cs\/wp-json\/wp\/v2\/product\/11043","targetHints":{"allow":["GET"]}}],"collection":[{"href":"https:\/\/planikafires.shop\/cs\/wp-json\/wp\/v2\/product"}],"about":[{"href":"https:\/\/planikafires.shop\/cs\/wp-json\/wp\/v2\/types\/product"}],"version-history":[{"count":0,"href":"https:\/\/planikafires.shop\/cs\/wp-json\/wp\/v2\/product\/11043\/revisions"}],"wp:featuredmedia":[{"embeddable":true,"href":"https:\/\/planikafires.shop\/cs\/wp-json\/wp\/v2\/media\/10988"}],"wp:attachment":[{"href":"https:\/\/planikafires.shop\/cs\/wp-json\/wp\/v2\/media?parent=11043"}],"wp:term":[{"taxonomy":"product_brand","embeddable":true,"href":"https:\/\/planikafires.shop\/cs\/wp-json\/wp\/v2\/product_brand?post=11043"},{"taxonomy":"product_cat","embeddable":true,"href":"https:\/\/planikafires.shop\/cs\/wp-json\/wp\/v2\/product_cat?post=11043"},{"taxonomy":"product_tag","embeddable":true,"href":"https:\/\/planikafires.shop\/cs\/wp-json\/wp\/v2\/product_tag?post=11043"}],"curies":[{"name":"wp","href":"https:\/\/api.w.org\/{rel}","templated":true}]}}