{"id":11091,"date":"2022-08-17T14:40:31","date_gmt":"2022-08-17T12:40:31","guid":{"rendered":"https:\/\/planikafires.shop\/produkt\/lighthouse-black\/"},"modified":"2022-08-17T14:40:31","modified_gmt":"2022-08-17T12:40:31","slug":"lighthouse-black-2","status":"publish","type":"product","link":"https:\/\/planikafires.shop\/cs\/produkt\/lighthouse-black-2\/","title":{"rendered":"LIGHTHOUSE BLACK"},"content":{"rendered":"<ul>\n<li><strong>Bez kou\u0159e<\/strong><\/li>\n<li><strong>Bez popela<\/strong><\/li>\n<li><strong>Bez kom\u00edna<\/strong><\/li>\n<li>plynov\u00fd krb<\/li>\n<li>LPG plnen\u00ed<\/li>\n<li>Nevy\u017eaduje p\u0159ipojen\u00ed k elektrick\u00e9 energii<\/li>\n<li>Pou\u017eit\u00ed v exteri\u00e9ri<\/li>\n<li>Certifikov\u00e1no<\/li>\n<li>P\u0159enosn\u00fd<\/li>\n<li>Povrchov\u00e1 \u00faprava &#8211; \u010dernou pr\u00e1\u0161kovanou pota\u017een\u00e1 ocel<\/li>\n<li>Tvrzen\u00e9 sklo<\/li>\n<li>Dekora\u010dn\u00ed diamantov\u00e9 kameny<\/li>\n<li>Ho\u0159\u00e1k &#8211; nerez<\/li>\n<li>Palivo: LPG<\/li>\n<li>Tlak: 37 mbar<\/li>\n<li>Spot\u0159eba: 0,32 kg\/ hod.<\/li>\n<li>V\u00fdkon: 4 kW<\/li>\n<li>Hmotnost netto: 54,2 kg<\/li>\n<li>Interval v\u011btr\u00e1n\u00ed: min. 1\/h<\/li>\n<li>Rozm\u011bry Vx\u0160xH: 1560 x 400 x 400 mm<\/li>\n<\/ul>\n","protected":false},"excerpt":{"rendered":"<p>Bez kou\u0159e Bez popela Bez kom\u00edna plynov\u00fd krb LPG plnen\u00ed Nevy\u017eaduje p\u0159ipojen\u00ed k elektrick\u00e9 energii Pou\u017eit\u00ed v exteri\u00e9ri Certifikov\u00e1no P\u0159enosn\u00fd Povrchov\u00e1 \u00faprava &#8211; \u010dernou pr\u00e1\u0161kovanou pota\u017een\u00e1 ocel Tvrzen\u00e9 sklo Dekora\u010dn\u00ed diamantov\u00e9 kameny Ho\u0159\u00e1k &#8211; nerez Palivo: LPG Tlak: 37 mbar Spot\u0159eba: 0,32 kg\/ hod. V\u00fdkon: 4 kW Hmotnost netto: 54,2 kg Interval v\u011btr\u00e1n\u00ed: min. 1\/h [&hellip;]<\/p>\n","protected":false},"featured_media":9962,"template":"","meta":{"_acf_changed":false},"product_brand":[],"product_cat":[184],"product_tag":[],"class_list":{"0":"post-11091","1":"product","2":"type-product","3":"status-publish","4":"has-post-thumbnail","6":"product_cat-exterierovy-volne-stojici-plynovy-krb","7":"product_shipping_class-1-2-paleta-cs","9":"first","10":"onbackorder","11":"taxable","12":"shipping-taxable","13":"purchasable","14":"product-type-simple"},"acf":[],"yoast_head":"<!-- This site is optimized with the Yoast SEO plugin v24.2 - https:\/\/yoast.com\/wordpress\/plugins\/seo\/ -->\n<title>LIGHTHOUSE BLACK | Planika<\/title>\n<meta name=\"robots\" content=\"index, follow, max-snippet:-1, max-image-preview:large, max-video-preview:-1\" \/>\n<link rel=\"canonical\" href=\"https:\/\/planikafires.shop\/cs\/produkt\/lighthouse-black-2\/\" \/>\n<meta property=\"og:locale\" content=\"cs_CZ\" \/>\n<meta property=\"og:type\" content=\"article\" \/>\n<meta property=\"og:title\" content=\"LIGHTHOUSE BLACK | Planika\" \/>\n<meta property=\"og:description\" content=\"Bez kou\u0159e Bez popela Bez kom\u00edna plynov\u00fd krb LPG plnen\u00ed Nevy\u017eaduje p\u0159ipojen\u00ed k elektrick\u00e9 energii Pou\u017eit\u00ed v exteri\u00e9ri Certifikov\u00e1no P\u0159enosn\u00fd Povrchov\u00e1 \u00faprava &#8211; \u010dernou pr\u00e1\u0161kovanou pota\u017een\u00e1 ocel Tvrzen\u00e9 sklo Dekora\u010dn\u00ed diamantov\u00e9 kameny Ho\u0159\u00e1k &#8211; nerez Palivo: LPG Tlak: 37 mbar Spot\u0159eba: 0,32 kg\/ hod. V\u00fdkon: 4 kW Hmotnost netto: 54,2 kg Interval v\u011btr\u00e1n\u00ed: min. 1\/h [&hellip;]\" \/>\n<meta property=\"og:url\" content=\"https:\/\/planikafires.shop\/cs\/produkt\/lighthouse-black-2\/\" \/>\n<meta property=\"og:site_name\" content=\"Planika\" \/>\n<meta property=\"og:image\" content=\"https:\/\/planikafires.shop\/wp-content\/uploads\/2022\/08\/lighthouse-category-800x0-c-default.jpg\" \/>\n\t<meta property=\"og:image:width\" content=\"800\" \/>\n\t<meta property=\"og:image:height\" content=\"811\" \/>\n\t<meta property=\"og:image:type\" content=\"image\/jpeg\" \/>\n<meta name=\"twitter:card\" content=\"summary_large_image\" \/>\n<script type=\"application\/ld+json\" class=\"yoast-schema-graph\">{\"@context\":\"https:\/\/schema.org\",\"@graph\":[{\"@type\":\"WebPage\",\"@id\":\"https:\/\/planikafires.shop\/cs\/produkt\/lighthouse-black-2\/\",\"url\":\"https:\/\/planikafires.shop\/cs\/produkt\/lighthouse-black-2\/\",\"name\":\"LIGHTHOUSE BLACK | Planika\",\"isPartOf\":{\"@id\":\"https:\/\/planikafires.shop\/cs\/#website\"},\"primaryImageOfPage\":{\"@id\":\"https:\/\/planikafires.shop\/cs\/produkt\/lighthouse-black-2\/#primaryimage\"},\"image\":{\"@id\":\"https:\/\/planikafires.shop\/cs\/produkt\/lighthouse-black-2\/#primaryimage\"},\"thumbnailUrl\":\"https:\/\/planikafires.shop\/wp-content\/uploads\/2022\/08\/lighthouse-category-800x0-c-default.jpg\",\"datePublished\":\"2022-08-17T12:40:31+00:00\",\"dateModified\":\"2022-08-17T12:40:31+00:00\",\"breadcrumb\":{\"@id\":\"https:\/\/planikafires.shop\/cs\/produkt\/lighthouse-black-2\/#breadcrumb\"},\"inLanguage\":\"cs\",\"potentialAction\":[{\"@type\":\"ReadAction\",\"target\":[\"https:\/\/planikafires.shop\/cs\/produkt\/lighthouse-black-2\/\"]}]},{\"@type\":\"ImageObject\",\"inLanguage\":\"cs\",\"@id\":\"https:\/\/planikafires.shop\/cs\/produkt\/lighthouse-black-2\/#primaryimage\",\"url\":\"https:\/\/planikafires.shop\/wp-content\/uploads\/2022\/08\/lighthouse-category-800x0-c-default.jpg\",\"contentUrl\":\"https:\/\/planikafires.shop\/wp-content\/uploads\/2022\/08\/lighthouse-category-800x0-c-default.jpg\",\"width\":800,\"height\":811},{\"@type\":\"BreadcrumbList\",\"@id\":\"https:\/\/planikafires.shop\/cs\/produkt\/lighthouse-black-2\/#breadcrumb\",\"itemListElement\":[{\"@type\":\"ListItem\",\"position\":1,\"name\":\"Domovsk\u00e1 str\u00e1nka\",\"item\":\"https:\/\/planikafires.shop\/cs\/\"},{\"@type\":\"ListItem\",\"position\":2,\"name\":\"Obchod\",\"item\":\"https:\/\/planikafires.shop\/cs\/shop\/\"},{\"@type\":\"ListItem\",\"position\":3,\"name\":\"LIGHTHOUSE BLACK\"}]},{\"@type\":\"WebSite\",\"@id\":\"https:\/\/planikafires.shop\/cs\/#website\",\"url\":\"https:\/\/planikafires.shop\/cs\/\",\"name\":\"Planika\",\"description\":\"Modern\u00e9 rie\u0161enie krbov\",\"publisher\":{\"@id\":\"https:\/\/planikafires.shop\/cs\/#organization\"},\"potentialAction\":[{\"@type\":\"SearchAction\",\"target\":{\"@type\":\"EntryPoint\",\"urlTemplate\":\"https:\/\/planikafires.shop\/cs\/?s={search_term_string}\"},\"query-input\":{\"@type\":\"PropertyValueSpecification\",\"valueRequired\":true,\"valueName\":\"search_term_string\"}}],\"inLanguage\":\"cs\"},{\"@type\":\"Organization\",\"@id\":\"https:\/\/planikafires.shop\/cs\/#organization\",\"name\":\"Planika\",\"url\":\"https:\/\/planikafires.shop\/cs\/\",\"logo\":{\"@type\":\"ImageObject\",\"inLanguage\":\"cs\",\"@id\":\"https:\/\/planikafires.shop\/cs\/#\/schema\/logo\/image\/\",\"url\":\"https:\/\/planikafires.shop\/wp-content\/uploads\/2022\/06\/logo.png\",\"contentUrl\":\"https:\/\/planikafires.shop\/wp-content\/uploads\/2022\/06\/logo.png\",\"width\":191,\"height\":78,\"caption\":\"Planika\"},\"image\":{\"@id\":\"https:\/\/planikafires.shop\/cs\/#\/schema\/logo\/image\/\"}}]}<\/script>\n<!-- \/ Yoast SEO plugin. -->","yoast_head_json":{"title":"LIGHTHOUSE BLACK | Planika","robots":{"index":"index","follow":"follow","max-snippet":"max-snippet:-1","max-image-preview":"max-image-preview:large","max-video-preview":"max-video-preview:-1"},"canonical":"https:\/\/planikafires.shop\/cs\/produkt\/lighthouse-black-2\/","og_locale":"cs_CZ","og_type":"article","og_title":"LIGHTHOUSE BLACK | Planika","og_description":"Bez kou\u0159e Bez popela Bez kom\u00edna plynov\u00fd krb LPG plnen\u00ed Nevy\u017eaduje p\u0159ipojen\u00ed k elektrick\u00e9 energii Pou\u017eit\u00ed v exteri\u00e9ri Certifikov\u00e1no P\u0159enosn\u00fd Povrchov\u00e1 \u00faprava &#8211; \u010dernou pr\u00e1\u0161kovanou pota\u017een\u00e1 ocel Tvrzen\u00e9 sklo Dekora\u010dn\u00ed diamantov\u00e9 kameny Ho\u0159\u00e1k &#8211; nerez Palivo: LPG Tlak: 37 mbar Spot\u0159eba: 0,32 kg\/ hod. V\u00fdkon: 4 kW Hmotnost netto: 54,2 kg Interval v\u011btr\u00e1n\u00ed: min. 1\/h [&hellip;]","og_url":"https:\/\/planikafires.shop\/cs\/produkt\/lighthouse-black-2\/","og_site_name":"Planika","og_image":[{"width":800,"height":811,"url":"https:\/\/planikafires.shop\/wp-content\/uploads\/2022\/08\/lighthouse-category-800x0-c-default.jpg","type":"image\/jpeg"}],"twitter_card":"summary_large_image","schema":{"@context":"https:\/\/schema.org","@graph":[{"@type":"WebPage","@id":"https:\/\/planikafires.shop\/cs\/produkt\/lighthouse-black-2\/","url":"https:\/\/planikafires.shop\/cs\/produkt\/lighthouse-black-2\/","name":"LIGHTHOUSE BLACK | Planika","isPartOf":{"@id":"https:\/\/planikafires.shop\/cs\/#website"},"primaryImageOfPage":{"@id":"https:\/\/planikafires.shop\/cs\/produkt\/lighthouse-black-2\/#primaryimage"},"image":{"@id":"https:\/\/planikafires.shop\/cs\/produkt\/lighthouse-black-2\/#primaryimage"},"thumbnailUrl":"https:\/\/planikafires.shop\/wp-content\/uploads\/2022\/08\/lighthouse-category-800x0-c-default.jpg","datePublished":"2022-08-17T12:40:31+00:00","dateModified":"2022-08-17T12:40:31+00:00","breadcrumb":{"@id":"https:\/\/planikafires.shop\/cs\/produkt\/lighthouse-black-2\/#breadcrumb"},"inLanguage":"cs","potentialAction":[{"@type":"ReadAction","target":["https:\/\/planikafires.shop\/cs\/produkt\/lighthouse-black-2\/"]}]},{"@type":"ImageObject","inLanguage":"cs","@id":"https:\/\/planikafires.shop\/cs\/produkt\/lighthouse-black-2\/#primaryimage","url":"https:\/\/planikafires.shop\/wp-content\/uploads\/2022\/08\/lighthouse-category-800x0-c-default.jpg","contentUrl":"https:\/\/planikafires.shop\/wp-content\/uploads\/2022\/08\/lighthouse-category-800x0-c-default.jpg","width":800,"height":811},{"@type":"BreadcrumbList","@id":"https:\/\/planikafires.shop\/cs\/produkt\/lighthouse-black-2\/#breadcrumb","itemListElement":[{"@type":"ListItem","position":1,"name":"Domovsk\u00e1 str\u00e1nka","item":"https:\/\/planikafires.shop\/cs\/"},{"@type":"ListItem","position":2,"name":"Obchod","item":"https:\/\/planikafires.shop\/cs\/shop\/"},{"@type":"ListItem","position":3,"name":"LIGHTHOUSE BLACK"}]},{"@type":"WebSite","@id":"https:\/\/planikafires.shop\/cs\/#website","url":"https:\/\/planikafires.shop\/cs\/","name":"Planika","description":"Modern\u00e9 rie\u0161enie krbov","publisher":{"@id":"https:\/\/planikafires.shop\/cs\/#organization"},"potentialAction":[{"@type":"SearchAction","target":{"@type":"EntryPoint","urlTemplate":"https:\/\/planikafires.shop\/cs\/?s={search_term_string}"},"query-input":{"@type":"PropertyValueSpecification","valueRequired":true,"valueName":"search_term_string"}}],"inLanguage":"cs"},{"@type":"Organization","@id":"https:\/\/planikafires.shop\/cs\/#organization","name":"Planika","url":"https:\/\/planikafires.shop\/cs\/","logo":{"@type":"ImageObject","inLanguage":"cs","@id":"https:\/\/planikafires.shop\/cs\/#\/schema\/logo\/image\/","url":"https:\/\/planikafires.shop\/wp-content\/uploads\/2022\/06\/logo.png","contentUrl":"https:\/\/planikafires.shop\/wp-content\/uploads\/2022\/06\/logo.png","width":191,"height":78,"caption":"Planika"},"image":{"@id":"https:\/\/planikafires.shop\/cs\/#\/schema\/logo\/image\/"}}]}},"_links":{"self":[{"href":"https:\/\/planikafires.shop\/cs\/wp-json\/wp\/v2\/product\/11091","targetHints":{"allow":["GET"]}}],"collection":[{"href":"https:\/\/planikafires.shop\/cs\/wp-json\/wp\/v2\/product"}],"about":[{"href":"https:\/\/planikafires.shop\/cs\/wp-json\/wp\/v2\/types\/product"}],"version-history":[{"count":0,"href":"https:\/\/planikafires.shop\/cs\/wp-json\/wp\/v2\/product\/11091\/revisions"}],"wp:featuredmedia":[{"embeddable":true,"href":"https:\/\/planikafires.shop\/cs\/wp-json\/wp\/v2\/media\/9962"}],"wp:attachment":[{"href":"https:\/\/planikafires.shop\/cs\/wp-json\/wp\/v2\/media?parent=11091"}],"wp:term":[{"taxonomy":"product_brand","embeddable":true,"href":"https:\/\/planikafires.shop\/cs\/wp-json\/wp\/v2\/product_brand?post=11091"},{"taxonomy":"product_cat","embeddable":true,"href":"https:\/\/planikafires.shop\/cs\/wp-json\/wp\/v2\/product_cat?post=11091"},{"taxonomy":"product_tag","embeddable":true,"href":"https:\/\/planikafires.shop\/cs\/wp-json\/wp\/v2\/product_tag?post=11091"}],"curies":[{"name":"wp","href":"https:\/\/api.w.org\/{rel}","templated":true}]}}