{"id":11092,"date":"2022-08-17T14:38:44","date_gmt":"2022-08-17T12:38:44","guid":{"rendered":"https:\/\/planikafires.shop\/produkt\/square-table\/"},"modified":"2023-07-26T08:46:19","modified_gmt":"2023-07-26T06:46:19","slug":"square-table","status":"publish","type":"product","link":"https:\/\/planikafires.shop\/cs\/produkt\/square-table\/","title":{"rendered":"SQUARE TABLE"},"content":{"rendered":"<ul>\n<li>Plynov\u00e9 ohni\u0161t\u011b na LPG s bo\u010dn\u00edm stolkem<\/li>\n<li>Pouze na vn\u011bj\u0161\u00ed pou\u017eit\u00ed<\/li>\n<li>Voln\u011b stoj\u00edc\u00ed za\u0159\u00edzen\u00ed<\/li>\n<li>Bezpe\u010dnostn\u00ed senzory<\/li>\n<li>Nen\u00ed t\u0159eba elektrick\u00e9 p\u0159ipojen\u00ed<\/li>\n<li>Celkov\u00e1 d\u00e9lka plynov\u00e9 hadice 4 m (od ventilu k regul\u00e1toru tlaku)<\/li>\n<li>CE certifikovan\u00fd syst\u00e9m ovl\u00e1d\u00e1n\u00ed<\/li>\n<li>Materi\u00e1l: pozinkovan\u00e1 ocel (vysoce odoln\u00e1)<\/li>\n<li>Ho\u0159\u00e1k-nerezov\u00e1 ocel<\/li>\n<li>Pln\u011b p\u0159enosn\u00fd &#8211; l\u00e1hev s LPG ukryt\u00e1 uvnit\u0159 topeni\u0161t\u011b<\/li>\n<li>Obal na ohni\u0161t\u011b<strong>&#8211; V CEN\u011a!<\/strong><\/li>\n<li>Chr\u00e1ni\u010dka na kabel &#8211; <strong>ZA P\u0158\u00cdPLATEK<\/strong><\/li>\n<li>Obal na plynovou l\u00e1hev \u010dern\u00fd (pro extern\u00ed plynovou l\u00e1hev)<strong> &#8211; ZA P\u0158\u00cdPLATEK<\/strong><\/li>\n<li>V\u00fdkon: 7,0 &#8211; 10,0 kW<\/li>\n<li>Hmotnost: 32 kg<\/li>\n<li>Spot\u0159eba LPG: 0,50 &#8211; 0,65 kg \/hod. (p\u0159i ho\u0159en\u00ed 55 hod)<\/li>\n<li>Tlak: 37 mbar<\/li>\n<li>Celkov\u00e1 d\u00e9lka plynov\u00e9 hadice 4 m (od ventilu k regul\u00e1toru tlaku)<\/li>\n<li>Rozm\u011bry: (\u0161 x v x h): 900 x 797 (so sklem) x 900 mm<\/li>\n<\/ul>\n<p><strong>DOBA DOD\u00c1N\u00cd: 13 pracovn\u00edch dn\u016f<\/strong><\/p>\n","protected":false},"excerpt":{"rendered":"<p>BASIC COLLECTION<\/p>\n","protected":false},"featured_media":12831,"template":"","meta":{"_acf_changed":false},"product_brand":[],"product_cat":[298],"product_tag":[285],"class_list":{"0":"post-11092","1":"product","2":"type-product","3":"status-publish","4":"has-post-thumbnail","6":"product_cat-ohniste-se-stolem","7":"product_tag-basic-collection-cs","8":"product_shipping_class-1-2-paleta-cs","10":"first","11":"onbackorder","12":"taxable","13":"shipping-taxable","14":"purchasable","15":"product-type-simple"},"acf":[],"yoast_head":"<!-- This site is optimized with the Yoast SEO plugin v24.2 - https:\/\/yoast.com\/wordpress\/plugins\/seo\/ -->\n<title>SQUARE TABLE | Planika<\/title>\n<meta name=\"robots\" content=\"index, follow, max-snippet:-1, max-image-preview:large, max-video-preview:-1\" \/>\n<link rel=\"canonical\" href=\"https:\/\/planikafires.shop\/produkt\/square-table\/\" \/>\n<meta property=\"og:locale\" content=\"cs_CZ\" \/>\n<meta property=\"og:type\" content=\"article\" \/>\n<meta property=\"og:title\" content=\"SQUARE TABLE | Planika\" \/>\n<meta property=\"og:description\" content=\"BASIC COLLECTION\" \/>\n<meta property=\"og:url\" content=\"https:\/\/planikafires.shop\/produkt\/square-table\/\" \/>\n<meta property=\"og:site_name\" content=\"Planika\" \/>\n<meta property=\"article:modified_time\" content=\"2023-07-26T06:46:19+00:00\" \/>\n<meta property=\"og:image\" content=\"https:\/\/planikafires.shop\/wp-content\/uploads\/2022\/08\/square-table-category-800x0-c-default.jpg\" \/>\n\t<meta property=\"og:image:width\" content=\"800\" \/>\n\t<meta property=\"og:image:height\" content=\"811\" \/>\n\t<meta property=\"og:image:type\" content=\"image\/jpeg\" \/>\n<meta name=\"twitter:card\" content=\"summary_large_image\" \/>\n<meta name=\"twitter:label1\" content=\"Odhadovan\u00e1 doba \u010dten\u00ed\" \/>\n\t<meta name=\"twitter:data1\" content=\"1 minuta\" \/>\n<script type=\"application\/ld+json\" class=\"yoast-schema-graph\">{\"@context\":\"https:\/\/schema.org\",\"@graph\":[{\"@type\":\"WebPage\",\"@id\":\"https:\/\/planikafires.shop\/produkt\/square-table\/\",\"url\":\"https:\/\/planikafires.shop\/produkt\/square-table\/\",\"name\":\"SQUARE TABLE | Planika\",\"isPartOf\":{\"@id\":\"https:\/\/planikafires.shop\/cs\/#website\"},\"primaryImageOfPage\":{\"@id\":\"https:\/\/planikafires.shop\/produkt\/square-table\/#primaryimage\"},\"image\":{\"@id\":\"https:\/\/planikafires.shop\/produkt\/square-table\/#primaryimage\"},\"thumbnailUrl\":\"https:\/\/planikafires.shop\/wp-content\/uploads\/2022\/08\/Square_Table.jpg\",\"datePublished\":\"2022-08-17T12:38:44+00:00\",\"dateModified\":\"2023-07-26T06:46:19+00:00\",\"breadcrumb\":{\"@id\":\"https:\/\/planikafires.shop\/produkt\/square-table\/#breadcrumb\"},\"inLanguage\":\"cs\",\"potentialAction\":[{\"@type\":\"ReadAction\",\"target\":[\"https:\/\/planikafires.shop\/produkt\/square-table\/\"]}]},{\"@type\":\"ImageObject\",\"inLanguage\":\"cs\",\"@id\":\"https:\/\/planikafires.shop\/produkt\/square-table\/#primaryimage\",\"url\":\"https:\/\/planikafires.shop\/wp-content\/uploads\/2022\/08\/Square_Table.jpg\",\"contentUrl\":\"https:\/\/planikafires.shop\/wp-content\/uploads\/2022\/08\/Square_Table.jpg\",\"width\":1920,\"height\":1281},{\"@type\":\"BreadcrumbList\",\"@id\":\"https:\/\/planikafires.shop\/produkt\/square-table\/#breadcrumb\",\"itemListElement\":[{\"@type\":\"ListItem\",\"position\":1,\"name\":\"Domovsk\u00e1 str\u00e1nka\",\"item\":\"https:\/\/planikafires.shop\/cs\/\"},{\"@type\":\"ListItem\",\"position\":2,\"name\":\"Obchod\",\"item\":\"https:\/\/planikafires.shop\/cs\/shop\/\"},{\"@type\":\"ListItem\",\"position\":3,\"name\":\"SQUARE TABLE\"}]},{\"@type\":\"WebSite\",\"@id\":\"https:\/\/planikafires.shop\/cs\/#website\",\"url\":\"https:\/\/planikafires.shop\/cs\/\",\"name\":\"Planika\",\"description\":\"Modern\u00e9 rie\u0161enie krbov\",\"publisher\":{\"@id\":\"https:\/\/planikafires.shop\/cs\/#organization\"},\"potentialAction\":[{\"@type\":\"SearchAction\",\"target\":{\"@type\":\"EntryPoint\",\"urlTemplate\":\"https:\/\/planikafires.shop\/cs\/?s={search_term_string}\"},\"query-input\":{\"@type\":\"PropertyValueSpecification\",\"valueRequired\":true,\"valueName\":\"search_term_string\"}}],\"inLanguage\":\"cs\"},{\"@type\":\"Organization\",\"@id\":\"https:\/\/planikafires.shop\/cs\/#organization\",\"name\":\"Planika\",\"url\":\"https:\/\/planikafires.shop\/cs\/\",\"logo\":{\"@type\":\"ImageObject\",\"inLanguage\":\"cs\",\"@id\":\"https:\/\/planikafires.shop\/cs\/#\/schema\/logo\/image\/\",\"url\":\"https:\/\/planikafires.shop\/wp-content\/uploads\/2022\/06\/logo.png\",\"contentUrl\":\"https:\/\/planikafires.shop\/wp-content\/uploads\/2022\/06\/logo.png\",\"width\":191,\"height\":78,\"caption\":\"Planika\"},\"image\":{\"@id\":\"https:\/\/planikafires.shop\/cs\/#\/schema\/logo\/image\/\"}}]}<\/script>\n<!-- \/ Yoast SEO plugin. -->","yoast_head_json":{"title":"SQUARE TABLE | Planika","robots":{"index":"index","follow":"follow","max-snippet":"max-snippet:-1","max-image-preview":"max-image-preview:large","max-video-preview":"max-video-preview:-1"},"canonical":"https:\/\/planikafires.shop\/produkt\/square-table\/","og_locale":"cs_CZ","og_type":"article","og_title":"SQUARE TABLE | Planika","og_description":"BASIC COLLECTION","og_url":"https:\/\/planikafires.shop\/produkt\/square-table\/","og_site_name":"Planika","article_modified_time":"2023-07-26T06:46:19+00:00","og_image":[{"width":800,"height":811,"url":"https:\/\/planikafires.shop\/wp-content\/uploads\/2022\/08\/square-table-category-800x0-c-default.jpg","type":"image\/jpeg"}],"twitter_card":"summary_large_image","twitter_misc":{"Odhadovan\u00e1 doba \u010dten\u00ed":"1 minuta"},"schema":{"@context":"https:\/\/schema.org","@graph":[{"@type":"WebPage","@id":"https:\/\/planikafires.shop\/produkt\/square-table\/","url":"https:\/\/planikafires.shop\/produkt\/square-table\/","name":"SQUARE TABLE | Planika","isPartOf":{"@id":"https:\/\/planikafires.shop\/cs\/#website"},"primaryImageOfPage":{"@id":"https:\/\/planikafires.shop\/produkt\/square-table\/#primaryimage"},"image":{"@id":"https:\/\/planikafires.shop\/produkt\/square-table\/#primaryimage"},"thumbnailUrl":"https:\/\/planikafires.shop\/wp-content\/uploads\/2022\/08\/Square_Table.jpg","datePublished":"2022-08-17T12:38:44+00:00","dateModified":"2023-07-26T06:46:19+00:00","breadcrumb":{"@id":"https:\/\/planikafires.shop\/produkt\/square-table\/#breadcrumb"},"inLanguage":"cs","potentialAction":[{"@type":"ReadAction","target":["https:\/\/planikafires.shop\/produkt\/square-table\/"]}]},{"@type":"ImageObject","inLanguage":"cs","@id":"https:\/\/planikafires.shop\/produkt\/square-table\/#primaryimage","url":"https:\/\/planikafires.shop\/wp-content\/uploads\/2022\/08\/Square_Table.jpg","contentUrl":"https:\/\/planikafires.shop\/wp-content\/uploads\/2022\/08\/Square_Table.jpg","width":1920,"height":1281},{"@type":"BreadcrumbList","@id":"https:\/\/planikafires.shop\/produkt\/square-table\/#breadcrumb","itemListElement":[{"@type":"ListItem","position":1,"name":"Domovsk\u00e1 str\u00e1nka","item":"https:\/\/planikafires.shop\/cs\/"},{"@type":"ListItem","position":2,"name":"Obchod","item":"https:\/\/planikafires.shop\/cs\/shop\/"},{"@type":"ListItem","position":3,"name":"SQUARE TABLE"}]},{"@type":"WebSite","@id":"https:\/\/planikafires.shop\/cs\/#website","url":"https:\/\/planikafires.shop\/cs\/","name":"Planika","description":"Modern\u00e9 rie\u0161enie krbov","publisher":{"@id":"https:\/\/planikafires.shop\/cs\/#organization"},"potentialAction":[{"@type":"SearchAction","target":{"@type":"EntryPoint","urlTemplate":"https:\/\/planikafires.shop\/cs\/?s={search_term_string}"},"query-input":{"@type":"PropertyValueSpecification","valueRequired":true,"valueName":"search_term_string"}}],"inLanguage":"cs"},{"@type":"Organization","@id":"https:\/\/planikafires.shop\/cs\/#organization","name":"Planika","url":"https:\/\/planikafires.shop\/cs\/","logo":{"@type":"ImageObject","inLanguage":"cs","@id":"https:\/\/planikafires.shop\/cs\/#\/schema\/logo\/image\/","url":"https:\/\/planikafires.shop\/wp-content\/uploads\/2022\/06\/logo.png","contentUrl":"https:\/\/planikafires.shop\/wp-content\/uploads\/2022\/06\/logo.png","width":191,"height":78,"caption":"Planika"},"image":{"@id":"https:\/\/planikafires.shop\/cs\/#\/schema\/logo\/image\/"}}]}},"_links":{"self":[{"href":"https:\/\/planikafires.shop\/cs\/wp-json\/wp\/v2\/product\/11092","targetHints":{"allow":["GET"]}}],"collection":[{"href":"https:\/\/planikafires.shop\/cs\/wp-json\/wp\/v2\/product"}],"about":[{"href":"https:\/\/planikafires.shop\/cs\/wp-json\/wp\/v2\/types\/product"}],"version-history":[{"count":1,"href":"https:\/\/planikafires.shop\/cs\/wp-json\/wp\/v2\/product\/11092\/revisions"}],"predecessor-version":[{"id":11646,"href":"https:\/\/planikafires.shop\/cs\/wp-json\/wp\/v2\/product\/11092\/revisions\/11646"}],"wp:featuredmedia":[{"embeddable":true,"href":"https:\/\/planikafires.shop\/cs\/wp-json\/wp\/v2\/media\/12831"}],"wp:attachment":[{"href":"https:\/\/planikafires.shop\/cs\/wp-json\/wp\/v2\/media?parent=11092"}],"wp:term":[{"taxonomy":"product_brand","embeddable":true,"href":"https:\/\/planikafires.shop\/cs\/wp-json\/wp\/v2\/product_brand?post=11092"},{"taxonomy":"product_cat","embeddable":true,"href":"https:\/\/planikafires.shop\/cs\/wp-json\/wp\/v2\/product_cat?post=11092"},{"taxonomy":"product_tag","embeddable":true,"href":"https:\/\/planikafires.shop\/cs\/wp-json\/wp\/v2\/product_tag?post=11092"}],"curies":[{"name":"wp","href":"https:\/\/api.w.org\/{rel}","templated":true}]}}