{"id":11095,"date":"2022-08-17T14:22:55","date_gmt":"2022-08-17T12:22:55","guid":{"rendered":"https:\/\/planikafires.shop\/produkt\/galio-star-corten\/"},"modified":"2022-08-17T14:22:55","modified_gmt":"2022-08-17T12:22:55","slug":"galio-star-corten-2","status":"publish","type":"product","link":"https:\/\/planikafires.shop\/cs\/produkt\/galio-star-corten-2\/","title":{"rendered":"GALIO STAR CORTEN"},"content":{"rendered":"<div class=\"parameters\"><\/div>\n<div class=\"description\">\n<ul>\n<li>Plynov\u00e9 ohni\u0161t\u011b na zemn\u00ed plyn\/LPG<\/li>\n<li>Pouze na vn\u011bj\u0161\u00ed pou\u017eit\u00ed<\/li>\n<li>Voln\u011b stoj\u00edc\u00ed za\u0159\u00edzen\u00ed &#8211; hor\u00e1ky ve tvaru hv\u011bzdy<\/li>\n<li>Nastaviteln\u00e1 v\u00fd\u0161ka plamene<\/li>\n<li>Bezpe\u010dnostn\u00ed senzory<\/li>\n<li>Nen\u00ed t\u0159eba elektrick\u00e9 p\u0159ipojen\u00ed<\/li>\n<li>CE certifikovan\u00fd syst\u00e9m ovl\u00e1d\u00e1n\u00ed<\/li>\n<li>Povrchov\u00e1 \u00faprava: cortenov\u00e1 ocel \/ \u010dern\u00e1<\/li>\n<li>Ho\u0159\u00e1k-nerezov\u00e1 ocel<\/li>\n<li>P\u0159\u00edslu\u0161enstv\u00ed: \u010dern\u00e9 diamantov\u00e9 kameny<\/li>\n<li><strong>Automatick\u00e9 ovl\u00e1d\u00e1n\u00ed n\u00e1st\u011bnn\u00e9ho ovl\u00e1dac\u00edho panelu, d\u00e1lkov\u00e9ho ovl\u00e1d\u00e1n\u00ed (v cen\u011b) nebo mobiln\u00ed pomoc\u00ed p\u0159es Wifi modul<\/strong><\/li>\n<li>Je kompatibiln\u00ed se Smart Home System<\/li>\n<li>v\u00fdkon 16,4\/17,3 kW (ZP\/LPG)<\/li>\n<li>spot\u0159eba zemn\u00edho plynu: max 1,47 m<sup>3<\/sup>\/hod<\/li>\n<li>spot\u0159eba LPG: 1,35 kg\/hod<\/li>\n<li>tlak zemn\u00ed plyn: 20 mbar<\/li>\n<li>tlak LPG: 37 mbar<\/li>\n<li>d\u00e9lka plynov\u00e9 hadice: 4 m<\/li>\n<li>rozm\u011bry (\u00d8 x V): 950 x 320 mm<\/li>\n<li>hmotnost: 37 kg<\/li>\n<\/ul>\n<p><strong>DOBA DOD\u00c1N\u00cd: 20 pracovn\u00edch dn\u016f<\/strong><\/p>\n<\/div>\n","protected":false},"excerpt":{"rendered":"<p>Multidimenzion\u00e1ln\u00ed plamen voln\u011b stoj\u00edc\u00edho krbu Galio Star Corten se okam\u017eit\u011b stane ozdobou va\u0161eho venkovn\u00edho prostoru. Jeliko\u017e nevy\u017eaduje \u017e\u00e1dn\u00e9 pevn\u00e9 p\u0159ipojen\u00ed, m\u016f\u017eete jej snadno p\u0159esouvat po va\u0161\u00ed terase.<\/p>\n","protected":false},"featured_media":9952,"template":"","meta":{"_acf_changed":false},"product_brand":[],"product_cat":[182],"product_tag":[],"class_list":{"0":"post-11095","1":"product","2":"type-product","3":"status-publish","4":"has-post-thumbnail","6":"product_cat-plynove-vnejsi-krby","8":"first","9":"outofstock","10":"taxable","11":"shipping-taxable","12":"purchasable","13":"product-type-simple"},"acf":[],"yoast_head":"<!-- This site is optimized with the Yoast SEO plugin v24.2 - https:\/\/yoast.com\/wordpress\/plugins\/seo\/ -->\n<title>GALIO STAR CORTEN | Planika<\/title>\n<meta name=\"robots\" content=\"index, follow, max-snippet:-1, max-image-preview:large, max-video-preview:-1\" \/>\n<link rel=\"canonical\" href=\"https:\/\/planikafires.shop\/cs\/produkt\/galio-star-corten-2\/\" \/>\n<meta property=\"og:locale\" content=\"cs_CZ\" \/>\n<meta property=\"og:type\" content=\"article\" \/>\n<meta property=\"og:title\" content=\"GALIO STAR CORTEN | Planika\" \/>\n<meta property=\"og:description\" content=\"Multidimenzion\u00e1ln\u00ed plamen voln\u011b stoj\u00edc\u00edho krbu Galio Star Corten se okam\u017eit\u011b stane ozdobou va\u0161eho venkovn\u00edho prostoru. Jeliko\u017e nevy\u017eaduje \u017e\u00e1dn\u00e9 pevn\u00e9 p\u0159ipojen\u00ed, m\u016f\u017eete jej snadno p\u0159esouvat po va\u0161\u00ed terase.\" \/>\n<meta property=\"og:url\" content=\"https:\/\/planikafires.shop\/cs\/produkt\/galio-star-corten-2\/\" \/>\n<meta property=\"og:site_name\" content=\"Planika\" \/>\n<meta property=\"og:image\" content=\"https:\/\/planikafires.shop\/wp-content\/uploads\/2022\/08\/galio-star-corten-category2-800x0-c-default.jpg\" \/>\n\t<meta property=\"og:image:width\" content=\"800\" \/>\n\t<meta property=\"og:image:height\" content=\"811\" \/>\n\t<meta property=\"og:image:type\" content=\"image\/jpeg\" \/>\n<meta name=\"twitter:card\" content=\"summary_large_image\" \/>\n<meta name=\"twitter:label1\" content=\"Odhadovan\u00e1 doba \u010dten\u00ed\" \/>\n\t<meta name=\"twitter:data1\" content=\"1 minuta\" \/>\n<script type=\"application\/ld+json\" class=\"yoast-schema-graph\">{\"@context\":\"https:\/\/schema.org\",\"@graph\":[{\"@type\":\"WebPage\",\"@id\":\"https:\/\/planikafires.shop\/cs\/produkt\/galio-star-corten-2\/\",\"url\":\"https:\/\/planikafires.shop\/cs\/produkt\/galio-star-corten-2\/\",\"name\":\"GALIO STAR CORTEN | Planika\",\"isPartOf\":{\"@id\":\"https:\/\/planikafires.shop\/cs\/#website\"},\"primaryImageOfPage\":{\"@id\":\"https:\/\/planikafires.shop\/cs\/produkt\/galio-star-corten-2\/#primaryimage\"},\"image\":{\"@id\":\"https:\/\/planikafires.shop\/cs\/produkt\/galio-star-corten-2\/#primaryimage\"},\"thumbnailUrl\":\"https:\/\/planikafires.shop\/wp-content\/uploads\/2022\/08\/galio-star-corten-category2-800x0-c-default.jpg\",\"datePublished\":\"2022-08-17T12:22:55+00:00\",\"dateModified\":\"2022-08-17T12:22:55+00:00\",\"breadcrumb\":{\"@id\":\"https:\/\/planikafires.shop\/cs\/produkt\/galio-star-corten-2\/#breadcrumb\"},\"inLanguage\":\"cs\",\"potentialAction\":[{\"@type\":\"ReadAction\",\"target\":[\"https:\/\/planikafires.shop\/cs\/produkt\/galio-star-corten-2\/\"]}]},{\"@type\":\"ImageObject\",\"inLanguage\":\"cs\",\"@id\":\"https:\/\/planikafires.shop\/cs\/produkt\/galio-star-corten-2\/#primaryimage\",\"url\":\"https:\/\/planikafires.shop\/wp-content\/uploads\/2022\/08\/galio-star-corten-category2-800x0-c-default.jpg\",\"contentUrl\":\"https:\/\/planikafires.shop\/wp-content\/uploads\/2022\/08\/galio-star-corten-category2-800x0-c-default.jpg\",\"width\":800,\"height\":811},{\"@type\":\"BreadcrumbList\",\"@id\":\"https:\/\/planikafires.shop\/cs\/produkt\/galio-star-corten-2\/#breadcrumb\",\"itemListElement\":[{\"@type\":\"ListItem\",\"position\":1,\"name\":\"Domovsk\u00e1 str\u00e1nka\",\"item\":\"https:\/\/planikafires.shop\/cs\/\"},{\"@type\":\"ListItem\",\"position\":2,\"name\":\"Obchod\",\"item\":\"https:\/\/planikafires.shop\/cs\/shop\/\"},{\"@type\":\"ListItem\",\"position\":3,\"name\":\"GALIO STAR CORTEN\"}]},{\"@type\":\"WebSite\",\"@id\":\"https:\/\/planikafires.shop\/cs\/#website\",\"url\":\"https:\/\/planikafires.shop\/cs\/\",\"name\":\"Planika\",\"description\":\"Modern\u00e9 rie\u0161enie krbov\",\"publisher\":{\"@id\":\"https:\/\/planikafires.shop\/cs\/#organization\"},\"potentialAction\":[{\"@type\":\"SearchAction\",\"target\":{\"@type\":\"EntryPoint\",\"urlTemplate\":\"https:\/\/planikafires.shop\/cs\/?s={search_term_string}\"},\"query-input\":{\"@type\":\"PropertyValueSpecification\",\"valueRequired\":true,\"valueName\":\"search_term_string\"}}],\"inLanguage\":\"cs\"},{\"@type\":\"Organization\",\"@id\":\"https:\/\/planikafires.shop\/cs\/#organization\",\"name\":\"Planika\",\"url\":\"https:\/\/planikafires.shop\/cs\/\",\"logo\":{\"@type\":\"ImageObject\",\"inLanguage\":\"cs\",\"@id\":\"https:\/\/planikafires.shop\/cs\/#\/schema\/logo\/image\/\",\"url\":\"https:\/\/planikafires.shop\/wp-content\/uploads\/2022\/06\/logo.png\",\"contentUrl\":\"https:\/\/planikafires.shop\/wp-content\/uploads\/2022\/06\/logo.png\",\"width\":191,\"height\":78,\"caption\":\"Planika\"},\"image\":{\"@id\":\"https:\/\/planikafires.shop\/cs\/#\/schema\/logo\/image\/\"}}]}<\/script>\n<!-- \/ Yoast SEO plugin. -->","yoast_head_json":{"title":"GALIO STAR CORTEN | Planika","robots":{"index":"index","follow":"follow","max-snippet":"max-snippet:-1","max-image-preview":"max-image-preview:large","max-video-preview":"max-video-preview:-1"},"canonical":"https:\/\/planikafires.shop\/cs\/produkt\/galio-star-corten-2\/","og_locale":"cs_CZ","og_type":"article","og_title":"GALIO STAR CORTEN | Planika","og_description":"Multidimenzion\u00e1ln\u00ed plamen voln\u011b stoj\u00edc\u00edho krbu Galio Star Corten se okam\u017eit\u011b stane ozdobou va\u0161eho venkovn\u00edho prostoru. Jeliko\u017e nevy\u017eaduje \u017e\u00e1dn\u00e9 pevn\u00e9 p\u0159ipojen\u00ed, m\u016f\u017eete jej snadno p\u0159esouvat po va\u0161\u00ed terase.","og_url":"https:\/\/planikafires.shop\/cs\/produkt\/galio-star-corten-2\/","og_site_name":"Planika","og_image":[{"width":800,"height":811,"url":"https:\/\/planikafires.shop\/wp-content\/uploads\/2022\/08\/galio-star-corten-category2-800x0-c-default.jpg","type":"image\/jpeg"}],"twitter_card":"summary_large_image","twitter_misc":{"Odhadovan\u00e1 doba \u010dten\u00ed":"1 minuta"},"schema":{"@context":"https:\/\/schema.org","@graph":[{"@type":"WebPage","@id":"https:\/\/planikafires.shop\/cs\/produkt\/galio-star-corten-2\/","url":"https:\/\/planikafires.shop\/cs\/produkt\/galio-star-corten-2\/","name":"GALIO STAR CORTEN | Planika","isPartOf":{"@id":"https:\/\/planikafires.shop\/cs\/#website"},"primaryImageOfPage":{"@id":"https:\/\/planikafires.shop\/cs\/produkt\/galio-star-corten-2\/#primaryimage"},"image":{"@id":"https:\/\/planikafires.shop\/cs\/produkt\/galio-star-corten-2\/#primaryimage"},"thumbnailUrl":"https:\/\/planikafires.shop\/wp-content\/uploads\/2022\/08\/galio-star-corten-category2-800x0-c-default.jpg","datePublished":"2022-08-17T12:22:55+00:00","dateModified":"2022-08-17T12:22:55+00:00","breadcrumb":{"@id":"https:\/\/planikafires.shop\/cs\/produkt\/galio-star-corten-2\/#breadcrumb"},"inLanguage":"cs","potentialAction":[{"@type":"ReadAction","target":["https:\/\/planikafires.shop\/cs\/produkt\/galio-star-corten-2\/"]}]},{"@type":"ImageObject","inLanguage":"cs","@id":"https:\/\/planikafires.shop\/cs\/produkt\/galio-star-corten-2\/#primaryimage","url":"https:\/\/planikafires.shop\/wp-content\/uploads\/2022\/08\/galio-star-corten-category2-800x0-c-default.jpg","contentUrl":"https:\/\/planikafires.shop\/wp-content\/uploads\/2022\/08\/galio-star-corten-category2-800x0-c-default.jpg","width":800,"height":811},{"@type":"BreadcrumbList","@id":"https:\/\/planikafires.shop\/cs\/produkt\/galio-star-corten-2\/#breadcrumb","itemListElement":[{"@type":"ListItem","position":1,"name":"Domovsk\u00e1 str\u00e1nka","item":"https:\/\/planikafires.shop\/cs\/"},{"@type":"ListItem","position":2,"name":"Obchod","item":"https:\/\/planikafires.shop\/cs\/shop\/"},{"@type":"ListItem","position":3,"name":"GALIO STAR CORTEN"}]},{"@type":"WebSite","@id":"https:\/\/planikafires.shop\/cs\/#website","url":"https:\/\/planikafires.shop\/cs\/","name":"Planika","description":"Modern\u00e9 rie\u0161enie krbov","publisher":{"@id":"https:\/\/planikafires.shop\/cs\/#organization"},"potentialAction":[{"@type":"SearchAction","target":{"@type":"EntryPoint","urlTemplate":"https:\/\/planikafires.shop\/cs\/?s={search_term_string}"},"query-input":{"@type":"PropertyValueSpecification","valueRequired":true,"valueName":"search_term_string"}}],"inLanguage":"cs"},{"@type":"Organization","@id":"https:\/\/planikafires.shop\/cs\/#organization","name":"Planika","url":"https:\/\/planikafires.shop\/cs\/","logo":{"@type":"ImageObject","inLanguage":"cs","@id":"https:\/\/planikafires.shop\/cs\/#\/schema\/logo\/image\/","url":"https:\/\/planikafires.shop\/wp-content\/uploads\/2022\/06\/logo.png","contentUrl":"https:\/\/planikafires.shop\/wp-content\/uploads\/2022\/06\/logo.png","width":191,"height":78,"caption":"Planika"},"image":{"@id":"https:\/\/planikafires.shop\/cs\/#\/schema\/logo\/image\/"}}]}},"_links":{"self":[{"href":"https:\/\/planikafires.shop\/cs\/wp-json\/wp\/v2\/product\/11095","targetHints":{"allow":["GET"]}}],"collection":[{"href":"https:\/\/planikafires.shop\/cs\/wp-json\/wp\/v2\/product"}],"about":[{"href":"https:\/\/planikafires.shop\/cs\/wp-json\/wp\/v2\/types\/product"}],"version-history":[{"count":0,"href":"https:\/\/planikafires.shop\/cs\/wp-json\/wp\/v2\/product\/11095\/revisions"}],"wp:featuredmedia":[{"embeddable":true,"href":"https:\/\/planikafires.shop\/cs\/wp-json\/wp\/v2\/media\/9952"}],"wp:attachment":[{"href":"https:\/\/planikafires.shop\/cs\/wp-json\/wp\/v2\/media?parent=11095"}],"wp:term":[{"taxonomy":"product_brand","embeddable":true,"href":"https:\/\/planikafires.shop\/cs\/wp-json\/wp\/v2\/product_brand?post=11095"},{"taxonomy":"product_cat","embeddable":true,"href":"https:\/\/planikafires.shop\/cs\/wp-json\/wp\/v2\/product_cat?post=11095"},{"taxonomy":"product_tag","embeddable":true,"href":"https:\/\/planikafires.shop\/cs\/wp-json\/wp\/v2\/product_tag?post=11095"}],"curies":[{"name":"wp","href":"https:\/\/api.w.org\/{rel}","templated":true}]}}