{"id":11103,"date":"2022-08-17T14:08:22","date_gmt":"2022-08-17T12:08:22","guid":{"rendered":"https:\/\/planikafires.shop\/produkt\/galaxy-insert-automatic\/"},"modified":"2022-08-17T14:08:22","modified_gmt":"2022-08-17T12:08:22","slug":"galaxy-insert-automatic-2","status":"publish","type":"product","link":"https:\/\/planikafires.shop\/cs\/produkt\/galaxy-insert-automatic-2\/","title":{"rendered":"GALAXY INSERT AUTOMATIC"},"content":{"rendered":"<ul>\n<li>Plynov\u00e9 ohni\u0161t\u011b na zemn\u00fd plyn\/prop\u00e1n-but\u00e1n<\/li>\n<li>Pouze na vn\u011bj\u0161\u00ed pou\u017eit\u00ed<\/li>\n<li>Insert<\/li>\n<li>Nastaviteln\u00e1 v\u00fd\u0161ka plamene<\/li>\n<li>Bezpe\u010dnostn\u00ed senzory<\/li>\n<li>Nen\u00ed t\u0159eba elektrick\u00e9 p\u0159ipojen\u00ed<\/li>\n<li>CE certifikovan\u00fd syst\u00e9m ovl\u00e1d\u00e1n\u00ed<\/li>\n<li>Povrchov\u00e1 \u00faprava: brou\u0161en\u00e1 nerez<\/li>\n<li>Ho\u0159\u00e1k je zdoben jemn\u00fdm sklen\u011bn\u00fdm \u0161t\u011brkem<\/li>\n<li>Sklen\u011bn\u00e9 panely z tvrzen\u00e9ho skla<\/li>\n<li>Automatick\u00e9 ovl\u00e1d\u00e1n\u00ed v cen\u011b<\/li>\n<li>Ovl\u00e1d\u00e1n\u00ed pomoc\u00ed mobiln\u00ed aplikace<\/li>\n<li>Kompatibiln\u00ed se Smart Home System<\/li>\n<\/ul>\n<h4><strong>PARAMETRY (1150 mm): <\/strong><\/h4>\n<ul>\n<li>v\u00fdkon: 10,1-13,4 kW<\/li>\n<li>spot\u0159eba zemn\u00edho plynu: 0,96 m<sup>3<\/sup>\/hod.<\/li>\n<li>spot\u0159eba LPG: 0,95 kg\/hod.<\/li>\n<li>rozm\u011bry (\u0160xVxH): 1150 x 343 x 350 mm<\/li>\n<\/ul>\n<h4><strong>PARAMETRY (2000 mm): <\/strong><\/h4>\n<ul>\n<li>v\u00fdkon: 18,6-22,00 kW<\/li>\n<li>spot\u0159eba zemn\u00edho plynu: 1,77 m<sup>3<\/sup>\/hod.<\/li>\n<li>spot\u0159eba LPG: 1,56 kg\/hod.<\/li>\n<li>rozm\u011bry (\u0160xVxH): 2000 x 343 x 350 mm<\/li>\n<\/ul>\n<p><strong>DOBA DOD\u00c1N\u00cd: 20 pracovn\u00edch dn\u016f<\/strong><\/p>\n<p>&nbsp;<\/p>\n","protected":false},"excerpt":{"rendered":"<p>Plynov\u00e9 ohni\u0161t\u011b na zemn\u00fd plyn\/prop\u00e1n-but\u00e1n Pouze na vn\u011bj\u0161\u00ed pou\u017eit\u00ed Insert Nastaviteln\u00e1 v\u00fd\u0161ka plamene Bezpe\u010dnostn\u00ed senzory Nen\u00ed t\u0159eba elektrick\u00e9 p\u0159ipojen\u00ed CE certifikovan\u00fd syst\u00e9m ovl\u00e1d\u00e1n\u00ed Povrchov\u00e1 \u00faprava: brou\u0161en\u00e1 nerez Ho\u0159\u00e1k je zdoben jemn\u00fdm sklen\u011bn\u00fdm \u0161t\u011brkem Sklen\u011bn\u00e9 panely z tvrzen\u00e9ho skla Automatick\u00e9 ovl\u00e1d\u00e1n\u00ed v cen\u011b Ovl\u00e1d\u00e1n\u00ed pomoc\u00ed mobiln\u00ed aplikace Kompatibiln\u00ed se Smart Home System PARAMETRY (1150 mm): v\u00fdkon: [&hellip;]<\/p>\n","protected":false},"featured_media":11411,"template":"","meta":{"_acf_changed":false},"product_brand":[],"product_cat":[185],"product_tag":[],"class_list":{"0":"post-11103","1":"product","2":"type-product","3":"status-publish","4":"has-post-thumbnail","6":"product_cat-krbove-vlozky-cs","8":"first","9":"outofstock","10":"taxable","11":"shipping-taxable","12":"purchasable","13":"product-type-variable","14":"has-default-attributes"},"acf":[],"yoast_head":"<!-- This site is optimized with the Yoast SEO plugin v24.2 - https:\/\/yoast.com\/wordpress\/plugins\/seo\/ -->\n<title>GALAXY INSERT AUTOMATIC | Planika<\/title>\n<meta name=\"robots\" content=\"index, follow, max-snippet:-1, max-image-preview:large, max-video-preview:-1\" \/>\n<link rel=\"canonical\" href=\"https:\/\/planikafires.shop\/produkt\/galaxy-insert-automatic\/\" \/>\n<meta property=\"og:locale\" content=\"cs_CZ\" \/>\n<meta property=\"og:type\" content=\"article\" \/>\n<meta property=\"og:title\" content=\"GALAXY INSERT AUTOMATIC | Planika\" \/>\n<meta property=\"og:description\" content=\"Plynov\u00e9 ohni\u0161t\u011b na zemn\u00fd plyn\/prop\u00e1n-but\u00e1n Pouze na vn\u011bj\u0161\u00ed pou\u017eit\u00ed Insert Nastaviteln\u00e1 v\u00fd\u0161ka plamene Bezpe\u010dnostn\u00ed senzory Nen\u00ed t\u0159eba elektrick\u00e9 p\u0159ipojen\u00ed CE certifikovan\u00fd syst\u00e9m ovl\u00e1d\u00e1n\u00ed Povrchov\u00e1 \u00faprava: brou\u0161en\u00e1 nerez Ho\u0159\u00e1k je zdoben jemn\u00fdm sklen\u011bn\u00fdm \u0161t\u011brkem Sklen\u011bn\u00e9 panely z tvrzen\u00e9ho skla Automatick\u00e9 ovl\u00e1d\u00e1n\u00ed v cen\u011b Ovl\u00e1d\u00e1n\u00ed pomoc\u00ed mobiln\u00ed aplikace Kompatibiln\u00ed se Smart Home System PARAMETRY (1150 mm): v\u00fdkon: [&hellip;]\" \/>\n<meta property=\"og:url\" content=\"https:\/\/planikafires.shop\/produkt\/galaxy-insert-automatic\/\" \/>\n<meta property=\"og:site_name\" content=\"Planika\" \/>\n<meta property=\"og:image\" content=\"https:\/\/planikafires.shop\/wp-content\/uploads\/2022\/08\/Galaxy_1150_Burner_2500px_1.jpg\" \/>\n\t<meta property=\"og:image:width\" content=\"1920\" \/>\n\t<meta property=\"og:image:height\" content=\"1281\" \/>\n\t<meta property=\"og:image:type\" content=\"image\/jpeg\" \/>\n<meta name=\"twitter:card\" content=\"summary_large_image\" \/>\n<meta name=\"twitter:label1\" content=\"Odhadovan\u00e1 doba \u010dten\u00ed\" \/>\n\t<meta name=\"twitter:data1\" content=\"1 minuta\" \/>\n<script type=\"application\/ld+json\" class=\"yoast-schema-graph\">{\"@context\":\"https:\/\/schema.org\",\"@graph\":[{\"@type\":\"WebPage\",\"@id\":\"https:\/\/planikafires.shop\/produkt\/galaxy-insert-automatic\/\",\"url\":\"https:\/\/planikafires.shop\/produkt\/galaxy-insert-automatic\/\",\"name\":\"GALAXY INSERT AUTOMATIC | Planika\",\"isPartOf\":{\"@id\":\"https:\/\/planikafires.shop\/cs\/#website\"},\"primaryImageOfPage\":{\"@id\":\"https:\/\/planikafires.shop\/produkt\/galaxy-insert-automatic\/#primaryimage\"},\"image\":{\"@id\":\"https:\/\/planikafires.shop\/produkt\/galaxy-insert-automatic\/#primaryimage\"},\"thumbnailUrl\":\"https:\/\/planikafires.shop\/wp-content\/uploads\/2022\/08\/Galaxy_1150_Burner_2500px_1.jpg\",\"datePublished\":\"2022-08-17T12:08:22+00:00\",\"dateModified\":\"2022-08-17T12:08:22+00:00\",\"breadcrumb\":{\"@id\":\"https:\/\/planikafires.shop\/produkt\/galaxy-insert-automatic\/#breadcrumb\"},\"inLanguage\":\"cs\",\"potentialAction\":[{\"@type\":\"ReadAction\",\"target\":[\"https:\/\/planikafires.shop\/produkt\/galaxy-insert-automatic\/\"]}]},{\"@type\":\"ImageObject\",\"inLanguage\":\"cs\",\"@id\":\"https:\/\/planikafires.shop\/produkt\/galaxy-insert-automatic\/#primaryimage\",\"url\":\"https:\/\/planikafires.shop\/wp-content\/uploads\/2022\/08\/Galaxy_1150_Burner_2500px_1.jpg\",\"contentUrl\":\"https:\/\/planikafires.shop\/wp-content\/uploads\/2022\/08\/Galaxy_1150_Burner_2500px_1.jpg\",\"width\":1920,\"height\":1281},{\"@type\":\"BreadcrumbList\",\"@id\":\"https:\/\/planikafires.shop\/produkt\/galaxy-insert-automatic\/#breadcrumb\",\"itemListElement\":[{\"@type\":\"ListItem\",\"position\":1,\"name\":\"Domovsk\u00e1 str\u00e1nka\",\"item\":\"https:\/\/planikafires.shop\/cs\/\"},{\"@type\":\"ListItem\",\"position\":2,\"name\":\"Obchod\",\"item\":\"https:\/\/planikafires.shop\/cs\/shop\/\"},{\"@type\":\"ListItem\",\"position\":3,\"name\":\"GALAXY INSERT AUTOMATIC\"}]},{\"@type\":\"WebSite\",\"@id\":\"https:\/\/planikafires.shop\/cs\/#website\",\"url\":\"https:\/\/planikafires.shop\/cs\/\",\"name\":\"Planika\",\"description\":\"Modern\u00e9 rie\u0161enie krbov\",\"publisher\":{\"@id\":\"https:\/\/planikafires.shop\/cs\/#organization\"},\"potentialAction\":[{\"@type\":\"SearchAction\",\"target\":{\"@type\":\"EntryPoint\",\"urlTemplate\":\"https:\/\/planikafires.shop\/cs\/?s={search_term_string}\"},\"query-input\":{\"@type\":\"PropertyValueSpecification\",\"valueRequired\":true,\"valueName\":\"search_term_string\"}}],\"inLanguage\":\"cs\"},{\"@type\":\"Organization\",\"@id\":\"https:\/\/planikafires.shop\/cs\/#organization\",\"name\":\"Planika\",\"url\":\"https:\/\/planikafires.shop\/cs\/\",\"logo\":{\"@type\":\"ImageObject\",\"inLanguage\":\"cs\",\"@id\":\"https:\/\/planikafires.shop\/cs\/#\/schema\/logo\/image\/\",\"url\":\"https:\/\/planikafires.shop\/wp-content\/uploads\/2022\/06\/logo.png\",\"contentUrl\":\"https:\/\/planikafires.shop\/wp-content\/uploads\/2022\/06\/logo.png\",\"width\":191,\"height\":78,\"caption\":\"Planika\"},\"image\":{\"@id\":\"https:\/\/planikafires.shop\/cs\/#\/schema\/logo\/image\/\"}}]}<\/script>\n<!-- \/ Yoast SEO plugin. -->","yoast_head_json":{"title":"GALAXY INSERT AUTOMATIC | Planika","robots":{"index":"index","follow":"follow","max-snippet":"max-snippet:-1","max-image-preview":"max-image-preview:large","max-video-preview":"max-video-preview:-1"},"canonical":"https:\/\/planikafires.shop\/produkt\/galaxy-insert-automatic\/","og_locale":"cs_CZ","og_type":"article","og_title":"GALAXY INSERT AUTOMATIC | Planika","og_description":"Plynov\u00e9 ohni\u0161t\u011b na zemn\u00fd plyn\/prop\u00e1n-but\u00e1n Pouze na vn\u011bj\u0161\u00ed pou\u017eit\u00ed Insert Nastaviteln\u00e1 v\u00fd\u0161ka plamene Bezpe\u010dnostn\u00ed senzory Nen\u00ed t\u0159eba elektrick\u00e9 p\u0159ipojen\u00ed CE certifikovan\u00fd syst\u00e9m ovl\u00e1d\u00e1n\u00ed Povrchov\u00e1 \u00faprava: brou\u0161en\u00e1 nerez Ho\u0159\u00e1k je zdoben jemn\u00fdm sklen\u011bn\u00fdm \u0161t\u011brkem Sklen\u011bn\u00e9 panely z tvrzen\u00e9ho skla Automatick\u00e9 ovl\u00e1d\u00e1n\u00ed v cen\u011b Ovl\u00e1d\u00e1n\u00ed pomoc\u00ed mobiln\u00ed aplikace Kompatibiln\u00ed se Smart Home System PARAMETRY (1150 mm): v\u00fdkon: [&hellip;]","og_url":"https:\/\/planikafires.shop\/produkt\/galaxy-insert-automatic\/","og_site_name":"Planika","og_image":[{"width":1920,"height":1281,"url":"https:\/\/planikafires.shop\/wp-content\/uploads\/2022\/08\/Galaxy_1150_Burner_2500px_1.jpg","type":"image\/jpeg"}],"twitter_card":"summary_large_image","twitter_misc":{"Odhadovan\u00e1 doba \u010dten\u00ed":"1 minuta"},"schema":{"@context":"https:\/\/schema.org","@graph":[{"@type":"WebPage","@id":"https:\/\/planikafires.shop\/produkt\/galaxy-insert-automatic\/","url":"https:\/\/planikafires.shop\/produkt\/galaxy-insert-automatic\/","name":"GALAXY INSERT AUTOMATIC | Planika","isPartOf":{"@id":"https:\/\/planikafires.shop\/cs\/#website"},"primaryImageOfPage":{"@id":"https:\/\/planikafires.shop\/produkt\/galaxy-insert-automatic\/#primaryimage"},"image":{"@id":"https:\/\/planikafires.shop\/produkt\/galaxy-insert-automatic\/#primaryimage"},"thumbnailUrl":"https:\/\/planikafires.shop\/wp-content\/uploads\/2022\/08\/Galaxy_1150_Burner_2500px_1.jpg","datePublished":"2022-08-17T12:08:22+00:00","dateModified":"2022-08-17T12:08:22+00:00","breadcrumb":{"@id":"https:\/\/planikafires.shop\/produkt\/galaxy-insert-automatic\/#breadcrumb"},"inLanguage":"cs","potentialAction":[{"@type":"ReadAction","target":["https:\/\/planikafires.shop\/produkt\/galaxy-insert-automatic\/"]}]},{"@type":"ImageObject","inLanguage":"cs","@id":"https:\/\/planikafires.shop\/produkt\/galaxy-insert-automatic\/#primaryimage","url":"https:\/\/planikafires.shop\/wp-content\/uploads\/2022\/08\/Galaxy_1150_Burner_2500px_1.jpg","contentUrl":"https:\/\/planikafires.shop\/wp-content\/uploads\/2022\/08\/Galaxy_1150_Burner_2500px_1.jpg","width":1920,"height":1281},{"@type":"BreadcrumbList","@id":"https:\/\/planikafires.shop\/produkt\/galaxy-insert-automatic\/#breadcrumb","itemListElement":[{"@type":"ListItem","position":1,"name":"Domovsk\u00e1 str\u00e1nka","item":"https:\/\/planikafires.shop\/cs\/"},{"@type":"ListItem","position":2,"name":"Obchod","item":"https:\/\/planikafires.shop\/cs\/shop\/"},{"@type":"ListItem","position":3,"name":"GALAXY INSERT AUTOMATIC"}]},{"@type":"WebSite","@id":"https:\/\/planikafires.shop\/cs\/#website","url":"https:\/\/planikafires.shop\/cs\/","name":"Planika","description":"Modern\u00e9 rie\u0161enie krbov","publisher":{"@id":"https:\/\/planikafires.shop\/cs\/#organization"},"potentialAction":[{"@type":"SearchAction","target":{"@type":"EntryPoint","urlTemplate":"https:\/\/planikafires.shop\/cs\/?s={search_term_string}"},"query-input":{"@type":"PropertyValueSpecification","valueRequired":true,"valueName":"search_term_string"}}],"inLanguage":"cs"},{"@type":"Organization","@id":"https:\/\/planikafires.shop\/cs\/#organization","name":"Planika","url":"https:\/\/planikafires.shop\/cs\/","logo":{"@type":"ImageObject","inLanguage":"cs","@id":"https:\/\/planikafires.shop\/cs\/#\/schema\/logo\/image\/","url":"https:\/\/planikafires.shop\/wp-content\/uploads\/2022\/06\/logo.png","contentUrl":"https:\/\/planikafires.shop\/wp-content\/uploads\/2022\/06\/logo.png","width":191,"height":78,"caption":"Planika"},"image":{"@id":"https:\/\/planikafires.shop\/cs\/#\/schema\/logo\/image\/"}}]}},"_links":{"self":[{"href":"https:\/\/planikafires.shop\/cs\/wp-json\/wp\/v2\/product\/11103","targetHints":{"allow":["GET"]}}],"collection":[{"href":"https:\/\/planikafires.shop\/cs\/wp-json\/wp\/v2\/product"}],"about":[{"href":"https:\/\/planikafires.shop\/cs\/wp-json\/wp\/v2\/types\/product"}],"version-history":[{"count":0,"href":"https:\/\/planikafires.shop\/cs\/wp-json\/wp\/v2\/product\/11103\/revisions"}],"wp:featuredmedia":[{"embeddable":true,"href":"https:\/\/planikafires.shop\/cs\/wp-json\/wp\/v2\/media\/11411"}],"wp:attachment":[{"href":"https:\/\/planikafires.shop\/cs\/wp-json\/wp\/v2\/media?parent=11103"}],"wp:term":[{"taxonomy":"product_brand","embeddable":true,"href":"https:\/\/planikafires.shop\/cs\/wp-json\/wp\/v2\/product_brand?post=11103"},{"taxonomy":"product_cat","embeddable":true,"href":"https:\/\/planikafires.shop\/cs\/wp-json\/wp\/v2\/product_cat?post=11103"},{"taxonomy":"product_tag","embeddable":true,"href":"https:\/\/planikafires.shop\/cs\/wp-json\/wp\/v2\/product_tag?post=11103"}],"curies":[{"name":"wp","href":"https:\/\/api.w.org\/{rel}","templated":true}]}}