{"id":11106,"date":"2022-08-17T13:55:43","date_gmt":"2022-08-17T11:55:43","guid":{"rendered":"https:\/\/planikafires.shop\/produkt\/sinatra\/"},"modified":"2022-08-17T13:55:43","modified_gmt":"2022-08-17T11:55:43","slug":"sinatra-2","status":"publish","type":"product","link":"https:\/\/planikafires.shop\/cs\/produkt\/sinatra-2\/","title":{"rendered":"SINATRA"},"content":{"rendered":"<ul>\n<li>15 \u00farovn\u00ed v\u00fd\u0161ky plamene<\/li>\n<li>LPG nebo zemn\u00ed plyn<\/li>\n<li>Bezpe\u010dnostn\u00ed sn\u00edma\u010de<\/li>\n<li>D\u011btsk\u00fd z\u00e1mek<\/li>\n<li>Re\u017eim Eco flow<\/li>\n<li>Re\u017eim rozd\u011blen\u00ed modul\u016f<\/li>\n<li>Re\u017eim rozd\u011blen\u00ed modul\u016f<\/li>\n<li>Kompatibiln\u00ed s inteligentn\u00edm smarthome syst\u00e9mem<\/li>\n<li>Automatick\u00e9 zapalov\u00e1n\u00ed<\/li>\n<li>P\u0159ipojen\u00ed cez wifi<\/li>\n<li>Certifikace CE<\/li>\n<li>Keramick\u00e9 sklo nebo antireflexn\u00ed sklo za p\u0159\u00edplatek<\/li>\n<li>Mo\u017enost otev\u0159en\u00e9ho ohn\u011b bez skla<\/li>\n<li>Nas\u00e1v\u00e1n\u00ed vzduchu z interi\u00e9ru<\/li>\n<li>Dekorativn\u00ed \u010dern\u00fd vermikulit ve STANDARDU;<\/li>\n<li>Diamantov\u00e9 kameny, b\u00edl\u00e9 obl\u00e1zky, \u010dern\u00e9 sklen\u011bn\u00e9 \u017ehav\u00e9 uhl\u00edky nebo keramick\u00e1 polena &#8211; <strong>ZA P\u0158\u00cdPLATEK<\/strong><\/li>\n<li>Standardn\u00ed v\u00fd\u0161ka skla 430 mm<\/li>\n<li>Mo\u017enost roz\u0161\u00ed\u0159en\u00ed d\u00e9lky dle pot\u0159eby ( A &#8211; typ)<\/li>\n<li>Voliteln\u00fd oby\u010dejn\u00fd kom\u00edn pr\u016fm\u011br 200 mm nebo 300 mm<\/li>\n<\/ul>\n","protected":false},"excerpt":{"rendered":"<p>15 \u00farovn\u00ed v\u00fd\u0161ky plamene LPG nebo zemn\u00ed plyn Bezpe\u010dnostn\u00ed sn\u00edma\u010de D\u011btsk\u00fd z\u00e1mek Re\u017eim Eco flow Re\u017eim rozd\u011blen\u00ed modul\u016f Re\u017eim rozd\u011blen\u00ed modul\u016f Kompatibiln\u00ed s inteligentn\u00edm smarthome syst\u00e9mem Automatick\u00e9 zapalov\u00e1n\u00ed P\u0159ipojen\u00ed cez wifi Certifikace CE Keramick\u00e9 sklo nebo antireflexn\u00ed sklo za p\u0159\u00edplatek Mo\u017enost otev\u0159en\u00e9ho ohn\u011b bez skla Nas\u00e1v\u00e1n\u00ed vzduchu z interi\u00e9ru Dekorativn\u00ed \u010dern\u00fd vermikulit ve STANDARDU; Diamantov\u00e9 [&hellip;]<\/p>\n","protected":false},"featured_media":9926,"template":"","meta":{"_acf_changed":false},"product_brand":[],"product_cat":[214],"product_tag":[],"class_list":{"0":"post-11106","1":"product","2":"type-product","3":"status-publish","4":"has-post-thumbnail","6":"product_cat-linearni-ohen","8":"first","9":"outofstock","10":"taxable","11":"shipping-taxable","12":"purchasable","13":"product-type-variable","14":"has-default-attributes"},"acf":[],"yoast_head":"<!-- This site is optimized with the Yoast SEO plugin v24.2 - https:\/\/yoast.com\/wordpress\/plugins\/seo\/ -->\n<title>SINATRA | Planika<\/title>\n<meta name=\"robots\" content=\"index, follow, max-snippet:-1, max-image-preview:large, max-video-preview:-1\" \/>\n<link rel=\"canonical\" href=\"https:\/\/planikafires.shop\/produkt\/sinatra\/\" \/>\n<meta property=\"og:locale\" content=\"cs_CZ\" \/>\n<meta property=\"og:type\" content=\"article\" \/>\n<meta property=\"og:title\" content=\"SINATRA | Planika\" \/>\n<meta property=\"og:description\" content=\"15 \u00farovn\u00ed v\u00fd\u0161ky plamene LPG nebo zemn\u00ed plyn Bezpe\u010dnostn\u00ed sn\u00edma\u010de D\u011btsk\u00fd z\u00e1mek Re\u017eim Eco flow Re\u017eim rozd\u011blen\u00ed modul\u016f Re\u017eim rozd\u011blen\u00ed modul\u016f Kompatibiln\u00ed s inteligentn\u00edm smarthome syst\u00e9mem Automatick\u00e9 zapalov\u00e1n\u00ed P\u0159ipojen\u00ed cez wifi Certifikace CE Keramick\u00e9 sklo nebo antireflexn\u00ed sklo za p\u0159\u00edplatek Mo\u017enost otev\u0159en\u00e9ho ohn\u011b bez skla Nas\u00e1v\u00e1n\u00ed vzduchu z interi\u00e9ru Dekorativn\u00ed \u010dern\u00fd vermikulit ve STANDARDU; Diamantov\u00e9 [&hellip;]\" \/>\n<meta property=\"og:url\" content=\"https:\/\/planikafires.shop\/produkt\/sinatra\/\" \/>\n<meta property=\"og:site_name\" content=\"Planika\" \/>\n<meta property=\"og:image\" content=\"https:\/\/planikafires.shop\/wp-content\/uploads\/2022\/08\/sinatra-category3-800x0-c-default.jpg\" \/>\n\t<meta property=\"og:image:width\" content=\"800\" \/>\n\t<meta property=\"og:image:height\" content=\"811\" \/>\n\t<meta property=\"og:image:type\" content=\"image\/jpeg\" \/>\n<meta name=\"twitter:card\" content=\"summary_large_image\" \/>\n<meta name=\"twitter:label1\" content=\"Odhadovan\u00e1 doba \u010dten\u00ed\" \/>\n\t<meta name=\"twitter:data1\" content=\"1 minuta\" \/>\n<script type=\"application\/ld+json\" class=\"yoast-schema-graph\">{\"@context\":\"https:\/\/schema.org\",\"@graph\":[{\"@type\":\"WebPage\",\"@id\":\"https:\/\/planikafires.shop\/produkt\/sinatra\/\",\"url\":\"https:\/\/planikafires.shop\/produkt\/sinatra\/\",\"name\":\"SINATRA | Planika\",\"isPartOf\":{\"@id\":\"https:\/\/planikafires.shop\/cs\/#website\"},\"primaryImageOfPage\":{\"@id\":\"https:\/\/planikafires.shop\/produkt\/sinatra\/#primaryimage\"},\"image\":{\"@id\":\"https:\/\/planikafires.shop\/produkt\/sinatra\/#primaryimage\"},\"thumbnailUrl\":\"https:\/\/planikafires.shop\/wp-content\/uploads\/2022\/08\/sinatra-category3-800x0-c-default.jpg\",\"datePublished\":\"2022-08-17T11:55:43+00:00\",\"dateModified\":\"2022-08-17T11:55:43+00:00\",\"breadcrumb\":{\"@id\":\"https:\/\/planikafires.shop\/produkt\/sinatra\/#breadcrumb\"},\"inLanguage\":\"cs\",\"potentialAction\":[{\"@type\":\"ReadAction\",\"target\":[\"https:\/\/planikafires.shop\/produkt\/sinatra\/\"]}]},{\"@type\":\"ImageObject\",\"inLanguage\":\"cs\",\"@id\":\"https:\/\/planikafires.shop\/produkt\/sinatra\/#primaryimage\",\"url\":\"https:\/\/planikafires.shop\/wp-content\/uploads\/2022\/08\/sinatra-category3-800x0-c-default.jpg\",\"contentUrl\":\"https:\/\/planikafires.shop\/wp-content\/uploads\/2022\/08\/sinatra-category3-800x0-c-default.jpg\",\"width\":800,\"height\":811},{\"@type\":\"BreadcrumbList\",\"@id\":\"https:\/\/planikafires.shop\/produkt\/sinatra\/#breadcrumb\",\"itemListElement\":[{\"@type\":\"ListItem\",\"position\":1,\"name\":\"Domovsk\u00e1 str\u00e1nka\",\"item\":\"https:\/\/planikafires.shop\/cs\/\"},{\"@type\":\"ListItem\",\"position\":2,\"name\":\"Obchod\",\"item\":\"https:\/\/planikafires.shop\/cs\/shop\/\"},{\"@type\":\"ListItem\",\"position\":3,\"name\":\"SINATRA\"}]},{\"@type\":\"WebSite\",\"@id\":\"https:\/\/planikafires.shop\/cs\/#website\",\"url\":\"https:\/\/planikafires.shop\/cs\/\",\"name\":\"Planika\",\"description\":\"Modern\u00e9 rie\u0161enie krbov\",\"publisher\":{\"@id\":\"https:\/\/planikafires.shop\/cs\/#organization\"},\"potentialAction\":[{\"@type\":\"SearchAction\",\"target\":{\"@type\":\"EntryPoint\",\"urlTemplate\":\"https:\/\/planikafires.shop\/cs\/?s={search_term_string}\"},\"query-input\":{\"@type\":\"PropertyValueSpecification\",\"valueRequired\":true,\"valueName\":\"search_term_string\"}}],\"inLanguage\":\"cs\"},{\"@type\":\"Organization\",\"@id\":\"https:\/\/planikafires.shop\/cs\/#organization\",\"name\":\"Planika\",\"url\":\"https:\/\/planikafires.shop\/cs\/\",\"logo\":{\"@type\":\"ImageObject\",\"inLanguage\":\"cs\",\"@id\":\"https:\/\/planikafires.shop\/cs\/#\/schema\/logo\/image\/\",\"url\":\"https:\/\/planikafires.shop\/wp-content\/uploads\/2022\/06\/logo.png\",\"contentUrl\":\"https:\/\/planikafires.shop\/wp-content\/uploads\/2022\/06\/logo.png\",\"width\":191,\"height\":78,\"caption\":\"Planika\"},\"image\":{\"@id\":\"https:\/\/planikafires.shop\/cs\/#\/schema\/logo\/image\/\"}}]}<\/script>\n<!-- \/ Yoast SEO plugin. -->","yoast_head_json":{"title":"SINATRA | Planika","robots":{"index":"index","follow":"follow","max-snippet":"max-snippet:-1","max-image-preview":"max-image-preview:large","max-video-preview":"max-video-preview:-1"},"canonical":"https:\/\/planikafires.shop\/produkt\/sinatra\/","og_locale":"cs_CZ","og_type":"article","og_title":"SINATRA | Planika","og_description":"15 \u00farovn\u00ed v\u00fd\u0161ky plamene LPG nebo zemn\u00ed plyn Bezpe\u010dnostn\u00ed sn\u00edma\u010de D\u011btsk\u00fd z\u00e1mek Re\u017eim Eco flow Re\u017eim rozd\u011blen\u00ed modul\u016f Re\u017eim rozd\u011blen\u00ed modul\u016f Kompatibiln\u00ed s inteligentn\u00edm smarthome syst\u00e9mem Automatick\u00e9 zapalov\u00e1n\u00ed P\u0159ipojen\u00ed cez wifi Certifikace CE Keramick\u00e9 sklo nebo antireflexn\u00ed sklo za p\u0159\u00edplatek Mo\u017enost otev\u0159en\u00e9ho ohn\u011b bez skla Nas\u00e1v\u00e1n\u00ed vzduchu z interi\u00e9ru Dekorativn\u00ed \u010dern\u00fd vermikulit ve STANDARDU; Diamantov\u00e9 [&hellip;]","og_url":"https:\/\/planikafires.shop\/produkt\/sinatra\/","og_site_name":"Planika","og_image":[{"width":800,"height":811,"url":"https:\/\/planikafires.shop\/wp-content\/uploads\/2022\/08\/sinatra-category3-800x0-c-default.jpg","type":"image\/jpeg"}],"twitter_card":"summary_large_image","twitter_misc":{"Odhadovan\u00e1 doba \u010dten\u00ed":"1 minuta"},"schema":{"@context":"https:\/\/schema.org","@graph":[{"@type":"WebPage","@id":"https:\/\/planikafires.shop\/produkt\/sinatra\/","url":"https:\/\/planikafires.shop\/produkt\/sinatra\/","name":"SINATRA | Planika","isPartOf":{"@id":"https:\/\/planikafires.shop\/cs\/#website"},"primaryImageOfPage":{"@id":"https:\/\/planikafires.shop\/produkt\/sinatra\/#primaryimage"},"image":{"@id":"https:\/\/planikafires.shop\/produkt\/sinatra\/#primaryimage"},"thumbnailUrl":"https:\/\/planikafires.shop\/wp-content\/uploads\/2022\/08\/sinatra-category3-800x0-c-default.jpg","datePublished":"2022-08-17T11:55:43+00:00","dateModified":"2022-08-17T11:55:43+00:00","breadcrumb":{"@id":"https:\/\/planikafires.shop\/produkt\/sinatra\/#breadcrumb"},"inLanguage":"cs","potentialAction":[{"@type":"ReadAction","target":["https:\/\/planikafires.shop\/produkt\/sinatra\/"]}]},{"@type":"ImageObject","inLanguage":"cs","@id":"https:\/\/planikafires.shop\/produkt\/sinatra\/#primaryimage","url":"https:\/\/planikafires.shop\/wp-content\/uploads\/2022\/08\/sinatra-category3-800x0-c-default.jpg","contentUrl":"https:\/\/planikafires.shop\/wp-content\/uploads\/2022\/08\/sinatra-category3-800x0-c-default.jpg","width":800,"height":811},{"@type":"BreadcrumbList","@id":"https:\/\/planikafires.shop\/produkt\/sinatra\/#breadcrumb","itemListElement":[{"@type":"ListItem","position":1,"name":"Domovsk\u00e1 str\u00e1nka","item":"https:\/\/planikafires.shop\/cs\/"},{"@type":"ListItem","position":2,"name":"Obchod","item":"https:\/\/planikafires.shop\/cs\/shop\/"},{"@type":"ListItem","position":3,"name":"SINATRA"}]},{"@type":"WebSite","@id":"https:\/\/planikafires.shop\/cs\/#website","url":"https:\/\/planikafires.shop\/cs\/","name":"Planika","description":"Modern\u00e9 rie\u0161enie krbov","publisher":{"@id":"https:\/\/planikafires.shop\/cs\/#organization"},"potentialAction":[{"@type":"SearchAction","target":{"@type":"EntryPoint","urlTemplate":"https:\/\/planikafires.shop\/cs\/?s={search_term_string}"},"query-input":{"@type":"PropertyValueSpecification","valueRequired":true,"valueName":"search_term_string"}}],"inLanguage":"cs"},{"@type":"Organization","@id":"https:\/\/planikafires.shop\/cs\/#organization","name":"Planika","url":"https:\/\/planikafires.shop\/cs\/","logo":{"@type":"ImageObject","inLanguage":"cs","@id":"https:\/\/planikafires.shop\/cs\/#\/schema\/logo\/image\/","url":"https:\/\/planikafires.shop\/wp-content\/uploads\/2022\/06\/logo.png","contentUrl":"https:\/\/planikafires.shop\/wp-content\/uploads\/2022\/06\/logo.png","width":191,"height":78,"caption":"Planika"},"image":{"@id":"https:\/\/planikafires.shop\/cs\/#\/schema\/logo\/image\/"}}]}},"_links":{"self":[{"href":"https:\/\/planikafires.shop\/cs\/wp-json\/wp\/v2\/product\/11106","targetHints":{"allow":["GET"]}}],"collection":[{"href":"https:\/\/planikafires.shop\/cs\/wp-json\/wp\/v2\/product"}],"about":[{"href":"https:\/\/planikafires.shop\/cs\/wp-json\/wp\/v2\/types\/product"}],"version-history":[{"count":0,"href":"https:\/\/planikafires.shop\/cs\/wp-json\/wp\/v2\/product\/11106\/revisions"}],"wp:featuredmedia":[{"embeddable":true,"href":"https:\/\/planikafires.shop\/cs\/wp-json\/wp\/v2\/media\/9926"}],"wp:attachment":[{"href":"https:\/\/planikafires.shop\/cs\/wp-json\/wp\/v2\/media?parent=11106"}],"wp:term":[{"taxonomy":"product_brand","embeddable":true,"href":"https:\/\/planikafires.shop\/cs\/wp-json\/wp\/v2\/product_brand?post=11106"},{"taxonomy":"product_cat","embeddable":true,"href":"https:\/\/planikafires.shop\/cs\/wp-json\/wp\/v2\/product_cat?post=11106"},{"taxonomy":"product_tag","embeddable":true,"href":"https:\/\/planikafires.shop\/cs\/wp-json\/wp\/v2\/product_tag?post=11106"}],"curies":[{"name":"wp","href":"https:\/\/api.w.org\/{rel}","templated":true}]}}