{"id":11202,"date":"2022-07-04T10:43:17","date_gmt":"2022-07-04T08:43:17","guid":{"rendered":"https:\/\/planikafires.shop\/produkt\/forma\/"},"modified":"2025-01-06T18:20:28","modified_gmt":"2025-01-06T17:20:28","slug":"forma","status":"publish","type":"product","link":"https:\/\/planikafires.shop\/cs\/produkt\/forma\/","title":{"rendered":"FORMA"},"content":{"rendered":"<ul>\n<li>instala\u010dn\u00ed box <strong>FORMA<\/strong> pro bioalkoholov\u00e9 krby FLA4 a FLA4+<\/li>\n<li>dvoupl\u00e1\u0161\u0165ov\u00fd<\/li>\n<li>vy\u0161\u0161\u00ed odolnost<\/li>\n<li>pro modely F, FR, LF, LFR, tunel, m\u00edstnost del\u00edc\u00ed<\/li>\n<li>pro model <strong>tunel a m\u00edstnost del\u00edc\u00ed<\/strong> &#8211; v cen\u011b sklen\u011bn\u00e9 panely<\/li>\n<li>NOVINKA od 1.6.2022 &#8211; pro model <strong>tunel a m\u00edstnost del\u00edc\u00ed<\/strong> &#8211; sklen\u011bn\u00e9 panely dopln\u011bn\u00e9 na t\u0159et\u00ed a \u010dtvrt\u00e9 stran\u011b<\/li>\n<\/ul>\n<p><img fetchpriority=\"high\" decoding=\"async\" src=\"https:\/\/www.storms.sk\/upload\/2022\/06\/descriptions\/island_skl%C3%A1.png\" width=\"334\" height=\"313\"><img decoding=\"async\" src=\"https:\/\/www.storms.sk\/upload\/2022\/06\/descriptions\/room_skl%C3%A1.png\" width=\"359\" height=\"314\"><\/p>\n<p><strong>Dodac\u00ed doba: 20 pracovn\u00edch dn\u016f!<\/strong><\/p>\n<table border=\"1\">\n<tbody>\n<tr>\n<td><\/td>\n<td><strong>FORMA<\/strong> <strong>1000<\/strong> (790 mm)<\/td>\n<td><strong>FORMA 1200<\/strong> (990 mm)<\/td>\n<td><strong>FORMA 1500<\/strong> (1190 mm)<\/td>\n<td><strong>FORMA 1800<\/strong> (1490 mm)<\/td>\n<td><strong>FORMA 2300<\/strong> (1990 mm)<\/td>\n<td><strong>FORMA 2700<\/strong> (2490 mm)<\/td>\n<\/tr>\n<tr>\n<td>\u0161\u00ed\u0159ka (mm)<\/td>\n<td>1 016<\/td>\n<td>1 219<\/td>\n<td>1 524<\/td>\n<td>1 829<\/td>\n<td>2 337<\/td>\n<td>2 693<\/td>\n<\/tr>\n<tr>\n<td>v\u00fd\u0161ka (mm)<\/td>\n<td>508<\/td>\n<td>508<\/td>\n<td>508<\/td>\n<td>508<\/td>\n<td>508<\/td>\n<td>508<\/td>\n<\/tr>\n<tr>\n<td>hloubka (mm)<\/td>\n<td>406<\/td>\n<td>406<\/td>\n<td>406<\/td>\n<td>406<\/td>\n<td>406<\/td>\n<td>406<\/td>\n<\/tr>\n<\/tbody>\n<\/table>\n","protected":false},"excerpt":{"rendered":"<p>instala\u010dn\u00ed box FORMA pro bioalkoholov\u00e9 krby FLA4 a FLA4+ dvoupl\u00e1\u0161\u0165ov\u00fd vy\u0161\u0161\u00ed odolnost pro modely F, FR, LF, LFR, tunel, m\u00edstnost del\u00edc\u00ed pro model tunel a m\u00edstnost del\u00edc\u00ed &#8211; v cen\u011b sklen\u011bn\u00e9 panely NOVINKA od 1.6.2022 &#8211; pro model tunel a m\u00edstnost del\u00edc\u00ed &#8211; sklen\u011bn\u00e9 panely dopln\u011bn\u00e9 na t\u0159et\u00ed a \u010dtvrt\u00e9 stran\u011b Dodac\u00ed doba: 20 pracovn\u00edch [&hellip;]<\/p>\n","protected":false},"featured_media":9851,"template":"","meta":{"_acf_changed":false},"product_brand":[],"product_cat":[150],"product_tag":[],"class_list":{"0":"post-11202","1":"product","2":"type-product","3":"status-publish","4":"has-post-thumbnail","6":"product_cat-etanolove-krby-cs","8":"first","9":"outofstock","10":"taxable","11":"shipping-taxable","12":"purchasable","13":"product-type-variable","14":"has-default-attributes"},"acf":[],"yoast_head":"<!-- This site is optimized with the Yoast SEO plugin v24.2 - https:\/\/yoast.com\/wordpress\/plugins\/seo\/ -->\n<title>FORMA | Planika<\/title>\n<meta name=\"robots\" content=\"index, follow, max-snippet:-1, max-image-preview:large, max-video-preview:-1\" \/>\n<link rel=\"canonical\" href=\"https:\/\/planikafires.shop\/cs\/produkt\/forma-2\/\" \/>\n<meta property=\"og:locale\" content=\"cs_CZ\" \/>\n<meta property=\"og:type\" content=\"article\" \/>\n<meta property=\"og:title\" content=\"FORMA | Planika\" \/>\n<meta property=\"og:description\" content=\"instala\u010dn\u00ed box FORMA pro bioalkoholov\u00e9 krby FLA4 a FLA4+ dvoupl\u00e1\u0161\u0165ov\u00fd vy\u0161\u0161\u00ed odolnost pro modely F, FR, LF, LFR, tunel, m\u00edstnost del\u00edc\u00ed pro model tunel a m\u00edstnost del\u00edc\u00ed &#8211; v cen\u011b sklen\u011bn\u00e9 panely NOVINKA od 1.6.2022 &#8211; pro model tunel a m\u00edstnost del\u00edc\u00ed &#8211; sklen\u011bn\u00e9 panely dopln\u011bn\u00e9 na t\u0159et\u00ed a \u010dtvrt\u00e9 stran\u011b Dodac\u00ed doba: 20 pracovn\u00edch [&hellip;]\" \/>\n<meta property=\"og:url\" content=\"https:\/\/planikafires.shop\/cs\/produkt\/forma-2\/\" \/>\n<meta property=\"og:site_name\" content=\"Planika\" \/>\n<meta property=\"article:modified_time\" content=\"2025-01-06T17:20:28+00:00\" \/>\n<meta property=\"og:image\" content=\"https:\/\/planikafires.shop\/wp-content\/uploads\/2022\/07\/forma-category-800x0-c-default.jpg\" \/>\n\t<meta property=\"og:image:width\" content=\"800\" \/>\n\t<meta property=\"og:image:height\" content=\"811\" \/>\n\t<meta property=\"og:image:type\" content=\"image\/jpeg\" \/>\n<meta name=\"twitter:card\" content=\"summary_large_image\" \/>\n<script type=\"application\/ld+json\" class=\"yoast-schema-graph\">{\"@context\":\"https:\/\/schema.org\",\"@graph\":[{\"@type\":\"WebPage\",\"@id\":\"https:\/\/planikafires.shop\/cs\/produkt\/forma-2\/\",\"url\":\"https:\/\/planikafires.shop\/cs\/produkt\/forma-2\/\",\"name\":\"FORMA | Planika\",\"isPartOf\":{\"@id\":\"https:\/\/planikafires.shop\/cs\/#website\"},\"primaryImageOfPage\":{\"@id\":\"https:\/\/planikafires.shop\/cs\/produkt\/forma-2\/#primaryimage\"},\"image\":{\"@id\":\"https:\/\/planikafires.shop\/cs\/produkt\/forma-2\/#primaryimage\"},\"thumbnailUrl\":\"https:\/\/planikafires.shop\/wp-content\/uploads\/2022\/07\/forma-category-800x0-c-default.jpg\",\"datePublished\":\"2022-07-04T08:43:17+00:00\",\"dateModified\":\"2025-01-06T17:20:28+00:00\",\"breadcrumb\":{\"@id\":\"https:\/\/planikafires.shop\/cs\/produkt\/forma-2\/#breadcrumb\"},\"inLanguage\":\"cs\",\"potentialAction\":[{\"@type\":\"ReadAction\",\"target\":[\"https:\/\/planikafires.shop\/cs\/produkt\/forma-2\/\"]}]},{\"@type\":\"ImageObject\",\"inLanguage\":\"cs\",\"@id\":\"https:\/\/planikafires.shop\/cs\/produkt\/forma-2\/#primaryimage\",\"url\":\"https:\/\/planikafires.shop\/wp-content\/uploads\/2022\/07\/forma-category-800x0-c-default.jpg\",\"contentUrl\":\"https:\/\/planikafires.shop\/wp-content\/uploads\/2022\/07\/forma-category-800x0-c-default.jpg\",\"width\":800,\"height\":811},{\"@type\":\"BreadcrumbList\",\"@id\":\"https:\/\/planikafires.shop\/cs\/produkt\/forma-2\/#breadcrumb\",\"itemListElement\":[{\"@type\":\"ListItem\",\"position\":1,\"name\":\"Domovsk\u00e1 str\u00e1nka\",\"item\":\"https:\/\/planikafires.shop\/cs\/\"},{\"@type\":\"ListItem\",\"position\":2,\"name\":\"Obchod\",\"item\":\"https:\/\/planikafires.shop\/cs\/shop\/\"},{\"@type\":\"ListItem\",\"position\":3,\"name\":\"FORMA\"}]},{\"@type\":\"WebSite\",\"@id\":\"https:\/\/planikafires.shop\/cs\/#website\",\"url\":\"https:\/\/planikafires.shop\/cs\/\",\"name\":\"Planika\",\"description\":\"Modern\u00e9 rie\u0161enie krbov\",\"publisher\":{\"@id\":\"https:\/\/planikafires.shop\/cs\/#organization\"},\"potentialAction\":[{\"@type\":\"SearchAction\",\"target\":{\"@type\":\"EntryPoint\",\"urlTemplate\":\"https:\/\/planikafires.shop\/cs\/?s={search_term_string}\"},\"query-input\":{\"@type\":\"PropertyValueSpecification\",\"valueRequired\":true,\"valueName\":\"search_term_string\"}}],\"inLanguage\":\"cs\"},{\"@type\":\"Organization\",\"@id\":\"https:\/\/planikafires.shop\/cs\/#organization\",\"name\":\"Planika\",\"url\":\"https:\/\/planikafires.shop\/cs\/\",\"logo\":{\"@type\":\"ImageObject\",\"inLanguage\":\"cs\",\"@id\":\"https:\/\/planikafires.shop\/cs\/#\/schema\/logo\/image\/\",\"url\":\"https:\/\/planikafires.shop\/wp-content\/uploads\/2022\/06\/logo.png\",\"contentUrl\":\"https:\/\/planikafires.shop\/wp-content\/uploads\/2022\/06\/logo.png\",\"width\":191,\"height\":78,\"caption\":\"Planika\"},\"image\":{\"@id\":\"https:\/\/planikafires.shop\/cs\/#\/schema\/logo\/image\/\"}}]}<\/script>\n<!-- \/ Yoast SEO plugin. -->","yoast_head_json":{"title":"FORMA | Planika","robots":{"index":"index","follow":"follow","max-snippet":"max-snippet:-1","max-image-preview":"max-image-preview:large","max-video-preview":"max-video-preview:-1"},"canonical":"https:\/\/planikafires.shop\/cs\/produkt\/forma-2\/","og_locale":"cs_CZ","og_type":"article","og_title":"FORMA | Planika","og_description":"instala\u010dn\u00ed box FORMA pro bioalkoholov\u00e9 krby FLA4 a FLA4+ dvoupl\u00e1\u0161\u0165ov\u00fd vy\u0161\u0161\u00ed odolnost pro modely F, FR, LF, LFR, tunel, m\u00edstnost del\u00edc\u00ed pro model tunel a m\u00edstnost del\u00edc\u00ed &#8211; v cen\u011b sklen\u011bn\u00e9 panely NOVINKA od 1.6.2022 &#8211; pro model tunel a m\u00edstnost del\u00edc\u00ed &#8211; sklen\u011bn\u00e9 panely dopln\u011bn\u00e9 na t\u0159et\u00ed a \u010dtvrt\u00e9 stran\u011b Dodac\u00ed doba: 20 pracovn\u00edch [&hellip;]","og_url":"https:\/\/planikafires.shop\/cs\/produkt\/forma-2\/","og_site_name":"Planika","article_modified_time":"2025-01-06T17:20:28+00:00","og_image":[{"width":800,"height":811,"url":"https:\/\/planikafires.shop\/wp-content\/uploads\/2022\/07\/forma-category-800x0-c-default.jpg","type":"image\/jpeg"}],"twitter_card":"summary_large_image","schema":{"@context":"https:\/\/schema.org","@graph":[{"@type":"WebPage","@id":"https:\/\/planikafires.shop\/cs\/produkt\/forma-2\/","url":"https:\/\/planikafires.shop\/cs\/produkt\/forma-2\/","name":"FORMA | Planika","isPartOf":{"@id":"https:\/\/planikafires.shop\/cs\/#website"},"primaryImageOfPage":{"@id":"https:\/\/planikafires.shop\/cs\/produkt\/forma-2\/#primaryimage"},"image":{"@id":"https:\/\/planikafires.shop\/cs\/produkt\/forma-2\/#primaryimage"},"thumbnailUrl":"https:\/\/planikafires.shop\/wp-content\/uploads\/2022\/07\/forma-category-800x0-c-default.jpg","datePublished":"2022-07-04T08:43:17+00:00","dateModified":"2025-01-06T17:20:28+00:00","breadcrumb":{"@id":"https:\/\/planikafires.shop\/cs\/produkt\/forma-2\/#breadcrumb"},"inLanguage":"cs","potentialAction":[{"@type":"ReadAction","target":["https:\/\/planikafires.shop\/cs\/produkt\/forma-2\/"]}]},{"@type":"ImageObject","inLanguage":"cs","@id":"https:\/\/planikafires.shop\/cs\/produkt\/forma-2\/#primaryimage","url":"https:\/\/planikafires.shop\/wp-content\/uploads\/2022\/07\/forma-category-800x0-c-default.jpg","contentUrl":"https:\/\/planikafires.shop\/wp-content\/uploads\/2022\/07\/forma-category-800x0-c-default.jpg","width":800,"height":811},{"@type":"BreadcrumbList","@id":"https:\/\/planikafires.shop\/cs\/produkt\/forma-2\/#breadcrumb","itemListElement":[{"@type":"ListItem","position":1,"name":"Domovsk\u00e1 str\u00e1nka","item":"https:\/\/planikafires.shop\/cs\/"},{"@type":"ListItem","position":2,"name":"Obchod","item":"https:\/\/planikafires.shop\/cs\/shop\/"},{"@type":"ListItem","position":3,"name":"FORMA"}]},{"@type":"WebSite","@id":"https:\/\/planikafires.shop\/cs\/#website","url":"https:\/\/planikafires.shop\/cs\/","name":"Planika","description":"Modern\u00e9 rie\u0161enie krbov","publisher":{"@id":"https:\/\/planikafires.shop\/cs\/#organization"},"potentialAction":[{"@type":"SearchAction","target":{"@type":"EntryPoint","urlTemplate":"https:\/\/planikafires.shop\/cs\/?s={search_term_string}"},"query-input":{"@type":"PropertyValueSpecification","valueRequired":true,"valueName":"search_term_string"}}],"inLanguage":"cs"},{"@type":"Organization","@id":"https:\/\/planikafires.shop\/cs\/#organization","name":"Planika","url":"https:\/\/planikafires.shop\/cs\/","logo":{"@type":"ImageObject","inLanguage":"cs","@id":"https:\/\/planikafires.shop\/cs\/#\/schema\/logo\/image\/","url":"https:\/\/planikafires.shop\/wp-content\/uploads\/2022\/06\/logo.png","contentUrl":"https:\/\/planikafires.shop\/wp-content\/uploads\/2022\/06\/logo.png","width":191,"height":78,"caption":"Planika"},"image":{"@id":"https:\/\/planikafires.shop\/cs\/#\/schema\/logo\/image\/"}}]}},"_links":{"self":[{"href":"https:\/\/planikafires.shop\/cs\/wp-json\/wp\/v2\/product\/11202","targetHints":{"allow":["GET"]}}],"collection":[{"href":"https:\/\/planikafires.shop\/cs\/wp-json\/wp\/v2\/product"}],"about":[{"href":"https:\/\/planikafires.shop\/cs\/wp-json\/wp\/v2\/types\/product"}],"version-history":[{"count":1,"href":"https:\/\/planikafires.shop\/cs\/wp-json\/wp\/v2\/product\/11202\/revisions"}],"predecessor-version":[{"id":13063,"href":"https:\/\/planikafires.shop\/cs\/wp-json\/wp\/v2\/product\/11202\/revisions\/13063"}],"wp:featuredmedia":[{"embeddable":true,"href":"https:\/\/planikafires.shop\/cs\/wp-json\/wp\/v2\/media\/9851"}],"wp:attachment":[{"href":"https:\/\/planikafires.shop\/cs\/wp-json\/wp\/v2\/media?parent=11202"}],"wp:term":[{"taxonomy":"product_brand","embeddable":true,"href":"https:\/\/planikafires.shop\/cs\/wp-json\/wp\/v2\/product_brand?post=11202"},{"taxonomy":"product_cat","embeddable":true,"href":"https:\/\/planikafires.shop\/cs\/wp-json\/wp\/v2\/product_cat?post=11202"},{"taxonomy":"product_tag","embeddable":true,"href":"https:\/\/planikafires.shop\/cs\/wp-json\/wp\/v2\/product_tag?post=11202"}],"curies":[{"name":"wp","href":"https:\/\/api.w.org\/{rel}","templated":true}]}}