{"id":11209,"date":"2022-07-04T10:41:14","date_gmt":"2022-07-04T08:41:14","guid":{"rendered":"https:\/\/planikafires.shop\/produkt\/sklenene-panely-pro-fla3-fla3-a-prime-fire\/"},"modified":"2023-11-22T10:12:47","modified_gmt":"2023-11-22T09:12:47","slug":"sklenene-panely-pro-fla4-fla4-a-prime-fire","status":"publish","type":"product","link":"https:\/\/planikafires.shop\/cs\/produkt\/sklenene-panely-pro-fla4-fla4-a-prime-fire\/","title":{"rendered":"SKLEN\u011aN\u00c9 PANELY PRO FLA4, FLA4+ A PRIME FIRE"},"content":{"rendered":"<ul>\n<li>sklen\u011bn\u00e9 panely pro bioalkoholov\u00e9 krby FLA4, FLA4+ a Prime Fire<\/li>\n<li>jsou standardne ur\u010den\u00e9 pro Fire Line Automatic 4\/4+ pro verzi &#8222;tunel&#8220;, &#8222;m\u00edstnost del\u00edci&#8220; a &#8222;ostrovn\u00ed&#8220; <strong>BEZ P\u0158\u00cdPLATKU (na nerezov\u00fdch dr\u017e\u00e1c\u00edch)<\/strong><\/li>\n<li>pro ostatn\u00ed modely Fire Line Automatic p\u0159i verzi &#8211; F, LF, FR, LFR <strong> ZA P\u0158\u00cdPLATEK<\/strong><\/li>\n<li>pro model Prime Fire &#8211; sklen\u011bn\u00e9 panely ur\u010den\u00e9 pouze pro verzi &#8222;tunel&#8220; , &#8222;m\u00edstnost d\u011bl\u00edc\u00ed&#8220; a &#8222;ostrovn\u00ed&#8220;<\/li>\n<li>NOVINKA od 16.8.2023 &#8211; nov\u00e9 panely pro model <strong>tunel, m\u00edstnost del\u00edc\u00ed<\/strong> <strong>a ostrovn\u00ed<\/strong>&#8211; sklen\u011bn\u00e9 panely um\u00edst\u011bno do v\u00fd\u0159ezu (bez nerezov\u00fdch dr\u017e\u00e1c\u00edch) <strong>ZA P\u0158\u00cdPLATEK<\/strong><\/li>\n<li><img fetchpriority=\"high\" decoding=\"async\" src=\"https:\/\/www.storms.sk\/upload\/2022\/06\/descriptions\/island_skl%C3%A1.png\" width=\"334\" height=\"313\"><img decoding=\"async\" src=\"https:\/\/www.storms.sk\/upload\/2022\/06\/descriptions\/room_skl%C3%A1.png\" width=\"359\" height=\"314\"><\/li>\n<\/ul>\n<h3><strong>Parametry:<\/strong><\/h3>\n<ul>\n<li>balen\u00ed obsahuje:<\/li>\n<li><strong>2 sklen\u011bn\u00e9 panely a 4 dr\u017e\u00e1ky<\/strong> (do d\u00e9lky FLA4\/FLA4+ 1490 mm) nebo<\/li>\n<li><strong>4 sklen\u011bn\u00e9 panely a 8 dr\u017e\u00e1k\u016f<\/strong> (od d\u00e9lky FLA4\/FLA4+ 1990 mm)<\/li>\n<li>rozm\u011bry (VxHr.): 200 x 6 mm,<\/li>\n<\/ul>\n<p>&nbsp;<\/p>\n","protected":false},"excerpt":{"rendered":"<p>sklen\u011bn\u00e9 panely pro bioalkoholov\u00e9 krby FLA4, FLA4+ a Prime Fire jsou standardne ur\u010den\u00e9 pro Fire Line Automatic 4\/4+ pro verzi &#8222;tunel&#8220;, &#8222;m\u00edstnost del\u00edci&#8220; a &#8222;ostrovn\u00ed&#8220; BEZ P\u0158\u00cdPLATKU (na nerezov\u00fdch dr\u017e\u00e1c\u00edch) pro ostatn\u00ed modely Fire Line Automatic p\u0159i verzi &#8211; F, LF, FR, LFR ZA P\u0158\u00cdPLATEK pro model Prime Fire &#8211; sklen\u011bn\u00e9 panely ur\u010den\u00e9 pouze pro [&hellip;]<\/p>\n","protected":false},"featured_media":9853,"template":"","meta":{"_acf_changed":false},"product_brand":[],"product_cat":[264],"product_tag":[],"class_list":{"0":"post-11209","1":"product","2":"type-product","3":"status-publish","4":"has-post-thumbnail","6":"product_cat-sklenene-zasteny-cs","8":"first","9":"outofstock","10":"taxable","11":"shipping-taxable","12":"purchasable","13":"product-type-variable","14":"has-default-attributes"},"acf":[],"yoast_head":"<!-- This site is optimized with the Yoast SEO plugin v24.2 - https:\/\/yoast.com\/wordpress\/plugins\/seo\/ -->\n<title>SKLEN\u011aN\u00c9 PANELY PRO FLA4, FLA4+ A PRIME FIRE | Planika<\/title>\n<meta name=\"robots\" content=\"index, follow, max-snippet:-1, max-image-preview:large, max-video-preview:-1\" \/>\n<link rel=\"canonical\" href=\"https:\/\/planikafires.shop\/produkt\/sklenene-panely-pre-fla4-fla4-a-prime-fire\/\" \/>\n<meta property=\"og:locale\" content=\"cs_CZ\" \/>\n<meta property=\"og:type\" content=\"article\" \/>\n<meta property=\"og:title\" content=\"SKLEN\u011aN\u00c9 PANELY PRO FLA4, FLA4+ A PRIME FIRE | Planika\" \/>\n<meta property=\"og:description\" content=\"sklen\u011bn\u00e9 panely pro bioalkoholov\u00e9 krby FLA4, FLA4+ a Prime Fire jsou standardne ur\u010den\u00e9 pro Fire Line Automatic 4\/4+ pro verzi &#8222;tunel&#8220;, &#8222;m\u00edstnost del\u00edci&#8220; a &#8222;ostrovn\u00ed&#8220; BEZ P\u0158\u00cdPLATKU (na nerezov\u00fdch dr\u017e\u00e1c\u00edch) pro ostatn\u00ed modely Fire Line Automatic p\u0159i verzi &#8211; F, LF, FR, LFR ZA P\u0158\u00cdPLATEK pro model Prime Fire &#8211; sklen\u011bn\u00e9 panely ur\u010den\u00e9 pouze pro [&hellip;]\" \/>\n<meta property=\"og:url\" content=\"https:\/\/planikafires.shop\/produkt\/sklenene-panely-pre-fla4-fla4-a-prime-fire\/\" \/>\n<meta property=\"og:site_name\" content=\"Planika\" \/>\n<meta property=\"article:modified_time\" content=\"2023-11-22T09:12:47+00:00\" \/>\n<meta property=\"og:image\" content=\"https:\/\/planikafires.shop\/wp-content\/uploads\/2022\/07\/glass_screen_accessory-1600x0-c-default.jpg\" \/>\n\t<meta property=\"og:image:width\" content=\"1600\" \/>\n\t<meta property=\"og:image:height\" content=\"1600\" \/>\n\t<meta property=\"og:image:type\" content=\"image\/jpeg\" \/>\n<meta name=\"twitter:card\" content=\"summary_large_image\" \/>\n<meta name=\"twitter:label1\" content=\"Odhadovan\u00e1 doba \u010dten\u00ed\" \/>\n\t<meta name=\"twitter:data1\" content=\"1 minuta\" \/>\n<script type=\"application\/ld+json\" class=\"yoast-schema-graph\">{\"@context\":\"https:\/\/schema.org\",\"@graph\":[{\"@type\":\"WebPage\",\"@id\":\"https:\/\/planikafires.shop\/produkt\/sklenene-panely-pre-fla4-fla4-a-prime-fire\/\",\"url\":\"https:\/\/planikafires.shop\/produkt\/sklenene-panely-pre-fla4-fla4-a-prime-fire\/\",\"name\":\"SKLEN\u011aN\u00c9 PANELY PRO FLA4, FLA4+ A PRIME FIRE | Planika\",\"isPartOf\":{\"@id\":\"https:\/\/planikafires.shop\/cs\/#website\"},\"primaryImageOfPage\":{\"@id\":\"https:\/\/planikafires.shop\/produkt\/sklenene-panely-pre-fla4-fla4-a-prime-fire\/#primaryimage\"},\"image\":{\"@id\":\"https:\/\/planikafires.shop\/produkt\/sklenene-panely-pre-fla4-fla4-a-prime-fire\/#primaryimage\"},\"thumbnailUrl\":\"https:\/\/planikafires.shop\/wp-content\/uploads\/2022\/07\/glass_screen_accessory-1600x0-c-default.jpg\",\"datePublished\":\"2022-07-04T08:41:14+00:00\",\"dateModified\":\"2023-11-22T09:12:47+00:00\",\"breadcrumb\":{\"@id\":\"https:\/\/planikafires.shop\/produkt\/sklenene-panely-pre-fla4-fla4-a-prime-fire\/#breadcrumb\"},\"inLanguage\":\"cs\",\"potentialAction\":[{\"@type\":\"ReadAction\",\"target\":[\"https:\/\/planikafires.shop\/produkt\/sklenene-panely-pre-fla4-fla4-a-prime-fire\/\"]}]},{\"@type\":\"ImageObject\",\"inLanguage\":\"cs\",\"@id\":\"https:\/\/planikafires.shop\/produkt\/sklenene-panely-pre-fla4-fla4-a-prime-fire\/#primaryimage\",\"url\":\"https:\/\/planikafires.shop\/wp-content\/uploads\/2022\/07\/glass_screen_accessory-1600x0-c-default.jpg\",\"contentUrl\":\"https:\/\/planikafires.shop\/wp-content\/uploads\/2022\/07\/glass_screen_accessory-1600x0-c-default.jpg\",\"width\":1600,\"height\":1600},{\"@type\":\"BreadcrumbList\",\"@id\":\"https:\/\/planikafires.shop\/produkt\/sklenene-panely-pre-fla4-fla4-a-prime-fire\/#breadcrumb\",\"itemListElement\":[{\"@type\":\"ListItem\",\"position\":1,\"name\":\"Domovsk\u00e1 str\u00e1nka\",\"item\":\"https:\/\/planikafires.shop\/cs\/\"},{\"@type\":\"ListItem\",\"position\":2,\"name\":\"Obchod\",\"item\":\"https:\/\/planikafires.shop\/cs\/shop\/\"},{\"@type\":\"ListItem\",\"position\":3,\"name\":\"SKLEN\u011aN\u00c9 PANELY PRO FLA4, FLA4+ A PRIME FIRE\"}]},{\"@type\":\"WebSite\",\"@id\":\"https:\/\/planikafires.shop\/cs\/#website\",\"url\":\"https:\/\/planikafires.shop\/cs\/\",\"name\":\"Planika\",\"description\":\"Modern\u00e9 rie\u0161enie krbov\",\"publisher\":{\"@id\":\"https:\/\/planikafires.shop\/cs\/#organization\"},\"potentialAction\":[{\"@type\":\"SearchAction\",\"target\":{\"@type\":\"EntryPoint\",\"urlTemplate\":\"https:\/\/planikafires.shop\/cs\/?s={search_term_string}\"},\"query-input\":{\"@type\":\"PropertyValueSpecification\",\"valueRequired\":true,\"valueName\":\"search_term_string\"}}],\"inLanguage\":\"cs\"},{\"@type\":\"Organization\",\"@id\":\"https:\/\/planikafires.shop\/cs\/#organization\",\"name\":\"Planika\",\"url\":\"https:\/\/planikafires.shop\/cs\/\",\"logo\":{\"@type\":\"ImageObject\",\"inLanguage\":\"cs\",\"@id\":\"https:\/\/planikafires.shop\/cs\/#\/schema\/logo\/image\/\",\"url\":\"https:\/\/planikafires.shop\/wp-content\/uploads\/2022\/06\/logo.png\",\"contentUrl\":\"https:\/\/planikafires.shop\/wp-content\/uploads\/2022\/06\/logo.png\",\"width\":191,\"height\":78,\"caption\":\"Planika\"},\"image\":{\"@id\":\"https:\/\/planikafires.shop\/cs\/#\/schema\/logo\/image\/\"}}]}<\/script>\n<!-- \/ Yoast SEO plugin. -->","yoast_head_json":{"title":"SKLEN\u011aN\u00c9 PANELY PRO FLA4, FLA4+ A PRIME FIRE | Planika","robots":{"index":"index","follow":"follow","max-snippet":"max-snippet:-1","max-image-preview":"max-image-preview:large","max-video-preview":"max-video-preview:-1"},"canonical":"https:\/\/planikafires.shop\/produkt\/sklenene-panely-pre-fla4-fla4-a-prime-fire\/","og_locale":"cs_CZ","og_type":"article","og_title":"SKLEN\u011aN\u00c9 PANELY PRO FLA4, FLA4+ A PRIME FIRE | Planika","og_description":"sklen\u011bn\u00e9 panely pro bioalkoholov\u00e9 krby FLA4, FLA4+ a Prime Fire jsou standardne ur\u010den\u00e9 pro Fire Line Automatic 4\/4+ pro verzi &#8222;tunel&#8220;, &#8222;m\u00edstnost del\u00edci&#8220; a &#8222;ostrovn\u00ed&#8220; BEZ P\u0158\u00cdPLATKU (na nerezov\u00fdch dr\u017e\u00e1c\u00edch) pro ostatn\u00ed modely Fire Line Automatic p\u0159i verzi &#8211; F, LF, FR, LFR ZA P\u0158\u00cdPLATEK pro model Prime Fire &#8211; sklen\u011bn\u00e9 panely ur\u010den\u00e9 pouze pro [&hellip;]","og_url":"https:\/\/planikafires.shop\/produkt\/sklenene-panely-pre-fla4-fla4-a-prime-fire\/","og_site_name":"Planika","article_modified_time":"2023-11-22T09:12:47+00:00","og_image":[{"width":1600,"height":1600,"url":"https:\/\/planikafires.shop\/wp-content\/uploads\/2022\/07\/glass_screen_accessory-1600x0-c-default.jpg","type":"image\/jpeg"}],"twitter_card":"summary_large_image","twitter_misc":{"Odhadovan\u00e1 doba \u010dten\u00ed":"1 minuta"},"schema":{"@context":"https:\/\/schema.org","@graph":[{"@type":"WebPage","@id":"https:\/\/planikafires.shop\/produkt\/sklenene-panely-pre-fla4-fla4-a-prime-fire\/","url":"https:\/\/planikafires.shop\/produkt\/sklenene-panely-pre-fla4-fla4-a-prime-fire\/","name":"SKLEN\u011aN\u00c9 PANELY PRO FLA4, FLA4+ A PRIME FIRE | Planika","isPartOf":{"@id":"https:\/\/planikafires.shop\/cs\/#website"},"primaryImageOfPage":{"@id":"https:\/\/planikafires.shop\/produkt\/sklenene-panely-pre-fla4-fla4-a-prime-fire\/#primaryimage"},"image":{"@id":"https:\/\/planikafires.shop\/produkt\/sklenene-panely-pre-fla4-fla4-a-prime-fire\/#primaryimage"},"thumbnailUrl":"https:\/\/planikafires.shop\/wp-content\/uploads\/2022\/07\/glass_screen_accessory-1600x0-c-default.jpg","datePublished":"2022-07-04T08:41:14+00:00","dateModified":"2023-11-22T09:12:47+00:00","breadcrumb":{"@id":"https:\/\/planikafires.shop\/produkt\/sklenene-panely-pre-fla4-fla4-a-prime-fire\/#breadcrumb"},"inLanguage":"cs","potentialAction":[{"@type":"ReadAction","target":["https:\/\/planikafires.shop\/produkt\/sklenene-panely-pre-fla4-fla4-a-prime-fire\/"]}]},{"@type":"ImageObject","inLanguage":"cs","@id":"https:\/\/planikafires.shop\/produkt\/sklenene-panely-pre-fla4-fla4-a-prime-fire\/#primaryimage","url":"https:\/\/planikafires.shop\/wp-content\/uploads\/2022\/07\/glass_screen_accessory-1600x0-c-default.jpg","contentUrl":"https:\/\/planikafires.shop\/wp-content\/uploads\/2022\/07\/glass_screen_accessory-1600x0-c-default.jpg","width":1600,"height":1600},{"@type":"BreadcrumbList","@id":"https:\/\/planikafires.shop\/produkt\/sklenene-panely-pre-fla4-fla4-a-prime-fire\/#breadcrumb","itemListElement":[{"@type":"ListItem","position":1,"name":"Domovsk\u00e1 str\u00e1nka","item":"https:\/\/planikafires.shop\/cs\/"},{"@type":"ListItem","position":2,"name":"Obchod","item":"https:\/\/planikafires.shop\/cs\/shop\/"},{"@type":"ListItem","position":3,"name":"SKLEN\u011aN\u00c9 PANELY PRO FLA4, FLA4+ A PRIME FIRE"}]},{"@type":"WebSite","@id":"https:\/\/planikafires.shop\/cs\/#website","url":"https:\/\/planikafires.shop\/cs\/","name":"Planika","description":"Modern\u00e9 rie\u0161enie krbov","publisher":{"@id":"https:\/\/planikafires.shop\/cs\/#organization"},"potentialAction":[{"@type":"SearchAction","target":{"@type":"EntryPoint","urlTemplate":"https:\/\/planikafires.shop\/cs\/?s={search_term_string}"},"query-input":{"@type":"PropertyValueSpecification","valueRequired":true,"valueName":"search_term_string"}}],"inLanguage":"cs"},{"@type":"Organization","@id":"https:\/\/planikafires.shop\/cs\/#organization","name":"Planika","url":"https:\/\/planikafires.shop\/cs\/","logo":{"@type":"ImageObject","inLanguage":"cs","@id":"https:\/\/planikafires.shop\/cs\/#\/schema\/logo\/image\/","url":"https:\/\/planikafires.shop\/wp-content\/uploads\/2022\/06\/logo.png","contentUrl":"https:\/\/planikafires.shop\/wp-content\/uploads\/2022\/06\/logo.png","width":191,"height":78,"caption":"Planika"},"image":{"@id":"https:\/\/planikafires.shop\/cs\/#\/schema\/logo\/image\/"}}]}},"_links":{"self":[{"href":"https:\/\/planikafires.shop\/cs\/wp-json\/wp\/v2\/product\/11209","targetHints":{"allow":["GET"]}}],"collection":[{"href":"https:\/\/planikafires.shop\/cs\/wp-json\/wp\/v2\/product"}],"about":[{"href":"https:\/\/planikafires.shop\/cs\/wp-json\/wp\/v2\/types\/product"}],"version-history":[{"count":2,"href":"https:\/\/planikafires.shop\/cs\/wp-json\/wp\/v2\/product\/11209\/revisions"}],"predecessor-version":[{"id":12032,"href":"https:\/\/planikafires.shop\/cs\/wp-json\/wp\/v2\/product\/11209\/revisions\/12032"}],"wp:featuredmedia":[{"embeddable":true,"href":"https:\/\/planikafires.shop\/cs\/wp-json\/wp\/v2\/media\/9853"}],"wp:attachment":[{"href":"https:\/\/planikafires.shop\/cs\/wp-json\/wp\/v2\/media?parent=11209"}],"wp:term":[{"taxonomy":"product_brand","embeddable":true,"href":"https:\/\/planikafires.shop\/cs\/wp-json\/wp\/v2\/product_brand?post=11209"},{"taxonomy":"product_cat","embeddable":true,"href":"https:\/\/planikafires.shop\/cs\/wp-json\/wp\/v2\/product_cat?post=11209"},{"taxonomy":"product_tag","embeddable":true,"href":"https:\/\/planikafires.shop\/cs\/wp-json\/wp\/v2\/product_tag?post=11209"}],"curies":[{"name":"wp","href":"https:\/\/api.w.org\/{rel}","templated":true}]}}