{"id":11248,"date":"2022-08-17T14:39:43","date_gmt":"2022-08-17T12:39:43","guid":{"rendered":"https:\/\/planikafires.shop\/produkt\/rio\/"},"modified":"2022-08-17T14:39:43","modified_gmt":"2022-08-17T12:39:43","slug":"rio","status":"publish","type":"product","link":"https:\/\/planikafires.shop\/cs\/produkt\/rio\/","title":{"rendered":"RIO"},"content":{"rendered":"<ul>\n<li>Typ paliva: LPG<\/li>\n<li>V\u00fdkon: 7 &#8211; 10 kW<\/li>\n<li>Spot\u0159eba LPG: max. 0,50 &#8211; 0,65 kg\/hod. (p\u0159i ho\u0159en\u00ed 55 hod.)<\/li>\n<li>Tlak: 37 mbar (LPG)<\/li>\n<li>Rozm\u011bry (\u0160xVxH): 698 x 414 (se sklem) x 300 mm<\/li>\n<li>Hmotnost: 13,2 kg<\/li>\n<li>Materi\u00e1l: ocel, tvrzen\u00e9 sklo<\/li>\n<li>Dekorat\u00edvn\u00ed p\u0159\u00edslu\u0161enstv\u00ed (v balen\u00ed): \u010dern\u00fd sklen\u011bn\u00fd \u0161t\u011brk<\/li>\n<li>Pou\u017eit\u00ed: pouze v exteri\u00e9ri<\/li>\n<\/ul>\n<p><strong>DOBA DOD\u00c1N\u00cd: 13 pracovn\u00edch dn\u016f<\/strong><\/p>\n","protected":false},"excerpt":{"rendered":"<p>RIO je exteri\u00e9rov\u00fd krb s \u010dern\u00fdm pr\u00e1\u0161kovan\u00fdm povrchem vyroben\u00fd z odoln\u00fdch vysoce kvalitn\u00edch materi\u00e1l\u016f, odoln\u00fdch v\u016f\u010di nep\u0159\u00edzniv\u00fdm pov\u011btrnostn\u00edm podm\u00ednk\u00e1m. Vychutnejte si skute\u010dn\u00e9 zlat\u00e9 plameny a\u017e 55 hodin. s t\u00edmto plynov\u00fdm krbem. Jeho mal\u00e1 a kompaktn\u00ed velikost spolu s mo\u017enost\u00ed p\u0159enosu v\u00e1m umo\u017e\u0148uje um\u00edstit jej kdekoli na va\u0161\u00ed terase nebo v zahrad\u011b. Pr\u016fhledn\u00fd sklen\u011bn\u00fd panel stabilizuje ohe\u0148 a \u010dern\u00fd sklen\u011bn\u00fd \u0161t\u011brk je atraktivn\u00edm dopl\u0148kem.<\/p>\n","protected":false},"featured_media":9960,"template":"","meta":{"_acf_changed":false},"product_brand":[],"product_cat":[182],"product_tag":[285],"class_list":{"0":"post-11248","1":"product","2":"type-product","3":"status-publish","4":"has-post-thumbnail","6":"product_cat-plynove-vnejsi-krby","7":"product_tag-basic-collection-cs","8":"product_shipping_class-1-2-paleta-cs","10":"first","11":"onbackorder","12":"taxable","13":"shipping-taxable","14":"purchasable","15":"product-type-simple"},"acf":[],"yoast_head":"<!-- This site is optimized with the Yoast SEO plugin v24.2 - https:\/\/yoast.com\/wordpress\/plugins\/seo\/ -->\n<title>RIO | Planika<\/title>\n<meta name=\"robots\" content=\"index, follow, max-snippet:-1, max-image-preview:large, max-video-preview:-1\" \/>\n<link rel=\"canonical\" href=\"https:\/\/planikafires.shop\/produkt\/rio\/\" \/>\n<meta property=\"og:locale\" content=\"cs_CZ\" \/>\n<meta property=\"og:type\" content=\"article\" \/>\n<meta property=\"og:title\" content=\"RIO | Planika\" \/>\n<meta property=\"og:description\" content=\"RIO je exteri\u00e9rov\u00fd krb s \u010dern\u00fdm pr\u00e1\u0161kovan\u00fdm povrchem vyroben\u00fd z odoln\u00fdch vysoce kvalitn\u00edch materi\u00e1l\u016f, odoln\u00fdch v\u016f\u010di nep\u0159\u00edzniv\u00fdm pov\u011btrnostn\u00edm podm\u00ednk\u00e1m. Vychutnejte si skute\u010dn\u00e9 zlat\u00e9 plameny a\u017e 55 hodin. s t\u00edmto plynov\u00fdm krbem. Jeho mal\u00e1 a kompaktn\u00ed velikost spolu s mo\u017enost\u00ed p\u0159enosu v\u00e1m umo\u017e\u0148uje um\u00edstit jej kdekoli na va\u0161\u00ed terase nebo v zahrad\u011b. Pr\u016fhledn\u00fd sklen\u011bn\u00fd panel stabilizuje ohe\u0148 a \u010dern\u00fd sklen\u011bn\u00fd \u0161t\u011brk je atraktivn\u00edm dopl\u0148kem.\" \/>\n<meta property=\"og:url\" content=\"https:\/\/planikafires.shop\/produkt\/rio\/\" \/>\n<meta property=\"og:site_name\" content=\"Planika\" \/>\n<meta property=\"og:image\" content=\"https:\/\/planikafires.shop\/wp-content\/uploads\/2022\/08\/Rio-category-800x0-c-default.jpg\" \/>\n\t<meta property=\"og:image:width\" content=\"800\" \/>\n\t<meta property=\"og:image:height\" content=\"811\" \/>\n\t<meta property=\"og:image:type\" content=\"image\/jpeg\" \/>\n<meta name=\"twitter:card\" content=\"summary_large_image\" \/>\n<script type=\"application\/ld+json\" class=\"yoast-schema-graph\">{\"@context\":\"https:\/\/schema.org\",\"@graph\":[{\"@type\":\"WebPage\",\"@id\":\"https:\/\/planikafires.shop\/produkt\/rio\/\",\"url\":\"https:\/\/planikafires.shop\/produkt\/rio\/\",\"name\":\"RIO | Planika\",\"isPartOf\":{\"@id\":\"https:\/\/planikafires.shop\/cs\/#website\"},\"primaryImageOfPage\":{\"@id\":\"https:\/\/planikafires.shop\/produkt\/rio\/#primaryimage\"},\"image\":{\"@id\":\"https:\/\/planikafires.shop\/produkt\/rio\/#primaryimage\"},\"thumbnailUrl\":\"https:\/\/planikafires.shop\/wp-content\/uploads\/2022\/08\/Rio-category-800x0-c-default.jpg\",\"datePublished\":\"2022-08-17T12:39:43+00:00\",\"dateModified\":\"2022-08-17T12:39:43+00:00\",\"breadcrumb\":{\"@id\":\"https:\/\/planikafires.shop\/produkt\/rio\/#breadcrumb\"},\"inLanguage\":\"cs\",\"potentialAction\":[{\"@type\":\"ReadAction\",\"target\":[\"https:\/\/planikafires.shop\/produkt\/rio\/\"]}]},{\"@type\":\"ImageObject\",\"inLanguage\":\"cs\",\"@id\":\"https:\/\/planikafires.shop\/produkt\/rio\/#primaryimage\",\"url\":\"https:\/\/planikafires.shop\/wp-content\/uploads\/2022\/08\/Rio-category-800x0-c-default.jpg\",\"contentUrl\":\"https:\/\/planikafires.shop\/wp-content\/uploads\/2022\/08\/Rio-category-800x0-c-default.jpg\",\"width\":800,\"height\":811},{\"@type\":\"BreadcrumbList\",\"@id\":\"https:\/\/planikafires.shop\/produkt\/rio\/#breadcrumb\",\"itemListElement\":[{\"@type\":\"ListItem\",\"position\":1,\"name\":\"Domovsk\u00e1 str\u00e1nka\",\"item\":\"https:\/\/planikafires.shop\/cs\/\"},{\"@type\":\"ListItem\",\"position\":2,\"name\":\"Obchod\",\"item\":\"https:\/\/planikafires.shop\/cs\/shop\/\"},{\"@type\":\"ListItem\",\"position\":3,\"name\":\"RIO\"}]},{\"@type\":\"WebSite\",\"@id\":\"https:\/\/planikafires.shop\/cs\/#website\",\"url\":\"https:\/\/planikafires.shop\/cs\/\",\"name\":\"Planika\",\"description\":\"Modern\u00e9 rie\u0161enie krbov\",\"publisher\":{\"@id\":\"https:\/\/planikafires.shop\/cs\/#organization\"},\"potentialAction\":[{\"@type\":\"SearchAction\",\"target\":{\"@type\":\"EntryPoint\",\"urlTemplate\":\"https:\/\/planikafires.shop\/cs\/?s={search_term_string}\"},\"query-input\":{\"@type\":\"PropertyValueSpecification\",\"valueRequired\":true,\"valueName\":\"search_term_string\"}}],\"inLanguage\":\"cs\"},{\"@type\":\"Organization\",\"@id\":\"https:\/\/planikafires.shop\/cs\/#organization\",\"name\":\"Planika\",\"url\":\"https:\/\/planikafires.shop\/cs\/\",\"logo\":{\"@type\":\"ImageObject\",\"inLanguage\":\"cs\",\"@id\":\"https:\/\/planikafires.shop\/cs\/#\/schema\/logo\/image\/\",\"url\":\"https:\/\/planikafires.shop\/wp-content\/uploads\/2022\/06\/logo.png\",\"contentUrl\":\"https:\/\/planikafires.shop\/wp-content\/uploads\/2022\/06\/logo.png\",\"width\":191,\"height\":78,\"caption\":\"Planika\"},\"image\":{\"@id\":\"https:\/\/planikafires.shop\/cs\/#\/schema\/logo\/image\/\"}}]}<\/script>\n<!-- \/ Yoast SEO plugin. -->","yoast_head_json":{"title":"RIO | Planika","robots":{"index":"index","follow":"follow","max-snippet":"max-snippet:-1","max-image-preview":"max-image-preview:large","max-video-preview":"max-video-preview:-1"},"canonical":"https:\/\/planikafires.shop\/produkt\/rio\/","og_locale":"cs_CZ","og_type":"article","og_title":"RIO | Planika","og_description":"RIO je exteri\u00e9rov\u00fd krb s \u010dern\u00fdm pr\u00e1\u0161kovan\u00fdm povrchem vyroben\u00fd z odoln\u00fdch vysoce kvalitn\u00edch materi\u00e1l\u016f, odoln\u00fdch v\u016f\u010di nep\u0159\u00edzniv\u00fdm pov\u011btrnostn\u00edm podm\u00ednk\u00e1m. Vychutnejte si skute\u010dn\u00e9 zlat\u00e9 plameny a\u017e 55 hodin. s t\u00edmto plynov\u00fdm krbem. Jeho mal\u00e1 a kompaktn\u00ed velikost spolu s mo\u017enost\u00ed p\u0159enosu v\u00e1m umo\u017e\u0148uje um\u00edstit jej kdekoli na va\u0161\u00ed terase nebo v zahrad\u011b. Pr\u016fhledn\u00fd sklen\u011bn\u00fd panel stabilizuje ohe\u0148 a \u010dern\u00fd sklen\u011bn\u00fd \u0161t\u011brk je atraktivn\u00edm dopl\u0148kem.","og_url":"https:\/\/planikafires.shop\/produkt\/rio\/","og_site_name":"Planika","og_image":[{"width":800,"height":811,"url":"https:\/\/planikafires.shop\/wp-content\/uploads\/2022\/08\/Rio-category-800x0-c-default.jpg","type":"image\/jpeg"}],"twitter_card":"summary_large_image","schema":{"@context":"https:\/\/schema.org","@graph":[{"@type":"WebPage","@id":"https:\/\/planikafires.shop\/produkt\/rio\/","url":"https:\/\/planikafires.shop\/produkt\/rio\/","name":"RIO | Planika","isPartOf":{"@id":"https:\/\/planikafires.shop\/cs\/#website"},"primaryImageOfPage":{"@id":"https:\/\/planikafires.shop\/produkt\/rio\/#primaryimage"},"image":{"@id":"https:\/\/planikafires.shop\/produkt\/rio\/#primaryimage"},"thumbnailUrl":"https:\/\/planikafires.shop\/wp-content\/uploads\/2022\/08\/Rio-category-800x0-c-default.jpg","datePublished":"2022-08-17T12:39:43+00:00","dateModified":"2022-08-17T12:39:43+00:00","breadcrumb":{"@id":"https:\/\/planikafires.shop\/produkt\/rio\/#breadcrumb"},"inLanguage":"cs","potentialAction":[{"@type":"ReadAction","target":["https:\/\/planikafires.shop\/produkt\/rio\/"]}]},{"@type":"ImageObject","inLanguage":"cs","@id":"https:\/\/planikafires.shop\/produkt\/rio\/#primaryimage","url":"https:\/\/planikafires.shop\/wp-content\/uploads\/2022\/08\/Rio-category-800x0-c-default.jpg","contentUrl":"https:\/\/planikafires.shop\/wp-content\/uploads\/2022\/08\/Rio-category-800x0-c-default.jpg","width":800,"height":811},{"@type":"BreadcrumbList","@id":"https:\/\/planikafires.shop\/produkt\/rio\/#breadcrumb","itemListElement":[{"@type":"ListItem","position":1,"name":"Domovsk\u00e1 str\u00e1nka","item":"https:\/\/planikafires.shop\/cs\/"},{"@type":"ListItem","position":2,"name":"Obchod","item":"https:\/\/planikafires.shop\/cs\/shop\/"},{"@type":"ListItem","position":3,"name":"RIO"}]},{"@type":"WebSite","@id":"https:\/\/planikafires.shop\/cs\/#website","url":"https:\/\/planikafires.shop\/cs\/","name":"Planika","description":"Modern\u00e9 rie\u0161enie krbov","publisher":{"@id":"https:\/\/planikafires.shop\/cs\/#organization"},"potentialAction":[{"@type":"SearchAction","target":{"@type":"EntryPoint","urlTemplate":"https:\/\/planikafires.shop\/cs\/?s={search_term_string}"},"query-input":{"@type":"PropertyValueSpecification","valueRequired":true,"valueName":"search_term_string"}}],"inLanguage":"cs"},{"@type":"Organization","@id":"https:\/\/planikafires.shop\/cs\/#organization","name":"Planika","url":"https:\/\/planikafires.shop\/cs\/","logo":{"@type":"ImageObject","inLanguage":"cs","@id":"https:\/\/planikafires.shop\/cs\/#\/schema\/logo\/image\/","url":"https:\/\/planikafires.shop\/wp-content\/uploads\/2022\/06\/logo.png","contentUrl":"https:\/\/planikafires.shop\/wp-content\/uploads\/2022\/06\/logo.png","width":191,"height":78,"caption":"Planika"},"image":{"@id":"https:\/\/planikafires.shop\/cs\/#\/schema\/logo\/image\/"}}]}},"_links":{"self":[{"href":"https:\/\/planikafires.shop\/cs\/wp-json\/wp\/v2\/product\/11248","targetHints":{"allow":["GET"]}}],"collection":[{"href":"https:\/\/planikafires.shop\/cs\/wp-json\/wp\/v2\/product"}],"about":[{"href":"https:\/\/planikafires.shop\/cs\/wp-json\/wp\/v2\/types\/product"}],"version-history":[{"count":0,"href":"https:\/\/planikafires.shop\/cs\/wp-json\/wp\/v2\/product\/11248\/revisions"}],"wp:featuredmedia":[{"embeddable":true,"href":"https:\/\/planikafires.shop\/cs\/wp-json\/wp\/v2\/media\/9960"}],"wp:attachment":[{"href":"https:\/\/planikafires.shop\/cs\/wp-json\/wp\/v2\/media?parent=11248"}],"wp:term":[{"taxonomy":"product_brand","embeddable":true,"href":"https:\/\/planikafires.shop\/cs\/wp-json\/wp\/v2\/product_brand?post=11248"},{"taxonomy":"product_cat","embeddable":true,"href":"https:\/\/planikafires.shop\/cs\/wp-json\/wp\/v2\/product_cat?post=11248"},{"taxonomy":"product_tag","embeddable":true,"href":"https:\/\/planikafires.shop\/cs\/wp-json\/wp\/v2\/product_tag?post=11248"}],"curies":[{"name":"wp","href":"https:\/\/api.w.org\/{rel}","templated":true}]}}