{"id":11550,"date":"2023-05-09T09:36:03","date_gmt":"2023-05-09T07:36:03","guid":{"rendered":"https:\/\/planikafires.shop\/produkt\/polaris\/"},"modified":"2025-01-06T19:39:17","modified_gmt":"2025-01-06T18:39:17","slug":"polaris","status":"publish","type":"product","link":"https:\/\/planikafires.shop\/cs\/produkt\/polaris\/","title":{"rendered":"POLARIS"},"content":{"rendered":"<ul>\n<li><strong>Bez kou\u0159e<\/strong><\/li>\n<li><strong>Bez popela<\/strong><\/li>\n<li><strong>Bez kom\u00edna<\/strong><\/li>\n<li><strong>Bez z\u00e1palek<\/strong><\/li>\n<li>T\u0159\u00edstrann\u00fd biokrb s panoramatick\u00fdm v\u00fdhledem na plameny<\/li>\n<li>Specialn\u00ed tvrzen\u00e9 sklo pokr\u00fdv\u00e1 a stabilizuje plamen<\/li>\n<li>Zabudovan\u00fd ovl\u00e1dac\u00ed panel zaru\u010duje intuitivn\u00ed a snadn\u00e9 ovl\u00e1d\u00e1n\u00ed biokrbu<\/li>\n<li>Vy\u0161\u0161\u00ed standard oproti biokrbu ARCTICON<\/li>\n<li>Dekora\u010dn\u00ed vrchn\u00ed \u010d\u00e1st biokrbu<\/li>\n<li>Pokro\u010dil\u00fd syst\u00e9m z\u00e1v\u011bs\u016f (ve spodn\u00ed \u010d\u00e1sti biokrbu, kde je ukryta n\u00e1dr\u017e)<\/li>\n<li>Technologie BEV (Technologie ho\u0159\u00edc\u00edch v\u00fdpar\u016f etanolu)<\/li>\n<li>Voln\u011b stoj\u00edc\u00ed biokrb (plug and play)<\/li>\n<li>Eco &#8211; palivo<\/li>\n<li>Automatick\u00fd start\/stop<\/li>\n<li>Regulace velikosti plamene &#8211; 2 \u00farovn\u011b v\u00fd\u0161ky plamene<\/li>\n<li>Pou\u017eit\u00ed v interi\u00e9ru<\/li>\n<li>Certifikov\u00e1no<\/li>\n<li>Potrebn\u00fd p\u0159\u00edvod el. energie<\/li>\n<li>D\u00e1lkov\u00e9 ovl\u00e1d\u00e1n\u00ed v cen\u011b<\/li>\n<\/ul>\n<p><strong>\u010cEKAC\u00cd DOBA: 20 pracovn\u00edch dn\u016f!<\/strong><\/p>\n<h3><strong>Technick\u00e9 parametry:<\/strong><\/h3>\n<ul>\n<li>Z\u00e1sobn\u00edk: 5 L<\/li>\n<li>\u010cas ho\u0159en\u00ed: 33 h<\/li>\n<li>V\u00fdkon: 3,5 kW<\/li>\n<li>Hmotnost netto: 36,5 kg<\/li>\n<li>Interval v\u011btr\u00e1n\u00ed: min. 1\/h<\/li>\n<li>Minim\u00e1ln\u00ed velikost m\u00edstnosti: 35 m3 (13,4 m2 p\u0159i v\u00fd\u0161ce 2,6 m)<\/li>\n<li>Biokrb nap\u00e1jen\u00ed: 230 V \/ 115 V<\/li>\n<li>Rozm\u011bry (\u0160xVxH) &#8211; 400 x 1262 x 321 mm<\/li>\n<\/ul>\n","protected":false},"excerpt":{"rendered":"<p>Bez kou\u0159e Bez popela Bez kom\u00edna Bez z\u00e1palek T\u0159\u00edstrann\u00fd biokrb s panoramatick\u00fdm v\u00fdhledem na plameny Specialn\u00ed tvrzen\u00e9 sklo pokr\u00fdv\u00e1 a stabilizuje plamen Zabudovan\u00fd ovl\u00e1dac\u00ed panel zaru\u010duje intuitivn\u00ed a snadn\u00e9 ovl\u00e1d\u00e1n\u00ed biokrbu Vy\u0161\u0161\u00ed standard oproti biokrbu ARCTICON Dekora\u010dn\u00ed vrchn\u00ed \u010d\u00e1st biokrbu Pokro\u010dil\u00fd syst\u00e9m z\u00e1v\u011bs\u016f (ve spodn\u00ed \u010d\u00e1sti biokrbu, kde je ukryta n\u00e1dr\u017e) Technologie BEV (Technologie ho\u0159\u00edc\u00edch [&hellip;]<\/p>\n","protected":false},"featured_media":11547,"template":"","meta":{"_acf_changed":false},"product_brand":[],"product_cat":[146,156],"product_tag":[],"class_list":{"0":"post-11550","1":"product","2":"type-product","3":"status-publish","4":"has-post-thumbnail","6":"product_cat-bevetanol-cs","7":"product_cat-volne-stojici-krby-na-etanol","8":"product_shipping_class-1-paleta-cs","10":"first","11":"outofstock","12":"taxable","13":"shipping-taxable","14":"purchasable","15":"product-type-simple"},"acf":[],"yoast_head":"<!-- This site is optimized with the Yoast SEO plugin v24.2 - https:\/\/yoast.com\/wordpress\/plugins\/seo\/ -->\n<title>POLARIS | Planika<\/title>\n<meta name=\"robots\" content=\"index, follow, max-snippet:-1, max-image-preview:large, max-video-preview:-1\" \/>\n<link rel=\"canonical\" href=\"https:\/\/planikafires.shop\/cs\/produkt\/polaris\/\" \/>\n<meta property=\"og:locale\" content=\"cs_CZ\" \/>\n<meta property=\"og:type\" content=\"article\" \/>\n<meta property=\"og:title\" content=\"POLARIS | Planika\" \/>\n<meta property=\"og:description\" content=\"Bez kou\u0159e Bez popela Bez kom\u00edna Bez z\u00e1palek T\u0159\u00edstrann\u00fd biokrb s panoramatick\u00fdm v\u00fdhledem na plameny Specialn\u00ed tvrzen\u00e9 sklo pokr\u00fdv\u00e1 a stabilizuje plamen Zabudovan\u00fd ovl\u00e1dac\u00ed panel zaru\u010duje intuitivn\u00ed a snadn\u00e9 ovl\u00e1d\u00e1n\u00ed biokrbu Vy\u0161\u0161\u00ed standard oproti biokrbu ARCTICON Dekora\u010dn\u00ed vrchn\u00ed \u010d\u00e1st biokrbu Pokro\u010dil\u00fd syst\u00e9m z\u00e1v\u011bs\u016f (ve spodn\u00ed \u010d\u00e1sti biokrbu, kde je ukryta n\u00e1dr\u017e) Technologie BEV (Technologie ho\u0159\u00edc\u00edch [&hellip;]\" \/>\n<meta property=\"og:url\" content=\"https:\/\/planikafires.shop\/cs\/produkt\/polaris\/\" \/>\n<meta property=\"og:site_name\" content=\"Planika\" \/>\n<meta property=\"article:modified_time\" content=\"2025-01-06T18:39:17+00:00\" \/>\n<meta property=\"og:image\" content=\"https:\/\/planikafires.shop\/wp-content\/uploads\/2023\/05\/Polaris.jpg\" \/>\n\t<meta property=\"og:image:width\" content=\"1281\" \/>\n\t<meta property=\"og:image:height\" content=\"1920\" \/>\n\t<meta property=\"og:image:type\" content=\"image\/jpeg\" \/>\n<meta name=\"twitter:card\" content=\"summary_large_image\" \/>\n<meta name=\"twitter:label1\" content=\"Odhadovan\u00e1 doba \u010dten\u00ed\" \/>\n\t<meta name=\"twitter:data1\" content=\"1 minuta\" \/>\n<script type=\"application\/ld+json\" class=\"yoast-schema-graph\">{\"@context\":\"https:\/\/schema.org\",\"@graph\":[{\"@type\":\"WebPage\",\"@id\":\"https:\/\/planikafires.shop\/cs\/produkt\/polaris\/\",\"url\":\"https:\/\/planikafires.shop\/cs\/produkt\/polaris\/\",\"name\":\"POLARIS | Planika\",\"isPartOf\":{\"@id\":\"https:\/\/planikafires.shop\/cs\/#website\"},\"primaryImageOfPage\":{\"@id\":\"https:\/\/planikafires.shop\/cs\/produkt\/polaris\/#primaryimage\"},\"image\":{\"@id\":\"https:\/\/planikafires.shop\/cs\/produkt\/polaris\/#primaryimage\"},\"thumbnailUrl\":\"https:\/\/planikafires.shop\/wp-content\/uploads\/2023\/05\/Polaris.jpg\",\"datePublished\":\"2023-05-09T07:36:03+00:00\",\"dateModified\":\"2025-01-06T18:39:17+00:00\",\"breadcrumb\":{\"@id\":\"https:\/\/planikafires.shop\/cs\/produkt\/polaris\/#breadcrumb\"},\"inLanguage\":\"cs\",\"potentialAction\":[{\"@type\":\"ReadAction\",\"target\":[\"https:\/\/planikafires.shop\/cs\/produkt\/polaris\/\"]}]},{\"@type\":\"ImageObject\",\"inLanguage\":\"cs\",\"@id\":\"https:\/\/planikafires.shop\/cs\/produkt\/polaris\/#primaryimage\",\"url\":\"https:\/\/planikafires.shop\/wp-content\/uploads\/2023\/05\/Polaris.jpg\",\"contentUrl\":\"https:\/\/planikafires.shop\/wp-content\/uploads\/2023\/05\/Polaris.jpg\",\"width\":1281,\"height\":1920},{\"@type\":\"BreadcrumbList\",\"@id\":\"https:\/\/planikafires.shop\/cs\/produkt\/polaris\/#breadcrumb\",\"itemListElement\":[{\"@type\":\"ListItem\",\"position\":1,\"name\":\"Domovsk\u00e1 str\u00e1nka\",\"item\":\"https:\/\/planikafires.shop\/cs\/\"},{\"@type\":\"ListItem\",\"position\":2,\"name\":\"Obchod\",\"item\":\"https:\/\/planikafires.shop\/cs\/shop\/\"},{\"@type\":\"ListItem\",\"position\":3,\"name\":\"POLARIS\"}]},{\"@type\":\"WebSite\",\"@id\":\"https:\/\/planikafires.shop\/cs\/#website\",\"url\":\"https:\/\/planikafires.shop\/cs\/\",\"name\":\"Planika\",\"description\":\"Modern\u00e9 rie\u0161enie krbov\",\"publisher\":{\"@id\":\"https:\/\/planikafires.shop\/cs\/#organization\"},\"potentialAction\":[{\"@type\":\"SearchAction\",\"target\":{\"@type\":\"EntryPoint\",\"urlTemplate\":\"https:\/\/planikafires.shop\/cs\/?s={search_term_string}\"},\"query-input\":{\"@type\":\"PropertyValueSpecification\",\"valueRequired\":true,\"valueName\":\"search_term_string\"}}],\"inLanguage\":\"cs\"},{\"@type\":\"Organization\",\"@id\":\"https:\/\/planikafires.shop\/cs\/#organization\",\"name\":\"Planika\",\"url\":\"https:\/\/planikafires.shop\/cs\/\",\"logo\":{\"@type\":\"ImageObject\",\"inLanguage\":\"cs\",\"@id\":\"https:\/\/planikafires.shop\/cs\/#\/schema\/logo\/image\/\",\"url\":\"https:\/\/planikafires.shop\/wp-content\/uploads\/2022\/06\/logo.png\",\"contentUrl\":\"https:\/\/planikafires.shop\/wp-content\/uploads\/2022\/06\/logo.png\",\"width\":191,\"height\":78,\"caption\":\"Planika\"},\"image\":{\"@id\":\"https:\/\/planikafires.shop\/cs\/#\/schema\/logo\/image\/\"}}]}<\/script>\n<!-- \/ Yoast SEO plugin. -->","yoast_head_json":{"title":"POLARIS | Planika","robots":{"index":"index","follow":"follow","max-snippet":"max-snippet:-1","max-image-preview":"max-image-preview:large","max-video-preview":"max-video-preview:-1"},"canonical":"https:\/\/planikafires.shop\/cs\/produkt\/polaris\/","og_locale":"cs_CZ","og_type":"article","og_title":"POLARIS | Planika","og_description":"Bez kou\u0159e Bez popela Bez kom\u00edna Bez z\u00e1palek T\u0159\u00edstrann\u00fd biokrb s panoramatick\u00fdm v\u00fdhledem na plameny Specialn\u00ed tvrzen\u00e9 sklo pokr\u00fdv\u00e1 a stabilizuje plamen Zabudovan\u00fd ovl\u00e1dac\u00ed panel zaru\u010duje intuitivn\u00ed a snadn\u00e9 ovl\u00e1d\u00e1n\u00ed biokrbu Vy\u0161\u0161\u00ed standard oproti biokrbu ARCTICON Dekora\u010dn\u00ed vrchn\u00ed \u010d\u00e1st biokrbu Pokro\u010dil\u00fd syst\u00e9m z\u00e1v\u011bs\u016f (ve spodn\u00ed \u010d\u00e1sti biokrbu, kde je ukryta n\u00e1dr\u017e) Technologie BEV (Technologie ho\u0159\u00edc\u00edch [&hellip;]","og_url":"https:\/\/planikafires.shop\/cs\/produkt\/polaris\/","og_site_name":"Planika","article_modified_time":"2025-01-06T18:39:17+00:00","og_image":[{"width":1281,"height":1920,"url":"https:\/\/planikafires.shop\/wp-content\/uploads\/2023\/05\/Polaris.jpg","type":"image\/jpeg"}],"twitter_card":"summary_large_image","twitter_misc":{"Odhadovan\u00e1 doba \u010dten\u00ed":"1 minuta"},"schema":{"@context":"https:\/\/schema.org","@graph":[{"@type":"WebPage","@id":"https:\/\/planikafires.shop\/cs\/produkt\/polaris\/","url":"https:\/\/planikafires.shop\/cs\/produkt\/polaris\/","name":"POLARIS | Planika","isPartOf":{"@id":"https:\/\/planikafires.shop\/cs\/#website"},"primaryImageOfPage":{"@id":"https:\/\/planikafires.shop\/cs\/produkt\/polaris\/#primaryimage"},"image":{"@id":"https:\/\/planikafires.shop\/cs\/produkt\/polaris\/#primaryimage"},"thumbnailUrl":"https:\/\/planikafires.shop\/wp-content\/uploads\/2023\/05\/Polaris.jpg","datePublished":"2023-05-09T07:36:03+00:00","dateModified":"2025-01-06T18:39:17+00:00","breadcrumb":{"@id":"https:\/\/planikafires.shop\/cs\/produkt\/polaris\/#breadcrumb"},"inLanguage":"cs","potentialAction":[{"@type":"ReadAction","target":["https:\/\/planikafires.shop\/cs\/produkt\/polaris\/"]}]},{"@type":"ImageObject","inLanguage":"cs","@id":"https:\/\/planikafires.shop\/cs\/produkt\/polaris\/#primaryimage","url":"https:\/\/planikafires.shop\/wp-content\/uploads\/2023\/05\/Polaris.jpg","contentUrl":"https:\/\/planikafires.shop\/wp-content\/uploads\/2023\/05\/Polaris.jpg","width":1281,"height":1920},{"@type":"BreadcrumbList","@id":"https:\/\/planikafires.shop\/cs\/produkt\/polaris\/#breadcrumb","itemListElement":[{"@type":"ListItem","position":1,"name":"Domovsk\u00e1 str\u00e1nka","item":"https:\/\/planikafires.shop\/cs\/"},{"@type":"ListItem","position":2,"name":"Obchod","item":"https:\/\/planikafires.shop\/cs\/shop\/"},{"@type":"ListItem","position":3,"name":"POLARIS"}]},{"@type":"WebSite","@id":"https:\/\/planikafires.shop\/cs\/#website","url":"https:\/\/planikafires.shop\/cs\/","name":"Planika","description":"Modern\u00e9 rie\u0161enie krbov","publisher":{"@id":"https:\/\/planikafires.shop\/cs\/#organization"},"potentialAction":[{"@type":"SearchAction","target":{"@type":"EntryPoint","urlTemplate":"https:\/\/planikafires.shop\/cs\/?s={search_term_string}"},"query-input":{"@type":"PropertyValueSpecification","valueRequired":true,"valueName":"search_term_string"}}],"inLanguage":"cs"},{"@type":"Organization","@id":"https:\/\/planikafires.shop\/cs\/#organization","name":"Planika","url":"https:\/\/planikafires.shop\/cs\/","logo":{"@type":"ImageObject","inLanguage":"cs","@id":"https:\/\/planikafires.shop\/cs\/#\/schema\/logo\/image\/","url":"https:\/\/planikafires.shop\/wp-content\/uploads\/2022\/06\/logo.png","contentUrl":"https:\/\/planikafires.shop\/wp-content\/uploads\/2022\/06\/logo.png","width":191,"height":78,"caption":"Planika"},"image":{"@id":"https:\/\/planikafires.shop\/cs\/#\/schema\/logo\/image\/"}}]}},"_links":{"self":[{"href":"https:\/\/planikafires.shop\/cs\/wp-json\/wp\/v2\/product\/11550","targetHints":{"allow":["GET"]}}],"collection":[{"href":"https:\/\/planikafires.shop\/cs\/wp-json\/wp\/v2\/product"}],"about":[{"href":"https:\/\/planikafires.shop\/cs\/wp-json\/wp\/v2\/types\/product"}],"version-history":[{"count":1,"href":"https:\/\/planikafires.shop\/cs\/wp-json\/wp\/v2\/product\/11550\/revisions"}],"predecessor-version":[{"id":11566,"href":"https:\/\/planikafires.shop\/cs\/wp-json\/wp\/v2\/product\/11550\/revisions\/11566"}],"wp:featuredmedia":[{"embeddable":true,"href":"https:\/\/planikafires.shop\/cs\/wp-json\/wp\/v2\/media\/11547"}],"wp:attachment":[{"href":"https:\/\/planikafires.shop\/cs\/wp-json\/wp\/v2\/media?parent=11550"}],"wp:term":[{"taxonomy":"product_brand","embeddable":true,"href":"https:\/\/planikafires.shop\/cs\/wp-json\/wp\/v2\/product_brand?post=11550"},{"taxonomy":"product_cat","embeddable":true,"href":"https:\/\/planikafires.shop\/cs\/wp-json\/wp\/v2\/product_cat?post=11550"},{"taxonomy":"product_tag","embeddable":true,"href":"https:\/\/planikafires.shop\/cs\/wp-json\/wp\/v2\/product_tag?post=11550"}],"curies":[{"name":"wp","href":"https:\/\/api.w.org\/{rel}","templated":true}]}}