{"id":11735,"date":"2023-08-21T12:38:13","date_gmt":"2023-08-21T10:38:13","guid":{"rendered":"https:\/\/planikafires.shop\/?post_type=product&#038;p=11735"},"modified":"2025-01-24T09:51:25","modified_gmt":"2025-01-24T08:51:25","slug":"fla4-s-ramem-a-sklenenymi-panely-2","status":"publish","type":"product","link":"https:\/\/planikafires.shop\/cs\/produkt\/fla4-s-ramem-a-sklenenymi-panely-2\/","title":{"rendered":"FLA4+ s r\u00e1mem a sklen\u011bn\u00fdmi panely"},"content":{"rendered":"<p style=\"text-align: justify;\"><strong>R\u00e1m pro ohni\u0161t\u011b Fire Line Automatic 4+ se sklen\u011bn\u00fdmi panely, <\/strong>ur\u010den\u00fd pro verze <em>m\u00edstnost del\u00edci, tunel a ostrovn\u00ed.<\/em><\/p>\n<p style=\"text-align: justify;\">R\u00e1m s integrovan\u00fdmi sklen\u011bn\u00fdmi panely jako ochrann\u00fd a estetick\u00fd pl\u00e1\u0161\u0165 na etanolov\u00fd ho\u0159\u00e1k vytv\u00e1\u0159\u00ed zt\u011blesn\u011bn\u00ed bezpe\u010dnosti a elegance. Je navr\u017een pro uspokojen\u00ed v\u00edce styl\u016f uspo\u0159\u00e1d\u00e1n\u00ed \u2013 tunel, m\u00edstnost d\u011bl\u00edc\u00ed a ostrovn\u00ed, kter\u00e9 podporuj\u00ed rozmanitost mo\u017enost\u00ed interi\u00e9rov\u00e9ho designu.<\/p>\n<p style=\"text-align: justify;\">Ohni\u0161t\u011b FLA4+ 590 &#8211; 2490 mm + r\u00e1m + sklen\u011bn\u00e9 panely.<\/p>\n<ul>\n<li><strong>Bez kou\u0159e<\/strong><\/li>\n<li><strong>Bez popela<\/strong><\/li>\n<li><strong>Bez kom\u00edna<\/strong><\/li>\n<li>FLA4+ m\u00e1 nov\u00fd dotykov\u00fd ovl\u00e1dac\u00ed panel na ohni\u0161ti<\/li>\n<li>FLA4+ s elegantn\u00edm \u010dern\u00fdm ho\u0159\u00e1kem (liniov\u00fd ho\u0159\u00e1k) a skryt\u00fdm vl\u00e1knem<\/li>\n<li>FLA4+ s integrovan\u00fdmi sklen\u011bn\u00fdmi panely do topeni\u0161t\u011b (bez nerezov\u00fdch dr\u017e\u00e1k\u016f)<\/li>\n<li>Technologie BEV (Technologie ho\u0159\u00edc\u00edch v\u00fdpar\u016f etanolu)<\/li>\n<li>Eco &#8211; palivo<\/li>\n<li>Mo\u017en\u00e1 v\u00fdroba na m\u00edru<\/li>\n<li>Regulace velikosti plamene &#8211; 6 stup\u0148\u016f<\/li>\n<li>Pou\u017eit\u00ed v interi\u00e9ru<\/li>\n<li>Bezpe\u010dnostn\u00ed senzory<\/li>\n<li>Syst\u00e9m ,,Rychl\u00fd start&#8220;<\/li>\n<li>Sleep Timer (\u010dasovan\u00e9 vypnut\u00ed)<\/li>\n<li>D\u00e1lkov\u00e9 ovl\u00e1d\u00e1n\u00ed v cen\u011b<\/li>\n<li>Voliteln\u00e1 povrchov\u00e1 \u00faprava &#8211; <strong>ZA P\u0158\u00cdPLATEK<\/strong><\/li>\n<li>Zabudovan\u00fd modul WiFi &#8211; <strong>ovl\u00e1d\u00e1n\u00ed prost\u0159ednictv\u00edm chytr\u00e9ho telefonu \u010di tabletu<\/strong><\/li>\n<li>Aplikace <strong>NET ZERO-APP <\/strong>&#8211; ovl\u00e1d\u00e1n\u00ed biokrbu pomoc\u00ed aplikace<\/li>\n<li>Certifikov\u00e1no<\/li>\n<li>Detsk\u00e1 pojistka<\/li>\n<li>Pouzdro \u2013 galvanizovan\u00e1 ocel<\/li>\n<li>Tepeln\u00fd \u0161t\u00edt &#8211; tvrzen\u00e9 sklo<\/li>\n<li>Potrebn\u00fd p\u0159\u00edvod el. energie<\/li>\n<li>Diagnostika a nastaven\u00ed za\u0159\u00edzen\u00ed p\u0159\u00edmo z centr\u00e1ly prost\u0159ednictv\u00edm propojen\u00ed topeni\u0161t\u011b s internetem<\/li>\n<li>Instala\u010dn\u00ed box <span style=\"text-decoration: underline;\">FORMA<\/span><\/li>\n<\/ul>\n<p style=\"text-align: justify;\"><strong>\u010cEKAC\u00cd DOBA: 15 pracovn\u00edch dn\u016f!<\/strong><\/p>\n<h3 style=\"text-align: justify;\"><strong>PARAMETRY:<\/strong><\/h3>\n<ul>\n<li>Z\u00e1sobn\u00edk: 9,6L (590mm); 13,4 L (750mm); 17,2 L (990mm); 21 L(1190mm); 26,8 L (1490mm); 36,3 L (1990mm); 45,9 L (2490 mm)<\/li>\n<li>\u010cas ho\u0159en\u00ed: 19 \/ 29 \/ 31 \/ 35 \/ 35 \/ 36 \/36 h<\/li>\n<li>V\u00fdkon: 3,1 \/ 4,4 \/ 7 \/ 9,4 \/ 13 \/ 18 \/ 22,5 kW<\/li>\n<li>Hmotnost netto: 22,4 kg (590 mm) &#8211; 81,5 kg (2490 mm)<\/li>\n<li>Interval v\u011btr\u00e1n\u00ed: min. 1\/h<\/li>\n<li>Minim\u00e1ln\u00ed velikost m\u00edstnosti: 31 m<sup>3<\/sup> pri L= 590 mm (11,9 m<sup>2<\/sup> p\u0159i v\u00fd\u0161ce 2.6 m)<\/li>\n<li>Nap\u00e1jen\u00ed: 230 V \/ 115 V<\/li>\n<li>Rozm\u011bry biokrbu: \u0160 x V x H &#8211; 590-2490 x 305 x 280 mm<\/li>\n<\/ul>\n","protected":false},"excerpt":{"rendered":"<p>R\u00e1m pro ohni\u0161t\u011b Fire Line Automatic 4+ se sklen\u011bn\u00fdmi panely, ur\u010den\u00fd pro verze m\u00edstnost del\u00edci, tunel a ostrovn\u00ed. R\u00e1m s integrovan\u00fdmi sklen\u011bn\u00fdmi panely jako ochrann\u00fd a estetick\u00fd pl\u00e1\u0161\u0165 na etanolov\u00fd ho\u0159\u00e1k vytv\u00e1\u0159\u00ed zt\u011blesn\u011bn\u00ed bezpe\u010dnosti a elegance. Je navr\u017een pro uspokojen\u00ed v\u00edce styl\u016f uspo\u0159\u00e1d\u00e1n\u00ed \u2013 tunel, m\u00edstnost d\u011bl\u00edc\u00ed a ostrovn\u00ed, kter\u00e9 podporuj\u00ed rozmanitost mo\u017enost\u00ed interi\u00e9rov\u00e9ho designu. [&hellip;]<\/p>\n","protected":false},"featured_media":12023,"template":"","meta":{"_acf_changed":false},"product_brand":[],"product_cat":[146,148],"product_tag":[],"class_list":{"0":"post-11735","1":"product","2":"type-product","3":"status-publish","4":"has-post-thumbnail","6":"product_cat-bevetanol-cs","7":"product_cat-etanolove-horaky-cs","9":"first","10":"outofstock","11":"taxable","12":"shipping-taxable","13":"purchasable","14":"product-type-variable","15":"has-default-attributes"},"acf":[],"yoast_head":"<!-- This site is optimized with the Yoast SEO plugin v24.2 - https:\/\/yoast.com\/wordpress\/plugins\/seo\/ -->\n<title>FLA4+ s r\u00e1mem a sklen\u011bn\u00fdmi panely | Planika<\/title>\n<meta name=\"robots\" content=\"index, follow, max-snippet:-1, max-image-preview:large, max-video-preview:-1\" \/>\n<link rel=\"canonical\" href=\"https:\/\/planikafires.shop\/cs\/produkt\/fla4-s-ramem-a-sklenenymi-panely-2\/\" \/>\n<meta property=\"og:locale\" content=\"cs_CZ\" \/>\n<meta property=\"og:type\" content=\"article\" \/>\n<meta property=\"og:title\" content=\"FLA4+ s r\u00e1mem a sklen\u011bn\u00fdmi panely | Planika\" \/>\n<meta property=\"og:description\" content=\"R\u00e1m pro ohni\u0161t\u011b Fire Line Automatic 4+ se sklen\u011bn\u00fdmi panely, ur\u010den\u00fd pro verze m\u00edstnost del\u00edci, tunel a ostrovn\u00ed. R\u00e1m s integrovan\u00fdmi sklen\u011bn\u00fdmi panely jako ochrann\u00fd a estetick\u00fd pl\u00e1\u0161\u0165 na etanolov\u00fd ho\u0159\u00e1k vytv\u00e1\u0159\u00ed zt\u011blesn\u011bn\u00ed bezpe\u010dnosti a elegance. Je navr\u017een pro uspokojen\u00ed v\u00edce styl\u016f uspo\u0159\u00e1d\u00e1n\u00ed \u2013 tunel, m\u00edstnost d\u011bl\u00edc\u00ed a ostrovn\u00ed, kter\u00e9 podporuj\u00ed rozmanitost mo\u017enost\u00ed interi\u00e9rov\u00e9ho designu. [&hellip;]\" \/>\n<meta property=\"og:url\" content=\"https:\/\/planikafires.shop\/cs\/produkt\/fla4-s-ramem-a-sklenenymi-panely-2\/\" \/>\n<meta property=\"og:site_name\" content=\"Planika\" \/>\n<meta property=\"article:modified_time\" content=\"2025-01-24T08:51:25+00:00\" \/>\n<meta property=\"og:image\" content=\"https:\/\/planikafires.shop\/wp-content\/uploads\/2023\/08\/FLA4_790-with-Frame-Glass-Panels_png.jpg\" \/>\n\t<meta property=\"og:image:width\" content=\"1920\" \/>\n\t<meta property=\"og:image:height\" content=\"1440\" \/>\n\t<meta property=\"og:image:type\" content=\"image\/jpeg\" \/>\n<meta name=\"twitter:card\" content=\"summary_large_image\" \/>\n<meta name=\"twitter:label1\" content=\"Odhadovan\u00e1 doba \u010dten\u00ed\" \/>\n\t<meta name=\"twitter:data1\" content=\"2 minuty\" \/>\n<script type=\"application\/ld+json\" class=\"yoast-schema-graph\">{\"@context\":\"https:\/\/schema.org\",\"@graph\":[{\"@type\":\"WebPage\",\"@id\":\"https:\/\/planikafires.shop\/cs\/produkt\/fla4-s-ramem-a-sklenenymi-panely-2\/\",\"url\":\"https:\/\/planikafires.shop\/cs\/produkt\/fla4-s-ramem-a-sklenenymi-panely-2\/\",\"name\":\"FLA4+ s r\u00e1mem a sklen\u011bn\u00fdmi panely | Planika\",\"isPartOf\":{\"@id\":\"https:\/\/planikafires.shop\/cs\/#website\"},\"primaryImageOfPage\":{\"@id\":\"https:\/\/planikafires.shop\/cs\/produkt\/fla4-s-ramem-a-sklenenymi-panely-2\/#primaryimage\"},\"image\":{\"@id\":\"https:\/\/planikafires.shop\/cs\/produkt\/fla4-s-ramem-a-sklenenymi-panely-2\/#primaryimage\"},\"thumbnailUrl\":\"https:\/\/planikafires.shop\/wp-content\/uploads\/2023\/08\/FLA4_790-with-Frame-Glass-Panels_png.jpg\",\"datePublished\":\"2023-08-21T10:38:13+00:00\",\"dateModified\":\"2025-01-24T08:51:25+00:00\",\"breadcrumb\":{\"@id\":\"https:\/\/planikafires.shop\/cs\/produkt\/fla4-s-ramem-a-sklenenymi-panely-2\/#breadcrumb\"},\"inLanguage\":\"cs\",\"potentialAction\":[{\"@type\":\"ReadAction\",\"target\":[\"https:\/\/planikafires.shop\/cs\/produkt\/fla4-s-ramem-a-sklenenymi-panely-2\/\"]}]},{\"@type\":\"ImageObject\",\"inLanguage\":\"cs\",\"@id\":\"https:\/\/planikafires.shop\/cs\/produkt\/fla4-s-ramem-a-sklenenymi-panely-2\/#primaryimage\",\"url\":\"https:\/\/planikafires.shop\/wp-content\/uploads\/2023\/08\/FLA4_790-with-Frame-Glass-Panels_png.jpg\",\"contentUrl\":\"https:\/\/planikafires.shop\/wp-content\/uploads\/2023\/08\/FLA4_790-with-Frame-Glass-Panels_png.jpg\",\"width\":1920,\"height\":1440},{\"@type\":\"BreadcrumbList\",\"@id\":\"https:\/\/planikafires.shop\/cs\/produkt\/fla4-s-ramem-a-sklenenymi-panely-2\/#breadcrumb\",\"itemListElement\":[{\"@type\":\"ListItem\",\"position\":1,\"name\":\"Domovsk\u00e1 str\u00e1nka\",\"item\":\"https:\/\/planikafires.shop\/cs\/\"},{\"@type\":\"ListItem\",\"position\":2,\"name\":\"Obchod\",\"item\":\"https:\/\/planikafires.shop\/cs\/shop\/\"},{\"@type\":\"ListItem\",\"position\":3,\"name\":\"FLA4+ s r\u00e1mem a sklen\u011bn\u00fdmi panely\"}]},{\"@type\":\"WebSite\",\"@id\":\"https:\/\/planikafires.shop\/cs\/#website\",\"url\":\"https:\/\/planikafires.shop\/cs\/\",\"name\":\"Planika\",\"description\":\"Modern\u00e9 rie\u0161enie krbov\",\"publisher\":{\"@id\":\"https:\/\/planikafires.shop\/cs\/#organization\"},\"potentialAction\":[{\"@type\":\"SearchAction\",\"target\":{\"@type\":\"EntryPoint\",\"urlTemplate\":\"https:\/\/planikafires.shop\/cs\/?s={search_term_string}\"},\"query-input\":{\"@type\":\"PropertyValueSpecification\",\"valueRequired\":true,\"valueName\":\"search_term_string\"}}],\"inLanguage\":\"cs\"},{\"@type\":\"Organization\",\"@id\":\"https:\/\/planikafires.shop\/cs\/#organization\",\"name\":\"Planika\",\"url\":\"https:\/\/planikafires.shop\/cs\/\",\"logo\":{\"@type\":\"ImageObject\",\"inLanguage\":\"cs\",\"@id\":\"https:\/\/planikafires.shop\/cs\/#\/schema\/logo\/image\/\",\"url\":\"https:\/\/planikafires.shop\/wp-content\/uploads\/2022\/06\/logo.png\",\"contentUrl\":\"https:\/\/planikafires.shop\/wp-content\/uploads\/2022\/06\/logo.png\",\"width\":191,\"height\":78,\"caption\":\"Planika\"},\"image\":{\"@id\":\"https:\/\/planikafires.shop\/cs\/#\/schema\/logo\/image\/\"}}]}<\/script>\n<!-- \/ Yoast SEO plugin. -->","yoast_head_json":{"title":"FLA4+ s r\u00e1mem a sklen\u011bn\u00fdmi panely | Planika","robots":{"index":"index","follow":"follow","max-snippet":"max-snippet:-1","max-image-preview":"max-image-preview:large","max-video-preview":"max-video-preview:-1"},"canonical":"https:\/\/planikafires.shop\/cs\/produkt\/fla4-s-ramem-a-sklenenymi-panely-2\/","og_locale":"cs_CZ","og_type":"article","og_title":"FLA4+ s r\u00e1mem a sklen\u011bn\u00fdmi panely | Planika","og_description":"R\u00e1m pro ohni\u0161t\u011b Fire Line Automatic 4+ se sklen\u011bn\u00fdmi panely, ur\u010den\u00fd pro verze m\u00edstnost del\u00edci, tunel a ostrovn\u00ed. R\u00e1m s integrovan\u00fdmi sklen\u011bn\u00fdmi panely jako ochrann\u00fd a estetick\u00fd pl\u00e1\u0161\u0165 na etanolov\u00fd ho\u0159\u00e1k vytv\u00e1\u0159\u00ed zt\u011blesn\u011bn\u00ed bezpe\u010dnosti a elegance. Je navr\u017een pro uspokojen\u00ed v\u00edce styl\u016f uspo\u0159\u00e1d\u00e1n\u00ed \u2013 tunel, m\u00edstnost d\u011bl\u00edc\u00ed a ostrovn\u00ed, kter\u00e9 podporuj\u00ed rozmanitost mo\u017enost\u00ed interi\u00e9rov\u00e9ho designu. [&hellip;]","og_url":"https:\/\/planikafires.shop\/cs\/produkt\/fla4-s-ramem-a-sklenenymi-panely-2\/","og_site_name":"Planika","article_modified_time":"2025-01-24T08:51:25+00:00","og_image":[{"width":1920,"height":1440,"url":"https:\/\/planikafires.shop\/wp-content\/uploads\/2023\/08\/FLA4_790-with-Frame-Glass-Panels_png.jpg","type":"image\/jpeg"}],"twitter_card":"summary_large_image","twitter_misc":{"Odhadovan\u00e1 doba \u010dten\u00ed":"2 minuty"},"schema":{"@context":"https:\/\/schema.org","@graph":[{"@type":"WebPage","@id":"https:\/\/planikafires.shop\/cs\/produkt\/fla4-s-ramem-a-sklenenymi-panely-2\/","url":"https:\/\/planikafires.shop\/cs\/produkt\/fla4-s-ramem-a-sklenenymi-panely-2\/","name":"FLA4+ s r\u00e1mem a sklen\u011bn\u00fdmi panely | Planika","isPartOf":{"@id":"https:\/\/planikafires.shop\/cs\/#website"},"primaryImageOfPage":{"@id":"https:\/\/planikafires.shop\/cs\/produkt\/fla4-s-ramem-a-sklenenymi-panely-2\/#primaryimage"},"image":{"@id":"https:\/\/planikafires.shop\/cs\/produkt\/fla4-s-ramem-a-sklenenymi-panely-2\/#primaryimage"},"thumbnailUrl":"https:\/\/planikafires.shop\/wp-content\/uploads\/2023\/08\/FLA4_790-with-Frame-Glass-Panels_png.jpg","datePublished":"2023-08-21T10:38:13+00:00","dateModified":"2025-01-24T08:51:25+00:00","breadcrumb":{"@id":"https:\/\/planikafires.shop\/cs\/produkt\/fla4-s-ramem-a-sklenenymi-panely-2\/#breadcrumb"},"inLanguage":"cs","potentialAction":[{"@type":"ReadAction","target":["https:\/\/planikafires.shop\/cs\/produkt\/fla4-s-ramem-a-sklenenymi-panely-2\/"]}]},{"@type":"ImageObject","inLanguage":"cs","@id":"https:\/\/planikafires.shop\/cs\/produkt\/fla4-s-ramem-a-sklenenymi-panely-2\/#primaryimage","url":"https:\/\/planikafires.shop\/wp-content\/uploads\/2023\/08\/FLA4_790-with-Frame-Glass-Panels_png.jpg","contentUrl":"https:\/\/planikafires.shop\/wp-content\/uploads\/2023\/08\/FLA4_790-with-Frame-Glass-Panels_png.jpg","width":1920,"height":1440},{"@type":"BreadcrumbList","@id":"https:\/\/planikafires.shop\/cs\/produkt\/fla4-s-ramem-a-sklenenymi-panely-2\/#breadcrumb","itemListElement":[{"@type":"ListItem","position":1,"name":"Domovsk\u00e1 str\u00e1nka","item":"https:\/\/planikafires.shop\/cs\/"},{"@type":"ListItem","position":2,"name":"Obchod","item":"https:\/\/planikafires.shop\/cs\/shop\/"},{"@type":"ListItem","position":3,"name":"FLA4+ s r\u00e1mem a sklen\u011bn\u00fdmi panely"}]},{"@type":"WebSite","@id":"https:\/\/planikafires.shop\/cs\/#website","url":"https:\/\/planikafires.shop\/cs\/","name":"Planika","description":"Modern\u00e9 rie\u0161enie krbov","publisher":{"@id":"https:\/\/planikafires.shop\/cs\/#organization"},"potentialAction":[{"@type":"SearchAction","target":{"@type":"EntryPoint","urlTemplate":"https:\/\/planikafires.shop\/cs\/?s={search_term_string}"},"query-input":{"@type":"PropertyValueSpecification","valueRequired":true,"valueName":"search_term_string"}}],"inLanguage":"cs"},{"@type":"Organization","@id":"https:\/\/planikafires.shop\/cs\/#organization","name":"Planika","url":"https:\/\/planikafires.shop\/cs\/","logo":{"@type":"ImageObject","inLanguage":"cs","@id":"https:\/\/planikafires.shop\/cs\/#\/schema\/logo\/image\/","url":"https:\/\/planikafires.shop\/wp-content\/uploads\/2022\/06\/logo.png","contentUrl":"https:\/\/planikafires.shop\/wp-content\/uploads\/2022\/06\/logo.png","width":191,"height":78,"caption":"Planika"},"image":{"@id":"https:\/\/planikafires.shop\/cs\/#\/schema\/logo\/image\/"}}]}},"_links":{"self":[{"href":"https:\/\/planikafires.shop\/cs\/wp-json\/wp\/v2\/product\/11735","targetHints":{"allow":["GET"]}}],"collection":[{"href":"https:\/\/planikafires.shop\/cs\/wp-json\/wp\/v2\/product"}],"about":[{"href":"https:\/\/planikafires.shop\/cs\/wp-json\/wp\/v2\/types\/product"}],"version-history":[{"count":2,"href":"https:\/\/planikafires.shop\/cs\/wp-json\/wp\/v2\/product\/11735\/revisions"}],"predecessor-version":[{"id":13114,"href":"https:\/\/planikafires.shop\/cs\/wp-json\/wp\/v2\/product\/11735\/revisions\/13114"}],"wp:featuredmedia":[{"embeddable":true,"href":"https:\/\/planikafires.shop\/cs\/wp-json\/wp\/v2\/media\/12023"}],"wp:attachment":[{"href":"https:\/\/planikafires.shop\/cs\/wp-json\/wp\/v2\/media?parent=11735"}],"wp:term":[{"taxonomy":"product_brand","embeddable":true,"href":"https:\/\/planikafires.shop\/cs\/wp-json\/wp\/v2\/product_brand?post=11735"},{"taxonomy":"product_cat","embeddable":true,"href":"https:\/\/planikafires.shop\/cs\/wp-json\/wp\/v2\/product_cat?post=11735"},{"taxonomy":"product_tag","embeddable":true,"href":"https:\/\/planikafires.shop\/cs\/wp-json\/wp\/v2\/product_tag?post=11735"}],"curies":[{"name":"wp","href":"https:\/\/api.w.org\/{rel}","templated":true}]}}