{"id":11750,"date":"2023-08-21T12:38:30","date_gmt":"2023-08-21T10:38:30","guid":{"rendered":"https:\/\/planikafires.shop\/?post_type=product&#038;p=11750"},"modified":"2023-11-29T14:30:54","modified_gmt":"2023-11-29T13:30:54","slug":"prime-fire-s-ramem-a-sklenenymi-panely","status":"publish","type":"product","link":"https:\/\/planikafires.shop\/cs\/produkt\/prime-fire-s-ramem-a-sklenenymi-panely\/","title":{"rendered":"Prime Fire s r\u00e1mem a sklen\u011bn\u00fdmi panely"},"content":{"rendered":"<p style=\"text-align: justify;\"><strong>Nov\u00fd r\u00e1m pro ohni\u0161t\u011b Prime Fire se sklen\u011bn\u00fdmi panely, <\/strong>ur\u010den pro verzi <em>m\u00edstnost del\u00edc\u00ed, tunel a ostrovn\u00ed.<\/em><\/p>\n<p style=\"text-align: justify;\">R\u00e1m s integrovan\u00fdmi sklen\u011bn\u00fdmi panely jako ochrann\u00fd a estetick\u00fd pl\u00e1\u0161\u0165 na etanolov\u00fd ho\u0159\u00e1k vytv\u00e1\u0159\u00ed zt\u011blesn\u011bn\u00ed bezpe\u010dnosti a elegance. Je navr\u017een pro uspokojen\u00ed v\u00edce styl\u016f uspo\u0159\u00e1d\u00e1n\u00ed \u2013 tunel, m\u00edstnost d\u011bl\u00edc\u00ed a ostrovn\u00ed, kter\u00e9 podporuj\u00ed rozmanitost mo\u017enost\u00ed interi\u00e9rov\u00e9ho designu.<\/p>\n<p style=\"text-align: justify;\">Ohni\u0161t\u011b Prime Fire 590 &#8211; 1190 mm + r\u00e1m + sklen\u011bn\u00e9 panely.<\/p>\n<ul>\n<li><strong>Bez kou\u0159e<\/strong><\/li>\n<li><strong>Bez popela<\/strong><\/li>\n<li><strong>Bez kom\u00edna<\/strong><\/li>\n<li><strong>Bez z\u00e1palek<\/strong><\/li>\n<li>Technologie BEV (Technologie ho\u0159\u00edc\u00edch v\u00fdpar\u016f etanolu)<\/li>\n<li>Eco &#8211; palivo<\/li>\n<li>Automatick\u00fd start\/stop<\/li>\n<li>Regulace velikosti plamene &#8211; 2 stupn\u011b<\/li>\n<li>Pou\u017eit\u00ed v interi\u00e9ru<\/li>\n<li>Bezpe\u010dnostn\u00ed senzory<\/li>\n<li>Certifikov\u00e1no<\/li>\n<li>Detsk\u00e1 pojistka<\/li>\n<li>Povrchov\u00e1 \u00faprava horn\u00ed desky &#8211; pr\u00e1\u0161kovan\u00e1 \u010dern\u00e1<\/li>\n<li>Pouzdro &#8211; galvanizovan\u00e1 ocel<\/li>\n<li>Potrebn\u00fd p\u0159\u00edvod el. energie<\/li>\n<li>D\u00e1lkov\u00e9 ovl\u00e1d\u00e1n\u00ed v cen\u011b<strong><br \/>\n<\/strong><\/li>\n<\/ul>\n<p><strong>\u010cEKAC\u00cd DOBA: 15 pracovn\u00edch dn\u016f!<\/strong><\/p>\n<h3><strong>PARAMETRY (Prime Fire 590 mm)<\/strong><\/h3>\n<ul>\n<li>Z\u00e1sobn\u00edk: 3,1 L<\/li>\n<li>\u010cas ho\u0159en\u00ed: max 6 hod.<\/li>\n<li>V\u00fdkon: max 3,1 kW<\/li>\n<li>Hmotnost netto: 19,9 kg<\/li>\n<li>Interval v\u011btr\u00e1n\u00ed: min. 1\/h<\/li>\n<li>Minim\u00e1lna ve\u013ekos\u0165 miestnosti: 31 m<sup>3<\/sup> (11,9 m<sup>2<\/sup> pri v\u00fd\u0161ke 2.6 m)<\/li>\n<li>Nap\u00e1jen\u00ed: 230 V \/ 115 V<\/li>\n<li>Rozm\u011bry (\u0160xVxH) 590 x 226,5 x 280 mm<\/li>\n<\/ul>\n<h3><strong>PARAMETRY (Prime Fire 790 mm)<\/strong><\/h3>\n<ul>\n<li>Z\u00e1sobn\u00edk: 4,3 L<\/li>\n<li>\u010cas ho\u0159en\u00ed: max 9 hod.<\/li>\n<li>V\u00fdkon: max 4,4 kW<\/li>\n<li>Hmotnost netto: 24,1 kg<\/li>\n<li>Interval v\u011btr\u00e1n\u00ed: min. 1\/h<\/li>\n<li>Minim\u00e1lna velikost m\u00edstnosti: 44 m<sup>3<\/sup> (16,9 m<sup>2<\/sup> p\u0159i v\u00fd\u0161ce 2.6 m)<\/li>\n<li>Nap\u00e1jen\u00ed: 230 V \/ 115 V<\/li>\n<li>Rozm\u011bry (\u0160xVxH) 790 x 220 x 280 mm<\/li>\n<\/ul>\n<h3><strong>PARAMETRY (Prime Fire 990 mm)<\/strong><\/h3>\n<ul>\n<li>Z\u00e1sobn\u00edk: 5,5 L<\/li>\n<li>\u010cas ho\u0159en\u00ed: max 10 hod.<\/li>\n<li>V\u00fdkon: max 7 kW<\/li>\n<li>Hmotnost netto: 27,5 kg<\/li>\n<li>Interval v\u011btr\u00e1n\u00ed: min. 1\/h<\/li>\n<li>Minim\u00e1ln\u00ed velikost m\u00edstnosti: 70 m<sup>3<\/sup> (26,9 m<sup>2<\/sup> p\u0159i v\u00fd\u0161ce 2.6 m)<\/li>\n<li>Nap\u00e1jen\u00ed: 230 V \/ 115 V<\/li>\n<li>Rozm\u011bry (\u0160xVxH) 990 x 145 x 245 mm<\/li>\n<\/ul>\n<h3><strong>PARAMETRY (Prime Fire 1190 mm)<\/strong><\/h3>\n<ul>\n<li>Z\u00e1sobn\u00edk: 6,8 L<\/li>\n<li>\u010cas ho\u0159en\u00ed: max 11 hod.<\/li>\n<li>V\u00fdkon: max 9,4 kW<\/li>\n<li>Hmotnost netto: 33 kg<\/li>\n<li>Interval v\u011btr\u00e1n\u00ed: min. 1\/h<\/li>\n<li>Minim\u00e1ln\u00ed velikost m\u00edstnosti: 94 m<sup>3<\/sup> (12 m<sup>2<\/sup> p\u0159i v\u00fd\u0161ce 2.6 m)<\/li>\n<li>Nap\u00e1jen\u00ed: 230 V \/ 115 V<\/li>\n<li>Rozm\u011bry (\u0160xVxH) 1190 x 220 x 280 mm<\/li>\n<\/ul>\n","protected":false},"excerpt":{"rendered":"<p>Nov\u00fd r\u00e1m pro ohni\u0161t\u011b Prime Fire se sklen\u011bn\u00fdmi panely, ur\u010den pro verzi m\u00edstnost del\u00edc\u00ed, tunel a ostrovn\u00ed. R\u00e1m s integrovan\u00fdmi sklen\u011bn\u00fdmi panely jako ochrann\u00fd a estetick\u00fd pl\u00e1\u0161\u0165 na etanolov\u00fd ho\u0159\u00e1k vytv\u00e1\u0159\u00ed zt\u011blesn\u011bn\u00ed bezpe\u010dnosti a elegance. Je navr\u017een pro uspokojen\u00ed v\u00edce styl\u016f uspo\u0159\u00e1d\u00e1n\u00ed \u2013 tunel, m\u00edstnost d\u011bl\u00edc\u00ed a ostrovn\u00ed, kter\u00e9 podporuj\u00ed rozmanitost mo\u017enost\u00ed interi\u00e9rov\u00e9ho designu. Ohni\u0161t\u011b [&hellip;]<\/p>\n","protected":false},"featured_media":11714,"template":"","meta":{"_acf_changed":false},"product_brand":[],"product_cat":[146,148],"product_tag":[],"class_list":{"0":"post-11750","1":"product","2":"type-product","3":"status-publish","4":"has-post-thumbnail","6":"product_cat-bevetanol-cs","7":"product_cat-etanolove-horaky-cs","9":"first","10":"outofstock","11":"taxable","12":"shipping-taxable","13":"purchasable","14":"product-type-variable","15":"has-default-attributes"},"acf":[],"yoast_head":"<!-- This site is optimized with the Yoast SEO plugin v24.2 - https:\/\/yoast.com\/wordpress\/plugins\/seo\/ -->\n<title>Prime Fire s r\u00e1mem a sklen\u011bn\u00fdmi panely | Planika<\/title>\n<meta name=\"robots\" content=\"index, follow, max-snippet:-1, max-image-preview:large, max-video-preview:-1\" \/>\n<link rel=\"canonical\" href=\"https:\/\/planikafires.shop\/produkt\/prime-fire-s-ramom-a-sklenenymi-panelmi\/\" \/>\n<meta property=\"og:locale\" content=\"cs_CZ\" \/>\n<meta property=\"og:type\" content=\"article\" \/>\n<meta property=\"og:title\" content=\"Prime Fire s r\u00e1mem a sklen\u011bn\u00fdmi panely | Planika\" \/>\n<meta property=\"og:description\" content=\"Nov\u00fd r\u00e1m pro ohni\u0161t\u011b Prime Fire se sklen\u011bn\u00fdmi panely, ur\u010den pro verzi m\u00edstnost del\u00edc\u00ed, tunel a ostrovn\u00ed. R\u00e1m s integrovan\u00fdmi sklen\u011bn\u00fdmi panely jako ochrann\u00fd a estetick\u00fd pl\u00e1\u0161\u0165 na etanolov\u00fd ho\u0159\u00e1k vytv\u00e1\u0159\u00ed zt\u011blesn\u011bn\u00ed bezpe\u010dnosti a elegance. Je navr\u017een pro uspokojen\u00ed v\u00edce styl\u016f uspo\u0159\u00e1d\u00e1n\u00ed \u2013 tunel, m\u00edstnost d\u011bl\u00edc\u00ed a ostrovn\u00ed, kter\u00e9 podporuj\u00ed rozmanitost mo\u017enost\u00ed interi\u00e9rov\u00e9ho designu. Ohni\u0161t\u011b [&hellip;]\" \/>\n<meta property=\"og:url\" content=\"https:\/\/planikafires.shop\/produkt\/prime-fire-s-ramom-a-sklenenymi-panelmi\/\" \/>\n<meta property=\"og:site_name\" content=\"Planika\" \/>\n<meta property=\"article:modified_time\" content=\"2023-11-29T13:30:54+00:00\" \/>\n<meta property=\"og:image\" content=\"https:\/\/planikafires.shop\/wp-content\/uploads\/2023\/08\/NOVE-sklenene-panely.png\" \/>\n\t<meta property=\"og:image:width\" content=\"522\" \/>\n\t<meta property=\"og:image:height\" content=\"316\" \/>\n\t<meta property=\"og:image:type\" content=\"image\/png\" \/>\n<meta name=\"twitter:card\" content=\"summary_large_image\" \/>\n<meta name=\"twitter:label1\" content=\"Odhadovan\u00e1 doba \u010dten\u00ed\" \/>\n\t<meta name=\"twitter:data1\" content=\"2 minuty\" \/>\n<script type=\"application\/ld+json\" class=\"yoast-schema-graph\">{\"@context\":\"https:\/\/schema.org\",\"@graph\":[{\"@type\":\"WebPage\",\"@id\":\"https:\/\/planikafires.shop\/produkt\/prime-fire-s-ramom-a-sklenenymi-panelmi\/\",\"url\":\"https:\/\/planikafires.shop\/produkt\/prime-fire-s-ramom-a-sklenenymi-panelmi\/\",\"name\":\"Prime Fire s r\u00e1mem a sklen\u011bn\u00fdmi panely | Planika\",\"isPartOf\":{\"@id\":\"https:\/\/planikafires.shop\/cs\/#website\"},\"primaryImageOfPage\":{\"@id\":\"https:\/\/planikafires.shop\/produkt\/prime-fire-s-ramom-a-sklenenymi-panelmi\/#primaryimage\"},\"image\":{\"@id\":\"https:\/\/planikafires.shop\/produkt\/prime-fire-s-ramom-a-sklenenymi-panelmi\/#primaryimage\"},\"thumbnailUrl\":\"https:\/\/planikafires.shop\/wp-content\/uploads\/2023\/08\/NOVE-sklenene-panely.png\",\"datePublished\":\"2023-08-21T10:38:30+00:00\",\"dateModified\":\"2023-11-29T13:30:54+00:00\",\"breadcrumb\":{\"@id\":\"https:\/\/planikafires.shop\/produkt\/prime-fire-s-ramom-a-sklenenymi-panelmi\/#breadcrumb\"},\"inLanguage\":\"cs\",\"potentialAction\":[{\"@type\":\"ReadAction\",\"target\":[\"https:\/\/planikafires.shop\/produkt\/prime-fire-s-ramom-a-sklenenymi-panelmi\/\"]}]},{\"@type\":\"ImageObject\",\"inLanguage\":\"cs\",\"@id\":\"https:\/\/planikafires.shop\/produkt\/prime-fire-s-ramom-a-sklenenymi-panelmi\/#primaryimage\",\"url\":\"https:\/\/planikafires.shop\/wp-content\/uploads\/2023\/08\/NOVE-sklenene-panely.png\",\"contentUrl\":\"https:\/\/planikafires.shop\/wp-content\/uploads\/2023\/08\/NOVE-sklenene-panely.png\",\"width\":522,\"height\":316},{\"@type\":\"BreadcrumbList\",\"@id\":\"https:\/\/planikafires.shop\/produkt\/prime-fire-s-ramom-a-sklenenymi-panelmi\/#breadcrumb\",\"itemListElement\":[{\"@type\":\"ListItem\",\"position\":1,\"name\":\"Domovsk\u00e1 str\u00e1nka\",\"item\":\"https:\/\/planikafires.shop\/cs\/\"},{\"@type\":\"ListItem\",\"position\":2,\"name\":\"Obchod\",\"item\":\"https:\/\/planikafires.shop\/cs\/shop\/\"},{\"@type\":\"ListItem\",\"position\":3,\"name\":\"Prime Fire s r\u00e1mem a sklen\u011bn\u00fdmi panely\"}]},{\"@type\":\"WebSite\",\"@id\":\"https:\/\/planikafires.shop\/cs\/#website\",\"url\":\"https:\/\/planikafires.shop\/cs\/\",\"name\":\"Planika\",\"description\":\"Modern\u00e9 rie\u0161enie krbov\",\"publisher\":{\"@id\":\"https:\/\/planikafires.shop\/cs\/#organization\"},\"potentialAction\":[{\"@type\":\"SearchAction\",\"target\":{\"@type\":\"EntryPoint\",\"urlTemplate\":\"https:\/\/planikafires.shop\/cs\/?s={search_term_string}\"},\"query-input\":{\"@type\":\"PropertyValueSpecification\",\"valueRequired\":true,\"valueName\":\"search_term_string\"}}],\"inLanguage\":\"cs\"},{\"@type\":\"Organization\",\"@id\":\"https:\/\/planikafires.shop\/cs\/#organization\",\"name\":\"Planika\",\"url\":\"https:\/\/planikafires.shop\/cs\/\",\"logo\":{\"@type\":\"ImageObject\",\"inLanguage\":\"cs\",\"@id\":\"https:\/\/planikafires.shop\/cs\/#\/schema\/logo\/image\/\",\"url\":\"https:\/\/planikafires.shop\/wp-content\/uploads\/2022\/06\/logo.png\",\"contentUrl\":\"https:\/\/planikafires.shop\/wp-content\/uploads\/2022\/06\/logo.png\",\"width\":191,\"height\":78,\"caption\":\"Planika\"},\"image\":{\"@id\":\"https:\/\/planikafires.shop\/cs\/#\/schema\/logo\/image\/\"}}]}<\/script>\n<!-- \/ Yoast SEO plugin. -->","yoast_head_json":{"title":"Prime Fire s r\u00e1mem a sklen\u011bn\u00fdmi panely | Planika","robots":{"index":"index","follow":"follow","max-snippet":"max-snippet:-1","max-image-preview":"max-image-preview:large","max-video-preview":"max-video-preview:-1"},"canonical":"https:\/\/planikafires.shop\/produkt\/prime-fire-s-ramom-a-sklenenymi-panelmi\/","og_locale":"cs_CZ","og_type":"article","og_title":"Prime Fire s r\u00e1mem a sklen\u011bn\u00fdmi panely | Planika","og_description":"Nov\u00fd r\u00e1m pro ohni\u0161t\u011b Prime Fire se sklen\u011bn\u00fdmi panely, ur\u010den pro verzi m\u00edstnost del\u00edc\u00ed, tunel a ostrovn\u00ed. R\u00e1m s integrovan\u00fdmi sklen\u011bn\u00fdmi panely jako ochrann\u00fd a estetick\u00fd pl\u00e1\u0161\u0165 na etanolov\u00fd ho\u0159\u00e1k vytv\u00e1\u0159\u00ed zt\u011blesn\u011bn\u00ed bezpe\u010dnosti a elegance. Je navr\u017een pro uspokojen\u00ed v\u00edce styl\u016f uspo\u0159\u00e1d\u00e1n\u00ed \u2013 tunel, m\u00edstnost d\u011bl\u00edc\u00ed a ostrovn\u00ed, kter\u00e9 podporuj\u00ed rozmanitost mo\u017enost\u00ed interi\u00e9rov\u00e9ho designu. Ohni\u0161t\u011b [&hellip;]","og_url":"https:\/\/planikafires.shop\/produkt\/prime-fire-s-ramom-a-sklenenymi-panelmi\/","og_site_name":"Planika","article_modified_time":"2023-11-29T13:30:54+00:00","og_image":[{"width":522,"height":316,"url":"https:\/\/planikafires.shop\/wp-content\/uploads\/2023\/08\/NOVE-sklenene-panely.png","type":"image\/png"}],"twitter_card":"summary_large_image","twitter_misc":{"Odhadovan\u00e1 doba \u010dten\u00ed":"2 minuty"},"schema":{"@context":"https:\/\/schema.org","@graph":[{"@type":"WebPage","@id":"https:\/\/planikafires.shop\/produkt\/prime-fire-s-ramom-a-sklenenymi-panelmi\/","url":"https:\/\/planikafires.shop\/produkt\/prime-fire-s-ramom-a-sklenenymi-panelmi\/","name":"Prime Fire s r\u00e1mem a sklen\u011bn\u00fdmi panely | Planika","isPartOf":{"@id":"https:\/\/planikafires.shop\/cs\/#website"},"primaryImageOfPage":{"@id":"https:\/\/planikafires.shop\/produkt\/prime-fire-s-ramom-a-sklenenymi-panelmi\/#primaryimage"},"image":{"@id":"https:\/\/planikafires.shop\/produkt\/prime-fire-s-ramom-a-sklenenymi-panelmi\/#primaryimage"},"thumbnailUrl":"https:\/\/planikafires.shop\/wp-content\/uploads\/2023\/08\/NOVE-sklenene-panely.png","datePublished":"2023-08-21T10:38:30+00:00","dateModified":"2023-11-29T13:30:54+00:00","breadcrumb":{"@id":"https:\/\/planikafires.shop\/produkt\/prime-fire-s-ramom-a-sklenenymi-panelmi\/#breadcrumb"},"inLanguage":"cs","potentialAction":[{"@type":"ReadAction","target":["https:\/\/planikafires.shop\/produkt\/prime-fire-s-ramom-a-sklenenymi-panelmi\/"]}]},{"@type":"ImageObject","inLanguage":"cs","@id":"https:\/\/planikafires.shop\/produkt\/prime-fire-s-ramom-a-sklenenymi-panelmi\/#primaryimage","url":"https:\/\/planikafires.shop\/wp-content\/uploads\/2023\/08\/NOVE-sklenene-panely.png","contentUrl":"https:\/\/planikafires.shop\/wp-content\/uploads\/2023\/08\/NOVE-sklenene-panely.png","width":522,"height":316},{"@type":"BreadcrumbList","@id":"https:\/\/planikafires.shop\/produkt\/prime-fire-s-ramom-a-sklenenymi-panelmi\/#breadcrumb","itemListElement":[{"@type":"ListItem","position":1,"name":"Domovsk\u00e1 str\u00e1nka","item":"https:\/\/planikafires.shop\/cs\/"},{"@type":"ListItem","position":2,"name":"Obchod","item":"https:\/\/planikafires.shop\/cs\/shop\/"},{"@type":"ListItem","position":3,"name":"Prime Fire s r\u00e1mem a sklen\u011bn\u00fdmi panely"}]},{"@type":"WebSite","@id":"https:\/\/planikafires.shop\/cs\/#website","url":"https:\/\/planikafires.shop\/cs\/","name":"Planika","description":"Modern\u00e9 rie\u0161enie krbov","publisher":{"@id":"https:\/\/planikafires.shop\/cs\/#organization"},"potentialAction":[{"@type":"SearchAction","target":{"@type":"EntryPoint","urlTemplate":"https:\/\/planikafires.shop\/cs\/?s={search_term_string}"},"query-input":{"@type":"PropertyValueSpecification","valueRequired":true,"valueName":"search_term_string"}}],"inLanguage":"cs"},{"@type":"Organization","@id":"https:\/\/planikafires.shop\/cs\/#organization","name":"Planika","url":"https:\/\/planikafires.shop\/cs\/","logo":{"@type":"ImageObject","inLanguage":"cs","@id":"https:\/\/planikafires.shop\/cs\/#\/schema\/logo\/image\/","url":"https:\/\/planikafires.shop\/wp-content\/uploads\/2022\/06\/logo.png","contentUrl":"https:\/\/planikafires.shop\/wp-content\/uploads\/2022\/06\/logo.png","width":191,"height":78,"caption":"Planika"},"image":{"@id":"https:\/\/planikafires.shop\/cs\/#\/schema\/logo\/image\/"}}]}},"_links":{"self":[{"href":"https:\/\/planikafires.shop\/cs\/wp-json\/wp\/v2\/product\/11750","targetHints":{"allow":["GET"]}}],"collection":[{"href":"https:\/\/planikafires.shop\/cs\/wp-json\/wp\/v2\/product"}],"about":[{"href":"https:\/\/planikafires.shop\/cs\/wp-json\/wp\/v2\/types\/product"}],"version-history":[{"count":2,"href":"https:\/\/planikafires.shop\/cs\/wp-json\/wp\/v2\/product\/11750\/revisions"}],"predecessor-version":[{"id":12055,"href":"https:\/\/planikafires.shop\/cs\/wp-json\/wp\/v2\/product\/11750\/revisions\/12055"}],"wp:featuredmedia":[{"embeddable":true,"href":"https:\/\/planikafires.shop\/cs\/wp-json\/wp\/v2\/media\/11714"}],"wp:attachment":[{"href":"https:\/\/planikafires.shop\/cs\/wp-json\/wp\/v2\/media?parent=11750"}],"wp:term":[{"taxonomy":"product_brand","embeddable":true,"href":"https:\/\/planikafires.shop\/cs\/wp-json\/wp\/v2\/product_brand?post=11750"},{"taxonomy":"product_cat","embeddable":true,"href":"https:\/\/planikafires.shop\/cs\/wp-json\/wp\/v2\/product_cat?post=11750"},{"taxonomy":"product_tag","embeddable":true,"href":"https:\/\/planikafires.shop\/cs\/wp-json\/wp\/v2\/product_tag?post=11750"}],"curies":[{"name":"wp","href":"https:\/\/api.w.org\/{rel}","templated":true}]}}