{"id":11893,"date":"2023-11-15T09:55:36","date_gmt":"2023-11-15T08:55:36","guid":{"rendered":"https:\/\/planikafires.shop\/?post_type=product&#038;p=11893"},"modified":"2024-07-03T15:16:11","modified_gmt":"2024-07-03T13:16:11","slug":"fla4","status":"publish","type":"product","link":"https:\/\/planikafires.shop\/cs\/produkt\/fla4\/","title":{"rendered":"FLA 4"},"content":{"rendered":"<ul>\n<li><strong>Bez kou\u0159e<\/strong><\/li>\n<li><strong>Bez popela<\/strong><\/li>\n<li><strong>Bez kom\u00edna<\/strong><\/li>\n<li><span style=\"color: #ff0000;\">FLA4 m\u00e1 nov\u00fd dotykov\u00fd ovl\u00e1dac\u00ed panel na ohni\u0161ti<\/span><\/li>\n<li><span style=\"color: #ff0000;\">FLA4 s elegantn\u00edm \u010dern\u00fdm hor\u00e1kem (liniov\u00fd ho\u0159\u00e1k) a skryt\u00fdm vl\u00e1knem<\/span><\/li>\n<li><span style=\"color: #ff0000;\">FLA4 s integrovan\u00fdmi sklen\u011bn\u00fdmi panely do topeni\u0161t\u011b (bez nerezov\u00fdch dr\u017e\u00e1k\u016f)<\/span><\/li>\n<li>Technologie BEV (Technologie ho\u0159\u00edc\u00edch v\u00fdpar\u016f etanolu)<\/li>\n<li>Eco &#8211; palivo<\/li>\n<li>Mo\u017en\u00e1 v\u00fdroba na m\u00edru<\/li>\n<li>Regulace velikosti plamene &#8211; 6 stup\u0148\u016f<\/li>\n<li>Pou\u017eit\u00ed v interi\u00e9ru<\/li>\n<li>Bezpe\u010dnostn\u00ed senzory<\/li>\n<li>Syst\u00e9m ,,Rychl\u00fd start&#8220;<\/li>\n<li>Sleep Timer (\u010dasovan\u00e9 vypnut\u00ed)<\/li>\n<li>D\u00e1lkov\u00e9 ovl\u00e1d\u00e1n\u00ed v cen\u011b<\/li>\n<li>Voliteln\u00e1 povrchov\u00e1 \u00faprava &#8211; <strong>ZA P\u0158\u00cdPLATEK<\/strong><\/li>\n<li>Zabudovan\u00fd modul WiFi &#8211; <strong>ovl\u00e1d\u00e1n\u00ed prost\u0159ednictv\u00edm chytr\u00e9ho telefonu \u010di tabletu<\/strong><\/li>\n<li>Aplikace<strong>NET ZERO-APP <\/strong>&#8211; ovl\u00e1d\u00e1n\u00ed biokrbu pomoc\u00ed aplikace<\/li>\n<li>Certifikov\u00e1no<\/li>\n<li>Detsk\u00e1 pojistka<\/li>\n<li>Pouzdro \u2013 galvanizovan\u00e1 ocel<\/li>\n<li>Tepeln\u00fd \u0161t\u00edt &#8211; tvrzen\u00e9 sklo<\/li>\n<li>Potrebn\u00fd p\u0159\u00edvod el. energie<\/li>\n<li>Diagnostika a nastaven\u00ed za\u0159\u00edzen\u00ed p\u0159\u00edmo z centr\u00e1ly prost\u0159ednictv\u00edm propojen\u00ed topeni\u0161t\u011b s internetem<\/li>\n<li>Instala\u010dn\u00ed box FORMA<\/li>\n<li>Sklen\u011bn\u00e9 panely<\/li>\n<li>Sklen\u011bn\u00e9 panely jsou sou\u010d\u00e1st\u00ed biokrbu v instala\u010dn\u00edm boxe &#8211; <strong>pro verzi tunel, del\u00edc\u00ed m\u00edstnost a ostrovn\u00ed<\/strong>(na nerezov\u00fdch dr\u017e\u00e1c\u00edch)<\/li>\n<li>Pro model <strong>tunel, m\u00edstnost del\u00edc\u00ed a ostrovn\u00ed<\/strong> &#8211; sklen\u011bn\u00e9 panely dopln\u011bn\u00e9 na t\u0159et\u00ed a \u010dtvrt\u00e9 stran\u011b<\/li>\n<\/ul>\n<p>&nbsp;<\/p>\n<p><strong>\u010cEKAC\u00cd DOBA: 15-20 pracovn\u00edch dn\u016f!<\/strong><\/p>\n<p>&nbsp;<\/p>\n<p><strong>ORIENTACI instala\u010dn\u00edho boxu FORMA si zvolte v pozn\u00e1mce! (p\u0159edn\u00ed, prav\u00fd, lev\u00fd roh, t\u0159\u00edstrann\u00fd, tunel, m\u00edstnost d\u011bl\u00edc\u00ed)<\/strong><\/p>\n<p><strong>PARAMETRY (FLA4)<\/strong><\/p>\n<ul>\n<li>Z\u00e1sobn\u00edk: 3,1L (590mm); 4,5 L (750mm); 5,5 L (990mm); 8,3 L(1190mm); 10 L (1490mm); 12,5 L (1990mm); 15 L (2490 mm)<\/li>\n<li>\u010cas ho\u0159en\u00ed: 6-12 h<\/li>\n<li>V\u00fdkon: 3,1 &#8211; 22,5 kW<\/li>\n<li>Hmotnost netto: 19,9 kg (590 mm) &#8211; 61 kg (2490 mm)<\/li>\n<li>Interval v\u011btr\u00e1n\u00ed: min. 1\/h<\/li>\n<li>Minim\u00e1ln\u00ed velikost m\u00edstnosti: 31 m<sup>3<\/sup> pri L= 590 mm (11,9 m<sup>2<\/sup> p\u0159i v\u00fd\u0161ce 2.6 m)<\/li>\n<li>Nap\u00e1jen\u00ed: 230 V \/ 115 V<\/li>\n<li>Rozm\u011bry biokrbu: \u0160 x V x H &#8211; 590-2490 x 220 x 280 mm<\/li>\n<\/ul>\n","protected":false},"excerpt":{"rendered":"<p>Modern\u011bj\u0161\u00ed designov\u00e9 prvky, chyt\u0159ej\u0161\u00ed ovl\u00e1d\u00e1n\u00ed, elegantn\u00ed \u010dern\u00e1 v nov\u00e9m FLA4. Cena stejn\u00e1 jako u FLA3. <strong>PRODEJ od 4.12.2023!<\/strong><\/p>\n","protected":false},"featured_media":11923,"template":"","meta":{"_acf_changed":false},"product_brand":[],"product_cat":[148],"product_tag":[],"class_list":{"0":"post-11893","1":"product","2":"type-product","3":"status-publish","4":"has-post-thumbnail","6":"product_cat-etanolove-horaky-cs","8":"first","9":"outofstock","10":"taxable","11":"shipping-taxable","12":"purchasable","13":"product-type-variable","14":"has-default-attributes"},"acf":[],"yoast_head":"<!-- This site is optimized with the Yoast SEO plugin v24.2 - https:\/\/yoast.com\/wordpress\/plugins\/seo\/ -->\n<title>FLA 4 | Planika<\/title>\n<meta name=\"robots\" content=\"index, follow, max-snippet:-1, max-image-preview:large, max-video-preview:-1\" \/>\n<link rel=\"canonical\" href=\"https:\/\/planikafires.shop\/cs\/produkt\/fla4\/\" \/>\n<meta property=\"og:locale\" content=\"cs_CZ\" \/>\n<meta property=\"og:type\" content=\"article\" \/>\n<meta property=\"og:title\" content=\"FLA 4 | Planika\" \/>\n<meta property=\"og:description\" content=\"Modern\u011bj\u0161\u00ed designov\u00e9 prvky, chyt\u0159ej\u0161\u00ed ovl\u00e1d\u00e1n\u00ed, elegantn\u00ed \u010dern\u00e1 v nov\u00e9m FLA4. Cena stejn\u00e1 jako u FLA3. PRODEJ od 4.12.2023!\" \/>\n<meta property=\"og:url\" content=\"https:\/\/planikafires.shop\/cs\/produkt\/fla4\/\" \/>\n<meta property=\"og:site_name\" content=\"Planika\" \/>\n<meta property=\"article:modified_time\" content=\"2024-07-03T13:16:11+00:00\" \/>\n<meta property=\"og:image\" content=\"https:\/\/planikafires.shop\/wp-content\/uploads\/2023\/11\/FLA4_590_set.jpg\" \/>\n\t<meta property=\"og:image:width\" content=\"1920\" \/>\n\t<meta property=\"og:image:height\" content=\"1440\" \/>\n\t<meta property=\"og:image:type\" content=\"image\/jpeg\" \/>\n<meta name=\"twitter:card\" content=\"summary_large_image\" \/>\n<meta name=\"twitter:label1\" content=\"Odhadovan\u00e1 doba \u010dten\u00ed\" \/>\n\t<meta name=\"twitter:data1\" content=\"2 minuty\" \/>\n<script type=\"application\/ld+json\" class=\"yoast-schema-graph\">{\"@context\":\"https:\/\/schema.org\",\"@graph\":[{\"@type\":\"WebPage\",\"@id\":\"https:\/\/planikafires.shop\/cs\/produkt\/fla4\/\",\"url\":\"https:\/\/planikafires.shop\/cs\/produkt\/fla4\/\",\"name\":\"FLA 4 | Planika\",\"isPartOf\":{\"@id\":\"https:\/\/planikafires.shop\/cs\/#website\"},\"primaryImageOfPage\":{\"@id\":\"https:\/\/planikafires.shop\/cs\/produkt\/fla4\/#primaryimage\"},\"image\":{\"@id\":\"https:\/\/planikafires.shop\/cs\/produkt\/fla4\/#primaryimage\"},\"thumbnailUrl\":\"https:\/\/planikafires.shop\/wp-content\/uploads\/2023\/11\/FLA4_590_set.jpg\",\"datePublished\":\"2023-11-15T08:55:36+00:00\",\"dateModified\":\"2024-07-03T13:16:11+00:00\",\"breadcrumb\":{\"@id\":\"https:\/\/planikafires.shop\/cs\/produkt\/fla4\/#breadcrumb\"},\"inLanguage\":\"cs\",\"potentialAction\":[{\"@type\":\"ReadAction\",\"target\":[\"https:\/\/planikafires.shop\/cs\/produkt\/fla4\/\"]}]},{\"@type\":\"ImageObject\",\"inLanguage\":\"cs\",\"@id\":\"https:\/\/planikafires.shop\/cs\/produkt\/fla4\/#primaryimage\",\"url\":\"https:\/\/planikafires.shop\/wp-content\/uploads\/2023\/11\/FLA4_590_set.jpg\",\"contentUrl\":\"https:\/\/planikafires.shop\/wp-content\/uploads\/2023\/11\/FLA4_590_set.jpg\",\"width\":1920,\"height\":1440},{\"@type\":\"BreadcrumbList\",\"@id\":\"https:\/\/planikafires.shop\/cs\/produkt\/fla4\/#breadcrumb\",\"itemListElement\":[{\"@type\":\"ListItem\",\"position\":1,\"name\":\"Domovsk\u00e1 str\u00e1nka\",\"item\":\"https:\/\/planikafires.shop\/cs\/\"},{\"@type\":\"ListItem\",\"position\":2,\"name\":\"Obchod\",\"item\":\"https:\/\/planikafires.shop\/cs\/shop\/\"},{\"@type\":\"ListItem\",\"position\":3,\"name\":\"FLA 4\"}]},{\"@type\":\"WebSite\",\"@id\":\"https:\/\/planikafires.shop\/cs\/#website\",\"url\":\"https:\/\/planikafires.shop\/cs\/\",\"name\":\"Planika\",\"description\":\"Modern\u00e9 rie\u0161enie krbov\",\"publisher\":{\"@id\":\"https:\/\/planikafires.shop\/cs\/#organization\"},\"potentialAction\":[{\"@type\":\"SearchAction\",\"target\":{\"@type\":\"EntryPoint\",\"urlTemplate\":\"https:\/\/planikafires.shop\/cs\/?s={search_term_string}\"},\"query-input\":{\"@type\":\"PropertyValueSpecification\",\"valueRequired\":true,\"valueName\":\"search_term_string\"}}],\"inLanguage\":\"cs\"},{\"@type\":\"Organization\",\"@id\":\"https:\/\/planikafires.shop\/cs\/#organization\",\"name\":\"Planika\",\"url\":\"https:\/\/planikafires.shop\/cs\/\",\"logo\":{\"@type\":\"ImageObject\",\"inLanguage\":\"cs\",\"@id\":\"https:\/\/planikafires.shop\/cs\/#\/schema\/logo\/image\/\",\"url\":\"https:\/\/planikafires.shop\/wp-content\/uploads\/2022\/06\/logo.png\",\"contentUrl\":\"https:\/\/planikafires.shop\/wp-content\/uploads\/2022\/06\/logo.png\",\"width\":191,\"height\":78,\"caption\":\"Planika\"},\"image\":{\"@id\":\"https:\/\/planikafires.shop\/cs\/#\/schema\/logo\/image\/\"}}]}<\/script>\n<!-- \/ Yoast SEO plugin. -->","yoast_head_json":{"title":"FLA 4 | Planika","robots":{"index":"index","follow":"follow","max-snippet":"max-snippet:-1","max-image-preview":"max-image-preview:large","max-video-preview":"max-video-preview:-1"},"canonical":"https:\/\/planikafires.shop\/cs\/produkt\/fla4\/","og_locale":"cs_CZ","og_type":"article","og_title":"FLA 4 | Planika","og_description":"Modern\u011bj\u0161\u00ed designov\u00e9 prvky, chyt\u0159ej\u0161\u00ed ovl\u00e1d\u00e1n\u00ed, elegantn\u00ed \u010dern\u00e1 v nov\u00e9m FLA4. Cena stejn\u00e1 jako u FLA3. PRODEJ od 4.12.2023!","og_url":"https:\/\/planikafires.shop\/cs\/produkt\/fla4\/","og_site_name":"Planika","article_modified_time":"2024-07-03T13:16:11+00:00","og_image":[{"width":1920,"height":1440,"url":"https:\/\/planikafires.shop\/wp-content\/uploads\/2023\/11\/FLA4_590_set.jpg","type":"image\/jpeg"}],"twitter_card":"summary_large_image","twitter_misc":{"Odhadovan\u00e1 doba \u010dten\u00ed":"2 minuty"},"schema":{"@context":"https:\/\/schema.org","@graph":[{"@type":"WebPage","@id":"https:\/\/planikafires.shop\/cs\/produkt\/fla4\/","url":"https:\/\/planikafires.shop\/cs\/produkt\/fla4\/","name":"FLA 4 | Planika","isPartOf":{"@id":"https:\/\/planikafires.shop\/cs\/#website"},"primaryImageOfPage":{"@id":"https:\/\/planikafires.shop\/cs\/produkt\/fla4\/#primaryimage"},"image":{"@id":"https:\/\/planikafires.shop\/cs\/produkt\/fla4\/#primaryimage"},"thumbnailUrl":"https:\/\/planikafires.shop\/wp-content\/uploads\/2023\/11\/FLA4_590_set.jpg","datePublished":"2023-11-15T08:55:36+00:00","dateModified":"2024-07-03T13:16:11+00:00","breadcrumb":{"@id":"https:\/\/planikafires.shop\/cs\/produkt\/fla4\/#breadcrumb"},"inLanguage":"cs","potentialAction":[{"@type":"ReadAction","target":["https:\/\/planikafires.shop\/cs\/produkt\/fla4\/"]}]},{"@type":"ImageObject","inLanguage":"cs","@id":"https:\/\/planikafires.shop\/cs\/produkt\/fla4\/#primaryimage","url":"https:\/\/planikafires.shop\/wp-content\/uploads\/2023\/11\/FLA4_590_set.jpg","contentUrl":"https:\/\/planikafires.shop\/wp-content\/uploads\/2023\/11\/FLA4_590_set.jpg","width":1920,"height":1440},{"@type":"BreadcrumbList","@id":"https:\/\/planikafires.shop\/cs\/produkt\/fla4\/#breadcrumb","itemListElement":[{"@type":"ListItem","position":1,"name":"Domovsk\u00e1 str\u00e1nka","item":"https:\/\/planikafires.shop\/cs\/"},{"@type":"ListItem","position":2,"name":"Obchod","item":"https:\/\/planikafires.shop\/cs\/shop\/"},{"@type":"ListItem","position":3,"name":"FLA 4"}]},{"@type":"WebSite","@id":"https:\/\/planikafires.shop\/cs\/#website","url":"https:\/\/planikafires.shop\/cs\/","name":"Planika","description":"Modern\u00e9 rie\u0161enie krbov","publisher":{"@id":"https:\/\/planikafires.shop\/cs\/#organization"},"potentialAction":[{"@type":"SearchAction","target":{"@type":"EntryPoint","urlTemplate":"https:\/\/planikafires.shop\/cs\/?s={search_term_string}"},"query-input":{"@type":"PropertyValueSpecification","valueRequired":true,"valueName":"search_term_string"}}],"inLanguage":"cs"},{"@type":"Organization","@id":"https:\/\/planikafires.shop\/cs\/#organization","name":"Planika","url":"https:\/\/planikafires.shop\/cs\/","logo":{"@type":"ImageObject","inLanguage":"cs","@id":"https:\/\/planikafires.shop\/cs\/#\/schema\/logo\/image\/","url":"https:\/\/planikafires.shop\/wp-content\/uploads\/2022\/06\/logo.png","contentUrl":"https:\/\/planikafires.shop\/wp-content\/uploads\/2022\/06\/logo.png","width":191,"height":78,"caption":"Planika"},"image":{"@id":"https:\/\/planikafires.shop\/cs\/#\/schema\/logo\/image\/"}}]}},"_links":{"self":[{"href":"https:\/\/planikafires.shop\/cs\/wp-json\/wp\/v2\/product\/11893","targetHints":{"allow":["GET"]}}],"collection":[{"href":"https:\/\/planikafires.shop\/cs\/wp-json\/wp\/v2\/product"}],"about":[{"href":"https:\/\/planikafires.shop\/cs\/wp-json\/wp\/v2\/types\/product"}],"version-history":[{"count":6,"href":"https:\/\/planikafires.shop\/cs\/wp-json\/wp\/v2\/product\/11893\/revisions"}],"predecessor-version":[{"id":12641,"href":"https:\/\/planikafires.shop\/cs\/wp-json\/wp\/v2\/product\/11893\/revisions\/12641"}],"wp:featuredmedia":[{"embeddable":true,"href":"https:\/\/planikafires.shop\/cs\/wp-json\/wp\/v2\/media\/11923"}],"wp:attachment":[{"href":"https:\/\/planikafires.shop\/cs\/wp-json\/wp\/v2\/media?parent=11893"}],"wp:term":[{"taxonomy":"product_brand","embeddable":true,"href":"https:\/\/planikafires.shop\/cs\/wp-json\/wp\/v2\/product_brand?post=11893"},{"taxonomy":"product_cat","embeddable":true,"href":"https:\/\/planikafires.shop\/cs\/wp-json\/wp\/v2\/product_cat?post=11893"},{"taxonomy":"product_tag","embeddable":true,"href":"https:\/\/planikafires.shop\/cs\/wp-json\/wp\/v2\/product_tag?post=11893"}],"curies":[{"name":"wp","href":"https:\/\/api.w.org\/{rel}","templated":true}]}}