{"id":12267,"date":"2024-01-29T09:34:05","date_gmt":"2024-01-29T08:34:05","guid":{"rendered":"https:\/\/planikafires.shop\/?post_type=product&#038;p=12267"},"modified":"2026-01-15T13:21:01","modified_gmt":"2026-01-15T12:21:01","slug":"cool-flame-pro-insert","status":"publish","type":"product","link":"https:\/\/planikafires.shop\/cs\/produkt\/cool-flame-pro-insert\/","title":{"rendered":"Cool Flame PRO Insert"},"content":{"rendered":"<ul>\n<li>elektrick\u00fd krb-insert PRO na vodn\u00ed p\u00e1ru<\/li>\n<li><strong>verze PRO se p\u0159\u00edmo nap\u00e1j\u00ed na zdroj vody, \u010d\u00edm\u017e se zjednodu\u0161\u00ed proces dopl\u0148ov\u00e1n\u00ed<\/strong><\/li>\n<li>technologie <em><strong>Optimyst <\/strong><\/em><sup><em><strong>\u00ae<\/strong><\/em><\/sup>&#8211; vyu\u017e\u00edv\u00e1 ultra jemnou vodn\u00ed mlhu a LED osv\u011btlen\u00ed, simuluje vzhled skute\u010dn\u00fdch plamen\u016f a kou\u0159e. Vodn\u00ed mlha je produkov\u00e1na tich\u00fdm ultrazvukov\u00fdm atomiz\u00e9rem, osv\u011btlen\u00e1 LED sv\u011btlem, vytv\u00e1\u0159\u00ed p\u0159esv\u011bd\u010divou iluzi plamen\u016f a kou\u0159e, kter\u00fd je t\u00e9m\u011b\u0159 k nerozezn\u00e1n\u00ed od skute\u010dn\u00e9ho ohn\u011b.<\/li>\n<li>mo\u017enost zm\u011bnit barvu a intenzitu plamene, p\u0159izp\u016fsoben\u00ed atmosf\u00e9ry krbu podle vkusu nebo designu interi\u00e9ru<\/li>\n<li>modul\u00e1rn\u00ed design &#8211; mo\u017enost kombinovat v\u00edce vlo\u017eek (Insert\u016f) dohromady<\/li>\n<li>d\u00e1lkov\u00e9 ovl\u00e1d\u00e1n\u00ed v cen\u011b<\/li>\n<li>realistick\u00e9 zvuky &#8211; prask\u00e1n\u00ed d\u0159eva<\/li>\n<li>jeden sklen\u011bn\u00fd \u0161t\u00edt v cen\u011b<\/li>\n<li>voliteln\u011b: <em>keramick\u00e1 polena, skl\u011bnen\u00e9 panely<\/em><\/li>\n<\/ul>\n<p><strong>Doba dod\u00e1n\u00ed: 10 prac. dn\u016f<\/strong><\/p>\n<h3><strong>PARAMETRY (500 \/ 1000 mm):<\/strong><\/h3>\n<ul>\n<li>n\u00e1dr\u017e: p\u0159\u00edm\u00e9 p\u0159ipojen\u00ed na zdroj vody<\/li>\n<li>max. doba ho\u0159en\u00ed: bez limitu<\/li>\n<li>nomin\u00e1ln\u00ed v\u00fdkon: \u017e\u00e1dn\u00fd<\/li>\n<li>v\u00fd\u0161ka plamene: 6 \u00farovn\u00ed \/ 6 \u00farovn\u00ed<\/li>\n<li>hmotnost: 9 kg \/ 15 kg<\/li>\n<li>typ vody: filtrovan\u00e1 voda z vodovodu, destilovan\u00e1 voda<\/li>\n<li>dymovod: nen\u00ed pot\u0159ebn\u00fd<\/li>\n<li>p\u0159ipojen\u00ed k el. energii: 230 V \/ 440 V<\/li>\n<li>povrchov\u00e1 \u00faprava: \u010dern\u00e1 pr\u00e1\u0161kovan\u00e1<\/li>\n<li>materi\u00e1l: ocel, sklo<\/li>\n<li>pou\u017eit\u00ed: POUZE v interi\u00e9ri<\/li>\n<li>rozm\u011bry \u0160xVxH (500 mm): 518 x 225 x 316 mm<\/li>\n<li>rozm\u011bry \u0160xVxH (1000 mm): 1026 x 225 x 316 mm<\/li>\n<\/ul>\n","protected":false},"excerpt":{"rendered":"<p>Nep\u0159etr\u017eit\u00e9 ho\u0159en\u00ed bez pot\u0159eby dopl\u0148ov\u00e1n\u00ed vody, to je verze Cool Flame Insert PRO \u2013 imitace plamen\u016f, realistick\u00e9 zvuky a vodn\u00ed p\u00e1ra.<\/p>\n","protected":false},"featured_media":12168,"template":"","meta":{"_acf_changed":false},"product_brand":[],"product_cat":[291,290],"product_tag":[],"class_list":{"0":"post-12267","1":"product","2":"type-product","3":"status-publish","4":"has-post-thumbnail","6":"product_cat-inserty-na-vodni-paru","7":"product_cat-vodni-para","8":"product_shipping_class-1-paleta-cs","10":"first","11":"outofstock","12":"taxable","13":"shipping-taxable","14":"purchasable","15":"product-type-variable","16":"has-default-attributes"},"acf":[],"yoast_head":"<!-- This site is optimized with the Yoast SEO plugin v24.2 - https:\/\/yoast.com\/wordpress\/plugins\/seo\/ -->\n<title>Cool Flame PRO Insert | Planika<\/title>\n<meta name=\"robots\" content=\"index, follow, max-snippet:-1, max-image-preview:large, max-video-preview:-1\" \/>\n<link rel=\"canonical\" href=\"https:\/\/planikafires.shop\/cs\/produkt\/cool-flame-pro-insert\/\" \/>\n<meta property=\"og:locale\" content=\"cs_CZ\" \/>\n<meta property=\"og:type\" content=\"article\" \/>\n<meta property=\"og:title\" content=\"Cool Flame PRO Insert | Planika\" \/>\n<meta property=\"og:description\" content=\"Nep\u0159etr\u017eit\u00e9 ho\u0159en\u00ed bez pot\u0159eby dopl\u0148ov\u00e1n\u00ed vody, to je verze Cool Flame Insert PRO \u2013 imitace plamen\u016f, realistick\u00e9 zvuky a vodn\u00ed p\u00e1ra.\" \/>\n<meta property=\"og:url\" content=\"https:\/\/planikafires.shop\/cs\/produkt\/cool-flame-pro-insert\/\" \/>\n<meta property=\"og:site_name\" content=\"Planika\" \/>\n<meta property=\"article:modified_time\" content=\"2026-01-15T12:21:01+00:00\" \/>\n<meta property=\"og:image\" content=\"https:\/\/planikafires.shop\/wp-content\/uploads\/2024\/01\/Cool_Flame_500_Pro_1.jpg\" \/>\n\t<meta property=\"og:image:width\" content=\"1920\" \/>\n\t<meta property=\"og:image:height\" content=\"1440\" \/>\n\t<meta property=\"og:image:type\" content=\"image\/jpeg\" \/>\n<meta name=\"twitter:card\" content=\"summary_large_image\" \/>\n<meta name=\"twitter:label1\" content=\"Odhadovan\u00e1 doba \u010dten\u00ed\" \/>\n\t<meta name=\"twitter:data1\" content=\"2 minuty\" \/>\n<script type=\"application\/ld+json\" class=\"yoast-schema-graph\">{\"@context\":\"https:\/\/schema.org\",\"@graph\":[{\"@type\":\"WebPage\",\"@id\":\"https:\/\/planikafires.shop\/cs\/produkt\/cool-flame-pro-insert\/\",\"url\":\"https:\/\/planikafires.shop\/cs\/produkt\/cool-flame-pro-insert\/\",\"name\":\"Cool Flame PRO Insert | Planika\",\"isPartOf\":{\"@id\":\"https:\/\/planikafires.shop\/cs\/#website\"},\"primaryImageOfPage\":{\"@id\":\"https:\/\/planikafires.shop\/cs\/produkt\/cool-flame-pro-insert\/#primaryimage\"},\"image\":{\"@id\":\"https:\/\/planikafires.shop\/cs\/produkt\/cool-flame-pro-insert\/#primaryimage\"},\"thumbnailUrl\":\"https:\/\/planikafires.shop\/wp-content\/uploads\/2024\/01\/Cool_Flame_500_Pro_1.jpg\",\"datePublished\":\"2024-01-29T08:34:05+00:00\",\"dateModified\":\"2026-01-15T12:21:01+00:00\",\"breadcrumb\":{\"@id\":\"https:\/\/planikafires.shop\/cs\/produkt\/cool-flame-pro-insert\/#breadcrumb\"},\"inLanguage\":\"cs\",\"potentialAction\":[{\"@type\":\"ReadAction\",\"target\":[\"https:\/\/planikafires.shop\/cs\/produkt\/cool-flame-pro-insert\/\"]}]},{\"@type\":\"ImageObject\",\"inLanguage\":\"cs\",\"@id\":\"https:\/\/planikafires.shop\/cs\/produkt\/cool-flame-pro-insert\/#primaryimage\",\"url\":\"https:\/\/planikafires.shop\/wp-content\/uploads\/2024\/01\/Cool_Flame_500_Pro_1.jpg\",\"contentUrl\":\"https:\/\/planikafires.shop\/wp-content\/uploads\/2024\/01\/Cool_Flame_500_Pro_1.jpg\",\"width\":1920,\"height\":1440},{\"@type\":\"BreadcrumbList\",\"@id\":\"https:\/\/planikafires.shop\/cs\/produkt\/cool-flame-pro-insert\/#breadcrumb\",\"itemListElement\":[{\"@type\":\"ListItem\",\"position\":1,\"name\":\"Domovsk\u00e1 str\u00e1nka\",\"item\":\"https:\/\/planikafires.shop\/cs\/\"},{\"@type\":\"ListItem\",\"position\":2,\"name\":\"Obchod\",\"item\":\"https:\/\/planikafires.shop\/cs\/shop\/\"},{\"@type\":\"ListItem\",\"position\":3,\"name\":\"Cool Flame PRO Insert\"}]},{\"@type\":\"WebSite\",\"@id\":\"https:\/\/planikafires.shop\/cs\/#website\",\"url\":\"https:\/\/planikafires.shop\/cs\/\",\"name\":\"Planika\",\"description\":\"Modern\u00e9 rie\u0161enie krbov\",\"publisher\":{\"@id\":\"https:\/\/planikafires.shop\/cs\/#organization\"},\"potentialAction\":[{\"@type\":\"SearchAction\",\"target\":{\"@type\":\"EntryPoint\",\"urlTemplate\":\"https:\/\/planikafires.shop\/cs\/?s={search_term_string}\"},\"query-input\":{\"@type\":\"PropertyValueSpecification\",\"valueRequired\":true,\"valueName\":\"search_term_string\"}}],\"inLanguage\":\"cs\"},{\"@type\":\"Organization\",\"@id\":\"https:\/\/planikafires.shop\/cs\/#organization\",\"name\":\"Planika\",\"url\":\"https:\/\/planikafires.shop\/cs\/\",\"logo\":{\"@type\":\"ImageObject\",\"inLanguage\":\"cs\",\"@id\":\"https:\/\/planikafires.shop\/cs\/#\/schema\/logo\/image\/\",\"url\":\"https:\/\/planikafires.shop\/wp-content\/uploads\/2022\/06\/logo.png\",\"contentUrl\":\"https:\/\/planikafires.shop\/wp-content\/uploads\/2022\/06\/logo.png\",\"width\":191,\"height\":78,\"caption\":\"Planika\"},\"image\":{\"@id\":\"https:\/\/planikafires.shop\/cs\/#\/schema\/logo\/image\/\"}}]}<\/script>\n<!-- \/ Yoast SEO plugin. -->","yoast_head_json":{"title":"Cool Flame PRO Insert | Planika","robots":{"index":"index","follow":"follow","max-snippet":"max-snippet:-1","max-image-preview":"max-image-preview:large","max-video-preview":"max-video-preview:-1"},"canonical":"https:\/\/planikafires.shop\/cs\/produkt\/cool-flame-pro-insert\/","og_locale":"cs_CZ","og_type":"article","og_title":"Cool Flame PRO Insert | Planika","og_description":"Nep\u0159etr\u017eit\u00e9 ho\u0159en\u00ed bez pot\u0159eby dopl\u0148ov\u00e1n\u00ed vody, to je verze Cool Flame Insert PRO \u2013 imitace plamen\u016f, realistick\u00e9 zvuky a vodn\u00ed p\u00e1ra.","og_url":"https:\/\/planikafires.shop\/cs\/produkt\/cool-flame-pro-insert\/","og_site_name":"Planika","article_modified_time":"2026-01-15T12:21:01+00:00","og_image":[{"width":1920,"height":1440,"url":"https:\/\/planikafires.shop\/wp-content\/uploads\/2024\/01\/Cool_Flame_500_Pro_1.jpg","type":"image\/jpeg"}],"twitter_card":"summary_large_image","twitter_misc":{"Odhadovan\u00e1 doba \u010dten\u00ed":"2 minuty"},"schema":{"@context":"https:\/\/schema.org","@graph":[{"@type":"WebPage","@id":"https:\/\/planikafires.shop\/cs\/produkt\/cool-flame-pro-insert\/","url":"https:\/\/planikafires.shop\/cs\/produkt\/cool-flame-pro-insert\/","name":"Cool Flame PRO Insert | Planika","isPartOf":{"@id":"https:\/\/planikafires.shop\/cs\/#website"},"primaryImageOfPage":{"@id":"https:\/\/planikafires.shop\/cs\/produkt\/cool-flame-pro-insert\/#primaryimage"},"image":{"@id":"https:\/\/planikafires.shop\/cs\/produkt\/cool-flame-pro-insert\/#primaryimage"},"thumbnailUrl":"https:\/\/planikafires.shop\/wp-content\/uploads\/2024\/01\/Cool_Flame_500_Pro_1.jpg","datePublished":"2024-01-29T08:34:05+00:00","dateModified":"2026-01-15T12:21:01+00:00","breadcrumb":{"@id":"https:\/\/planikafires.shop\/cs\/produkt\/cool-flame-pro-insert\/#breadcrumb"},"inLanguage":"cs","potentialAction":[{"@type":"ReadAction","target":["https:\/\/planikafires.shop\/cs\/produkt\/cool-flame-pro-insert\/"]}]},{"@type":"ImageObject","inLanguage":"cs","@id":"https:\/\/planikafires.shop\/cs\/produkt\/cool-flame-pro-insert\/#primaryimage","url":"https:\/\/planikafires.shop\/wp-content\/uploads\/2024\/01\/Cool_Flame_500_Pro_1.jpg","contentUrl":"https:\/\/planikafires.shop\/wp-content\/uploads\/2024\/01\/Cool_Flame_500_Pro_1.jpg","width":1920,"height":1440},{"@type":"BreadcrumbList","@id":"https:\/\/planikafires.shop\/cs\/produkt\/cool-flame-pro-insert\/#breadcrumb","itemListElement":[{"@type":"ListItem","position":1,"name":"Domovsk\u00e1 str\u00e1nka","item":"https:\/\/planikafires.shop\/cs\/"},{"@type":"ListItem","position":2,"name":"Obchod","item":"https:\/\/planikafires.shop\/cs\/shop\/"},{"@type":"ListItem","position":3,"name":"Cool Flame PRO Insert"}]},{"@type":"WebSite","@id":"https:\/\/planikafires.shop\/cs\/#website","url":"https:\/\/planikafires.shop\/cs\/","name":"Planika","description":"Modern\u00e9 rie\u0161enie krbov","publisher":{"@id":"https:\/\/planikafires.shop\/cs\/#organization"},"potentialAction":[{"@type":"SearchAction","target":{"@type":"EntryPoint","urlTemplate":"https:\/\/planikafires.shop\/cs\/?s={search_term_string}"},"query-input":{"@type":"PropertyValueSpecification","valueRequired":true,"valueName":"search_term_string"}}],"inLanguage":"cs"},{"@type":"Organization","@id":"https:\/\/planikafires.shop\/cs\/#organization","name":"Planika","url":"https:\/\/planikafires.shop\/cs\/","logo":{"@type":"ImageObject","inLanguage":"cs","@id":"https:\/\/planikafires.shop\/cs\/#\/schema\/logo\/image\/","url":"https:\/\/planikafires.shop\/wp-content\/uploads\/2022\/06\/logo.png","contentUrl":"https:\/\/planikafires.shop\/wp-content\/uploads\/2022\/06\/logo.png","width":191,"height":78,"caption":"Planika"},"image":{"@id":"https:\/\/planikafires.shop\/cs\/#\/schema\/logo\/image\/"}}]}},"_links":{"self":[{"href":"https:\/\/planikafires.shop\/cs\/wp-json\/wp\/v2\/product\/12267","targetHints":{"allow":["GET"]}}],"collection":[{"href":"https:\/\/planikafires.shop\/cs\/wp-json\/wp\/v2\/product"}],"about":[{"href":"https:\/\/planikafires.shop\/cs\/wp-json\/wp\/v2\/types\/product"}],"version-history":[{"count":3,"href":"https:\/\/planikafires.shop\/cs\/wp-json\/wp\/v2\/product\/12267\/revisions"}],"predecessor-version":[{"id":12533,"href":"https:\/\/planikafires.shop\/cs\/wp-json\/wp\/v2\/product\/12267\/revisions\/12533"}],"wp:featuredmedia":[{"embeddable":true,"href":"https:\/\/planikafires.shop\/cs\/wp-json\/wp\/v2\/media\/12168"}],"wp:attachment":[{"href":"https:\/\/planikafires.shop\/cs\/wp-json\/wp\/v2\/media?parent=12267"}],"wp:term":[{"taxonomy":"product_brand","embeddable":true,"href":"https:\/\/planikafires.shop\/cs\/wp-json\/wp\/v2\/product_brand?post=12267"},{"taxonomy":"product_cat","embeddable":true,"href":"https:\/\/planikafires.shop\/cs\/wp-json\/wp\/v2\/product_cat?post=12267"},{"taxonomy":"product_tag","embeddable":true,"href":"https:\/\/planikafires.shop\/cs\/wp-json\/wp\/v2\/product_tag?post=12267"}],"curies":[{"name":"wp","href":"https:\/\/api.w.org\/{rel}","templated":true}]}}