{"id":12270,"date":"2024-01-29T09:34:01","date_gmt":"2024-01-29T08:34:01","guid":{"rendered":"https:\/\/planikafires.shop\/?post_type=product&#038;p=12270"},"modified":"2024-05-27T10:51:40","modified_gmt":"2024-05-27T08:51:40","slug":"cool-flame-ohniste","status":"publish","type":"product","link":"https:\/\/planikafires.shop\/cs\/produkt\/cool-flame-ohniste\/","title":{"rendered":"Cool Flame ohni\u0161t\u011b"},"content":{"rendered":"<ul>\n<li>elektrick\u00fd krb na vodn\u00ed p\u00e1ru<\/li>\n<li>technologie <em><strong>Optimyst <\/strong><\/em><sup><em><strong>\u00ae<\/strong><\/em><\/sup>&#8211; vyu\u017e\u00edv\u00e1 ultra jemnou vodn\u00ed mlhu a LED osv\u011btlen\u00ed, simuluje vzhled skute\u010dn\u00fdch plamen\u016f a kou\u0159e. Vodn\u00ed mlha je produkov\u00e1na tich\u00fdm ultrazvukov\u00fdm atomiz\u00e9rem, osv\u011btlen\u00e1 LED sv\u011btlem, vytv\u00e1\u0159\u00ed p\u0159esv\u011bd\u010divou iluzi plamen\u016f a kou\u0159e, kter\u00fd je t\u00e9m\u011b\u0159 k nerozezn\u00e1n\u00ed od skute\u010dn\u00e9ho ohn\u011b.<\/li>\n<li>mo\u017enost zm\u011bnit barvu a intenzitu plamene, p\u0159izp\u016fsoben\u00ed atmosf\u00e9ry krbu podle vkusu nebo designu interi\u00e9ru<\/li>\n<li>voliteln\u00e1 orientace krbu &#8211; <em>rovn\u00ed, rohov\u00fd, t\u0159\u00edstrann\u00fd biokrb<\/em><\/li>\n<li>d\u00e1lkov\u00e9 ovl\u00e1d\u00e1n\u00ed v cen\u011b<\/li>\n<li>realistick\u00e9 zvuky &#8211; prask\u00e1n\u00ed d\u0159eva<\/li>\n<li>jednoduch\u00e9 tankov\u00e1n\u00ed, odn\u00edmateln\u00e1 n\u00e1dr\u017e na vodu z vodovodu<\/li>\n<li>1 sklen\u011bn\u00fd \u0161t\u00edt v cen\u011b<\/li>\n<li>voliteln\u011b: <em>keramick\u00e1 polena<\/em><\/li>\n<\/ul>\n<p>&nbsp;<\/p>\n<p><strong>Doba dod\u00e1n\u00ed: 15 prac. dn\u016f<\/strong><\/p>\n<p>&nbsp;<\/p>\n<h3><strong>PARAMETRY (500 \/ 1000 mm):<\/strong><\/h3>\n<ul>\n<li>n\u00e1dr\u017e: 1,2 L \/ 2,4 L<\/li>\n<li>max. doba ho\u0159en\u00ed: 12 hod. \/ 12 hod.<\/li>\n<li>nomin\u00e1ln\u00ed v\u00fdkon: \u017e\u00e1dn\u00fd<\/li>\n<li>v\u00fd\u0161ka plamene: 6 \u00farovn\u00ed \/ 6 \u00farovn\u00ed<\/li>\n<li>hmotnost: 25 kg \/ 37,5 kg<\/li>\n<li>typ vody: filtrovan\u00e1 voda z vodovodu, destilovan\u00e1 voda<\/li>\n<li>dymovod: nen\u00ed pot\u0159ebn\u00fd<\/li>\n<li>p\u0159ipojen\u00ed k el. energii: 230 V \/ 440 V<\/li>\n<li>povrchov\u00e1 \u00faprava: \u010dern\u00e1 pr\u00e1\u0161kovan\u00e1<\/li>\n<li>materi\u00e1l: ocel, sklo<\/li>\n<li>pou\u017eit\u00ed: POUZE v interi\u00e9ri<\/li>\n<li>rozm\u011bry \u0160xVxH (500 mm): 700 x 777 x 380\/359 mm<\/li>\n<li>rozm\u011bry \u0160xVxH (1000 mm): 1208 x 777 x 380\/359 mm<\/li>\n<li>voliteln\u00e1 orientace ohni\u0161t\u011b: rovn\u00ed, prav\u00fd roh, lev\u00fd roh<\/li>\n<\/ul>\n","protected":false},"excerpt":{"rendered":"<p>Jedine\u010dn\u00e9 ohni\u0161t\u011b Cool Flame d\u00e1v\u00e1 mo\u017enost instalovat krb dle vlastn\u00edch p\u0159edstav.<\/p>\n","protected":false},"featured_media":12174,"template":"","meta":{"_acf_changed":false},"product_brand":[],"product_cat":[292,290],"product_tag":[],"class_list":{"0":"post-12270","1":"product","2":"type-product","3":"status-publish","4":"has-post-thumbnail","6":"product_cat-ohniste-cs","7":"product_cat-vodni-para","8":"product_shipping_class-1-paleta-cs","10":"first","11":"outofstock","12":"taxable","13":"shipping-taxable","14":"purchasable","15":"product-type-variable","16":"has-default-attributes"},"acf":[],"yoast_head":"<!-- This site is optimized with the Yoast SEO plugin v24.2 - https:\/\/yoast.com\/wordpress\/plugins\/seo\/ -->\n<title>Cool Flame ohni\u0161t\u011b | Planika<\/title>\n<meta name=\"robots\" content=\"index, follow, max-snippet:-1, max-image-preview:large, max-video-preview:-1\" \/>\n<link rel=\"canonical\" href=\"https:\/\/planikafires.shop\/cs\/produkt\/cool-flame-ohniste\/\" \/>\n<meta property=\"og:locale\" content=\"cs_CZ\" \/>\n<meta property=\"og:type\" content=\"article\" \/>\n<meta property=\"og:title\" content=\"Cool Flame ohni\u0161t\u011b | Planika\" \/>\n<meta property=\"og:description\" content=\"Jedine\u010dn\u00e9 ohni\u0161t\u011b Cool Flame d\u00e1v\u00e1 mo\u017enost instalovat krb dle vlastn\u00edch p\u0159edstav.\" \/>\n<meta property=\"og:url\" content=\"https:\/\/planikafires.shop\/cs\/produkt\/cool-flame-ohniste\/\" \/>\n<meta property=\"og:site_name\" content=\"Planika\" \/>\n<meta property=\"article:modified_time\" content=\"2024-05-27T08:51:40+00:00\" \/>\n<meta property=\"og:image\" content=\"https:\/\/planikafires.shop\/wp-content\/uploads\/2024\/01\/Cool_Flame_500_Fireplace_Single-Sided_1.jpg\" \/>\n\t<meta property=\"og:image:width\" content=\"1920\" \/>\n\t<meta property=\"og:image:height\" content=\"1440\" \/>\n\t<meta property=\"og:image:type\" content=\"image\/jpeg\" \/>\n<meta name=\"twitter:card\" content=\"summary_large_image\" \/>\n<meta name=\"twitter:label1\" content=\"Odhadovan\u00e1 doba \u010dten\u00ed\" \/>\n\t<meta name=\"twitter:data1\" content=\"2 minuty\" \/>\n<script type=\"application\/ld+json\" class=\"yoast-schema-graph\">{\"@context\":\"https:\/\/schema.org\",\"@graph\":[{\"@type\":\"WebPage\",\"@id\":\"https:\/\/planikafires.shop\/cs\/produkt\/cool-flame-ohniste\/\",\"url\":\"https:\/\/planikafires.shop\/cs\/produkt\/cool-flame-ohniste\/\",\"name\":\"Cool Flame ohni\u0161t\u011b | Planika\",\"isPartOf\":{\"@id\":\"https:\/\/planikafires.shop\/cs\/#website\"},\"primaryImageOfPage\":{\"@id\":\"https:\/\/planikafires.shop\/cs\/produkt\/cool-flame-ohniste\/#primaryimage\"},\"image\":{\"@id\":\"https:\/\/planikafires.shop\/cs\/produkt\/cool-flame-ohniste\/#primaryimage\"},\"thumbnailUrl\":\"https:\/\/planikafires.shop\/wp-content\/uploads\/2024\/01\/Cool_Flame_500_Fireplace_Single-Sided_1.jpg\",\"datePublished\":\"2024-01-29T08:34:01+00:00\",\"dateModified\":\"2024-05-27T08:51:40+00:00\",\"breadcrumb\":{\"@id\":\"https:\/\/planikafires.shop\/cs\/produkt\/cool-flame-ohniste\/#breadcrumb\"},\"inLanguage\":\"cs\",\"potentialAction\":[{\"@type\":\"ReadAction\",\"target\":[\"https:\/\/planikafires.shop\/cs\/produkt\/cool-flame-ohniste\/\"]}]},{\"@type\":\"ImageObject\",\"inLanguage\":\"cs\",\"@id\":\"https:\/\/planikafires.shop\/cs\/produkt\/cool-flame-ohniste\/#primaryimage\",\"url\":\"https:\/\/planikafires.shop\/wp-content\/uploads\/2024\/01\/Cool_Flame_500_Fireplace_Single-Sided_1.jpg\",\"contentUrl\":\"https:\/\/planikafires.shop\/wp-content\/uploads\/2024\/01\/Cool_Flame_500_Fireplace_Single-Sided_1.jpg\",\"width\":1920,\"height\":1440},{\"@type\":\"BreadcrumbList\",\"@id\":\"https:\/\/planikafires.shop\/cs\/produkt\/cool-flame-ohniste\/#breadcrumb\",\"itemListElement\":[{\"@type\":\"ListItem\",\"position\":1,\"name\":\"Domovsk\u00e1 str\u00e1nka\",\"item\":\"https:\/\/planikafires.shop\/cs\/\"},{\"@type\":\"ListItem\",\"position\":2,\"name\":\"Obchod\",\"item\":\"https:\/\/planikafires.shop\/cs\/shop\/\"},{\"@type\":\"ListItem\",\"position\":3,\"name\":\"Cool Flame ohni\u0161t\u011b\"}]},{\"@type\":\"WebSite\",\"@id\":\"https:\/\/planikafires.shop\/cs\/#website\",\"url\":\"https:\/\/planikafires.shop\/cs\/\",\"name\":\"Planika\",\"description\":\"Modern\u00e9 rie\u0161enie krbov\",\"publisher\":{\"@id\":\"https:\/\/planikafires.shop\/cs\/#organization\"},\"potentialAction\":[{\"@type\":\"SearchAction\",\"target\":{\"@type\":\"EntryPoint\",\"urlTemplate\":\"https:\/\/planikafires.shop\/cs\/?s={search_term_string}\"},\"query-input\":{\"@type\":\"PropertyValueSpecification\",\"valueRequired\":true,\"valueName\":\"search_term_string\"}}],\"inLanguage\":\"cs\"},{\"@type\":\"Organization\",\"@id\":\"https:\/\/planikafires.shop\/cs\/#organization\",\"name\":\"Planika\",\"url\":\"https:\/\/planikafires.shop\/cs\/\",\"logo\":{\"@type\":\"ImageObject\",\"inLanguage\":\"cs\",\"@id\":\"https:\/\/planikafires.shop\/cs\/#\/schema\/logo\/image\/\",\"url\":\"https:\/\/planikafires.shop\/wp-content\/uploads\/2022\/06\/logo.png\",\"contentUrl\":\"https:\/\/planikafires.shop\/wp-content\/uploads\/2022\/06\/logo.png\",\"width\":191,\"height\":78,\"caption\":\"Planika\"},\"image\":{\"@id\":\"https:\/\/planikafires.shop\/cs\/#\/schema\/logo\/image\/\"}}]}<\/script>\n<!-- \/ Yoast SEO plugin. -->","yoast_head_json":{"title":"Cool Flame ohni\u0161t\u011b | Planika","robots":{"index":"index","follow":"follow","max-snippet":"max-snippet:-1","max-image-preview":"max-image-preview:large","max-video-preview":"max-video-preview:-1"},"canonical":"https:\/\/planikafires.shop\/cs\/produkt\/cool-flame-ohniste\/","og_locale":"cs_CZ","og_type":"article","og_title":"Cool Flame ohni\u0161t\u011b | Planika","og_description":"Jedine\u010dn\u00e9 ohni\u0161t\u011b Cool Flame d\u00e1v\u00e1 mo\u017enost instalovat krb dle vlastn\u00edch p\u0159edstav.","og_url":"https:\/\/planikafires.shop\/cs\/produkt\/cool-flame-ohniste\/","og_site_name":"Planika","article_modified_time":"2024-05-27T08:51:40+00:00","og_image":[{"width":1920,"height":1440,"url":"https:\/\/planikafires.shop\/wp-content\/uploads\/2024\/01\/Cool_Flame_500_Fireplace_Single-Sided_1.jpg","type":"image\/jpeg"}],"twitter_card":"summary_large_image","twitter_misc":{"Odhadovan\u00e1 doba \u010dten\u00ed":"2 minuty"},"schema":{"@context":"https:\/\/schema.org","@graph":[{"@type":"WebPage","@id":"https:\/\/planikafires.shop\/cs\/produkt\/cool-flame-ohniste\/","url":"https:\/\/planikafires.shop\/cs\/produkt\/cool-flame-ohniste\/","name":"Cool Flame ohni\u0161t\u011b | Planika","isPartOf":{"@id":"https:\/\/planikafires.shop\/cs\/#website"},"primaryImageOfPage":{"@id":"https:\/\/planikafires.shop\/cs\/produkt\/cool-flame-ohniste\/#primaryimage"},"image":{"@id":"https:\/\/planikafires.shop\/cs\/produkt\/cool-flame-ohniste\/#primaryimage"},"thumbnailUrl":"https:\/\/planikafires.shop\/wp-content\/uploads\/2024\/01\/Cool_Flame_500_Fireplace_Single-Sided_1.jpg","datePublished":"2024-01-29T08:34:01+00:00","dateModified":"2024-05-27T08:51:40+00:00","breadcrumb":{"@id":"https:\/\/planikafires.shop\/cs\/produkt\/cool-flame-ohniste\/#breadcrumb"},"inLanguage":"cs","potentialAction":[{"@type":"ReadAction","target":["https:\/\/planikafires.shop\/cs\/produkt\/cool-flame-ohniste\/"]}]},{"@type":"ImageObject","inLanguage":"cs","@id":"https:\/\/planikafires.shop\/cs\/produkt\/cool-flame-ohniste\/#primaryimage","url":"https:\/\/planikafires.shop\/wp-content\/uploads\/2024\/01\/Cool_Flame_500_Fireplace_Single-Sided_1.jpg","contentUrl":"https:\/\/planikafires.shop\/wp-content\/uploads\/2024\/01\/Cool_Flame_500_Fireplace_Single-Sided_1.jpg","width":1920,"height":1440},{"@type":"BreadcrumbList","@id":"https:\/\/planikafires.shop\/cs\/produkt\/cool-flame-ohniste\/#breadcrumb","itemListElement":[{"@type":"ListItem","position":1,"name":"Domovsk\u00e1 str\u00e1nka","item":"https:\/\/planikafires.shop\/cs\/"},{"@type":"ListItem","position":2,"name":"Obchod","item":"https:\/\/planikafires.shop\/cs\/shop\/"},{"@type":"ListItem","position":3,"name":"Cool Flame ohni\u0161t\u011b"}]},{"@type":"WebSite","@id":"https:\/\/planikafires.shop\/cs\/#website","url":"https:\/\/planikafires.shop\/cs\/","name":"Planika","description":"Modern\u00e9 rie\u0161enie krbov","publisher":{"@id":"https:\/\/planikafires.shop\/cs\/#organization"},"potentialAction":[{"@type":"SearchAction","target":{"@type":"EntryPoint","urlTemplate":"https:\/\/planikafires.shop\/cs\/?s={search_term_string}"},"query-input":{"@type":"PropertyValueSpecification","valueRequired":true,"valueName":"search_term_string"}}],"inLanguage":"cs"},{"@type":"Organization","@id":"https:\/\/planikafires.shop\/cs\/#organization","name":"Planika","url":"https:\/\/planikafires.shop\/cs\/","logo":{"@type":"ImageObject","inLanguage":"cs","@id":"https:\/\/planikafires.shop\/cs\/#\/schema\/logo\/image\/","url":"https:\/\/planikafires.shop\/wp-content\/uploads\/2022\/06\/logo.png","contentUrl":"https:\/\/planikafires.shop\/wp-content\/uploads\/2022\/06\/logo.png","width":191,"height":78,"caption":"Planika"},"image":{"@id":"https:\/\/planikafires.shop\/cs\/#\/schema\/logo\/image\/"}}]}},"_links":{"self":[{"href":"https:\/\/planikafires.shop\/cs\/wp-json\/wp\/v2\/product\/12270","targetHints":{"allow":["GET"]}}],"collection":[{"href":"https:\/\/planikafires.shop\/cs\/wp-json\/wp\/v2\/product"}],"about":[{"href":"https:\/\/planikafires.shop\/cs\/wp-json\/wp\/v2\/types\/product"}],"version-history":[{"count":3,"href":"https:\/\/planikafires.shop\/cs\/wp-json\/wp\/v2\/product\/12270\/revisions"}],"predecessor-version":[{"id":12535,"href":"https:\/\/planikafires.shop\/cs\/wp-json\/wp\/v2\/product\/12270\/revisions\/12535"}],"wp:featuredmedia":[{"embeddable":true,"href":"https:\/\/planikafires.shop\/cs\/wp-json\/wp\/v2\/media\/12174"}],"wp:attachment":[{"href":"https:\/\/planikafires.shop\/cs\/wp-json\/wp\/v2\/media?parent=12270"}],"wp:term":[{"taxonomy":"product_brand","embeddable":true,"href":"https:\/\/planikafires.shop\/cs\/wp-json\/wp\/v2\/product_brand?post=12270"},{"taxonomy":"product_cat","embeddable":true,"href":"https:\/\/planikafires.shop\/cs\/wp-json\/wp\/v2\/product_cat?post=12270"},{"taxonomy":"product_tag","embeddable":true,"href":"https:\/\/planikafires.shop\/cs\/wp-json\/wp\/v2\/product_tag?post=12270"}],"curies":[{"name":"wp","href":"https:\/\/api.w.org\/{rel}","templated":true}]}}