{"id":12445,"date":"2024-02-16T14:55:13","date_gmt":"2024-02-16T13:55:13","guid":{"rendered":"https:\/\/planikafires.shop\/produkt\/steamy\/"},"modified":"2024-05-27T10:21:47","modified_gmt":"2024-05-27T08:21:47","slug":"steamy","status":"publish","type":"product","link":"https:\/\/planikafires.shop\/cs\/produkt\/steamy\/","title":{"rendered":"STEAMY"},"content":{"rendered":"<ul>\n<li>NET ZERO elektrick\u00fd krb na vodn\u00ed p\u00e1ru s technologii <em><strong>Optimyst <\/strong><\/em><sup><em><strong>\u00ae<\/strong><\/em><\/sup><\/li>\n<li>technologie <em><strong>Optimyst <\/strong><\/em><sup><em><strong>\u00ae<\/strong><\/em><\/sup>&#8211; vyu\u017e\u00edv\u00e1 ultra jemnou vodn\u00ed mlhu a LED osv\u011btlen\u00ed, simuluje vzhled skute\u010dn\u00fdch plamen\u016f a kou\u0159e. Vodn\u00ed mlha je produkov\u00e1na tich\u00fdm ultrazvukov\u00fdm atomiz\u00e9rem, osv\u011btlen\u00e1 LED sv\u011btlem, vytv\u00e1\u0159\u00ed p\u0159esv\u011bd\u010divou iluzi plamen\u016f a kou\u0159e, kter\u00fd je t\u00e9m\u011b\u0159 k nerozezn\u00e1n\u00ed od skute\u010dn\u00e9ho ohn\u011b.<\/li>\n<li>mo\u017enost zm\u011bnit barvu a intenzitu plamene, p\u0159izp\u016fsoben\u00ed atmosf\u00e9ry krbu podle vkusu nebo designu interi\u00e9ru<\/li>\n<li>d\u00e1lkov\u00e9 ovl\u00e1d\u00e1n\u00ed v cen\u011b<\/li>\n<li>realistick\u00e9 zvuky &#8211; prask\u00e1n\u00ed d\u0159eva<\/li>\n<li>jednoduch\u00e9 tankov\u00e1n\u00ed, odn\u00edmateln\u00e1 n\u00e1dr\u017e na vodu z vodovodu<\/li>\n<li>jeden sklen\u011bn\u00fd \u0161t\u00edt v cen\u011b<\/li>\n<li>dod\u00e1v\u00e1 se s realistickou sadou polen (do topeni\u0161t\u011b), kter\u00e1 zvy\u0161uje autentick\u00fd z\u00e1\u017eitek z krbu a dod\u00e1v\u00e1 mu dal\u0161\u00ed n\u00e1dech tradi\u010dnosti k va\u0161emu modern\u00edmu krbu.<\/li>\n<\/ul>\n<p>&nbsp;<\/p>\n<p><strong>Doba dod\u00e1n\u00ed: 8 prac. dn\u016f<\/strong><\/p>\n<p>&nbsp;<\/p>\n<h3><strong>PARAMTERY:<\/strong><\/h3>\n<ul>\n<li>n\u00e1dr\u017e: 1,0 L<\/li>\n<li>max. doba ho\u0159en\u00ed: 10 hod.<\/li>\n<li>nomin\u00e1ln\u00ed v\u00fdkon: \u017e\u00e1dn\u00fd<\/li>\n<li>v\u00fd\u0161ka plamen\u016f: 6 \u00farovn\u00ed<\/li>\n<li>hmotnost: 20,4 kg<\/li>\n<li>typ vody: filtrovan\u00e1 voda z vodovodu, destilovan\u00e1 voda<\/li>\n<li>dymovod: nen\u00ed pot\u0159ebn\u00fd<\/li>\n<li>p\u0159ipojen\u00ed k el. energii: 230 V<\/li>\n<li>povrchov\u00e1 \u00faprava: \u010dern\u00e1 pr\u00e1\u0161kovan\u00e1<\/li>\n<li>materi\u00e1l: ocel, sklo<\/li>\n<li>pou\u017eit\u00ed: POUZE v interi\u00e9ri<\/li>\n<li>rozm\u011bry \u0160xVxH : 480 x 730 x 320 mm<\/li>\n<\/ul>\n","protected":false},"excerpt":{"rendered":"<p>Steamy se skandin\u00e1vsk\u00fdm designem, se vyzna\u010duje minimalismem a funk\u010dnost\u00ed. Tento design p\u0159in\u00e1\u0161\u00ed teplo a \u00fatuln\u00fd, ni\u010d\u00edm neru\u0161en\u00fd pocit. p\u0159i\u010dem\u017e d\u00e1v\u00e1 seversk\u00fd d\u016fraz na pohodl\u00ed a prakti\u010dnost.<\/p>\n","protected":false},"featured_media":12437,"template":"","meta":{"_acf_changed":false},"product_brand":[],"product_cat":[290,293],"product_tag":[285],"class_list":{"0":"post-12445","1":"product","2":"type-product","3":"status-publish","4":"has-post-thumbnail","6":"product_cat-vodni-para","7":"product_cat-volne-stojici-krby","8":"product_tag-basic-collection-cs","9":"product_shipping_class-1-2-paleta-cs","11":"first","12":"onbackorder","13":"taxable","14":"shipping-taxable","15":"purchasable","16":"product-type-simple"},"acf":[],"yoast_head":"<!-- This site is optimized with the Yoast SEO plugin v24.2 - https:\/\/yoast.com\/wordpress\/plugins\/seo\/ -->\n<title>STEAMY | Planika<\/title>\n<meta name=\"robots\" content=\"index, follow, max-snippet:-1, max-image-preview:large, max-video-preview:-1\" \/>\n<link rel=\"canonical\" href=\"https:\/\/planikafires.shop\/cs\/produkt\/steamy\/\" \/>\n<meta property=\"og:locale\" content=\"cs_CZ\" \/>\n<meta property=\"og:type\" content=\"article\" \/>\n<meta property=\"og:title\" content=\"STEAMY | Planika\" \/>\n<meta property=\"og:description\" content=\"Steamy se skandin\u00e1vsk\u00fdm designem, se vyzna\u010duje minimalismem a funk\u010dnost\u00ed. Tento design p\u0159in\u00e1\u0161\u00ed teplo a \u00fatuln\u00fd, ni\u010d\u00edm neru\u0161en\u00fd pocit. p\u0159i\u010dem\u017e d\u00e1v\u00e1 seversk\u00fd d\u016fraz na pohodl\u00ed a prakti\u010dnost.\" \/>\n<meta property=\"og:url\" content=\"https:\/\/planikafires.shop\/cs\/produkt\/steamy\/\" \/>\n<meta property=\"og:site_name\" content=\"Planika\" \/>\n<meta property=\"article:modified_time\" content=\"2024-05-27T08:21:47+00:00\" \/>\n<meta property=\"og:image\" content=\"https:\/\/planikafires.shop\/wp-content\/uploads\/2024\/02\/Steamy-1.jpg\" \/>\n\t<meta property=\"og:image:width\" content=\"1281\" \/>\n\t<meta property=\"og:image:height\" content=\"1920\" \/>\n\t<meta property=\"og:image:type\" content=\"image\/jpeg\" \/>\n<meta name=\"twitter:card\" content=\"summary_large_image\" \/>\n<meta name=\"twitter:label1\" content=\"Odhadovan\u00e1 doba \u010dten\u00ed\" \/>\n\t<meta name=\"twitter:data1\" content=\"1 minuta\" \/>\n<script type=\"application\/ld+json\" class=\"yoast-schema-graph\">{\"@context\":\"https:\/\/schema.org\",\"@graph\":[{\"@type\":\"WebPage\",\"@id\":\"https:\/\/planikafires.shop\/cs\/produkt\/steamy\/\",\"url\":\"https:\/\/planikafires.shop\/cs\/produkt\/steamy\/\",\"name\":\"STEAMY | Planika\",\"isPartOf\":{\"@id\":\"https:\/\/planikafires.shop\/cs\/#website\"},\"primaryImageOfPage\":{\"@id\":\"https:\/\/planikafires.shop\/cs\/produkt\/steamy\/#primaryimage\"},\"image\":{\"@id\":\"https:\/\/planikafires.shop\/cs\/produkt\/steamy\/#primaryimage\"},\"thumbnailUrl\":\"https:\/\/planikafires.shop\/wp-content\/uploads\/2024\/02\/Steamy-1.jpg\",\"datePublished\":\"2024-02-16T13:55:13+00:00\",\"dateModified\":\"2024-05-27T08:21:47+00:00\",\"breadcrumb\":{\"@id\":\"https:\/\/planikafires.shop\/cs\/produkt\/steamy\/#breadcrumb\"},\"inLanguage\":\"cs\",\"potentialAction\":[{\"@type\":\"ReadAction\",\"target\":[\"https:\/\/planikafires.shop\/cs\/produkt\/steamy\/\"]}]},{\"@type\":\"ImageObject\",\"inLanguage\":\"cs\",\"@id\":\"https:\/\/planikafires.shop\/cs\/produkt\/steamy\/#primaryimage\",\"url\":\"https:\/\/planikafires.shop\/wp-content\/uploads\/2024\/02\/Steamy-1.jpg\",\"contentUrl\":\"https:\/\/planikafires.shop\/wp-content\/uploads\/2024\/02\/Steamy-1.jpg\",\"width\":1281,\"height\":1920},{\"@type\":\"BreadcrumbList\",\"@id\":\"https:\/\/planikafires.shop\/cs\/produkt\/steamy\/#breadcrumb\",\"itemListElement\":[{\"@type\":\"ListItem\",\"position\":1,\"name\":\"Domovsk\u00e1 str\u00e1nka\",\"item\":\"https:\/\/planikafires.shop\/cs\/\"},{\"@type\":\"ListItem\",\"position\":2,\"name\":\"Obchod\",\"item\":\"https:\/\/planikafires.shop\/cs\/shop\/\"},{\"@type\":\"ListItem\",\"position\":3,\"name\":\"STEAMY\"}]},{\"@type\":\"WebSite\",\"@id\":\"https:\/\/planikafires.shop\/cs\/#website\",\"url\":\"https:\/\/planikafires.shop\/cs\/\",\"name\":\"Planika\",\"description\":\"Modern\u00e9 rie\u0161enie krbov\",\"publisher\":{\"@id\":\"https:\/\/planikafires.shop\/cs\/#organization\"},\"potentialAction\":[{\"@type\":\"SearchAction\",\"target\":{\"@type\":\"EntryPoint\",\"urlTemplate\":\"https:\/\/planikafires.shop\/cs\/?s={search_term_string}\"},\"query-input\":{\"@type\":\"PropertyValueSpecification\",\"valueRequired\":true,\"valueName\":\"search_term_string\"}}],\"inLanguage\":\"cs\"},{\"@type\":\"Organization\",\"@id\":\"https:\/\/planikafires.shop\/cs\/#organization\",\"name\":\"Planika\",\"url\":\"https:\/\/planikafires.shop\/cs\/\",\"logo\":{\"@type\":\"ImageObject\",\"inLanguage\":\"cs\",\"@id\":\"https:\/\/planikafires.shop\/cs\/#\/schema\/logo\/image\/\",\"url\":\"https:\/\/planikafires.shop\/wp-content\/uploads\/2022\/06\/logo.png\",\"contentUrl\":\"https:\/\/planikafires.shop\/wp-content\/uploads\/2022\/06\/logo.png\",\"width\":191,\"height\":78,\"caption\":\"Planika\"},\"image\":{\"@id\":\"https:\/\/planikafires.shop\/cs\/#\/schema\/logo\/image\/\"}}]}<\/script>\n<!-- \/ Yoast SEO plugin. -->","yoast_head_json":{"title":"STEAMY | Planika","robots":{"index":"index","follow":"follow","max-snippet":"max-snippet:-1","max-image-preview":"max-image-preview:large","max-video-preview":"max-video-preview:-1"},"canonical":"https:\/\/planikafires.shop\/cs\/produkt\/steamy\/","og_locale":"cs_CZ","og_type":"article","og_title":"STEAMY | Planika","og_description":"Steamy se skandin\u00e1vsk\u00fdm designem, se vyzna\u010duje minimalismem a funk\u010dnost\u00ed. Tento design p\u0159in\u00e1\u0161\u00ed teplo a \u00fatuln\u00fd, ni\u010d\u00edm neru\u0161en\u00fd pocit. p\u0159i\u010dem\u017e d\u00e1v\u00e1 seversk\u00fd d\u016fraz na pohodl\u00ed a prakti\u010dnost.","og_url":"https:\/\/planikafires.shop\/cs\/produkt\/steamy\/","og_site_name":"Planika","article_modified_time":"2024-05-27T08:21:47+00:00","og_image":[{"width":1281,"height":1920,"url":"https:\/\/planikafires.shop\/wp-content\/uploads\/2024\/02\/Steamy-1.jpg","type":"image\/jpeg"}],"twitter_card":"summary_large_image","twitter_misc":{"Odhadovan\u00e1 doba \u010dten\u00ed":"1 minuta"},"schema":{"@context":"https:\/\/schema.org","@graph":[{"@type":"WebPage","@id":"https:\/\/planikafires.shop\/cs\/produkt\/steamy\/","url":"https:\/\/planikafires.shop\/cs\/produkt\/steamy\/","name":"STEAMY | Planika","isPartOf":{"@id":"https:\/\/planikafires.shop\/cs\/#website"},"primaryImageOfPage":{"@id":"https:\/\/planikafires.shop\/cs\/produkt\/steamy\/#primaryimage"},"image":{"@id":"https:\/\/planikafires.shop\/cs\/produkt\/steamy\/#primaryimage"},"thumbnailUrl":"https:\/\/planikafires.shop\/wp-content\/uploads\/2024\/02\/Steamy-1.jpg","datePublished":"2024-02-16T13:55:13+00:00","dateModified":"2024-05-27T08:21:47+00:00","breadcrumb":{"@id":"https:\/\/planikafires.shop\/cs\/produkt\/steamy\/#breadcrumb"},"inLanguage":"cs","potentialAction":[{"@type":"ReadAction","target":["https:\/\/planikafires.shop\/cs\/produkt\/steamy\/"]}]},{"@type":"ImageObject","inLanguage":"cs","@id":"https:\/\/planikafires.shop\/cs\/produkt\/steamy\/#primaryimage","url":"https:\/\/planikafires.shop\/wp-content\/uploads\/2024\/02\/Steamy-1.jpg","contentUrl":"https:\/\/planikafires.shop\/wp-content\/uploads\/2024\/02\/Steamy-1.jpg","width":1281,"height":1920},{"@type":"BreadcrumbList","@id":"https:\/\/planikafires.shop\/cs\/produkt\/steamy\/#breadcrumb","itemListElement":[{"@type":"ListItem","position":1,"name":"Domovsk\u00e1 str\u00e1nka","item":"https:\/\/planikafires.shop\/cs\/"},{"@type":"ListItem","position":2,"name":"Obchod","item":"https:\/\/planikafires.shop\/cs\/shop\/"},{"@type":"ListItem","position":3,"name":"STEAMY"}]},{"@type":"WebSite","@id":"https:\/\/planikafires.shop\/cs\/#website","url":"https:\/\/planikafires.shop\/cs\/","name":"Planika","description":"Modern\u00e9 rie\u0161enie krbov","publisher":{"@id":"https:\/\/planikafires.shop\/cs\/#organization"},"potentialAction":[{"@type":"SearchAction","target":{"@type":"EntryPoint","urlTemplate":"https:\/\/planikafires.shop\/cs\/?s={search_term_string}"},"query-input":{"@type":"PropertyValueSpecification","valueRequired":true,"valueName":"search_term_string"}}],"inLanguage":"cs"},{"@type":"Organization","@id":"https:\/\/planikafires.shop\/cs\/#organization","name":"Planika","url":"https:\/\/planikafires.shop\/cs\/","logo":{"@type":"ImageObject","inLanguage":"cs","@id":"https:\/\/planikafires.shop\/cs\/#\/schema\/logo\/image\/","url":"https:\/\/planikafires.shop\/wp-content\/uploads\/2022\/06\/logo.png","contentUrl":"https:\/\/planikafires.shop\/wp-content\/uploads\/2022\/06\/logo.png","width":191,"height":78,"caption":"Planika"},"image":{"@id":"https:\/\/planikafires.shop\/cs\/#\/schema\/logo\/image\/"}}]}},"_links":{"self":[{"href":"https:\/\/planikafires.shop\/cs\/wp-json\/wp\/v2\/product\/12445","targetHints":{"allow":["GET"]}}],"collection":[{"href":"https:\/\/planikafires.shop\/cs\/wp-json\/wp\/v2\/product"}],"about":[{"href":"https:\/\/planikafires.shop\/cs\/wp-json\/wp\/v2\/types\/product"}],"version-history":[{"count":1,"href":"https:\/\/planikafires.shop\/cs\/wp-json\/wp\/v2\/product\/12445\/revisions"}],"predecessor-version":[{"id":12547,"href":"https:\/\/planikafires.shop\/cs\/wp-json\/wp\/v2\/product\/12445\/revisions\/12547"}],"wp:featuredmedia":[{"embeddable":true,"href":"https:\/\/planikafires.shop\/cs\/wp-json\/wp\/v2\/media\/12437"}],"wp:attachment":[{"href":"https:\/\/planikafires.shop\/cs\/wp-json\/wp\/v2\/media?parent=12445"}],"wp:term":[{"taxonomy":"product_brand","embeddable":true,"href":"https:\/\/planikafires.shop\/cs\/wp-json\/wp\/v2\/product_brand?post=12445"},{"taxonomy":"product_cat","embeddable":true,"href":"https:\/\/planikafires.shop\/cs\/wp-json\/wp\/v2\/product_cat?post=12445"},{"taxonomy":"product_tag","embeddable":true,"href":"https:\/\/planikafires.shop\/cs\/wp-json\/wp\/v2\/product_tag?post=12445"}],"curies":[{"name":"wp","href":"https:\/\/api.w.org\/{rel}","templated":true}]}}