{"id":12460,"date":"2024-03-21T10:45:49","date_gmt":"2024-03-21T09:45:49","guid":{"rendered":"https:\/\/planikafires.shop\/produkt\/comet\/"},"modified":"2025-10-17T09:13:05","modified_gmt":"2025-10-17T07:13:05","slug":"comet","status":"publish","type":"product","link":"https:\/\/planikafires.shop\/cs\/produkt\/comet\/","title":{"rendered":"COMET"},"content":{"rendered":"<ul>\n<li><strong>Bez kou\u0159e<\/strong><\/li>\n<li><strong>Bez popela<\/strong><\/li>\n<li><strong>Bez kom\u00edna<\/strong><\/li>\n<li>Eco &#8211; palivo<\/li>\n<li><span style=\"color: #ff0000;\">Vylep\u0161en\u00fd ho\u0159\u00e1k s technologi\u00ed BEV<sup>\u00ae <\/sup>(\u0159\u00edzen\u00e9 spalov\u00e1n\u00ed etanolov\u00fdch par) pro p\u016fsobiv\u011bj\u0161\u00ed plamen<\/span><\/li>\n<li>Comet s jedine\u010dn\u00fdm hv\u011bzdicov\u00fdm ho\u0159\u00e1kem nab\u00edz\u00ed styl i funk\u010dnost<\/li>\n<li>Hv\u011bzdicov\u00fd design umo\u017e\u0148uje, aby plameny ho\u0159\u00e1ku ho\u0159ely rovnom\u011brn\u011b a vytv\u00e1\u0159ely okouzluj\u00edc\u00ed vizu\u00e1ln\u00ed efekt.<\/li>\n<li>Dotykov\u00fd ovl\u00e1dac\u00ed panel kombinuje modernost s eleganc\u00ed, proto\u017ee je skryt\u00fd pod krytem &#8211; snadno nastav\u00edte v\u00fd\u0161ku plamene, \u00farove\u0148 paliva, \u010dasova\u010d vypnut\u00ed.<\/li>\n<li>6 \u00farovn\u00ed v\u00fd\u0161ky plamene<\/li>\n<li>Pou\u017eit\u00ed v interi\u00e9ru<\/li>\n<li>Certifikov\u00e1no<\/li>\n<li>D\u00e1lkov\u00e9 ovl\u00e1d\u00e1n\u00ed v cen\u011b<\/li>\n<li>Ovl\u00e1d\u00e1n\u00ed tak\u00e9 pomoc\u00ed mobiln\u00ed aplikace<\/li>\n<li>Kompatibiln\u00ed se Smart Home System<\/li>\n<li>Mo\u017enost instalace do n\u00e1bytku<\/li>\n<li>Povrchov\u00e1 \u00faprava &#8211; \u010dern\u00e1 pra\u0161kovan\u00e1 povrchov\u00e1 \u00faprava<\/li>\n<li>Voliteln\u00e1 povrchov\u00e1 \u00faprava &#8211; ZA P\u0158\u00cdPLATEK<\/li>\n<li>Povrch &#8211; ocel, galvanizovan\u00e1 ocel<\/li>\n<li><span style=\"color: #ff0000;\">Vy\u0161\u0161\u00ed tepeln\u00fd \u0161t\u00edt \u2013 tvrzen\u00e9 sklo \u2013 a\u017e 437 mm<\/span><\/li>\n<li><span style=\"color: #ff0000;\">Vylep\u0161en\u00fd design<\/span><\/li>\n<\/ul>\n<p><strong>\u010cEKAC\u00cd DOBA: 20 pracovn\u00edch dn\u016f!<\/strong><\/p>\n<h3><strong>PARAMETRY:<\/strong><\/h3>\n<ul>\n<li>N\u00e1dr\u017e: 9 L<\/li>\n<li>\u010cas ho\u0159en\u00ed: max 14 h<\/li>\n<li>V\u00fdkon: 10,6 kW<\/li>\n<li>Interval v\u011btr\u00e1n\u00ed: min. 1\/h<\/li>\n<li>Rozm\u011bry \u00d8 x v: 650 x 740 mm (se sklem), sklo 437 mm<\/li>\n<\/ul>\n","protected":false},"excerpt":{"rendered":"<p>Bez kou\u0159e Bez popela Bez kom\u00edna Eco &#8211; palivo Vylep\u0161en\u00fd ho\u0159\u00e1k s technologi\u00ed BEV\u00ae (\u0159\u00edzen\u00e9 spalov\u00e1n\u00ed etanolov\u00fdch par) pro p\u016fsobiv\u011bj\u0161\u00ed plamen Comet s jedine\u010dn\u00fdm hv\u011bzdicov\u00fdm ho\u0159\u00e1kem nab\u00edz\u00ed styl i funk\u010dnost Hv\u011bzdicov\u00fd design umo\u017e\u0148uje, aby plameny ho\u0159\u00e1ku ho\u0159ely rovnom\u011brn\u011b a vytv\u00e1\u0159ely okouzluj\u00edc\u00ed vizu\u00e1ln\u00ed efekt. Dotykov\u00fd ovl\u00e1dac\u00ed panel kombinuje modernost s eleganc\u00ed, proto\u017ee je skryt\u00fd pod krytem [&hellip;]<\/p>\n","protected":false},"featured_media":13326,"template":"","meta":{"_acf_changed":false},"product_brand":[],"product_cat":[146,148],"product_tag":[],"class_list":{"0":"post-12460","1":"product","2":"type-product","3":"status-publish","4":"has-post-thumbnail","6":"product_cat-bevetanol-cs","7":"product_cat-etanolove-horaky-cs","8":"product_shipping_class-1-paleta-cs","10":"first","11":"outofstock","12":"taxable","13":"shipping-taxable","14":"purchasable","15":"product-type-simple"},"acf":[],"yoast_head":"<!-- This site is optimized with the Yoast SEO plugin v24.2 - https:\/\/yoast.com\/wordpress\/plugins\/seo\/ -->\n<title>COMET | Planika<\/title>\n<meta name=\"robots\" content=\"index, follow, max-snippet:-1, max-image-preview:large, max-video-preview:-1\" \/>\n<link rel=\"canonical\" href=\"https:\/\/planikafires.shop\/cs\/produkt\/comet\/\" \/>\n<meta property=\"og:locale\" content=\"cs_CZ\" \/>\n<meta property=\"og:type\" content=\"article\" \/>\n<meta property=\"og:title\" content=\"COMET | Planika\" \/>\n<meta property=\"og:description\" content=\"Bez kou\u0159e Bez popela Bez kom\u00edna Eco &#8211; palivo Vylep\u0161en\u00fd ho\u0159\u00e1k s technologi\u00ed BEV\u00ae (\u0159\u00edzen\u00e9 spalov\u00e1n\u00ed etanolov\u00fdch par) pro p\u016fsobiv\u011bj\u0161\u00ed plamen Comet s jedine\u010dn\u00fdm hv\u011bzdicov\u00fdm ho\u0159\u00e1kem nab\u00edz\u00ed styl i funk\u010dnost Hv\u011bzdicov\u00fd design umo\u017e\u0148uje, aby plameny ho\u0159\u00e1ku ho\u0159ely rovnom\u011brn\u011b a vytv\u00e1\u0159ely okouzluj\u00edc\u00ed vizu\u00e1ln\u00ed efekt. Dotykov\u00fd ovl\u00e1dac\u00ed panel kombinuje modernost s eleganc\u00ed, proto\u017ee je skryt\u00fd pod krytem [&hellip;]\" \/>\n<meta property=\"og:url\" content=\"https:\/\/planikafires.shop\/cs\/produkt\/comet\/\" \/>\n<meta property=\"og:site_name\" content=\"Planika\" \/>\n<meta property=\"article:modified_time\" content=\"2025-10-17T07:13:05+00:00\" \/>\n<meta property=\"og:image\" content=\"https:\/\/planikafires.shop\/wp-content\/uploads\/2024\/03\/Comet_Burner-1.jpg\" \/>\n\t<meta property=\"og:image:width\" content=\"1920\" \/>\n\t<meta property=\"og:image:height\" content=\"1600\" \/>\n\t<meta property=\"og:image:type\" content=\"image\/jpeg\" \/>\n<meta name=\"twitter:card\" content=\"summary_large_image\" \/>\n<meta name=\"twitter:label1\" content=\"Odhadovan\u00e1 doba \u010dten\u00ed\" \/>\n\t<meta name=\"twitter:data1\" content=\"1 minuta\" \/>\n<script type=\"application\/ld+json\" class=\"yoast-schema-graph\">{\"@context\":\"https:\/\/schema.org\",\"@graph\":[{\"@type\":\"WebPage\",\"@id\":\"https:\/\/planikafires.shop\/cs\/produkt\/comet\/\",\"url\":\"https:\/\/planikafires.shop\/cs\/produkt\/comet\/\",\"name\":\"COMET | Planika\",\"isPartOf\":{\"@id\":\"https:\/\/planikafires.shop\/cs\/#website\"},\"primaryImageOfPage\":{\"@id\":\"https:\/\/planikafires.shop\/cs\/produkt\/comet\/#primaryimage\"},\"image\":{\"@id\":\"https:\/\/planikafires.shop\/cs\/produkt\/comet\/#primaryimage\"},\"thumbnailUrl\":\"https:\/\/planikafires.shop\/wp-content\/uploads\/2024\/03\/Comet_Burner-1.jpg\",\"datePublished\":\"2024-03-21T09:45:49+00:00\",\"dateModified\":\"2025-10-17T07:13:05+00:00\",\"breadcrumb\":{\"@id\":\"https:\/\/planikafires.shop\/cs\/produkt\/comet\/#breadcrumb\"},\"inLanguage\":\"cs\",\"potentialAction\":[{\"@type\":\"ReadAction\",\"target\":[\"https:\/\/planikafires.shop\/cs\/produkt\/comet\/\"]}]},{\"@type\":\"ImageObject\",\"inLanguage\":\"cs\",\"@id\":\"https:\/\/planikafires.shop\/cs\/produkt\/comet\/#primaryimage\",\"url\":\"https:\/\/planikafires.shop\/wp-content\/uploads\/2024\/03\/Comet_Burner-1.jpg\",\"contentUrl\":\"https:\/\/planikafires.shop\/wp-content\/uploads\/2024\/03\/Comet_Burner-1.jpg\",\"width\":1920,\"height\":1600},{\"@type\":\"BreadcrumbList\",\"@id\":\"https:\/\/planikafires.shop\/cs\/produkt\/comet\/#breadcrumb\",\"itemListElement\":[{\"@type\":\"ListItem\",\"position\":1,\"name\":\"Domovsk\u00e1 str\u00e1nka\",\"item\":\"https:\/\/planikafires.shop\/cs\/\"},{\"@type\":\"ListItem\",\"position\":2,\"name\":\"Obchod\",\"item\":\"https:\/\/planikafires.shop\/cs\/shop\/\"},{\"@type\":\"ListItem\",\"position\":3,\"name\":\"COMET\"}]},{\"@type\":\"WebSite\",\"@id\":\"https:\/\/planikafires.shop\/cs\/#website\",\"url\":\"https:\/\/planikafires.shop\/cs\/\",\"name\":\"Planika\",\"description\":\"Modern\u00e9 rie\u0161enie krbov\",\"publisher\":{\"@id\":\"https:\/\/planikafires.shop\/cs\/#organization\"},\"potentialAction\":[{\"@type\":\"SearchAction\",\"target\":{\"@type\":\"EntryPoint\",\"urlTemplate\":\"https:\/\/planikafires.shop\/cs\/?s={search_term_string}\"},\"query-input\":{\"@type\":\"PropertyValueSpecification\",\"valueRequired\":true,\"valueName\":\"search_term_string\"}}],\"inLanguage\":\"cs\"},{\"@type\":\"Organization\",\"@id\":\"https:\/\/planikafires.shop\/cs\/#organization\",\"name\":\"Planika\",\"url\":\"https:\/\/planikafires.shop\/cs\/\",\"logo\":{\"@type\":\"ImageObject\",\"inLanguage\":\"cs\",\"@id\":\"https:\/\/planikafires.shop\/cs\/#\/schema\/logo\/image\/\",\"url\":\"https:\/\/planikafires.shop\/wp-content\/uploads\/2022\/06\/logo.png\",\"contentUrl\":\"https:\/\/planikafires.shop\/wp-content\/uploads\/2022\/06\/logo.png\",\"width\":191,\"height\":78,\"caption\":\"Planika\"},\"image\":{\"@id\":\"https:\/\/planikafires.shop\/cs\/#\/schema\/logo\/image\/\"}}]}<\/script>\n<!-- \/ Yoast SEO plugin. -->","yoast_head_json":{"title":"COMET | Planika","robots":{"index":"index","follow":"follow","max-snippet":"max-snippet:-1","max-image-preview":"max-image-preview:large","max-video-preview":"max-video-preview:-1"},"canonical":"https:\/\/planikafires.shop\/cs\/produkt\/comet\/","og_locale":"cs_CZ","og_type":"article","og_title":"COMET | Planika","og_description":"Bez kou\u0159e Bez popela Bez kom\u00edna Eco &#8211; palivo Vylep\u0161en\u00fd ho\u0159\u00e1k s technologi\u00ed BEV\u00ae (\u0159\u00edzen\u00e9 spalov\u00e1n\u00ed etanolov\u00fdch par) pro p\u016fsobiv\u011bj\u0161\u00ed plamen Comet s jedine\u010dn\u00fdm hv\u011bzdicov\u00fdm ho\u0159\u00e1kem nab\u00edz\u00ed styl i funk\u010dnost Hv\u011bzdicov\u00fd design umo\u017e\u0148uje, aby plameny ho\u0159\u00e1ku ho\u0159ely rovnom\u011brn\u011b a vytv\u00e1\u0159ely okouzluj\u00edc\u00ed vizu\u00e1ln\u00ed efekt. Dotykov\u00fd ovl\u00e1dac\u00ed panel kombinuje modernost s eleganc\u00ed, proto\u017ee je skryt\u00fd pod krytem [&hellip;]","og_url":"https:\/\/planikafires.shop\/cs\/produkt\/comet\/","og_site_name":"Planika","article_modified_time":"2025-10-17T07:13:05+00:00","og_image":[{"width":1920,"height":1600,"url":"https:\/\/planikafires.shop\/wp-content\/uploads\/2024\/03\/Comet_Burner-1.jpg","type":"image\/jpeg"}],"twitter_card":"summary_large_image","twitter_misc":{"Odhadovan\u00e1 doba \u010dten\u00ed":"1 minuta"},"schema":{"@context":"https:\/\/schema.org","@graph":[{"@type":"WebPage","@id":"https:\/\/planikafires.shop\/cs\/produkt\/comet\/","url":"https:\/\/planikafires.shop\/cs\/produkt\/comet\/","name":"COMET | Planika","isPartOf":{"@id":"https:\/\/planikafires.shop\/cs\/#website"},"primaryImageOfPage":{"@id":"https:\/\/planikafires.shop\/cs\/produkt\/comet\/#primaryimage"},"image":{"@id":"https:\/\/planikafires.shop\/cs\/produkt\/comet\/#primaryimage"},"thumbnailUrl":"https:\/\/planikafires.shop\/wp-content\/uploads\/2024\/03\/Comet_Burner-1.jpg","datePublished":"2024-03-21T09:45:49+00:00","dateModified":"2025-10-17T07:13:05+00:00","breadcrumb":{"@id":"https:\/\/planikafires.shop\/cs\/produkt\/comet\/#breadcrumb"},"inLanguage":"cs","potentialAction":[{"@type":"ReadAction","target":["https:\/\/planikafires.shop\/cs\/produkt\/comet\/"]}]},{"@type":"ImageObject","inLanguage":"cs","@id":"https:\/\/planikafires.shop\/cs\/produkt\/comet\/#primaryimage","url":"https:\/\/planikafires.shop\/wp-content\/uploads\/2024\/03\/Comet_Burner-1.jpg","contentUrl":"https:\/\/planikafires.shop\/wp-content\/uploads\/2024\/03\/Comet_Burner-1.jpg","width":1920,"height":1600},{"@type":"BreadcrumbList","@id":"https:\/\/planikafires.shop\/cs\/produkt\/comet\/#breadcrumb","itemListElement":[{"@type":"ListItem","position":1,"name":"Domovsk\u00e1 str\u00e1nka","item":"https:\/\/planikafires.shop\/cs\/"},{"@type":"ListItem","position":2,"name":"Obchod","item":"https:\/\/planikafires.shop\/cs\/shop\/"},{"@type":"ListItem","position":3,"name":"COMET"}]},{"@type":"WebSite","@id":"https:\/\/planikafires.shop\/cs\/#website","url":"https:\/\/planikafires.shop\/cs\/","name":"Planika","description":"Modern\u00e9 rie\u0161enie krbov","publisher":{"@id":"https:\/\/planikafires.shop\/cs\/#organization"},"potentialAction":[{"@type":"SearchAction","target":{"@type":"EntryPoint","urlTemplate":"https:\/\/planikafires.shop\/cs\/?s={search_term_string}"},"query-input":{"@type":"PropertyValueSpecification","valueRequired":true,"valueName":"search_term_string"}}],"inLanguage":"cs"},{"@type":"Organization","@id":"https:\/\/planikafires.shop\/cs\/#organization","name":"Planika","url":"https:\/\/planikafires.shop\/cs\/","logo":{"@type":"ImageObject","inLanguage":"cs","@id":"https:\/\/planikafires.shop\/cs\/#\/schema\/logo\/image\/","url":"https:\/\/planikafires.shop\/wp-content\/uploads\/2022\/06\/logo.png","contentUrl":"https:\/\/planikafires.shop\/wp-content\/uploads\/2022\/06\/logo.png","width":191,"height":78,"caption":"Planika"},"image":{"@id":"https:\/\/planikafires.shop\/cs\/#\/schema\/logo\/image\/"}}]}},"_links":{"self":[{"href":"https:\/\/planikafires.shop\/cs\/wp-json\/wp\/v2\/product\/12460","targetHints":{"allow":["GET"]}}],"collection":[{"href":"https:\/\/planikafires.shop\/cs\/wp-json\/wp\/v2\/product"}],"about":[{"href":"https:\/\/planikafires.shop\/cs\/wp-json\/wp\/v2\/types\/product"}],"version-history":[{"count":1,"href":"https:\/\/planikafires.shop\/cs\/wp-json\/wp\/v2\/product\/12460\/revisions"}],"predecessor-version":[{"id":13330,"href":"https:\/\/planikafires.shop\/cs\/wp-json\/wp\/v2\/product\/12460\/revisions\/13330"}],"wp:featuredmedia":[{"embeddable":true,"href":"https:\/\/planikafires.shop\/cs\/wp-json\/wp\/v2\/media\/13326"}],"wp:attachment":[{"href":"https:\/\/planikafires.shop\/cs\/wp-json\/wp\/v2\/media?parent=12460"}],"wp:term":[{"taxonomy":"product_brand","embeddable":true,"href":"https:\/\/planikafires.shop\/cs\/wp-json\/wp\/v2\/product_brand?post=12460"},{"taxonomy":"product_cat","embeddable":true,"href":"https:\/\/planikafires.shop\/cs\/wp-json\/wp\/v2\/product_cat?post=12460"},{"taxonomy":"product_tag","embeddable":true,"href":"https:\/\/planikafires.shop\/cs\/wp-json\/wp\/v2\/product_tag?post=12460"}],"curies":[{"name":"wp","href":"https:\/\/api.w.org\/{rel}","templated":true}]}}