{"id":12650,"date":"2024-07-03T15:16:26","date_gmt":"2024-07-03T13:16:26","guid":{"rendered":"https:\/\/planikafires.shop\/?post_type=product&#038;p=12650"},"modified":"2024-07-03T15:25:03","modified_gmt":"2024-07-03T13:25:03","slug":"rost-s-bilimi-kameny-pro-fla4-4plus","status":"publish","type":"product","link":"https:\/\/planikafires.shop\/cs\/produkt\/rost-s-bilimi-kameny-pro-fla4-4plus\/","title":{"rendered":"Ro\u0161t s b\u00edl\u00fdmi kameny pro FLA4\/4+"},"content":{"rendered":"","protected":false},"excerpt":{"rendered":"","protected":false},"featured_media":12659,"template":"","meta":{"_acf_changed":false},"product_brand":[],"product_cat":[147],"product_tag":[],"class_list":{"0":"post-12650","1":"product","2":"type-product","3":"status-publish","4":"has-post-thumbnail","6":"product_cat-dekorativni-doplnky-pro-etanolove-krby","8":"first","9":"onbackorder","10":"taxable","11":"shipping-taxable","12":"purchasable","13":"product-type-variable","14":"has-default-attributes"},"acf":[],"yoast_head":"<!-- This site is optimized with the Yoast SEO plugin v24.2 - https:\/\/yoast.com\/wordpress\/plugins\/seo\/ -->\n<title>Ro\u0161t s b\u00edl\u00fdmi kameny pro FLA4\/4+ | Planika<\/title>\n<meta name=\"robots\" content=\"index, follow, max-snippet:-1, max-image-preview:large, max-video-preview:-1\" \/>\n<link rel=\"canonical\" href=\"https:\/\/planikafires.shop\/cs\/produkt\/rost-s-bilimi-kameny-pro-fla4-4plus\/\" \/>\n<meta property=\"og:locale\" content=\"cs_CZ\" \/>\n<meta property=\"og:type\" content=\"article\" \/>\n<meta property=\"og:title\" content=\"Ro\u0161t s b\u00edl\u00fdmi kameny pro FLA4\/4+ | Planika\" \/>\n<meta property=\"og:url\" content=\"https:\/\/planikafires.shop\/cs\/produkt\/rost-s-bilimi-kameny-pro-fla4-4plus\/\" \/>\n<meta property=\"og:site_name\" content=\"Planika\" \/>\n<meta property=\"article:modified_time\" content=\"2024-07-03T13:25:03+00:00\" \/>\n<meta property=\"og:image\" content=\"https:\/\/planikafires.shop\/wp-content\/uploads\/2024\/07\/Tray-3.jpg\" \/>\n\t<meta property=\"og:image:width\" content=\"1920\" \/>\n\t<meta property=\"og:image:height\" content=\"1281\" \/>\n\t<meta property=\"og:image:type\" content=\"image\/jpeg\" \/>\n<meta name=\"twitter:card\" content=\"summary_large_image\" \/>\n<meta name=\"twitter:label1\" content=\"Odhadovan\u00e1 doba \u010dten\u00ed\" \/>\n\t<meta name=\"twitter:data1\" content=\"1 minuta\" \/>\n<script type=\"application\/ld+json\" class=\"yoast-schema-graph\">{\"@context\":\"https:\/\/schema.org\",\"@graph\":[{\"@type\":\"WebPage\",\"@id\":\"https:\/\/planikafires.shop\/cs\/produkt\/rost-s-bilimi-kameny-pro-fla4-4plus\/\",\"url\":\"https:\/\/planikafires.shop\/cs\/produkt\/rost-s-bilimi-kameny-pro-fla4-4plus\/\",\"name\":\"Ro\u0161t s b\u00edl\u00fdmi kameny pro FLA4\/4+ | Planika\",\"isPartOf\":{\"@id\":\"https:\/\/planikafires.shop\/cs\/#website\"},\"primaryImageOfPage\":{\"@id\":\"https:\/\/planikafires.shop\/cs\/produkt\/rost-s-bilimi-kameny-pro-fla4-4plus\/#primaryimage\"},\"image\":{\"@id\":\"https:\/\/planikafires.shop\/cs\/produkt\/rost-s-bilimi-kameny-pro-fla4-4plus\/#primaryimage\"},\"thumbnailUrl\":\"https:\/\/planikafires.shop\/wp-content\/uploads\/2024\/07\/Tray-3.jpg\",\"datePublished\":\"2024-07-03T13:16:26+00:00\",\"dateModified\":\"2024-07-03T13:25:03+00:00\",\"breadcrumb\":{\"@id\":\"https:\/\/planikafires.shop\/cs\/produkt\/rost-s-bilimi-kameny-pro-fla4-4plus\/#breadcrumb\"},\"inLanguage\":\"cs\",\"potentialAction\":[{\"@type\":\"ReadAction\",\"target\":[\"https:\/\/planikafires.shop\/cs\/produkt\/rost-s-bilimi-kameny-pro-fla4-4plus\/\"]}]},{\"@type\":\"ImageObject\",\"inLanguage\":\"cs\",\"@id\":\"https:\/\/planikafires.shop\/cs\/produkt\/rost-s-bilimi-kameny-pro-fla4-4plus\/#primaryimage\",\"url\":\"https:\/\/planikafires.shop\/wp-content\/uploads\/2024\/07\/Tray-3.jpg\",\"contentUrl\":\"https:\/\/planikafires.shop\/wp-content\/uploads\/2024\/07\/Tray-3.jpg\",\"width\":1920,\"height\":1281},{\"@type\":\"BreadcrumbList\",\"@id\":\"https:\/\/planikafires.shop\/cs\/produkt\/rost-s-bilimi-kameny-pro-fla4-4plus\/#breadcrumb\",\"itemListElement\":[{\"@type\":\"ListItem\",\"position\":1,\"name\":\"Domovsk\u00e1 str\u00e1nka\",\"item\":\"https:\/\/planikafires.shop\/cs\/\"},{\"@type\":\"ListItem\",\"position\":2,\"name\":\"Obchod\",\"item\":\"https:\/\/planikafires.shop\/cs\/shop\/\"},{\"@type\":\"ListItem\",\"position\":3,\"name\":\"Ro\u0161t s b\u00edl\u00fdmi kameny pro FLA4\/4+\"}]},{\"@type\":\"WebSite\",\"@id\":\"https:\/\/planikafires.shop\/cs\/#website\",\"url\":\"https:\/\/planikafires.shop\/cs\/\",\"name\":\"Planika\",\"description\":\"Modern\u00e9 rie\u0161enie krbov\",\"publisher\":{\"@id\":\"https:\/\/planikafires.shop\/cs\/#organization\"},\"potentialAction\":[{\"@type\":\"SearchAction\",\"target\":{\"@type\":\"EntryPoint\",\"urlTemplate\":\"https:\/\/planikafires.shop\/cs\/?s={search_term_string}\"},\"query-input\":{\"@type\":\"PropertyValueSpecification\",\"valueRequired\":true,\"valueName\":\"search_term_string\"}}],\"inLanguage\":\"cs\"},{\"@type\":\"Organization\",\"@id\":\"https:\/\/planikafires.shop\/cs\/#organization\",\"name\":\"Planika\",\"url\":\"https:\/\/planikafires.shop\/cs\/\",\"logo\":{\"@type\":\"ImageObject\",\"inLanguage\":\"cs\",\"@id\":\"https:\/\/planikafires.shop\/cs\/#\/schema\/logo\/image\/\",\"url\":\"https:\/\/planikafires.shop\/wp-content\/uploads\/2022\/06\/logo.png\",\"contentUrl\":\"https:\/\/planikafires.shop\/wp-content\/uploads\/2022\/06\/logo.png\",\"width\":191,\"height\":78,\"caption\":\"Planika\"},\"image\":{\"@id\":\"https:\/\/planikafires.shop\/cs\/#\/schema\/logo\/image\/\"}}]}<\/script>\n<!-- \/ Yoast SEO plugin. -->","yoast_head_json":{"title":"Ro\u0161t s b\u00edl\u00fdmi kameny pro FLA4\/4+ | Planika","robots":{"index":"index","follow":"follow","max-snippet":"max-snippet:-1","max-image-preview":"max-image-preview:large","max-video-preview":"max-video-preview:-1"},"canonical":"https:\/\/planikafires.shop\/cs\/produkt\/rost-s-bilimi-kameny-pro-fla4-4plus\/","og_locale":"cs_CZ","og_type":"article","og_title":"Ro\u0161t s b\u00edl\u00fdmi kameny pro FLA4\/4+ | Planika","og_url":"https:\/\/planikafires.shop\/cs\/produkt\/rost-s-bilimi-kameny-pro-fla4-4plus\/","og_site_name":"Planika","article_modified_time":"2024-07-03T13:25:03+00:00","og_image":[{"width":1920,"height":1281,"url":"https:\/\/planikafires.shop\/wp-content\/uploads\/2024\/07\/Tray-3.jpg","type":"image\/jpeg"}],"twitter_card":"summary_large_image","twitter_misc":{"Odhadovan\u00e1 doba \u010dten\u00ed":"1 minuta"},"schema":{"@context":"https:\/\/schema.org","@graph":[{"@type":"WebPage","@id":"https:\/\/planikafires.shop\/cs\/produkt\/rost-s-bilimi-kameny-pro-fla4-4plus\/","url":"https:\/\/planikafires.shop\/cs\/produkt\/rost-s-bilimi-kameny-pro-fla4-4plus\/","name":"Ro\u0161t s b\u00edl\u00fdmi kameny pro FLA4\/4+ | Planika","isPartOf":{"@id":"https:\/\/planikafires.shop\/cs\/#website"},"primaryImageOfPage":{"@id":"https:\/\/planikafires.shop\/cs\/produkt\/rost-s-bilimi-kameny-pro-fla4-4plus\/#primaryimage"},"image":{"@id":"https:\/\/planikafires.shop\/cs\/produkt\/rost-s-bilimi-kameny-pro-fla4-4plus\/#primaryimage"},"thumbnailUrl":"https:\/\/planikafires.shop\/wp-content\/uploads\/2024\/07\/Tray-3.jpg","datePublished":"2024-07-03T13:16:26+00:00","dateModified":"2024-07-03T13:25:03+00:00","breadcrumb":{"@id":"https:\/\/planikafires.shop\/cs\/produkt\/rost-s-bilimi-kameny-pro-fla4-4plus\/#breadcrumb"},"inLanguage":"cs","potentialAction":[{"@type":"ReadAction","target":["https:\/\/planikafires.shop\/cs\/produkt\/rost-s-bilimi-kameny-pro-fla4-4plus\/"]}]},{"@type":"ImageObject","inLanguage":"cs","@id":"https:\/\/planikafires.shop\/cs\/produkt\/rost-s-bilimi-kameny-pro-fla4-4plus\/#primaryimage","url":"https:\/\/planikafires.shop\/wp-content\/uploads\/2024\/07\/Tray-3.jpg","contentUrl":"https:\/\/planikafires.shop\/wp-content\/uploads\/2024\/07\/Tray-3.jpg","width":1920,"height":1281},{"@type":"BreadcrumbList","@id":"https:\/\/planikafires.shop\/cs\/produkt\/rost-s-bilimi-kameny-pro-fla4-4plus\/#breadcrumb","itemListElement":[{"@type":"ListItem","position":1,"name":"Domovsk\u00e1 str\u00e1nka","item":"https:\/\/planikafires.shop\/cs\/"},{"@type":"ListItem","position":2,"name":"Obchod","item":"https:\/\/planikafires.shop\/cs\/shop\/"},{"@type":"ListItem","position":3,"name":"Ro\u0161t s b\u00edl\u00fdmi kameny pro FLA4\/4+"}]},{"@type":"WebSite","@id":"https:\/\/planikafires.shop\/cs\/#website","url":"https:\/\/planikafires.shop\/cs\/","name":"Planika","description":"Modern\u00e9 rie\u0161enie krbov","publisher":{"@id":"https:\/\/planikafires.shop\/cs\/#organization"},"potentialAction":[{"@type":"SearchAction","target":{"@type":"EntryPoint","urlTemplate":"https:\/\/planikafires.shop\/cs\/?s={search_term_string}"},"query-input":{"@type":"PropertyValueSpecification","valueRequired":true,"valueName":"search_term_string"}}],"inLanguage":"cs"},{"@type":"Organization","@id":"https:\/\/planikafires.shop\/cs\/#organization","name":"Planika","url":"https:\/\/planikafires.shop\/cs\/","logo":{"@type":"ImageObject","inLanguage":"cs","@id":"https:\/\/planikafires.shop\/cs\/#\/schema\/logo\/image\/","url":"https:\/\/planikafires.shop\/wp-content\/uploads\/2022\/06\/logo.png","contentUrl":"https:\/\/planikafires.shop\/wp-content\/uploads\/2022\/06\/logo.png","width":191,"height":78,"caption":"Planika"},"image":{"@id":"https:\/\/planikafires.shop\/cs\/#\/schema\/logo\/image\/"}}]}},"_links":{"self":[{"href":"https:\/\/planikafires.shop\/cs\/wp-json\/wp\/v2\/product\/12650","targetHints":{"allow":["GET"]}}],"collection":[{"href":"https:\/\/planikafires.shop\/cs\/wp-json\/wp\/v2\/product"}],"about":[{"href":"https:\/\/planikafires.shop\/cs\/wp-json\/wp\/v2\/types\/product"}],"version-history":[{"count":1,"href":"https:\/\/planikafires.shop\/cs\/wp-json\/wp\/v2\/product\/12650\/revisions"}],"predecessor-version":[{"id":12674,"href":"https:\/\/planikafires.shop\/cs\/wp-json\/wp\/v2\/product\/12650\/revisions\/12674"}],"wp:featuredmedia":[{"embeddable":true,"href":"https:\/\/planikafires.shop\/cs\/wp-json\/wp\/v2\/media\/12659"}],"wp:attachment":[{"href":"https:\/\/planikafires.shop\/cs\/wp-json\/wp\/v2\/media?parent=12650"}],"wp:term":[{"taxonomy":"product_brand","embeddable":true,"href":"https:\/\/planikafires.shop\/cs\/wp-json\/wp\/v2\/product_brand?post=12650"},{"taxonomy":"product_cat","embeddable":true,"href":"https:\/\/planikafires.shop\/cs\/wp-json\/wp\/v2\/product_cat?post=12650"},{"taxonomy":"product_tag","embeddable":true,"href":"https:\/\/planikafires.shop\/cs\/wp-json\/wp\/v2\/product_tag?post=12650"}],"curies":[{"name":"wp","href":"https:\/\/api.w.org\/{rel}","templated":true}]}}