{"id":12781,"date":"2024-08-06T09:54:46","date_gmt":"2024-08-06T07:54:46","guid":{"rendered":"https:\/\/planikafires.shop\/produkt\/moon\/"},"modified":"2026-03-31T15:16:15","modified_gmt":"2026-03-31T13:16:15","slug":"moon","status":"publish","type":"product","link":"https:\/\/planikafires.shop\/cs\/produkt\/moon\/","title":{"rendered":"MOON"},"content":{"rendered":"<ul>\n<li>Plynov\u00e9 ohn\u0161t\u011b a st\u016fl 2v1 (pouze na LPG a redukce na plyn v balen\u00ed)<\/li>\n<li>Pouze na vn\u011bj\u0161\u00ed pou\u017eit\u00ed<\/li>\n<li>Integrovan\u00e9 ohni\u0161t\u011b do stolu<\/li>\n<li>Vrchn\u00ed \u010d\u00e1st stolu z p\u0159\u00edrodn\u00edho kamene, odoln\u00fd v\u016f\u010di \u0161kr\u00e1banc\u016fm a skvrn\u00e1m<\/li>\n<li>Jednoduch\u00e9 ovl\u00e1d\u00e1n\u00ed, nastaven\u00ed v\u00fd\u0161ky plamene ot\u00e1\u010den\u00edm knofl\u00edku<\/li>\n<li>Nen\u00ed t\u0159eba elektrick\u00e9 p\u0159ipojen\u00ed<\/li>\n<li>CE certifikovan\u00fd syst\u00e9m ovl\u00e1d\u00e1n\u00ed<\/li>\n<li>Povrchov\u00e1 \u00faprava: pr\u00e1\u0161kov\u00e1 \u010dern\u00e1, keramika<\/li>\n<li>P\u0159\u00edslu\u0161enstv\u00ed: \u010dern\u00fd sklen\u011bn\u00fd \u0161t\u011brk<\/li>\n<li>Obal na ohni\u0161t\u011b: <strong>V CEN\u011a<\/strong><\/li>\n<li>Ro\u0161t na p\u0159\u00edpravu j\u00eddel: <strong>ZA P\u0158\u00cdPLATEK <\/strong>(cena na vy\u017e\u00e1d\u00e1n\u00ed)<\/li>\n<li><strong>Manu\u00e1ln\u00ed ovl\u00e1d\u00e1n\u00ed<\/strong><\/li>\n<\/ul>\n<h4><strong>DODAC\u00cd DOBA: 8 pracovn\u00edch dn\u00ed<\/strong><\/h4>\n<p>&nbsp;<\/p>\n<h4><strong>PARAMETRY:<\/strong><\/h4>\n<ul>\n<li>v\u00fdkon: 5 &#8211; 8 kW<\/li>\n<li>spot\u0159eba: 0,4 &#8211; 0,5 kg\/hod<\/li>\n<li>d\u00e9lka ho\u0159en\u00ed: max 55 hod<\/li>\n<li>tlak: 29 mbar<\/li>\n<li>kontroln\u00ed panel: baterie (AAA)<\/li>\n<li>rozm\u011bry st\u016fl (\u00d8): 652 mm<\/li>\n<li>rozm\u011bry ohni\u0161t\u011b (\u00d8 x V): 500 x 274 mm<\/li>\n<li>hmotnost: 29 kg<\/li>\n<\/ul>\n","protected":false},"excerpt":{"rendered":"<p>Plynov\u00e9 ohn\u0161t\u011b a st\u016fl 2v1 (pouze na LPG a redukce na plyn v balen\u00ed) Pouze na vn\u011bj\u0161\u00ed pou\u017eit\u00ed Integrovan\u00e9 ohni\u0161t\u011b do stolu Vrchn\u00ed \u010d\u00e1st stolu z p\u0159\u00edrodn\u00edho kamene, odoln\u00fd v\u016f\u010di \u0161kr\u00e1banc\u016fm a skvrn\u00e1m Jednoduch\u00e9 ovl\u00e1d\u00e1n\u00ed, nastaven\u00ed v\u00fd\u0161ky plamene ot\u00e1\u010den\u00edm knofl\u00edku Nen\u00ed t\u0159eba elektrick\u00e9 p\u0159ipojen\u00ed CE certifikovan\u00fd syst\u00e9m ovl\u00e1d\u00e1n\u00ed Povrchov\u00e1 \u00faprava: pr\u00e1\u0161kov\u00e1 \u010dern\u00e1, keramika P\u0159\u00edslu\u0161enstv\u00ed: \u010dern\u00fd [&hellip;]<\/p>\n","protected":false},"featured_media":12762,"template":"","meta":{"_acf_changed":false},"product_brand":[],"product_cat":[298,181],"product_tag":[285],"class_list":{"0":"post-12781","1":"product","2":"type-product","3":"status-publish","4":"has-post-thumbnail","6":"product_cat-ohniste-se-stolem","7":"product_cat-plyn-cs","8":"product_tag-basic-collection-cs","9":"product_shipping_class-1-paleta-cs","11":"first","12":"outofstock","13":"taxable","14":"shipping-taxable","15":"purchasable","16":"product-type-simple"},"acf":[],"yoast_head":"<!-- This site is optimized with the Yoast SEO plugin v24.2 - https:\/\/yoast.com\/wordpress\/plugins\/seo\/ -->\n<title>MOON | Planika<\/title>\n<meta name=\"robots\" content=\"index, follow, max-snippet:-1, max-image-preview:large, max-video-preview:-1\" \/>\n<link rel=\"canonical\" href=\"https:\/\/planikafires.shop\/cs\/produkt\/moon\/\" \/>\n<meta property=\"og:locale\" content=\"cs_CZ\" \/>\n<meta property=\"og:type\" content=\"article\" \/>\n<meta property=\"og:title\" content=\"MOON | Planika\" \/>\n<meta property=\"og:description\" content=\"Plynov\u00e9 ohn\u0161t\u011b a st\u016fl 2v1 (pouze na LPG a redukce na plyn v balen\u00ed) Pouze na vn\u011bj\u0161\u00ed pou\u017eit\u00ed Integrovan\u00e9 ohni\u0161t\u011b do stolu Vrchn\u00ed \u010d\u00e1st stolu z p\u0159\u00edrodn\u00edho kamene, odoln\u00fd v\u016f\u010di \u0161kr\u00e1banc\u016fm a skvrn\u00e1m Jednoduch\u00e9 ovl\u00e1d\u00e1n\u00ed, nastaven\u00ed v\u00fd\u0161ky plamene ot\u00e1\u010den\u00edm knofl\u00edku Nen\u00ed t\u0159eba elektrick\u00e9 p\u0159ipojen\u00ed CE certifikovan\u00fd syst\u00e9m ovl\u00e1d\u00e1n\u00ed Povrchov\u00e1 \u00faprava: pr\u00e1\u0161kov\u00e1 \u010dern\u00e1, keramika P\u0159\u00edslu\u0161enstv\u00ed: \u010dern\u00fd [&hellip;]\" \/>\n<meta property=\"og:url\" content=\"https:\/\/planikafires.shop\/cs\/produkt\/moon\/\" \/>\n<meta property=\"og:site_name\" content=\"Planika\" \/>\n<meta property=\"article:modified_time\" content=\"2026-03-31T13:16:15+00:00\" \/>\n<meta property=\"og:image\" content=\"https:\/\/planikafires.shop\/wp-content\/uploads\/2024\/08\/Moon_1.jpg\" \/>\n\t<meta property=\"og:image:width\" content=\"1920\" \/>\n\t<meta property=\"og:image:height\" content=\"1440\" \/>\n\t<meta property=\"og:image:type\" content=\"image\/jpeg\" \/>\n<meta name=\"twitter:card\" content=\"summary_large_image\" \/>\n<meta name=\"twitter:label1\" content=\"Odhadovan\u00e1 doba \u010dten\u00ed\" \/>\n\t<meta name=\"twitter:data1\" content=\"1 minuta\" \/>\n<script type=\"application\/ld+json\" class=\"yoast-schema-graph\">{\"@context\":\"https:\/\/schema.org\",\"@graph\":[{\"@type\":\"WebPage\",\"@id\":\"https:\/\/planikafires.shop\/cs\/produkt\/moon\/\",\"url\":\"https:\/\/planikafires.shop\/cs\/produkt\/moon\/\",\"name\":\"MOON | Planika\",\"isPartOf\":{\"@id\":\"https:\/\/planikafires.shop\/cs\/#website\"},\"primaryImageOfPage\":{\"@id\":\"https:\/\/planikafires.shop\/cs\/produkt\/moon\/#primaryimage\"},\"image\":{\"@id\":\"https:\/\/planikafires.shop\/cs\/produkt\/moon\/#primaryimage\"},\"thumbnailUrl\":\"https:\/\/planikafires.shop\/wp-content\/uploads\/2024\/08\/Moon_1.jpg\",\"datePublished\":\"2024-08-06T07:54:46+00:00\",\"dateModified\":\"2026-03-31T13:16:15+00:00\",\"breadcrumb\":{\"@id\":\"https:\/\/planikafires.shop\/cs\/produkt\/moon\/#breadcrumb\"},\"inLanguage\":\"cs\",\"potentialAction\":[{\"@type\":\"ReadAction\",\"target\":[\"https:\/\/planikafires.shop\/cs\/produkt\/moon\/\"]}]},{\"@type\":\"ImageObject\",\"inLanguage\":\"cs\",\"@id\":\"https:\/\/planikafires.shop\/cs\/produkt\/moon\/#primaryimage\",\"url\":\"https:\/\/planikafires.shop\/wp-content\/uploads\/2024\/08\/Moon_1.jpg\",\"contentUrl\":\"https:\/\/planikafires.shop\/wp-content\/uploads\/2024\/08\/Moon_1.jpg\",\"width\":1920,\"height\":1440},{\"@type\":\"BreadcrumbList\",\"@id\":\"https:\/\/planikafires.shop\/cs\/produkt\/moon\/#breadcrumb\",\"itemListElement\":[{\"@type\":\"ListItem\",\"position\":1,\"name\":\"Domovsk\u00e1 str\u00e1nka\",\"item\":\"https:\/\/planikafires.shop\/cs\/\"},{\"@type\":\"ListItem\",\"position\":2,\"name\":\"Obchod\",\"item\":\"https:\/\/planikafires.shop\/cs\/shop\/\"},{\"@type\":\"ListItem\",\"position\":3,\"name\":\"MOON\"}]},{\"@type\":\"WebSite\",\"@id\":\"https:\/\/planikafires.shop\/cs\/#website\",\"url\":\"https:\/\/planikafires.shop\/cs\/\",\"name\":\"Planika\",\"description\":\"Modern\u00e9 rie\u0161enie krbov\",\"publisher\":{\"@id\":\"https:\/\/planikafires.shop\/cs\/#organization\"},\"potentialAction\":[{\"@type\":\"SearchAction\",\"target\":{\"@type\":\"EntryPoint\",\"urlTemplate\":\"https:\/\/planikafires.shop\/cs\/?s={search_term_string}\"},\"query-input\":{\"@type\":\"PropertyValueSpecification\",\"valueRequired\":true,\"valueName\":\"search_term_string\"}}],\"inLanguage\":\"cs\"},{\"@type\":\"Organization\",\"@id\":\"https:\/\/planikafires.shop\/cs\/#organization\",\"name\":\"Planika\",\"url\":\"https:\/\/planikafires.shop\/cs\/\",\"logo\":{\"@type\":\"ImageObject\",\"inLanguage\":\"cs\",\"@id\":\"https:\/\/planikafires.shop\/cs\/#\/schema\/logo\/image\/\",\"url\":\"https:\/\/planikafires.shop\/wp-content\/uploads\/2022\/06\/logo.png\",\"contentUrl\":\"https:\/\/planikafires.shop\/wp-content\/uploads\/2022\/06\/logo.png\",\"width\":191,\"height\":78,\"caption\":\"Planika\"},\"image\":{\"@id\":\"https:\/\/planikafires.shop\/cs\/#\/schema\/logo\/image\/\"}}]}<\/script>\n<!-- \/ Yoast SEO plugin. -->","yoast_head_json":{"title":"MOON | Planika","robots":{"index":"index","follow":"follow","max-snippet":"max-snippet:-1","max-image-preview":"max-image-preview:large","max-video-preview":"max-video-preview:-1"},"canonical":"https:\/\/planikafires.shop\/cs\/produkt\/moon\/","og_locale":"cs_CZ","og_type":"article","og_title":"MOON | Planika","og_description":"Plynov\u00e9 ohn\u0161t\u011b a st\u016fl 2v1 (pouze na LPG a redukce na plyn v balen\u00ed) Pouze na vn\u011bj\u0161\u00ed pou\u017eit\u00ed Integrovan\u00e9 ohni\u0161t\u011b do stolu Vrchn\u00ed \u010d\u00e1st stolu z p\u0159\u00edrodn\u00edho kamene, odoln\u00fd v\u016f\u010di \u0161kr\u00e1banc\u016fm a skvrn\u00e1m Jednoduch\u00e9 ovl\u00e1d\u00e1n\u00ed, nastaven\u00ed v\u00fd\u0161ky plamene ot\u00e1\u010den\u00edm knofl\u00edku Nen\u00ed t\u0159eba elektrick\u00e9 p\u0159ipojen\u00ed CE certifikovan\u00fd syst\u00e9m ovl\u00e1d\u00e1n\u00ed Povrchov\u00e1 \u00faprava: pr\u00e1\u0161kov\u00e1 \u010dern\u00e1, keramika P\u0159\u00edslu\u0161enstv\u00ed: \u010dern\u00fd [&hellip;]","og_url":"https:\/\/planikafires.shop\/cs\/produkt\/moon\/","og_site_name":"Planika","article_modified_time":"2026-03-31T13:16:15+00:00","og_image":[{"width":1920,"height":1440,"url":"https:\/\/planikafires.shop\/wp-content\/uploads\/2024\/08\/Moon_1.jpg","type":"image\/jpeg"}],"twitter_card":"summary_large_image","twitter_misc":{"Odhadovan\u00e1 doba \u010dten\u00ed":"1 minuta"},"schema":{"@context":"https:\/\/schema.org","@graph":[{"@type":"WebPage","@id":"https:\/\/planikafires.shop\/cs\/produkt\/moon\/","url":"https:\/\/planikafires.shop\/cs\/produkt\/moon\/","name":"MOON | Planika","isPartOf":{"@id":"https:\/\/planikafires.shop\/cs\/#website"},"primaryImageOfPage":{"@id":"https:\/\/planikafires.shop\/cs\/produkt\/moon\/#primaryimage"},"image":{"@id":"https:\/\/planikafires.shop\/cs\/produkt\/moon\/#primaryimage"},"thumbnailUrl":"https:\/\/planikafires.shop\/wp-content\/uploads\/2024\/08\/Moon_1.jpg","datePublished":"2024-08-06T07:54:46+00:00","dateModified":"2026-03-31T13:16:15+00:00","breadcrumb":{"@id":"https:\/\/planikafires.shop\/cs\/produkt\/moon\/#breadcrumb"},"inLanguage":"cs","potentialAction":[{"@type":"ReadAction","target":["https:\/\/planikafires.shop\/cs\/produkt\/moon\/"]}]},{"@type":"ImageObject","inLanguage":"cs","@id":"https:\/\/planikafires.shop\/cs\/produkt\/moon\/#primaryimage","url":"https:\/\/planikafires.shop\/wp-content\/uploads\/2024\/08\/Moon_1.jpg","contentUrl":"https:\/\/planikafires.shop\/wp-content\/uploads\/2024\/08\/Moon_1.jpg","width":1920,"height":1440},{"@type":"BreadcrumbList","@id":"https:\/\/planikafires.shop\/cs\/produkt\/moon\/#breadcrumb","itemListElement":[{"@type":"ListItem","position":1,"name":"Domovsk\u00e1 str\u00e1nka","item":"https:\/\/planikafires.shop\/cs\/"},{"@type":"ListItem","position":2,"name":"Obchod","item":"https:\/\/planikafires.shop\/cs\/shop\/"},{"@type":"ListItem","position":3,"name":"MOON"}]},{"@type":"WebSite","@id":"https:\/\/planikafires.shop\/cs\/#website","url":"https:\/\/planikafires.shop\/cs\/","name":"Planika","description":"Modern\u00e9 rie\u0161enie krbov","publisher":{"@id":"https:\/\/planikafires.shop\/cs\/#organization"},"potentialAction":[{"@type":"SearchAction","target":{"@type":"EntryPoint","urlTemplate":"https:\/\/planikafires.shop\/cs\/?s={search_term_string}"},"query-input":{"@type":"PropertyValueSpecification","valueRequired":true,"valueName":"search_term_string"}}],"inLanguage":"cs"},{"@type":"Organization","@id":"https:\/\/planikafires.shop\/cs\/#organization","name":"Planika","url":"https:\/\/planikafires.shop\/cs\/","logo":{"@type":"ImageObject","inLanguage":"cs","@id":"https:\/\/planikafires.shop\/cs\/#\/schema\/logo\/image\/","url":"https:\/\/planikafires.shop\/wp-content\/uploads\/2022\/06\/logo.png","contentUrl":"https:\/\/planikafires.shop\/wp-content\/uploads\/2022\/06\/logo.png","width":191,"height":78,"caption":"Planika"},"image":{"@id":"https:\/\/planikafires.shop\/cs\/#\/schema\/logo\/image\/"}}]}},"_links":{"self":[{"href":"https:\/\/planikafires.shop\/cs\/wp-json\/wp\/v2\/product\/12781","targetHints":{"allow":["GET"]}}],"collection":[{"href":"https:\/\/planikafires.shop\/cs\/wp-json\/wp\/v2\/product"}],"about":[{"href":"https:\/\/planikafires.shop\/cs\/wp-json\/wp\/v2\/types\/product"}],"version-history":[{"count":1,"href":"https:\/\/planikafires.shop\/cs\/wp-json\/wp\/v2\/product\/12781\/revisions"}],"predecessor-version":[{"id":13542,"href":"https:\/\/planikafires.shop\/cs\/wp-json\/wp\/v2\/product\/12781\/revisions\/13542"}],"wp:featuredmedia":[{"embeddable":true,"href":"https:\/\/planikafires.shop\/cs\/wp-json\/wp\/v2\/media\/12762"}],"wp:attachment":[{"href":"https:\/\/planikafires.shop\/cs\/wp-json\/wp\/v2\/media?parent=12781"}],"wp:term":[{"taxonomy":"product_brand","embeddable":true,"href":"https:\/\/planikafires.shop\/cs\/wp-json\/wp\/v2\/product_brand?post=12781"},{"taxonomy":"product_cat","embeddable":true,"href":"https:\/\/planikafires.shop\/cs\/wp-json\/wp\/v2\/product_cat?post=12781"},{"taxonomy":"product_tag","embeddable":true,"href":"https:\/\/planikafires.shop\/cs\/wp-json\/wp\/v2\/product_tag?post=12781"}],"curies":[{"name":"wp","href":"https:\/\/api.w.org\/{rel}","templated":true}]}}