{"id":12853,"date":"2024-08-07T14:57:02","date_gmt":"2024-08-07T12:57:02","guid":{"rendered":"https:\/\/planikafires.shop\/produkt\/rio-table\/"},"modified":"2024-08-07T14:57:02","modified_gmt":"2024-08-07T12:57:02","slug":"rio-table","status":"publish","type":"product","link":"https:\/\/planikafires.shop\/cs\/produkt\/rio-table\/","title":{"rendered":"RIO Table"},"content":{"rendered":"<p>Elegantn\u00ed st\u016fl s vestav\u011bn\u00fdm plynov\u00fdm ohnist\u011bm s \u010dernou povrchovou \u00fapravou, integrovan\u00fd do dvou sklen\u011bn\u00fdch panel\u016f, chr\u00e1n\u00ed sv\u016fj plamen p\u0159ed v\u011btrem a poskytuje st\u00e1lou, fascinuj\u00edc\u00ed z\u00e1\u0159i, kter\u00e1 vylep\u0161\u00ed ka\u017ed\u00e9 venkovn\u00ed prost\u0159ed\u00ed. Kryt ohni\u0161t\u011b  <span style=\"color: #ff0000;\"><strong>V CEN\u011a<\/strong><\/span><\/p>\n<h4><strong>Dodac\u00ed doba: 8 pracovn\u00edch dn\u00ed<\/strong><\/h4>\n<h3><strong>PARAMETRY:<\/strong><\/h3>\n<ul>\n<li>Typ paliva: LPG<\/li>\n<li>V\u00fdkon: 7 &#8211; 10 kW<\/li>\n<li>Spot\u0159eba LPG: max. 0,50 &#8211; 0,65 kg\/hod. (p\u0159i ho\u0159en\u00ed 55 hod.)<\/li>\n<li>Tlak: 37 mbar (LPG)<\/li>\n<li>Rozm\u011bry (\u0160xVxH): 1060 x 460 (se sklem) x 660 mm<\/li>\n<li>Hmotnost: 26 kg<\/li>\n<li>Materi\u00e1l: ocel, tvrzen\u00e9 sklo<\/li>\n<li>Dekorat\u00edvn\u00ed p\u0159\u00edslu\u0161enstv\u00ed (v balen\u00ed): \u010dern\u00fd sklen\u011bn\u00fd \u0161t\u011brk<\/li>\n<li>Pou\u017eit\u00ed: pouze v exteri\u00e9ri<\/li>\n<\/ul>\n<p>&nbsp;<\/p>\n","protected":false},"excerpt":{"rendered":"<p>Elegantn\u00ed st\u016fl s vestav\u011bn\u00fdm plynov\u00fdm ohnist\u011bm s \u010dernou povrchovou \u00fapravou, integrovan\u00fd do dvou sklen\u011bn\u00fdch panel\u016f, chr\u00e1n\u00ed sv\u016fj plamen p\u0159ed v\u011btrem a poskytuje st\u00e1lou, fascinuj\u00edc\u00ed z\u00e1\u0159i, kter\u00e1 vylep\u0161\u00ed ka\u017ed\u00e9 venkovn\u00ed prost\u0159ed\u00ed. Kryt ohni\u0161t\u011b V CEN\u011a Dodac\u00ed doba: 8 pracovn\u00edch dn\u00ed PARAMETRY: Typ paliva: LPG V\u00fdkon: 7 &#8211; 10 kW Spot\u0159eba LPG: max. 0,50 &#8211; 0,65 kg\/hod. [&hellip;]<\/p>\n","protected":false},"featured_media":12839,"template":"","meta":{"_acf_changed":false},"product_brand":[],"product_cat":[298,181],"product_tag":[285],"class_list":{"0":"post-12853","1":"product","2":"type-product","3":"status-publish","4":"has-post-thumbnail","6":"product_cat-ohniste-se-stolem","7":"product_cat-plyn-cs","8":"product_tag-basic-collection-cs","9":"product_shipping_class-1-2-paleta-cs","11":"first","12":"onbackorder","13":"taxable","14":"shipping-taxable","15":"purchasable","16":"product-type-simple"},"acf":[],"yoast_head":"<!-- This site is optimized with the Yoast SEO plugin v24.2 - https:\/\/yoast.com\/wordpress\/plugins\/seo\/ -->\n<title>RIO Table | Planika<\/title>\n<meta name=\"robots\" content=\"index, follow, max-snippet:-1, max-image-preview:large, max-video-preview:-1\" \/>\n<link rel=\"canonical\" href=\"https:\/\/planikafires.shop\/produkt\/rio-table\/\" \/>\n<meta property=\"og:locale\" content=\"cs_CZ\" \/>\n<meta property=\"og:type\" content=\"article\" \/>\n<meta property=\"og:title\" content=\"RIO Table | Planika\" \/>\n<meta property=\"og:description\" content=\"Elegantn\u00ed st\u016fl s vestav\u011bn\u00fdm plynov\u00fdm ohnist\u011bm s \u010dernou povrchovou \u00fapravou, integrovan\u00fd do dvou sklen\u011bn\u00fdch panel\u016f, chr\u00e1n\u00ed sv\u016fj plamen p\u0159ed v\u011btrem a poskytuje st\u00e1lou, fascinuj\u00edc\u00ed z\u00e1\u0159i, kter\u00e1 vylep\u0161\u00ed ka\u017ed\u00e9 venkovn\u00ed prost\u0159ed\u00ed. Kryt ohni\u0161t\u011b V CEN\u011a Dodac\u00ed doba: 8 pracovn\u00edch dn\u00ed PARAMETRY: Typ paliva: LPG V\u00fdkon: 7 &#8211; 10 kW Spot\u0159eba LPG: max. 0,50 &#8211; 0,65 kg\/hod. [&hellip;]\" \/>\n<meta property=\"og:url\" content=\"https:\/\/planikafires.shop\/produkt\/rio-table\/\" \/>\n<meta property=\"og:site_name\" content=\"Planika\" \/>\n<meta property=\"og:image\" content=\"https:\/\/planikafires.shop\/wp-content\/uploads\/2023\/08\/Planika-Casa_Bodhi_Event-121.jpg\" \/>\n\t<meta property=\"og:image:width\" content=\"1920\" \/>\n\t<meta property=\"og:image:height\" content=\"1281\" \/>\n\t<meta property=\"og:image:type\" content=\"image\/jpeg\" \/>\n<meta name=\"twitter:card\" content=\"summary_large_image\" \/>\n<meta name=\"twitter:label1\" content=\"Odhadovan\u00e1 doba \u010dten\u00ed\" \/>\n\t<meta name=\"twitter:data1\" content=\"1 minuta\" \/>\n<script type=\"application\/ld+json\" class=\"yoast-schema-graph\">{\"@context\":\"https:\/\/schema.org\",\"@graph\":[{\"@type\":\"WebPage\",\"@id\":\"https:\/\/planikafires.shop\/produkt\/rio-table\/\",\"url\":\"https:\/\/planikafires.shop\/produkt\/rio-table\/\",\"name\":\"RIO Table | Planika\",\"isPartOf\":{\"@id\":\"https:\/\/planikafires.shop\/cs\/#website\"},\"primaryImageOfPage\":{\"@id\":\"https:\/\/planikafires.shop\/produkt\/rio-table\/#primaryimage\"},\"image\":{\"@id\":\"https:\/\/planikafires.shop\/produkt\/rio-table\/#primaryimage\"},\"thumbnailUrl\":\"https:\/\/planikafires.shop\/wp-content\/uploads\/2024\/08\/Rio_Table-0.jpg\",\"datePublished\":\"2024-08-07T12:57:02+00:00\",\"dateModified\":\"2024-08-07T12:57:02+00:00\",\"breadcrumb\":{\"@id\":\"https:\/\/planikafires.shop\/produkt\/rio-table\/#breadcrumb\"},\"inLanguage\":\"cs\",\"potentialAction\":[{\"@type\":\"ReadAction\",\"target\":[\"https:\/\/planikafires.shop\/produkt\/rio-table\/\"]}]},{\"@type\":\"ImageObject\",\"inLanguage\":\"cs\",\"@id\":\"https:\/\/planikafires.shop\/produkt\/rio-table\/#primaryimage\",\"url\":\"https:\/\/planikafires.shop\/wp-content\/uploads\/2024\/08\/Rio_Table-0.jpg\",\"contentUrl\":\"https:\/\/planikafires.shop\/wp-content\/uploads\/2024\/08\/Rio_Table-0.jpg\",\"width\":1920,\"height\":1281},{\"@type\":\"BreadcrumbList\",\"@id\":\"https:\/\/planikafires.shop\/produkt\/rio-table\/#breadcrumb\",\"itemListElement\":[{\"@type\":\"ListItem\",\"position\":1,\"name\":\"Domovsk\u00e1 str\u00e1nka\",\"item\":\"https:\/\/planikafires.shop\/cs\/\"},{\"@type\":\"ListItem\",\"position\":2,\"name\":\"Obchod\",\"item\":\"https:\/\/planikafires.shop\/cs\/shop\/\"},{\"@type\":\"ListItem\",\"position\":3,\"name\":\"RIO Table\"}]},{\"@type\":\"WebSite\",\"@id\":\"https:\/\/planikafires.shop\/cs\/#website\",\"url\":\"https:\/\/planikafires.shop\/cs\/\",\"name\":\"Planika\",\"description\":\"Modern\u00e9 rie\u0161enie krbov\",\"publisher\":{\"@id\":\"https:\/\/planikafires.shop\/cs\/#organization\"},\"potentialAction\":[{\"@type\":\"SearchAction\",\"target\":{\"@type\":\"EntryPoint\",\"urlTemplate\":\"https:\/\/planikafires.shop\/cs\/?s={search_term_string}\"},\"query-input\":{\"@type\":\"PropertyValueSpecification\",\"valueRequired\":true,\"valueName\":\"search_term_string\"}}],\"inLanguage\":\"cs\"},{\"@type\":\"Organization\",\"@id\":\"https:\/\/planikafires.shop\/cs\/#organization\",\"name\":\"Planika\",\"url\":\"https:\/\/planikafires.shop\/cs\/\",\"logo\":{\"@type\":\"ImageObject\",\"inLanguage\":\"cs\",\"@id\":\"https:\/\/planikafires.shop\/cs\/#\/schema\/logo\/image\/\",\"url\":\"https:\/\/planikafires.shop\/wp-content\/uploads\/2022\/06\/logo.png\",\"contentUrl\":\"https:\/\/planikafires.shop\/wp-content\/uploads\/2022\/06\/logo.png\",\"width\":191,\"height\":78,\"caption\":\"Planika\"},\"image\":{\"@id\":\"https:\/\/planikafires.shop\/cs\/#\/schema\/logo\/image\/\"}}]}<\/script>\n<!-- \/ Yoast SEO plugin. -->","yoast_head_json":{"title":"RIO Table | Planika","robots":{"index":"index","follow":"follow","max-snippet":"max-snippet:-1","max-image-preview":"max-image-preview:large","max-video-preview":"max-video-preview:-1"},"canonical":"https:\/\/planikafires.shop\/produkt\/rio-table\/","og_locale":"cs_CZ","og_type":"article","og_title":"RIO Table | Planika","og_description":"Elegantn\u00ed st\u016fl s vestav\u011bn\u00fdm plynov\u00fdm ohnist\u011bm s \u010dernou povrchovou \u00fapravou, integrovan\u00fd do dvou sklen\u011bn\u00fdch panel\u016f, chr\u00e1n\u00ed sv\u016fj plamen p\u0159ed v\u011btrem a poskytuje st\u00e1lou, fascinuj\u00edc\u00ed z\u00e1\u0159i, kter\u00e1 vylep\u0161\u00ed ka\u017ed\u00e9 venkovn\u00ed prost\u0159ed\u00ed. Kryt ohni\u0161t\u011b V CEN\u011a Dodac\u00ed doba: 8 pracovn\u00edch dn\u00ed PARAMETRY: Typ paliva: LPG V\u00fdkon: 7 &#8211; 10 kW Spot\u0159eba LPG: max. 0,50 &#8211; 0,65 kg\/hod. [&hellip;]","og_url":"https:\/\/planikafires.shop\/produkt\/rio-table\/","og_site_name":"Planika","og_image":[{"width":1920,"height":1281,"url":"https:\/\/planikafires.shop\/wp-content\/uploads\/2023\/08\/Planika-Casa_Bodhi_Event-121.jpg","type":"image\/jpeg"}],"twitter_card":"summary_large_image","twitter_misc":{"Odhadovan\u00e1 doba \u010dten\u00ed":"1 minuta"},"schema":{"@context":"https:\/\/schema.org","@graph":[{"@type":"WebPage","@id":"https:\/\/planikafires.shop\/produkt\/rio-table\/","url":"https:\/\/planikafires.shop\/produkt\/rio-table\/","name":"RIO Table | Planika","isPartOf":{"@id":"https:\/\/planikafires.shop\/cs\/#website"},"primaryImageOfPage":{"@id":"https:\/\/planikafires.shop\/produkt\/rio-table\/#primaryimage"},"image":{"@id":"https:\/\/planikafires.shop\/produkt\/rio-table\/#primaryimage"},"thumbnailUrl":"https:\/\/planikafires.shop\/wp-content\/uploads\/2024\/08\/Rio_Table-0.jpg","datePublished":"2024-08-07T12:57:02+00:00","dateModified":"2024-08-07T12:57:02+00:00","breadcrumb":{"@id":"https:\/\/planikafires.shop\/produkt\/rio-table\/#breadcrumb"},"inLanguage":"cs","potentialAction":[{"@type":"ReadAction","target":["https:\/\/planikafires.shop\/produkt\/rio-table\/"]}]},{"@type":"ImageObject","inLanguage":"cs","@id":"https:\/\/planikafires.shop\/produkt\/rio-table\/#primaryimage","url":"https:\/\/planikafires.shop\/wp-content\/uploads\/2024\/08\/Rio_Table-0.jpg","contentUrl":"https:\/\/planikafires.shop\/wp-content\/uploads\/2024\/08\/Rio_Table-0.jpg","width":1920,"height":1281},{"@type":"BreadcrumbList","@id":"https:\/\/planikafires.shop\/produkt\/rio-table\/#breadcrumb","itemListElement":[{"@type":"ListItem","position":1,"name":"Domovsk\u00e1 str\u00e1nka","item":"https:\/\/planikafires.shop\/cs\/"},{"@type":"ListItem","position":2,"name":"Obchod","item":"https:\/\/planikafires.shop\/cs\/shop\/"},{"@type":"ListItem","position":3,"name":"RIO Table"}]},{"@type":"WebSite","@id":"https:\/\/planikafires.shop\/cs\/#website","url":"https:\/\/planikafires.shop\/cs\/","name":"Planika","description":"Modern\u00e9 rie\u0161enie krbov","publisher":{"@id":"https:\/\/planikafires.shop\/cs\/#organization"},"potentialAction":[{"@type":"SearchAction","target":{"@type":"EntryPoint","urlTemplate":"https:\/\/planikafires.shop\/cs\/?s={search_term_string}"},"query-input":{"@type":"PropertyValueSpecification","valueRequired":true,"valueName":"search_term_string"}}],"inLanguage":"cs"},{"@type":"Organization","@id":"https:\/\/planikafires.shop\/cs\/#organization","name":"Planika","url":"https:\/\/planikafires.shop\/cs\/","logo":{"@type":"ImageObject","inLanguage":"cs","@id":"https:\/\/planikafires.shop\/cs\/#\/schema\/logo\/image\/","url":"https:\/\/planikafires.shop\/wp-content\/uploads\/2022\/06\/logo.png","contentUrl":"https:\/\/planikafires.shop\/wp-content\/uploads\/2022\/06\/logo.png","width":191,"height":78,"caption":"Planika"},"image":{"@id":"https:\/\/planikafires.shop\/cs\/#\/schema\/logo\/image\/"}}]}},"_links":{"self":[{"href":"https:\/\/planikafires.shop\/cs\/wp-json\/wp\/v2\/product\/12853","targetHints":{"allow":["GET"]}}],"collection":[{"href":"https:\/\/planikafires.shop\/cs\/wp-json\/wp\/v2\/product"}],"about":[{"href":"https:\/\/planikafires.shop\/cs\/wp-json\/wp\/v2\/types\/product"}],"version-history":[{"count":0,"href":"https:\/\/planikafires.shop\/cs\/wp-json\/wp\/v2\/product\/12853\/revisions"}],"wp:featuredmedia":[{"embeddable":true,"href":"https:\/\/planikafires.shop\/cs\/wp-json\/wp\/v2\/media\/12839"}],"wp:attachment":[{"href":"https:\/\/planikafires.shop\/cs\/wp-json\/wp\/v2\/media?parent=12853"}],"wp:term":[{"taxonomy":"product_brand","embeddable":true,"href":"https:\/\/planikafires.shop\/cs\/wp-json\/wp\/v2\/product_brand?post=12853"},{"taxonomy":"product_cat","embeddable":true,"href":"https:\/\/planikafires.shop\/cs\/wp-json\/wp\/v2\/product_cat?post=12853"},{"taxonomy":"product_tag","embeddable":true,"href":"https:\/\/planikafires.shop\/cs\/wp-json\/wp\/v2\/product_tag?post=12853"}],"curies":[{"name":"wp","href":"https:\/\/api.w.org\/{rel}","templated":true}]}}