{"id":12855,"date":"2024-08-07T15:07:45","date_gmt":"2024-08-07T13:07:45","guid":{"rendered":"https:\/\/planikafires.shop\/?post_type=product&#038;p=12855"},"modified":"2024-08-07T15:22:19","modified_gmt":"2024-08-07T13:22:19","slug":"square-table-hight","status":"publish","type":"product","link":"https:\/\/planikafires.shop\/cs\/produkt\/square-table-hight\/","title":{"rendered":"SQUARE TABLE hight"},"content":{"rendered":"<ul>\n<li>Pynov\u00e9 ohni\u0161t\u011b na LPG\/propan\/GPL s postrann\u00edm stolkem o n\u011bco vy\u0161\u0161\u00edm ne\u017e jeho sourozenec Square Table<\/li>\n<li>Pouze na vn\u011bj\u0161\u00ed pou\u017eit\u00ed<\/li>\n<li>Voln\u011b stoj\u00edc\u00ed za\u0159\u00edzen\u00ed<\/li>\n<li>Bezpe\u010dnostn\u00ed senzory<\/li>\n<li>Nen\u00ed t\u0159eba elektrick\u00e9 p\u0159ipojen\u00ed<\/li>\n<li>Celkov\u00e1 d\u00e9lka plynov\u00e9 hadice 4 m (od ventilu k regul\u00e1toru tlaku)<\/li>\n<li>CE certifikovan\u00fd syst\u00e9m ovl\u00e1d\u00e1n\u00ed<\/li>\n<li>Materi\u00e1l: pr\u00e1\u0161kovan\u00e1 pozinkovan\u00e1 ocel (vysoceodoln\u00e1), tvrzen\u00e9 sklo<\/li>\n<li>Ho\u0159\u00e1k: nerezov\u00e1 ocel<\/li>\n<li>Pln\u011b p\u0159enosn\u00fd &#8211; l\u00e1hev s LPG ukryt\u00e1 uvnit\u0159 topeni\u0161t\u011b<\/li>\n<li>Obal na ohni\u0161t\u011b<strong> &#8211; <span style=\"color: #ff0000;\">V CEN\u011a<\/span><\/strong><\/li>\n<li>Chr\u00e1ni\u010dka na kabel &#8211; <strong>ZA P\u0158\u00cdPLATEK<\/strong><\/li>\n<li>Obal na plynovou l\u00e1hev \u010dern\u00fd (pro extern\u00ed plynovou l\u00e1hev)<strong> &#8211; ZA P\u0158\u00cdPLATEK<\/strong><\/li>\n<\/ul>\n<p>&nbsp;<\/p>\n<h4><strong>Dodac\u00ed doba: 8 pracovn\u00edch dn\u00ed<\/strong><\/h4>\n<p>&nbsp;<\/p>\n<h4><strong>PARAMETRY:<\/strong><\/h4>\n<ul>\n<li>V\u00fdkon: 7,0 &#8211; 10,0 kW<\/li>\n<li>Spot\u0159eba: 0,4 &#8211; 0,5 kg \/hod. (p\u0159i ho\u0159en\u00ed 55 hod)<\/li>\n<li>Tlak: 37 mbar (LPG)<\/li>\n<li>Celkov\u00e1 d\u00e9lka plynov\u00e9 hadice 4 m (od ventilu k regul\u00e1toru tlaku)<\/li>\n<li>Rozm\u011bry: (\u0161 x v x h): 900 x 1198 (se sklem) x 900 mm<\/li>\n<\/ul>\n","protected":false},"excerpt":{"rendered":"<p>BASIC COLLECTION<\/p>\n","protected":false},"featured_media":12857,"template":"","meta":{"_acf_changed":false},"product_brand":[],"product_cat":[298,181],"product_tag":[285],"class_list":{"0":"post-12855","1":"product","2":"type-product","3":"status-publish","4":"has-post-thumbnail","6":"product_cat-ohniste-se-stolem","7":"product_cat-plyn-cs","8":"product_tag-basic-collection-cs","9":"product_shipping_class-1-paleta-cs","11":"first","12":"onbackorder","13":"taxable","14":"shipping-taxable","15":"purchasable","16":"product-type-simple"},"acf":[],"yoast_head":"<!-- This site is optimized with the Yoast SEO plugin v24.2 - https:\/\/yoast.com\/wordpress\/plugins\/seo\/ -->\n<title>SQUARE TABLE hight | Planika<\/title>\n<meta name=\"robots\" content=\"index, follow, max-snippet:-1, max-image-preview:large, max-video-preview:-1\" \/>\n<link rel=\"canonical\" href=\"https:\/\/planikafires.shop\/cs\/produkt\/square-table-hight\/\" \/>\n<meta property=\"og:locale\" content=\"cs_CZ\" \/>\n<meta property=\"og:type\" content=\"article\" \/>\n<meta property=\"og:title\" content=\"SQUARE TABLE hight | Planika\" \/>\n<meta property=\"og:description\" content=\"BASIC COLLECTION\" \/>\n<meta property=\"og:url\" content=\"https:\/\/planikafires.shop\/cs\/produkt\/square-table-hight\/\" \/>\n<meta property=\"og:site_name\" content=\"Planika\" \/>\n<meta property=\"article:modified_time\" content=\"2024-08-07T13:22:19+00:00\" \/>\n<meta property=\"og:image\" content=\"https:\/\/planikafires.shop\/wp-content\/uploads\/2024\/08\/Planika_Square_High.jpg\" \/>\n\t<meta property=\"og:image:width\" content=\"1920\" \/>\n\t<meta property=\"og:image:height\" content=\"1920\" \/>\n\t<meta property=\"og:image:type\" content=\"image\/jpeg\" \/>\n<meta name=\"twitter:card\" content=\"summary_large_image\" \/>\n<meta name=\"twitter:label1\" content=\"Odhadovan\u00e1 doba \u010dten\u00ed\" \/>\n\t<meta name=\"twitter:data1\" content=\"1 minuta\" \/>\n<script type=\"application\/ld+json\" class=\"yoast-schema-graph\">{\"@context\":\"https:\/\/schema.org\",\"@graph\":[{\"@type\":\"WebPage\",\"@id\":\"https:\/\/planikafires.shop\/cs\/produkt\/square-table-hight\/\",\"url\":\"https:\/\/planikafires.shop\/cs\/produkt\/square-table-hight\/\",\"name\":\"SQUARE TABLE hight | Planika\",\"isPartOf\":{\"@id\":\"https:\/\/planikafires.shop\/cs\/#website\"},\"primaryImageOfPage\":{\"@id\":\"https:\/\/planikafires.shop\/cs\/produkt\/square-table-hight\/#primaryimage\"},\"image\":{\"@id\":\"https:\/\/planikafires.shop\/cs\/produkt\/square-table-hight\/#primaryimage\"},\"thumbnailUrl\":\"https:\/\/planikafires.shop\/wp-content\/uploads\/2024\/08\/Planika_Square_High.jpg\",\"datePublished\":\"2024-08-07T13:07:45+00:00\",\"dateModified\":\"2024-08-07T13:22:19+00:00\",\"breadcrumb\":{\"@id\":\"https:\/\/planikafires.shop\/cs\/produkt\/square-table-hight\/#breadcrumb\"},\"inLanguage\":\"cs\",\"potentialAction\":[{\"@type\":\"ReadAction\",\"target\":[\"https:\/\/planikafires.shop\/cs\/produkt\/square-table-hight\/\"]}]},{\"@type\":\"ImageObject\",\"inLanguage\":\"cs\",\"@id\":\"https:\/\/planikafires.shop\/cs\/produkt\/square-table-hight\/#primaryimage\",\"url\":\"https:\/\/planikafires.shop\/wp-content\/uploads\/2024\/08\/Planika_Square_High.jpg\",\"contentUrl\":\"https:\/\/planikafires.shop\/wp-content\/uploads\/2024\/08\/Planika_Square_High.jpg\",\"width\":1920,\"height\":1920},{\"@type\":\"BreadcrumbList\",\"@id\":\"https:\/\/planikafires.shop\/cs\/produkt\/square-table-hight\/#breadcrumb\",\"itemListElement\":[{\"@type\":\"ListItem\",\"position\":1,\"name\":\"Domovsk\u00e1 str\u00e1nka\",\"item\":\"https:\/\/planikafires.shop\/cs\/\"},{\"@type\":\"ListItem\",\"position\":2,\"name\":\"Obchod\",\"item\":\"https:\/\/planikafires.shop\/cs\/shop\/\"},{\"@type\":\"ListItem\",\"position\":3,\"name\":\"SQUARE TABLE hight\"}]},{\"@type\":\"WebSite\",\"@id\":\"https:\/\/planikafires.shop\/cs\/#website\",\"url\":\"https:\/\/planikafires.shop\/cs\/\",\"name\":\"Planika\",\"description\":\"Modern\u00e9 rie\u0161enie krbov\",\"publisher\":{\"@id\":\"https:\/\/planikafires.shop\/cs\/#organization\"},\"potentialAction\":[{\"@type\":\"SearchAction\",\"target\":{\"@type\":\"EntryPoint\",\"urlTemplate\":\"https:\/\/planikafires.shop\/cs\/?s={search_term_string}\"},\"query-input\":{\"@type\":\"PropertyValueSpecification\",\"valueRequired\":true,\"valueName\":\"search_term_string\"}}],\"inLanguage\":\"cs\"},{\"@type\":\"Organization\",\"@id\":\"https:\/\/planikafires.shop\/cs\/#organization\",\"name\":\"Planika\",\"url\":\"https:\/\/planikafires.shop\/cs\/\",\"logo\":{\"@type\":\"ImageObject\",\"inLanguage\":\"cs\",\"@id\":\"https:\/\/planikafires.shop\/cs\/#\/schema\/logo\/image\/\",\"url\":\"https:\/\/planikafires.shop\/wp-content\/uploads\/2022\/06\/logo.png\",\"contentUrl\":\"https:\/\/planikafires.shop\/wp-content\/uploads\/2022\/06\/logo.png\",\"width\":191,\"height\":78,\"caption\":\"Planika\"},\"image\":{\"@id\":\"https:\/\/planikafires.shop\/cs\/#\/schema\/logo\/image\/\"}}]}<\/script>\n<!-- \/ Yoast SEO plugin. -->","yoast_head_json":{"title":"SQUARE TABLE hight | Planika","robots":{"index":"index","follow":"follow","max-snippet":"max-snippet:-1","max-image-preview":"max-image-preview:large","max-video-preview":"max-video-preview:-1"},"canonical":"https:\/\/planikafires.shop\/cs\/produkt\/square-table-hight\/","og_locale":"cs_CZ","og_type":"article","og_title":"SQUARE TABLE hight | Planika","og_description":"BASIC COLLECTION","og_url":"https:\/\/planikafires.shop\/cs\/produkt\/square-table-hight\/","og_site_name":"Planika","article_modified_time":"2024-08-07T13:22:19+00:00","og_image":[{"width":1920,"height":1920,"url":"https:\/\/planikafires.shop\/wp-content\/uploads\/2024\/08\/Planika_Square_High.jpg","type":"image\/jpeg"}],"twitter_card":"summary_large_image","twitter_misc":{"Odhadovan\u00e1 doba \u010dten\u00ed":"1 minuta"},"schema":{"@context":"https:\/\/schema.org","@graph":[{"@type":"WebPage","@id":"https:\/\/planikafires.shop\/cs\/produkt\/square-table-hight\/","url":"https:\/\/planikafires.shop\/cs\/produkt\/square-table-hight\/","name":"SQUARE TABLE hight | Planika","isPartOf":{"@id":"https:\/\/planikafires.shop\/cs\/#website"},"primaryImageOfPage":{"@id":"https:\/\/planikafires.shop\/cs\/produkt\/square-table-hight\/#primaryimage"},"image":{"@id":"https:\/\/planikafires.shop\/cs\/produkt\/square-table-hight\/#primaryimage"},"thumbnailUrl":"https:\/\/planikafires.shop\/wp-content\/uploads\/2024\/08\/Planika_Square_High.jpg","datePublished":"2024-08-07T13:07:45+00:00","dateModified":"2024-08-07T13:22:19+00:00","breadcrumb":{"@id":"https:\/\/planikafires.shop\/cs\/produkt\/square-table-hight\/#breadcrumb"},"inLanguage":"cs","potentialAction":[{"@type":"ReadAction","target":["https:\/\/planikafires.shop\/cs\/produkt\/square-table-hight\/"]}]},{"@type":"ImageObject","inLanguage":"cs","@id":"https:\/\/planikafires.shop\/cs\/produkt\/square-table-hight\/#primaryimage","url":"https:\/\/planikafires.shop\/wp-content\/uploads\/2024\/08\/Planika_Square_High.jpg","contentUrl":"https:\/\/planikafires.shop\/wp-content\/uploads\/2024\/08\/Planika_Square_High.jpg","width":1920,"height":1920},{"@type":"BreadcrumbList","@id":"https:\/\/planikafires.shop\/cs\/produkt\/square-table-hight\/#breadcrumb","itemListElement":[{"@type":"ListItem","position":1,"name":"Domovsk\u00e1 str\u00e1nka","item":"https:\/\/planikafires.shop\/cs\/"},{"@type":"ListItem","position":2,"name":"Obchod","item":"https:\/\/planikafires.shop\/cs\/shop\/"},{"@type":"ListItem","position":3,"name":"SQUARE TABLE hight"}]},{"@type":"WebSite","@id":"https:\/\/planikafires.shop\/cs\/#website","url":"https:\/\/planikafires.shop\/cs\/","name":"Planika","description":"Modern\u00e9 rie\u0161enie krbov","publisher":{"@id":"https:\/\/planikafires.shop\/cs\/#organization"},"potentialAction":[{"@type":"SearchAction","target":{"@type":"EntryPoint","urlTemplate":"https:\/\/planikafires.shop\/cs\/?s={search_term_string}"},"query-input":{"@type":"PropertyValueSpecification","valueRequired":true,"valueName":"search_term_string"}}],"inLanguage":"cs"},{"@type":"Organization","@id":"https:\/\/planikafires.shop\/cs\/#organization","name":"Planika","url":"https:\/\/planikafires.shop\/cs\/","logo":{"@type":"ImageObject","inLanguage":"cs","@id":"https:\/\/planikafires.shop\/cs\/#\/schema\/logo\/image\/","url":"https:\/\/planikafires.shop\/wp-content\/uploads\/2022\/06\/logo.png","contentUrl":"https:\/\/planikafires.shop\/wp-content\/uploads\/2022\/06\/logo.png","width":191,"height":78,"caption":"Planika"},"image":{"@id":"https:\/\/planikafires.shop\/cs\/#\/schema\/logo\/image\/"}}]}},"_links":{"self":[{"href":"https:\/\/planikafires.shop\/cs\/wp-json\/wp\/v2\/product\/12855","targetHints":{"allow":["GET"]}}],"collection":[{"href":"https:\/\/planikafires.shop\/cs\/wp-json\/wp\/v2\/product"}],"about":[{"href":"https:\/\/planikafires.shop\/cs\/wp-json\/wp\/v2\/types\/product"}],"version-history":[{"count":2,"href":"https:\/\/planikafires.shop\/cs\/wp-json\/wp\/v2\/product\/12855\/revisions"}],"predecessor-version":[{"id":12864,"href":"https:\/\/planikafires.shop\/cs\/wp-json\/wp\/v2\/product\/12855\/revisions\/12864"}],"wp:featuredmedia":[{"embeddable":true,"href":"https:\/\/planikafires.shop\/cs\/wp-json\/wp\/v2\/media\/12857"}],"wp:attachment":[{"href":"https:\/\/planikafires.shop\/cs\/wp-json\/wp\/v2\/media?parent=12855"}],"wp:term":[{"taxonomy":"product_brand","embeddable":true,"href":"https:\/\/planikafires.shop\/cs\/wp-json\/wp\/v2\/product_brand?post=12855"},{"taxonomy":"product_cat","embeddable":true,"href":"https:\/\/planikafires.shop\/cs\/wp-json\/wp\/v2\/product_cat?post=12855"},{"taxonomy":"product_tag","embeddable":true,"href":"https:\/\/planikafires.shop\/cs\/wp-json\/wp\/v2\/product_tag?post=12855"}],"curies":[{"name":"wp","href":"https:\/\/api.w.org\/{rel}","templated":true}]}}