{"id":13030,"date":"2024-09-27T13:51:49","date_gmt":"2024-09-27T11:51:49","guid":{"rendered":"https:\/\/planikafires.shop\/produkt\/ai\/"},"modified":"2024-09-27T13:51:49","modified_gmt":"2024-09-27T11:51:49","slug":"ai","status":"publish","type":"product","link":"https:\/\/planikafires.shop\/cs\/produkt\/ai\/","title":{"rendered":"AI"},"content":{"rendered":"<p style=\"text-align: justify;\">Modern\u00ed design a naprost\u00e1 flexibilita uspo\u0159\u00e1d\u00e1n\u00ed<\/p>\n<p style=\"text-align: justify;\">Krb AI m\u00e1 futuristick\u00fd, modern\u00ed vzhled, kter\u00fd se bez probl\u00e9m\u016f hod\u00ed do r\u016fzn\u00fdch styl\u016f interi\u00e9r\u016f. D\u00edky zaoblen\u00fdm hran\u00e1m a minimalistick\u00e9mu tvaru je ide\u00e1ln\u00ed volbou pro modern\u00ed prostory. Jeho jedine\u010dn\u00fd design umo\u017e\u0148uje v\u0161estrann\u00e9 pou\u017eit\u00ed, a\u0165 u\u017e v ob\u00fdvac\u00edch pokoj\u00edch, nebo v jin\u00fdch prost\u0159ed\u00edch.  <\/p>\n<ul>\n<li>voln\u011b stoj\u00edc\u00ed modern\u00ed krb s elektrickou krbovou &#8211; inserton na p\u00e1ru<\/li>\n<li>technol\u00f3gia <strong>Optimyst<\/strong><sup><strong>\u00ae<\/strong> <\/sup>&#8211; vyu\u017e\u00edva ultra jemn\u00fa vodn\u00fa hmlu a LED osvetlenie, simuluje vzh\u013ead skuto\u010dn\u00fdch plame\u0148ov a dymu. Vodn\u00ed mlha je produkov\u00e1na tich\u00fdm ultrazvukov\u00fdm atomiz\u00e9rem, osv\u011btlen\u00e1 LED sv\u011btlem, vytv\u00e1\u0159\u00ed p\u0159esv\u011bd\u010divou iluzi plamen\u016f a kou\u0159e, kter\u00fd je t\u00e9m\u011b\u0159 k nerozezn\u00e1n\u00ed od skute\u010dn\u00e9ho ohn\u011b.<\/li>\n<li>mo\u017enost zm\u011bnit barvu a intenzitu plamene, p\u0159izp\u016fsoben\u00ed atmosf\u00e9ry krbu podle vkusu nebo designu interi\u00e9ru<\/li>\n<li>modul\u00e1rn\u00ed design &#8211; mo\u017enost kombinovat v\u00edce vlo\u017eek (Insert\u016f) dohromady<\/li>\n<li>d\u00e1lkov\u00e9 ovl\u00e1d\u00e1n\u00ed v cen\u011b<\/li>\n<li>realistick\u00e9 zvuky &#8211; prask\u00e1n\u00ed d\u0159eva<\/li>\n<li>jednoduch\u00e9 tankov\u00e1n\u00ed, odn\u00edmateln\u00e1 n\u00e1dr\u017e na vodu z vodovodu<\/li>\n<li>jeden sklen\u011bn\u00fd \u0161t\u00edt v cen\u011b<\/li>\n<li>sada 3 esenci\u00e1ln\u00edch olej\u016f (aromaterapeutick\u00e1 sada)<\/li>\n<li>voliteln\u011b: <em>keramicka polena s granul\u00e1tem z p\u011bnov\u00e9ho skla<\/em><\/li>\n<\/ul>\n<p>&nbsp;<\/p>\n<h4><strong>Doba dod\u00e1n\u00ed: 15 prac. dn\u016f<\/strong><\/h4>\n<p>&nbsp;<\/p>\n<h3><strong>PARAMETRY (500 \/ 1000 mm):<\/strong><\/h3>\n<ul>\n<li>n\u00e1dr\u017e: 1,2 L \/ 2,4 L<\/li>\n<li>max. doba ho\u0159en\u00ed: 12 hod. \/ 12 hod.<\/li>\n<li>nomin\u00e1ln\u00ed v\u00fdkon: \u017e\u00e1dn\u00fd<\/li>\n<li>v\u00fd\u0161ka plamene: 6 \u00farovn\u00ed \/ 6 \u00farovn\u00ed<\/li>\n<li>typ vody: filtrovan\u00e1 voda z vodovodu, destilovan\u00e1 voda<\/li>\n<li>dymovod: nen\u00ed pot\u0159ebn\u00fd<\/li>\n<li>p\u0159ipojen\u00ed k el. energii: 230 V \/ 440 V<\/li>\n<li>povrchov\u00e1 \u00faprava: \u010dern\u00e1 pr\u00e1\u0161kovan\u00e1<\/li>\n<li>materi\u00e1l: ocel, sklo<\/li>\n<li>pou\u017eit\u00ed: POUZE v interi\u00e9ri<\/li>\n<li>spot\u0159eba energie: 220W \/ 440 W<\/li>\n<li>rozm\u011bry \u0160xVxH (500 mm): 680 x 744 x 663 mm<\/li>\n<li>rozm\u011bry \u0160xVxH (1000 mm): 1180 x 744 x 663 mm<\/li>\n<\/ul>\n","protected":false},"excerpt":{"rendered":"<p>Modern\u00ed elektrick\u00fd krb s vlo\u017ekou Cool Flame a technologi\u00ed Optimyst (vodn\u00ed p\u00e1ra)<\/p>\n","protected":false},"featured_media":13015,"template":"","meta":{"_acf_changed":false},"product_brand":[],"product_cat":[290,293],"product_tag":[],"class_list":{"0":"post-13030","1":"product","2":"type-product","3":"status-publish","4":"has-post-thumbnail","6":"product_cat-vodni-para","7":"product_cat-volne-stojici-krby","8":"product_shipping_class-1-paleta-cs","10":"first","11":"outofstock","12":"taxable","13":"shipping-taxable","14":"purchasable","15":"product-type-variable","16":"has-default-attributes"},"acf":[],"yoast_head":"<!-- This site is optimized with the Yoast SEO plugin v24.2 - https:\/\/yoast.com\/wordpress\/plugins\/seo\/ -->\n<title>AI | Planika<\/title>\n<meta name=\"robots\" content=\"index, follow, max-snippet:-1, max-image-preview:large, max-video-preview:-1\" \/>\n<link rel=\"canonical\" href=\"https:\/\/planikafires.shop\/produkt\/ai\/\" \/>\n<meta property=\"og:locale\" content=\"cs_CZ\" \/>\n<meta property=\"og:type\" content=\"article\" \/>\n<meta property=\"og:title\" content=\"AI | Planika\" \/>\n<meta property=\"og:description\" content=\"Modern\u00ed elektrick\u00fd krb s vlo\u017ekou Cool Flame a technologi\u00ed Optimyst (vodn\u00ed p\u00e1ra)\" \/>\n<meta property=\"og:url\" content=\"https:\/\/planikafires.shop\/produkt\/ai\/\" \/>\n<meta property=\"og:site_name\" content=\"Planika\" \/>\n<meta property=\"og:image\" content=\"https:\/\/planikafires.shop\/wp-content\/uploads\/2023\/08\/Planika-Casa_Bodhi_Event-121.jpg\" \/>\n\t<meta property=\"og:image:width\" content=\"1920\" \/>\n\t<meta property=\"og:image:height\" content=\"1281\" \/>\n\t<meta property=\"og:image:type\" content=\"image\/jpeg\" \/>\n<meta name=\"twitter:card\" content=\"summary_large_image\" \/>\n<meta name=\"twitter:label1\" content=\"Odhadovan\u00e1 doba \u010dten\u00ed\" \/>\n\t<meta name=\"twitter:data1\" content=\"2 minuty\" \/>\n<script type=\"application\/ld+json\" class=\"yoast-schema-graph\">{\"@context\":\"https:\/\/schema.org\",\"@graph\":[{\"@type\":\"WebPage\",\"@id\":\"https:\/\/planikafires.shop\/produkt\/ai\/\",\"url\":\"https:\/\/planikafires.shop\/produkt\/ai\/\",\"name\":\"AI | Planika\",\"isPartOf\":{\"@id\":\"https:\/\/planikafires.shop\/cs\/#website\"},\"primaryImageOfPage\":{\"@id\":\"https:\/\/planikafires.shop\/produkt\/ai\/#primaryimage\"},\"image\":{\"@id\":\"https:\/\/planikafires.shop\/produkt\/ai\/#primaryimage\"},\"thumbnailUrl\":\"https:\/\/planikafires.shop\/wp-content\/uploads\/2024\/09\/AI_500.jpg\",\"datePublished\":\"2024-09-27T11:51:49+00:00\",\"dateModified\":\"2024-09-27T11:51:49+00:00\",\"breadcrumb\":{\"@id\":\"https:\/\/planikafires.shop\/produkt\/ai\/#breadcrumb\"},\"inLanguage\":\"cs\",\"potentialAction\":[{\"@type\":\"ReadAction\",\"target\":[\"https:\/\/planikafires.shop\/produkt\/ai\/\"]}]},{\"@type\":\"ImageObject\",\"inLanguage\":\"cs\",\"@id\":\"https:\/\/planikafires.shop\/produkt\/ai\/#primaryimage\",\"url\":\"https:\/\/planikafires.shop\/wp-content\/uploads\/2024\/09\/AI_500.jpg\",\"contentUrl\":\"https:\/\/planikafires.shop\/wp-content\/uploads\/2024\/09\/AI_500.jpg\",\"width\":1920,\"height\":1080},{\"@type\":\"BreadcrumbList\",\"@id\":\"https:\/\/planikafires.shop\/produkt\/ai\/#breadcrumb\",\"itemListElement\":[{\"@type\":\"ListItem\",\"position\":1,\"name\":\"Domovsk\u00e1 str\u00e1nka\",\"item\":\"https:\/\/planikafires.shop\/cs\/\"},{\"@type\":\"ListItem\",\"position\":2,\"name\":\"Obchod\",\"item\":\"https:\/\/planikafires.shop\/cs\/shop\/\"},{\"@type\":\"ListItem\",\"position\":3,\"name\":\"AI\"}]},{\"@type\":\"WebSite\",\"@id\":\"https:\/\/planikafires.shop\/cs\/#website\",\"url\":\"https:\/\/planikafires.shop\/cs\/\",\"name\":\"Planika\",\"description\":\"Modern\u00e9 rie\u0161enie krbov\",\"publisher\":{\"@id\":\"https:\/\/planikafires.shop\/cs\/#organization\"},\"potentialAction\":[{\"@type\":\"SearchAction\",\"target\":{\"@type\":\"EntryPoint\",\"urlTemplate\":\"https:\/\/planikafires.shop\/cs\/?s={search_term_string}\"},\"query-input\":{\"@type\":\"PropertyValueSpecification\",\"valueRequired\":true,\"valueName\":\"search_term_string\"}}],\"inLanguage\":\"cs\"},{\"@type\":\"Organization\",\"@id\":\"https:\/\/planikafires.shop\/cs\/#organization\",\"name\":\"Planika\",\"url\":\"https:\/\/planikafires.shop\/cs\/\",\"logo\":{\"@type\":\"ImageObject\",\"inLanguage\":\"cs\",\"@id\":\"https:\/\/planikafires.shop\/cs\/#\/schema\/logo\/image\/\",\"url\":\"https:\/\/planikafires.shop\/wp-content\/uploads\/2022\/06\/logo.png\",\"contentUrl\":\"https:\/\/planikafires.shop\/wp-content\/uploads\/2022\/06\/logo.png\",\"width\":191,\"height\":78,\"caption\":\"Planika\"},\"image\":{\"@id\":\"https:\/\/planikafires.shop\/cs\/#\/schema\/logo\/image\/\"}}]}<\/script>\n<!-- \/ Yoast SEO plugin. -->","yoast_head_json":{"title":"AI | Planika","robots":{"index":"index","follow":"follow","max-snippet":"max-snippet:-1","max-image-preview":"max-image-preview:large","max-video-preview":"max-video-preview:-1"},"canonical":"https:\/\/planikafires.shop\/produkt\/ai\/","og_locale":"cs_CZ","og_type":"article","og_title":"AI | Planika","og_description":"Modern\u00ed elektrick\u00fd krb s vlo\u017ekou Cool Flame a technologi\u00ed Optimyst (vodn\u00ed p\u00e1ra)","og_url":"https:\/\/planikafires.shop\/produkt\/ai\/","og_site_name":"Planika","og_image":[{"width":1920,"height":1281,"url":"https:\/\/planikafires.shop\/wp-content\/uploads\/2023\/08\/Planika-Casa_Bodhi_Event-121.jpg","type":"image\/jpeg"}],"twitter_card":"summary_large_image","twitter_misc":{"Odhadovan\u00e1 doba \u010dten\u00ed":"2 minuty"},"schema":{"@context":"https:\/\/schema.org","@graph":[{"@type":"WebPage","@id":"https:\/\/planikafires.shop\/produkt\/ai\/","url":"https:\/\/planikafires.shop\/produkt\/ai\/","name":"AI | Planika","isPartOf":{"@id":"https:\/\/planikafires.shop\/cs\/#website"},"primaryImageOfPage":{"@id":"https:\/\/planikafires.shop\/produkt\/ai\/#primaryimage"},"image":{"@id":"https:\/\/planikafires.shop\/produkt\/ai\/#primaryimage"},"thumbnailUrl":"https:\/\/planikafires.shop\/wp-content\/uploads\/2024\/09\/AI_500.jpg","datePublished":"2024-09-27T11:51:49+00:00","dateModified":"2024-09-27T11:51:49+00:00","breadcrumb":{"@id":"https:\/\/planikafires.shop\/produkt\/ai\/#breadcrumb"},"inLanguage":"cs","potentialAction":[{"@type":"ReadAction","target":["https:\/\/planikafires.shop\/produkt\/ai\/"]}]},{"@type":"ImageObject","inLanguage":"cs","@id":"https:\/\/planikafires.shop\/produkt\/ai\/#primaryimage","url":"https:\/\/planikafires.shop\/wp-content\/uploads\/2024\/09\/AI_500.jpg","contentUrl":"https:\/\/planikafires.shop\/wp-content\/uploads\/2024\/09\/AI_500.jpg","width":1920,"height":1080},{"@type":"BreadcrumbList","@id":"https:\/\/planikafires.shop\/produkt\/ai\/#breadcrumb","itemListElement":[{"@type":"ListItem","position":1,"name":"Domovsk\u00e1 str\u00e1nka","item":"https:\/\/planikafires.shop\/cs\/"},{"@type":"ListItem","position":2,"name":"Obchod","item":"https:\/\/planikafires.shop\/cs\/shop\/"},{"@type":"ListItem","position":3,"name":"AI"}]},{"@type":"WebSite","@id":"https:\/\/planikafires.shop\/cs\/#website","url":"https:\/\/planikafires.shop\/cs\/","name":"Planika","description":"Modern\u00e9 rie\u0161enie krbov","publisher":{"@id":"https:\/\/planikafires.shop\/cs\/#organization"},"potentialAction":[{"@type":"SearchAction","target":{"@type":"EntryPoint","urlTemplate":"https:\/\/planikafires.shop\/cs\/?s={search_term_string}"},"query-input":{"@type":"PropertyValueSpecification","valueRequired":true,"valueName":"search_term_string"}}],"inLanguage":"cs"},{"@type":"Organization","@id":"https:\/\/planikafires.shop\/cs\/#organization","name":"Planika","url":"https:\/\/planikafires.shop\/cs\/","logo":{"@type":"ImageObject","inLanguage":"cs","@id":"https:\/\/planikafires.shop\/cs\/#\/schema\/logo\/image\/","url":"https:\/\/planikafires.shop\/wp-content\/uploads\/2022\/06\/logo.png","contentUrl":"https:\/\/planikafires.shop\/wp-content\/uploads\/2022\/06\/logo.png","width":191,"height":78,"caption":"Planika"},"image":{"@id":"https:\/\/planikafires.shop\/cs\/#\/schema\/logo\/image\/"}}]}},"_links":{"self":[{"href":"https:\/\/planikafires.shop\/cs\/wp-json\/wp\/v2\/product\/13030","targetHints":{"allow":["GET"]}}],"collection":[{"href":"https:\/\/planikafires.shop\/cs\/wp-json\/wp\/v2\/product"}],"about":[{"href":"https:\/\/planikafires.shop\/cs\/wp-json\/wp\/v2\/types\/product"}],"version-history":[{"count":0,"href":"https:\/\/planikafires.shop\/cs\/wp-json\/wp\/v2\/product\/13030\/revisions"}],"wp:featuredmedia":[{"embeddable":true,"href":"https:\/\/planikafires.shop\/cs\/wp-json\/wp\/v2\/media\/13015"}],"wp:attachment":[{"href":"https:\/\/planikafires.shop\/cs\/wp-json\/wp\/v2\/media?parent=13030"}],"wp:term":[{"taxonomy":"product_brand","embeddable":true,"href":"https:\/\/planikafires.shop\/cs\/wp-json\/wp\/v2\/product_brand?post=13030"},{"taxonomy":"product_cat","embeddable":true,"href":"https:\/\/planikafires.shop\/cs\/wp-json\/wp\/v2\/product_cat?post=13030"},{"taxonomy":"product_tag","embeddable":true,"href":"https:\/\/planikafires.shop\/cs\/wp-json\/wp\/v2\/product_tag?post=13030"}],"curies":[{"name":"wp","href":"https:\/\/api.w.org\/{rel}","templated":true}]}}