{"id":13033,"date":"2024-09-27T13:56:20","date_gmt":"2024-09-27T11:56:20","guid":{"rendered":"https:\/\/planikafires.shop\/produkt\/dekoracni-polena-pro-ai\/"},"modified":"2024-09-27T13:56:20","modified_gmt":"2024-09-27T11:56:20","slug":"dekoracni-polena-pro-ai","status":"publish","type":"product","link":"https:\/\/planikafires.shop\/cs\/produkt\/dekoracni-polena-pro-ai\/","title":{"rendered":"Dekora\u010dn\u00ed polena pro AI"},"content":{"rendered":"<ul>\n<li>dekora\u010dn\u00ed keramick\u00e1 polena pro elektrick\u00fd krb AI 500 a 1000 mm<\/li>\n<\/ul>\n","protected":false},"excerpt":{"rendered":"<p>dekora\u010dn\u00ed keramick\u00e1 polena pro elektrick\u00fd krb AI 500 a 1000 mm<\/p>\n","protected":false},"featured_media":12715,"template":"","meta":{"_acf_changed":false},"product_brand":[],"product_cat":[290],"product_tag":[],"class_list":{"0":"post-13033","1":"product","2":"type-product","3":"status-publish","4":"has-post-thumbnail","6":"product_cat-vodni-para","8":"first","9":"onbackorder","10":"taxable","11":"shipping-taxable","12":"purchasable","13":"product-type-variable","14":"has-default-attributes"},"acf":[],"yoast_head":"<!-- This site is optimized with the Yoast SEO plugin v24.2 - https:\/\/yoast.com\/wordpress\/plugins\/seo\/ -->\n<title>Dekora\u010dn\u00ed polena pro AI | Planika<\/title>\n<meta name=\"robots\" content=\"index, follow, max-snippet:-1, max-image-preview:large, max-video-preview:-1\" \/>\n<link rel=\"canonical\" href=\"https:\/\/planikafires.shop\/produkt\/dekoracni-polena-pro-ai\/\" \/>\n<meta property=\"og:locale\" content=\"cs_CZ\" \/>\n<meta property=\"og:type\" content=\"article\" \/>\n<meta property=\"og:title\" content=\"Dekora\u010dn\u00ed polena pro AI | Planika\" \/>\n<meta property=\"og:description\" content=\"dekora\u010dn\u00ed keramick\u00e1 polena pro elektrick\u00fd krb AI 500 a 1000 mm\" \/>\n<meta property=\"og:url\" content=\"https:\/\/planikafires.shop\/produkt\/dekoracni-polena-pro-ai\/\" \/>\n<meta property=\"og:site_name\" content=\"Planika\" \/>\n<meta property=\"og:image\" content=\"https:\/\/planikafires.shop\/wp-content\/uploads\/2023\/08\/Planika-Casa_Bodhi_Event-121.jpg\" \/>\n\t<meta property=\"og:image:width\" content=\"1920\" \/>\n\t<meta property=\"og:image:height\" content=\"1281\" \/>\n\t<meta property=\"og:image:type\" content=\"image\/jpeg\" \/>\n<meta name=\"twitter:card\" content=\"summary_large_image\" \/>\n<script type=\"application\/ld+json\" class=\"yoast-schema-graph\">{\"@context\":\"https:\/\/schema.org\",\"@graph\":[{\"@type\":\"WebPage\",\"@id\":\"https:\/\/planikafires.shop\/produkt\/dekoracni-polena-pro-ai\/\",\"url\":\"https:\/\/planikafires.shop\/produkt\/dekoracni-polena-pro-ai\/\",\"name\":\"Dekora\u010dn\u00ed polena pro AI | Planika\",\"isPartOf\":{\"@id\":\"https:\/\/planikafires.shop\/cs\/#website\"},\"primaryImageOfPage\":{\"@id\":\"https:\/\/planikafires.shop\/produkt\/dekoracni-polena-pro-ai\/#primaryimage\"},\"image\":{\"@id\":\"https:\/\/planikafires.shop\/produkt\/dekoracni-polena-pro-ai\/#primaryimage\"},\"thumbnailUrl\":\"https:\/\/planikafires.shop\/wp-content\/uploads\/2024\/07\/Cool_Flame_500_Log_Set.jpg\",\"datePublished\":\"2024-09-27T11:56:20+00:00\",\"dateModified\":\"2024-09-27T11:56:20+00:00\",\"breadcrumb\":{\"@id\":\"https:\/\/planikafires.shop\/produkt\/dekoracni-polena-pro-ai\/#breadcrumb\"},\"inLanguage\":\"cs\",\"potentialAction\":[{\"@type\":\"ReadAction\",\"target\":[\"https:\/\/planikafires.shop\/produkt\/dekoracni-polena-pro-ai\/\"]}]},{\"@type\":\"ImageObject\",\"inLanguage\":\"cs\",\"@id\":\"https:\/\/planikafires.shop\/produkt\/dekoracni-polena-pro-ai\/#primaryimage\",\"url\":\"https:\/\/planikafires.shop\/wp-content\/uploads\/2024\/07\/Cool_Flame_500_Log_Set.jpg\",\"contentUrl\":\"https:\/\/planikafires.shop\/wp-content\/uploads\/2024\/07\/Cool_Flame_500_Log_Set.jpg\",\"width\":1920,\"height\":1282},{\"@type\":\"BreadcrumbList\",\"@id\":\"https:\/\/planikafires.shop\/produkt\/dekoracni-polena-pro-ai\/#breadcrumb\",\"itemListElement\":[{\"@type\":\"ListItem\",\"position\":1,\"name\":\"Domovsk\u00e1 str\u00e1nka\",\"item\":\"https:\/\/planikafires.shop\/cs\/\"},{\"@type\":\"ListItem\",\"position\":2,\"name\":\"Obchod\",\"item\":\"https:\/\/planikafires.shop\/cs\/shop\/\"},{\"@type\":\"ListItem\",\"position\":3,\"name\":\"Dekora\u010dn\u00ed polena pro AI\"}]},{\"@type\":\"WebSite\",\"@id\":\"https:\/\/planikafires.shop\/cs\/#website\",\"url\":\"https:\/\/planikafires.shop\/cs\/\",\"name\":\"Planika\",\"description\":\"Modern\u00e9 rie\u0161enie krbov\",\"publisher\":{\"@id\":\"https:\/\/planikafires.shop\/cs\/#organization\"},\"potentialAction\":[{\"@type\":\"SearchAction\",\"target\":{\"@type\":\"EntryPoint\",\"urlTemplate\":\"https:\/\/planikafires.shop\/cs\/?s={search_term_string}\"},\"query-input\":{\"@type\":\"PropertyValueSpecification\",\"valueRequired\":true,\"valueName\":\"search_term_string\"}}],\"inLanguage\":\"cs\"},{\"@type\":\"Organization\",\"@id\":\"https:\/\/planikafires.shop\/cs\/#organization\",\"name\":\"Planika\",\"url\":\"https:\/\/planikafires.shop\/cs\/\",\"logo\":{\"@type\":\"ImageObject\",\"inLanguage\":\"cs\",\"@id\":\"https:\/\/planikafires.shop\/cs\/#\/schema\/logo\/image\/\",\"url\":\"https:\/\/planikafires.shop\/wp-content\/uploads\/2022\/06\/logo.png\",\"contentUrl\":\"https:\/\/planikafires.shop\/wp-content\/uploads\/2022\/06\/logo.png\",\"width\":191,\"height\":78,\"caption\":\"Planika\"},\"image\":{\"@id\":\"https:\/\/planikafires.shop\/cs\/#\/schema\/logo\/image\/\"}}]}<\/script>\n<!-- \/ Yoast SEO plugin. -->","yoast_head_json":{"title":"Dekora\u010dn\u00ed polena pro AI | Planika","robots":{"index":"index","follow":"follow","max-snippet":"max-snippet:-1","max-image-preview":"max-image-preview:large","max-video-preview":"max-video-preview:-1"},"canonical":"https:\/\/planikafires.shop\/produkt\/dekoracni-polena-pro-ai\/","og_locale":"cs_CZ","og_type":"article","og_title":"Dekora\u010dn\u00ed polena pro AI | Planika","og_description":"dekora\u010dn\u00ed keramick\u00e1 polena pro elektrick\u00fd krb AI 500 a 1000 mm","og_url":"https:\/\/planikafires.shop\/produkt\/dekoracni-polena-pro-ai\/","og_site_name":"Planika","og_image":[{"width":1920,"height":1281,"url":"https:\/\/planikafires.shop\/wp-content\/uploads\/2023\/08\/Planika-Casa_Bodhi_Event-121.jpg","type":"image\/jpeg"}],"twitter_card":"summary_large_image","schema":{"@context":"https:\/\/schema.org","@graph":[{"@type":"WebPage","@id":"https:\/\/planikafires.shop\/produkt\/dekoracni-polena-pro-ai\/","url":"https:\/\/planikafires.shop\/produkt\/dekoracni-polena-pro-ai\/","name":"Dekora\u010dn\u00ed polena pro AI | Planika","isPartOf":{"@id":"https:\/\/planikafires.shop\/cs\/#website"},"primaryImageOfPage":{"@id":"https:\/\/planikafires.shop\/produkt\/dekoracni-polena-pro-ai\/#primaryimage"},"image":{"@id":"https:\/\/planikafires.shop\/produkt\/dekoracni-polena-pro-ai\/#primaryimage"},"thumbnailUrl":"https:\/\/planikafires.shop\/wp-content\/uploads\/2024\/07\/Cool_Flame_500_Log_Set.jpg","datePublished":"2024-09-27T11:56:20+00:00","dateModified":"2024-09-27T11:56:20+00:00","breadcrumb":{"@id":"https:\/\/planikafires.shop\/produkt\/dekoracni-polena-pro-ai\/#breadcrumb"},"inLanguage":"cs","potentialAction":[{"@type":"ReadAction","target":["https:\/\/planikafires.shop\/produkt\/dekoracni-polena-pro-ai\/"]}]},{"@type":"ImageObject","inLanguage":"cs","@id":"https:\/\/planikafires.shop\/produkt\/dekoracni-polena-pro-ai\/#primaryimage","url":"https:\/\/planikafires.shop\/wp-content\/uploads\/2024\/07\/Cool_Flame_500_Log_Set.jpg","contentUrl":"https:\/\/planikafires.shop\/wp-content\/uploads\/2024\/07\/Cool_Flame_500_Log_Set.jpg","width":1920,"height":1282},{"@type":"BreadcrumbList","@id":"https:\/\/planikafires.shop\/produkt\/dekoracni-polena-pro-ai\/#breadcrumb","itemListElement":[{"@type":"ListItem","position":1,"name":"Domovsk\u00e1 str\u00e1nka","item":"https:\/\/planikafires.shop\/cs\/"},{"@type":"ListItem","position":2,"name":"Obchod","item":"https:\/\/planikafires.shop\/cs\/shop\/"},{"@type":"ListItem","position":3,"name":"Dekora\u010dn\u00ed polena pro AI"}]},{"@type":"WebSite","@id":"https:\/\/planikafires.shop\/cs\/#website","url":"https:\/\/planikafires.shop\/cs\/","name":"Planika","description":"Modern\u00e9 rie\u0161enie krbov","publisher":{"@id":"https:\/\/planikafires.shop\/cs\/#organization"},"potentialAction":[{"@type":"SearchAction","target":{"@type":"EntryPoint","urlTemplate":"https:\/\/planikafires.shop\/cs\/?s={search_term_string}"},"query-input":{"@type":"PropertyValueSpecification","valueRequired":true,"valueName":"search_term_string"}}],"inLanguage":"cs"},{"@type":"Organization","@id":"https:\/\/planikafires.shop\/cs\/#organization","name":"Planika","url":"https:\/\/planikafires.shop\/cs\/","logo":{"@type":"ImageObject","inLanguage":"cs","@id":"https:\/\/planikafires.shop\/cs\/#\/schema\/logo\/image\/","url":"https:\/\/planikafires.shop\/wp-content\/uploads\/2022\/06\/logo.png","contentUrl":"https:\/\/planikafires.shop\/wp-content\/uploads\/2022\/06\/logo.png","width":191,"height":78,"caption":"Planika"},"image":{"@id":"https:\/\/planikafires.shop\/cs\/#\/schema\/logo\/image\/"}}]}},"_links":{"self":[{"href":"https:\/\/planikafires.shop\/cs\/wp-json\/wp\/v2\/product\/13033","targetHints":{"allow":["GET"]}}],"collection":[{"href":"https:\/\/planikafires.shop\/cs\/wp-json\/wp\/v2\/product"}],"about":[{"href":"https:\/\/planikafires.shop\/cs\/wp-json\/wp\/v2\/types\/product"}],"version-history":[{"count":0,"href":"https:\/\/planikafires.shop\/cs\/wp-json\/wp\/v2\/product\/13033\/revisions"}],"wp:featuredmedia":[{"embeddable":true,"href":"https:\/\/planikafires.shop\/cs\/wp-json\/wp\/v2\/media\/12715"}],"wp:attachment":[{"href":"https:\/\/planikafires.shop\/cs\/wp-json\/wp\/v2\/media?parent=13033"}],"wp:term":[{"taxonomy":"product_brand","embeddable":true,"href":"https:\/\/planikafires.shop\/cs\/wp-json\/wp\/v2\/product_brand?post=13033"},{"taxonomy":"product_cat","embeddable":true,"href":"https:\/\/planikafires.shop\/cs\/wp-json\/wp\/v2\/product_cat?post=13033"},{"taxonomy":"product_tag","embeddable":true,"href":"https:\/\/planikafires.shop\/cs\/wp-json\/wp\/v2\/product_tag?post=13033"}],"curies":[{"name":"wp","href":"https:\/\/api.w.org\/{rel}","templated":true}]}}