{"id":13163,"date":"2025-03-05T13:59:24","date_gmt":"2025-03-05T12:59:24","guid":{"rendered":"https:\/\/planikafires.shop\/produkt\/stella-automatic\/"},"modified":"2025-03-05T13:59:24","modified_gmt":"2025-03-05T12:59:24","slug":"stella-automatic","status":"publish","type":"product","link":"https:\/\/planikafires.shop\/cs\/produkt\/stella-automatic\/","title":{"rendered":"Stella Automatic"},"content":{"rendered":"<ul>\n<li>Plynov\u00e9 ohni\u0161t\u011b pro zemn\u00ed plyn \/ LPG<\/li>\n<li>Pouze na vn\u011bj\u0161\u00ed pou\u017eit\u00ed<\/li>\n<li>Voln\u011b stoj\u00edc\u00ed za\u0159\u00edzen\u00ed &#8211; kruhov\u00fd ho\u0159\u00e1k<\/li>\n<li>Varianty: \u00d8 500 \/ 600 \/ 800 mm<\/li>\n<li>Nastaviteln\u00e1 v\u00fd\u0161ka plamene<\/li>\n<li>Integrovan\u00fd ovl\u00e1dac\u00ed panel a intuitivn\u00ed ovl\u00e1d\u00e1n\u00ed<\/li>\n<li>Bezpe\u010dnostn\u00ed senzory<\/li>\n<li>Nen\u00ed t\u0159eba elektrick\u00e9 p\u0159ipojen\u00ed<\/li>\n<li>CE certifikovan\u00fd syst\u00e9m ovl\u00e1d\u00e1n\u00ed<\/li>\n<li>Povrchov\u00e1 \u00faprava: pr\u00e1\u0161kov\u011b lakovan\u00e1 \u010dern\u011b pozinkovan\u00e1 ocel<\/li>\n<li>Ho\u0159\u00e1k je vodot\u011bsn\u00fd, robustn\u00ed a navr\u017een\u00fd tak, aby odolal nep\u0159\u00edzniv\u00fdm pov\u011btrnostn\u00edm podm\u00ednk\u00e1m.<\/li>\n<li>P\u0159\u00edslu\u0161enstv\u00ed: \u010dern\u00fd sklen\u011bn\u00fd \u0161t\u011brk<\/li>\n<li><strong>Automatick\u00e9 ovl\u00e1d\u00e1n\u00ed<\/strong><\/li>\n<li>D\u00e1lkov\u00e9 ovl\u00e1d\u00e1n\u00ed v cen\u011b<\/li>\n<li>Ovl\u00e1d\u00e1n\u00ed mobiln\u00ed aplikaci<\/li>\n<li>Kompatibiln\u00ed se Smart Home System<\/li>\n<\/ul>\n<h4><strong>DODAC\u00cd DOBA: 15 pracovn\u00edch dn\u00ed<\/strong><\/h4>\n<p>&nbsp;<\/p>\n<h4><strong>PARAMETRY:<\/strong><\/h4>\n<ul>\n<li>v\u00fdkon (LPG): 5,1 \/ 12,6 \/ 17,3 kW<\/li>\n<li>v\u00fdkon (ZP): 5,6 \/ 7,9 \/ 16,4 kW<\/li>\n<li>spot\u0159eba LPG: 0,4 \/ 0,98 \/ 1,35 kg\/hod<\/li>\n<li>spotreba ZP: 0,5 \/ 0,71 \/ 1,47 m<sup>3 <\/sup>\/hod<\/li>\n<li>tlak LPG: 37 mbar<\/li>\n<li>tlak ZP: 20 mbar<\/li>\n<li>d\u00e1lkov\u00e9 ovl\u00e1d\u00e1n\u00ed: baterie 2x 1,5V (AAA)<\/li>\n<li>p\u0159ij\u00edma\u010d: baterie 4x 1,5V (AA)<\/li>\n<li>d\u00e9lka plynov\u00e9 hadice: 4 m<\/li>\n<li>rozm\u011bry (\u00d8 x V): 500 x 289 mm<\/li>\n<li>rozm\u011bry (\u00d8 x V): 600 x 255 mm<\/li>\n<li>rozm\u011bry (\u00d8 x V): 800 x 300 mm<\/li>\n<\/ul>\n","protected":false},"excerpt":{"rendered":"<p>Plynov\u00e9 ohni\u0161t\u011b na LPG pro venkovn\u00ed terasy nab\u00edz\u00ed okam\u017eit\u00e9 teplo a atmosf\u00e9ru se snadn\u00fdm zapalov\u00e1n\u00edm, tak\u017ee nen\u00ed t\u0159eba pou\u017e\u00edvat d\u0159evo. Je \u0161etrn\u00e9 k \u017eivotn\u00edmu prost\u0159ed\u00ed. Estetick\u00fd dopln\u011bk, kter\u00fd zv\u00fd\u0161\u00ed pohodl\u00ed a styl ka\u017ed\u00e9ho venkovn\u00edho prostoru.  <\/p>\n","protected":false},"featured_media":13143,"template":"","meta":{"_acf_changed":false},"product_brand":[],"product_cat":[185,181],"product_tag":[],"class_list":{"0":"post-13163","1":"product","2":"type-product","3":"status-publish","4":"has-post-thumbnail","6":"product_cat-krbove-vlozky-cs","7":"product_cat-plyn-cs","8":"product_shipping_class-1-2-paleta-cs","10":"first","11":"onbackorder","12":"taxable","13":"shipping-taxable","14":"purchasable","15":"product-type-variable","16":"has-default-attributes"},"acf":[],"yoast_head":"<!-- This site is optimized with the Yoast SEO plugin v24.2 - https:\/\/yoast.com\/wordpress\/plugins\/seo\/ -->\n<title>Stella Automatic | Planika<\/title>\n<meta name=\"robots\" content=\"index, follow, max-snippet:-1, max-image-preview:large, max-video-preview:-1\" \/>\n<link rel=\"canonical\" href=\"https:\/\/planikafires.shop\/produkt\/stella-automatic\/\" \/>\n<meta property=\"og:locale\" content=\"cs_CZ\" \/>\n<meta property=\"og:type\" content=\"article\" \/>\n<meta property=\"og:title\" content=\"Stella Automatic | Planika\" \/>\n<meta property=\"og:description\" content=\"Plynov\u00e9 ohni\u0161t\u011b na LPG pro venkovn\u00ed terasy nab\u00edz\u00ed okam\u017eit\u00e9 teplo a atmosf\u00e9ru se snadn\u00fdm zapalov\u00e1n\u00edm, tak\u017ee nen\u00ed t\u0159eba pou\u017e\u00edvat d\u0159evo. Je \u0161etrn\u00e9 k \u017eivotn\u00edmu prost\u0159ed\u00ed. Estetick\u00fd dopln\u011bk, kter\u00fd zv\u00fd\u0161\u00ed pohodl\u00ed a styl ka\u017ed\u00e9ho venkovn\u00edho prostoru.\" \/>\n<meta property=\"og:url\" content=\"https:\/\/planikafires.shop\/produkt\/stella-automatic\/\" \/>\n<meta property=\"og:site_name\" content=\"Planika\" \/>\n<meta property=\"og:image\" content=\"https:\/\/planikafires.shop\/wp-content\/uploads\/2023\/08\/Planika-Casa_Bodhi_Event-121.jpg\" \/>\n\t<meta property=\"og:image:width\" content=\"1920\" \/>\n\t<meta property=\"og:image:height\" content=\"1281\" \/>\n\t<meta property=\"og:image:type\" content=\"image\/jpeg\" \/>\n<meta name=\"twitter:card\" content=\"summary_large_image\" \/>\n<meta name=\"twitter:label1\" content=\"Odhadovan\u00e1 doba \u010dten\u00ed\" \/>\n\t<meta name=\"twitter:data1\" content=\"1 minuta\" \/>\n<script type=\"application\/ld+json\" class=\"yoast-schema-graph\">{\"@context\":\"https:\/\/schema.org\",\"@graph\":[{\"@type\":\"WebPage\",\"@id\":\"https:\/\/planikafires.shop\/produkt\/stella-automatic\/\",\"url\":\"https:\/\/planikafires.shop\/produkt\/stella-automatic\/\",\"name\":\"Stella Automatic | Planika\",\"isPartOf\":{\"@id\":\"https:\/\/planikafires.shop\/cs\/#website\"},\"primaryImageOfPage\":{\"@id\":\"https:\/\/planikafires.shop\/produkt\/stella-automatic\/#primaryimage\"},\"image\":{\"@id\":\"https:\/\/planikafires.shop\/produkt\/stella-automatic\/#primaryimage\"},\"thumbnailUrl\":\"https:\/\/planikafires.shop\/wp-content\/uploads\/2025\/03\/Stella_500_Burner_Automatic_1.jpg\",\"datePublished\":\"2025-03-05T12:59:24+00:00\",\"dateModified\":\"2025-03-05T12:59:24+00:00\",\"breadcrumb\":{\"@id\":\"https:\/\/planikafires.shop\/produkt\/stella-automatic\/#breadcrumb\"},\"inLanguage\":\"cs\",\"potentialAction\":[{\"@type\":\"ReadAction\",\"target\":[\"https:\/\/planikafires.shop\/produkt\/stella-automatic\/\"]}]},{\"@type\":\"ImageObject\",\"inLanguage\":\"cs\",\"@id\":\"https:\/\/planikafires.shop\/produkt\/stella-automatic\/#primaryimage\",\"url\":\"https:\/\/planikafires.shop\/wp-content\/uploads\/2025\/03\/Stella_500_Burner_Automatic_1.jpg\",\"contentUrl\":\"https:\/\/planikafires.shop\/wp-content\/uploads\/2025\/03\/Stella_500_Burner_Automatic_1.jpg\",\"width\":1920,\"height\":1440},{\"@type\":\"BreadcrumbList\",\"@id\":\"https:\/\/planikafires.shop\/produkt\/stella-automatic\/#breadcrumb\",\"itemListElement\":[{\"@type\":\"ListItem\",\"position\":1,\"name\":\"Domovsk\u00e1 str\u00e1nka\",\"item\":\"https:\/\/planikafires.shop\/cs\/\"},{\"@type\":\"ListItem\",\"position\":2,\"name\":\"Obchod\",\"item\":\"https:\/\/planikafires.shop\/cs\/shop\/\"},{\"@type\":\"ListItem\",\"position\":3,\"name\":\"Stella Automatic\"}]},{\"@type\":\"WebSite\",\"@id\":\"https:\/\/planikafires.shop\/cs\/#website\",\"url\":\"https:\/\/planikafires.shop\/cs\/\",\"name\":\"Planika\",\"description\":\"Modern\u00e9 rie\u0161enie krbov\",\"publisher\":{\"@id\":\"https:\/\/planikafires.shop\/cs\/#organization\"},\"potentialAction\":[{\"@type\":\"SearchAction\",\"target\":{\"@type\":\"EntryPoint\",\"urlTemplate\":\"https:\/\/planikafires.shop\/cs\/?s={search_term_string}\"},\"query-input\":{\"@type\":\"PropertyValueSpecification\",\"valueRequired\":true,\"valueName\":\"search_term_string\"}}],\"inLanguage\":\"cs\"},{\"@type\":\"Organization\",\"@id\":\"https:\/\/planikafires.shop\/cs\/#organization\",\"name\":\"Planika\",\"url\":\"https:\/\/planikafires.shop\/cs\/\",\"logo\":{\"@type\":\"ImageObject\",\"inLanguage\":\"cs\",\"@id\":\"https:\/\/planikafires.shop\/cs\/#\/schema\/logo\/image\/\",\"url\":\"https:\/\/planikafires.shop\/wp-content\/uploads\/2022\/06\/logo.png\",\"contentUrl\":\"https:\/\/planikafires.shop\/wp-content\/uploads\/2022\/06\/logo.png\",\"width\":191,\"height\":78,\"caption\":\"Planika\"},\"image\":{\"@id\":\"https:\/\/planikafires.shop\/cs\/#\/schema\/logo\/image\/\"}}]}<\/script>\n<!-- \/ Yoast SEO plugin. -->","yoast_head_json":{"title":"Stella Automatic | Planika","robots":{"index":"index","follow":"follow","max-snippet":"max-snippet:-1","max-image-preview":"max-image-preview:large","max-video-preview":"max-video-preview:-1"},"canonical":"https:\/\/planikafires.shop\/produkt\/stella-automatic\/","og_locale":"cs_CZ","og_type":"article","og_title":"Stella Automatic | Planika","og_description":"Plynov\u00e9 ohni\u0161t\u011b na LPG pro venkovn\u00ed terasy nab\u00edz\u00ed okam\u017eit\u00e9 teplo a atmosf\u00e9ru se snadn\u00fdm zapalov\u00e1n\u00edm, tak\u017ee nen\u00ed t\u0159eba pou\u017e\u00edvat d\u0159evo. Je \u0161etrn\u00e9 k \u017eivotn\u00edmu prost\u0159ed\u00ed. Estetick\u00fd dopln\u011bk, kter\u00fd zv\u00fd\u0161\u00ed pohodl\u00ed a styl ka\u017ed\u00e9ho venkovn\u00edho prostoru.","og_url":"https:\/\/planikafires.shop\/produkt\/stella-automatic\/","og_site_name":"Planika","og_image":[{"width":1920,"height":1281,"url":"https:\/\/planikafires.shop\/wp-content\/uploads\/2023\/08\/Planika-Casa_Bodhi_Event-121.jpg","type":"image\/jpeg"}],"twitter_card":"summary_large_image","twitter_misc":{"Odhadovan\u00e1 doba \u010dten\u00ed":"1 minuta"},"schema":{"@context":"https:\/\/schema.org","@graph":[{"@type":"WebPage","@id":"https:\/\/planikafires.shop\/produkt\/stella-automatic\/","url":"https:\/\/planikafires.shop\/produkt\/stella-automatic\/","name":"Stella Automatic | Planika","isPartOf":{"@id":"https:\/\/planikafires.shop\/cs\/#website"},"primaryImageOfPage":{"@id":"https:\/\/planikafires.shop\/produkt\/stella-automatic\/#primaryimage"},"image":{"@id":"https:\/\/planikafires.shop\/produkt\/stella-automatic\/#primaryimage"},"thumbnailUrl":"https:\/\/planikafires.shop\/wp-content\/uploads\/2025\/03\/Stella_500_Burner_Automatic_1.jpg","datePublished":"2025-03-05T12:59:24+00:00","dateModified":"2025-03-05T12:59:24+00:00","breadcrumb":{"@id":"https:\/\/planikafires.shop\/produkt\/stella-automatic\/#breadcrumb"},"inLanguage":"cs","potentialAction":[{"@type":"ReadAction","target":["https:\/\/planikafires.shop\/produkt\/stella-automatic\/"]}]},{"@type":"ImageObject","inLanguage":"cs","@id":"https:\/\/planikafires.shop\/produkt\/stella-automatic\/#primaryimage","url":"https:\/\/planikafires.shop\/wp-content\/uploads\/2025\/03\/Stella_500_Burner_Automatic_1.jpg","contentUrl":"https:\/\/planikafires.shop\/wp-content\/uploads\/2025\/03\/Stella_500_Burner_Automatic_1.jpg","width":1920,"height":1440},{"@type":"BreadcrumbList","@id":"https:\/\/planikafires.shop\/produkt\/stella-automatic\/#breadcrumb","itemListElement":[{"@type":"ListItem","position":1,"name":"Domovsk\u00e1 str\u00e1nka","item":"https:\/\/planikafires.shop\/cs\/"},{"@type":"ListItem","position":2,"name":"Obchod","item":"https:\/\/planikafires.shop\/cs\/shop\/"},{"@type":"ListItem","position":3,"name":"Stella Automatic"}]},{"@type":"WebSite","@id":"https:\/\/planikafires.shop\/cs\/#website","url":"https:\/\/planikafires.shop\/cs\/","name":"Planika","description":"Modern\u00e9 rie\u0161enie krbov","publisher":{"@id":"https:\/\/planikafires.shop\/cs\/#organization"},"potentialAction":[{"@type":"SearchAction","target":{"@type":"EntryPoint","urlTemplate":"https:\/\/planikafires.shop\/cs\/?s={search_term_string}"},"query-input":{"@type":"PropertyValueSpecification","valueRequired":true,"valueName":"search_term_string"}}],"inLanguage":"cs"},{"@type":"Organization","@id":"https:\/\/planikafires.shop\/cs\/#organization","name":"Planika","url":"https:\/\/planikafires.shop\/cs\/","logo":{"@type":"ImageObject","inLanguage":"cs","@id":"https:\/\/planikafires.shop\/cs\/#\/schema\/logo\/image\/","url":"https:\/\/planikafires.shop\/wp-content\/uploads\/2022\/06\/logo.png","contentUrl":"https:\/\/planikafires.shop\/wp-content\/uploads\/2022\/06\/logo.png","width":191,"height":78,"caption":"Planika"},"image":{"@id":"https:\/\/planikafires.shop\/cs\/#\/schema\/logo\/image\/"}}]}},"_links":{"self":[{"href":"https:\/\/planikafires.shop\/cs\/wp-json\/wp\/v2\/product\/13163","targetHints":{"allow":["GET"]}}],"collection":[{"href":"https:\/\/planikafires.shop\/cs\/wp-json\/wp\/v2\/product"}],"about":[{"href":"https:\/\/planikafires.shop\/cs\/wp-json\/wp\/v2\/types\/product"}],"version-history":[{"count":1,"href":"https:\/\/planikafires.shop\/cs\/wp-json\/wp\/v2\/product\/13163\/revisions"}],"predecessor-version":[{"id":13207,"href":"https:\/\/planikafires.shop\/cs\/wp-json\/wp\/v2\/product\/13163\/revisions\/13207"}],"wp:featuredmedia":[{"embeddable":true,"href":"https:\/\/planikafires.shop\/cs\/wp-json\/wp\/v2\/media\/13143"}],"wp:attachment":[{"href":"https:\/\/planikafires.shop\/cs\/wp-json\/wp\/v2\/media?parent=13163"}],"wp:term":[{"taxonomy":"product_brand","embeddable":true,"href":"https:\/\/planikafires.shop\/cs\/wp-json\/wp\/v2\/product_brand?post=13163"},{"taxonomy":"product_cat","embeddable":true,"href":"https:\/\/planikafires.shop\/cs\/wp-json\/wp\/v2\/product_cat?post=13163"},{"taxonomy":"product_tag","embeddable":true,"href":"https:\/\/planikafires.shop\/cs\/wp-json\/wp\/v2\/product_tag?post=13163"}],"curies":[{"name":"wp","href":"https:\/\/api.w.org\/{rel}","templated":true}]}}