{"id":13239,"date":"2025-03-24T13:58:47","date_gmt":"2025-03-24T12:58:47","guid":{"rendered":"https:\/\/planikafires.shop\/produkt\/galio-insert-automatic\/"},"modified":"2025-03-24T13:58:47","modified_gmt":"2025-03-24T12:58:47","slug":"galio-insert-automatic","status":"publish","type":"product","link":"https:\/\/planikafires.shop\/cs\/produkt\/galio-insert-automatic\/","title":{"rendered":"Galio Insert Automatic"},"content":{"rendered":"<ul>\n<li>Plynov\u00e9 ohni\u0161t\u011b (insert) na zemn\u00ed plyn\/prop\u00e1n-but\u00e1n<\/li>\n<li>Verze: 1000 \/ 2000 mm<\/li>\n<li>Pouze na vn\u011bj\u0161\u00ed pou\u017eit\u00ed<\/li>\n<li>Voln\u011b stoj\u00edc\u00ed za\u0159\u00edzen\u00ed<\/li>\n<li>Nastaviteln\u00e1 v\u00fd\u0161ka plamene<\/li>\n<li>Bezpe\u010dnostn\u00ed senzory<\/li>\n<li>Nen\u00ed t\u0159eba elektrick\u00e9 p\u0159ipojen\u00ed<\/li>\n<li>CE certifikovan\u00fd syst\u00e9m ovl\u00e1d\u00e1n\u00ed<\/li>\n<li>Povrchov\u00e1 \u00faprava: brou\u0161en\u00e1 nerez<\/li>\n<li>ovl\u00e1d\u00e1n\u00ed <strong>AUTOMATICK\u00c9 <\/strong>(d\u00e1lkov\u00e9 ovl\u00e1d\u00e1n\u00ed nebo pomoc\u00ed aplikace)<\/li>\n<li>kompatibiln\u00ed se Smart Home System<\/li>\n<li>WI-FI voliteln\u011b<\/li>\n<\/ul>\n<h4><strong>DODAC\u00cd DOBA: 15 pracovn\u00edch dn\u00ed<\/strong><\/h4>\n<p>&nbsp;<\/p>\n<h4><strong>PARAMETRY 1000 mm:<\/strong><\/h4>\n<ul>\n<li>ZP\/LPG<\/li>\n<li>v\u00fdkon: 9,4 \/ 11,8 kW<\/li>\n<li>Spot\u0159eba zemn\u00edho plynu: max 1,00 m<sup>3<\/sup>\/hod.<\/li>\n<li>Spot\u0159eba LPG: 0,93 kg\/hod.<\/li>\n<li>rozm\u011bry (\u0160xVxH): 1027 x 260 x 230 mm<\/li>\n<\/ul>\n<h4><strong>PARAMETRY 2000 mm:<\/strong><\/h4>\n<ul>\n<li>ZP\/LPG<\/li>\n<li>v\u00fdkon: 16,5 \/ 16,5 kW<\/li>\n<li>Spot\u0159eba zemn\u00edho plynu: max 1,75 m<sup>3<\/sup>\/hod.<\/li>\n<li>Spot\u0159eba LPG: 0,1,30 kg\/hod.<\/li>\n<li>rozm\u011bry (\u0160xVxH): 2000 x 260 x 230 mm<\/li>\n<\/ul>\n","protected":false},"excerpt":{"rendered":"<p>Plynov\u00e9 ohni\u0161t\u011b (insert) na zemn\u00ed plyn\/prop\u00e1n-but\u00e1n Verze: 1000 \/ 2000 mm Pouze na vn\u011bj\u0161\u00ed pou\u017eit\u00ed Voln\u011b stoj\u00edc\u00ed za\u0159\u00edzen\u00ed Nastaviteln\u00e1 v\u00fd\u0161ka plamene Bezpe\u010dnostn\u00ed senzory Nen\u00ed t\u0159eba elektrick\u00e9 p\u0159ipojen\u00ed CE certifikovan\u00fd syst\u00e9m ovl\u00e1d\u00e1n\u00ed Povrchov\u00e1 \u00faprava: brou\u0161en\u00e1 nerez ovl\u00e1d\u00e1n\u00ed AUTOMATICK\u00c9 (d\u00e1lkov\u00e9 ovl\u00e1d\u00e1n\u00ed nebo pomoc\u00ed aplikace) kompatibiln\u00ed se Smart Home System WI-FI voliteln\u011b DODAC\u00cd DOBA: 15 pracovn\u00edch dn\u00ed &nbsp; [&hellip;]<\/p>\n","protected":false},"featured_media":13233,"template":"","meta":{"_acf_changed":false},"product_brand":[],"product_cat":[185,181],"product_tag":[],"class_list":{"0":"post-13239","1":"product","2":"type-product","3":"status-publish","4":"has-post-thumbnail","6":"product_cat-krbove-vlozky-cs","7":"product_cat-plyn-cs","8":"product_shipping_class-1-paleta-cs","10":"first","11":"outofstock","12":"taxable","13":"shipping-taxable","14":"purchasable","15":"product-type-variable","16":"has-default-attributes"},"acf":[],"yoast_head":"<!-- This site is optimized with the Yoast SEO plugin v24.2 - https:\/\/yoast.com\/wordpress\/plugins\/seo\/ -->\n<title>Galio Insert Automatic | Planika<\/title>\n<meta name=\"robots\" content=\"index, follow, max-snippet:-1, max-image-preview:large, max-video-preview:-1\" \/>\n<link rel=\"canonical\" href=\"https:\/\/planikafires.shop\/produkt\/galio-insert-automatic\/\" \/>\n<meta property=\"og:locale\" content=\"cs_CZ\" \/>\n<meta property=\"og:type\" content=\"article\" \/>\n<meta property=\"og:title\" content=\"Galio Insert Automatic | Planika\" \/>\n<meta property=\"og:description\" content=\"Plynov\u00e9 ohni\u0161t\u011b (insert) na zemn\u00ed plyn\/prop\u00e1n-but\u00e1n Verze: 1000 \/ 2000 mm Pouze na vn\u011bj\u0161\u00ed pou\u017eit\u00ed Voln\u011b stoj\u00edc\u00ed za\u0159\u00edzen\u00ed Nastaviteln\u00e1 v\u00fd\u0161ka plamene Bezpe\u010dnostn\u00ed senzory Nen\u00ed t\u0159eba elektrick\u00e9 p\u0159ipojen\u00ed CE certifikovan\u00fd syst\u00e9m ovl\u00e1d\u00e1n\u00ed Povrchov\u00e1 \u00faprava: brou\u0161en\u00e1 nerez ovl\u00e1d\u00e1n\u00ed AUTOMATICK\u00c9 (d\u00e1lkov\u00e9 ovl\u00e1d\u00e1n\u00ed nebo pomoc\u00ed aplikace) kompatibiln\u00ed se Smart Home System WI-FI voliteln\u011b DODAC\u00cd DOBA: 15 pracovn\u00edch dn\u00ed &nbsp; [&hellip;]\" \/>\n<meta property=\"og:url\" content=\"https:\/\/planikafires.shop\/produkt\/galio-insert-automatic\/\" \/>\n<meta property=\"og:site_name\" content=\"Planika\" \/>\n<meta property=\"og:image\" content=\"https:\/\/planikafires.shop\/wp-content\/uploads\/2023\/08\/Planika-Casa_Bodhi_Event-121.jpg\" \/>\n\t<meta property=\"og:image:width\" content=\"1920\" \/>\n\t<meta property=\"og:image:height\" content=\"1281\" \/>\n\t<meta property=\"og:image:type\" content=\"image\/jpeg\" \/>\n<meta name=\"twitter:card\" content=\"summary_large_image\" \/>\n<meta name=\"twitter:label1\" content=\"Odhadovan\u00e1 doba \u010dten\u00ed\" \/>\n\t<meta name=\"twitter:data1\" content=\"1 minuta\" \/>\n<script type=\"application\/ld+json\" class=\"yoast-schema-graph\">{\"@context\":\"https:\/\/schema.org\",\"@graph\":[{\"@type\":\"WebPage\",\"@id\":\"https:\/\/planikafires.shop\/produkt\/galio-insert-automatic\/\",\"url\":\"https:\/\/planikafires.shop\/produkt\/galio-insert-automatic\/\",\"name\":\"Galio Insert Automatic | Planika\",\"isPartOf\":{\"@id\":\"https:\/\/planikafires.shop\/cs\/#website\"},\"primaryImageOfPage\":{\"@id\":\"https:\/\/planikafires.shop\/produkt\/galio-insert-automatic\/#primaryimage\"},\"image\":{\"@id\":\"https:\/\/planikafires.shop\/produkt\/galio-insert-automatic\/#primaryimage\"},\"thumbnailUrl\":\"https:\/\/planikafires.shop\/wp-content\/uploads\/2025\/03\/galio-insert-automatic.jpg\",\"datePublished\":\"2025-03-24T12:58:47+00:00\",\"dateModified\":\"2025-03-24T12:58:47+00:00\",\"breadcrumb\":{\"@id\":\"https:\/\/planikafires.shop\/produkt\/galio-insert-automatic\/#breadcrumb\"},\"inLanguage\":\"cs\",\"potentialAction\":[{\"@type\":\"ReadAction\",\"target\":[\"https:\/\/planikafires.shop\/produkt\/galio-insert-automatic\/\"]}]},{\"@type\":\"ImageObject\",\"inLanguage\":\"cs\",\"@id\":\"https:\/\/planikafires.shop\/produkt\/galio-insert-automatic\/#primaryimage\",\"url\":\"https:\/\/planikafires.shop\/wp-content\/uploads\/2025\/03\/galio-insert-automatic.jpg\",\"contentUrl\":\"https:\/\/planikafires.shop\/wp-content\/uploads\/2025\/03\/galio-insert-automatic.jpg\",\"width\":1920,\"height\":1354},{\"@type\":\"BreadcrumbList\",\"@id\":\"https:\/\/planikafires.shop\/produkt\/galio-insert-automatic\/#breadcrumb\",\"itemListElement\":[{\"@type\":\"ListItem\",\"position\":1,\"name\":\"Domovsk\u00e1 str\u00e1nka\",\"item\":\"https:\/\/planikafires.shop\/cs\/\"},{\"@type\":\"ListItem\",\"position\":2,\"name\":\"Obchod\",\"item\":\"https:\/\/planikafires.shop\/cs\/shop\/\"},{\"@type\":\"ListItem\",\"position\":3,\"name\":\"Galio Insert Automatic\"}]},{\"@type\":\"WebSite\",\"@id\":\"https:\/\/planikafires.shop\/cs\/#website\",\"url\":\"https:\/\/planikafires.shop\/cs\/\",\"name\":\"Planika\",\"description\":\"Modern\u00e9 rie\u0161enie krbov\",\"publisher\":{\"@id\":\"https:\/\/planikafires.shop\/cs\/#organization\"},\"potentialAction\":[{\"@type\":\"SearchAction\",\"target\":{\"@type\":\"EntryPoint\",\"urlTemplate\":\"https:\/\/planikafires.shop\/cs\/?s={search_term_string}\"},\"query-input\":{\"@type\":\"PropertyValueSpecification\",\"valueRequired\":true,\"valueName\":\"search_term_string\"}}],\"inLanguage\":\"cs\"},{\"@type\":\"Organization\",\"@id\":\"https:\/\/planikafires.shop\/cs\/#organization\",\"name\":\"Planika\",\"url\":\"https:\/\/planikafires.shop\/cs\/\",\"logo\":{\"@type\":\"ImageObject\",\"inLanguage\":\"cs\",\"@id\":\"https:\/\/planikafires.shop\/cs\/#\/schema\/logo\/image\/\",\"url\":\"https:\/\/planikafires.shop\/wp-content\/uploads\/2022\/06\/logo.png\",\"contentUrl\":\"https:\/\/planikafires.shop\/wp-content\/uploads\/2022\/06\/logo.png\",\"width\":191,\"height\":78,\"caption\":\"Planika\"},\"image\":{\"@id\":\"https:\/\/planikafires.shop\/cs\/#\/schema\/logo\/image\/\"}}]}<\/script>\n<!-- \/ Yoast SEO plugin. -->","yoast_head_json":{"title":"Galio Insert Automatic | Planika","robots":{"index":"index","follow":"follow","max-snippet":"max-snippet:-1","max-image-preview":"max-image-preview:large","max-video-preview":"max-video-preview:-1"},"canonical":"https:\/\/planikafires.shop\/produkt\/galio-insert-automatic\/","og_locale":"cs_CZ","og_type":"article","og_title":"Galio Insert Automatic | Planika","og_description":"Plynov\u00e9 ohni\u0161t\u011b (insert) na zemn\u00ed plyn\/prop\u00e1n-but\u00e1n Verze: 1000 \/ 2000 mm Pouze na vn\u011bj\u0161\u00ed pou\u017eit\u00ed Voln\u011b stoj\u00edc\u00ed za\u0159\u00edzen\u00ed Nastaviteln\u00e1 v\u00fd\u0161ka plamene Bezpe\u010dnostn\u00ed senzory Nen\u00ed t\u0159eba elektrick\u00e9 p\u0159ipojen\u00ed CE certifikovan\u00fd syst\u00e9m ovl\u00e1d\u00e1n\u00ed Povrchov\u00e1 \u00faprava: brou\u0161en\u00e1 nerez ovl\u00e1d\u00e1n\u00ed AUTOMATICK\u00c9 (d\u00e1lkov\u00e9 ovl\u00e1d\u00e1n\u00ed nebo pomoc\u00ed aplikace) kompatibiln\u00ed se Smart Home System WI-FI voliteln\u011b DODAC\u00cd DOBA: 15 pracovn\u00edch dn\u00ed &nbsp; [&hellip;]","og_url":"https:\/\/planikafires.shop\/produkt\/galio-insert-automatic\/","og_site_name":"Planika","og_image":[{"width":1920,"height":1281,"url":"https:\/\/planikafires.shop\/wp-content\/uploads\/2023\/08\/Planika-Casa_Bodhi_Event-121.jpg","type":"image\/jpeg"}],"twitter_card":"summary_large_image","twitter_misc":{"Odhadovan\u00e1 doba \u010dten\u00ed":"1 minuta"},"schema":{"@context":"https:\/\/schema.org","@graph":[{"@type":"WebPage","@id":"https:\/\/planikafires.shop\/produkt\/galio-insert-automatic\/","url":"https:\/\/planikafires.shop\/produkt\/galio-insert-automatic\/","name":"Galio Insert Automatic | Planika","isPartOf":{"@id":"https:\/\/planikafires.shop\/cs\/#website"},"primaryImageOfPage":{"@id":"https:\/\/planikafires.shop\/produkt\/galio-insert-automatic\/#primaryimage"},"image":{"@id":"https:\/\/planikafires.shop\/produkt\/galio-insert-automatic\/#primaryimage"},"thumbnailUrl":"https:\/\/planikafires.shop\/wp-content\/uploads\/2025\/03\/galio-insert-automatic.jpg","datePublished":"2025-03-24T12:58:47+00:00","dateModified":"2025-03-24T12:58:47+00:00","breadcrumb":{"@id":"https:\/\/planikafires.shop\/produkt\/galio-insert-automatic\/#breadcrumb"},"inLanguage":"cs","potentialAction":[{"@type":"ReadAction","target":["https:\/\/planikafires.shop\/produkt\/galio-insert-automatic\/"]}]},{"@type":"ImageObject","inLanguage":"cs","@id":"https:\/\/planikafires.shop\/produkt\/galio-insert-automatic\/#primaryimage","url":"https:\/\/planikafires.shop\/wp-content\/uploads\/2025\/03\/galio-insert-automatic.jpg","contentUrl":"https:\/\/planikafires.shop\/wp-content\/uploads\/2025\/03\/galio-insert-automatic.jpg","width":1920,"height":1354},{"@type":"BreadcrumbList","@id":"https:\/\/planikafires.shop\/produkt\/galio-insert-automatic\/#breadcrumb","itemListElement":[{"@type":"ListItem","position":1,"name":"Domovsk\u00e1 str\u00e1nka","item":"https:\/\/planikafires.shop\/cs\/"},{"@type":"ListItem","position":2,"name":"Obchod","item":"https:\/\/planikafires.shop\/cs\/shop\/"},{"@type":"ListItem","position":3,"name":"Galio Insert Automatic"}]},{"@type":"WebSite","@id":"https:\/\/planikafires.shop\/cs\/#website","url":"https:\/\/planikafires.shop\/cs\/","name":"Planika","description":"Modern\u00e9 rie\u0161enie krbov","publisher":{"@id":"https:\/\/planikafires.shop\/cs\/#organization"},"potentialAction":[{"@type":"SearchAction","target":{"@type":"EntryPoint","urlTemplate":"https:\/\/planikafires.shop\/cs\/?s={search_term_string}"},"query-input":{"@type":"PropertyValueSpecification","valueRequired":true,"valueName":"search_term_string"}}],"inLanguage":"cs"},{"@type":"Organization","@id":"https:\/\/planikafires.shop\/cs\/#organization","name":"Planika","url":"https:\/\/planikafires.shop\/cs\/","logo":{"@type":"ImageObject","inLanguage":"cs","@id":"https:\/\/planikafires.shop\/cs\/#\/schema\/logo\/image\/","url":"https:\/\/planikafires.shop\/wp-content\/uploads\/2022\/06\/logo.png","contentUrl":"https:\/\/planikafires.shop\/wp-content\/uploads\/2022\/06\/logo.png","width":191,"height":78,"caption":"Planika"},"image":{"@id":"https:\/\/planikafires.shop\/cs\/#\/schema\/logo\/image\/"}}]}},"_links":{"self":[{"href":"https:\/\/planikafires.shop\/cs\/wp-json\/wp\/v2\/product\/13239","targetHints":{"allow":["GET"]}}],"collection":[{"href":"https:\/\/planikafires.shop\/cs\/wp-json\/wp\/v2\/product"}],"about":[{"href":"https:\/\/planikafires.shop\/cs\/wp-json\/wp\/v2\/types\/product"}],"version-history":[{"count":0,"href":"https:\/\/planikafires.shop\/cs\/wp-json\/wp\/v2\/product\/13239\/revisions"}],"wp:featuredmedia":[{"embeddable":true,"href":"https:\/\/planikafires.shop\/cs\/wp-json\/wp\/v2\/media\/13233"}],"wp:attachment":[{"href":"https:\/\/planikafires.shop\/cs\/wp-json\/wp\/v2\/media?parent=13239"}],"wp:term":[{"taxonomy":"product_brand","embeddable":true,"href":"https:\/\/planikafires.shop\/cs\/wp-json\/wp\/v2\/product_brand?post=13239"},{"taxonomy":"product_cat","embeddable":true,"href":"https:\/\/planikafires.shop\/cs\/wp-json\/wp\/v2\/product_cat?post=13239"},{"taxonomy":"product_tag","embeddable":true,"href":"https:\/\/planikafires.shop\/cs\/wp-json\/wp\/v2\/product_tag?post=13239"}],"curies":[{"name":"wp","href":"https:\/\/api.w.org\/{rel}","templated":true}]}}