{"id":13248,"date":"2025-03-24T14:39:49","date_gmt":"2025-03-24T13:39:49","guid":{"rendered":"https:\/\/planikafires.shop\/produkt\/galio-insert-manual\/"},"modified":"2025-03-24T14:39:49","modified_gmt":"2025-03-24T13:39:49","slug":"galio-insert-manual","status":"publish","type":"product","link":"https:\/\/planikafires.shop\/cs\/produkt\/galio-insert-manual\/","title":{"rendered":"Galio Insert Manual"},"content":{"rendered":"<ul>\n<li>Plynov\u00e9 ohni\u0161t\u011b (insert) na zemn\u00ed plyn\/prop\u00e1n-but\u00e1n<\/li>\n<li>Verze: 1160 mm<\/li>\n<li>Pouze na vn\u011bj\u0161\u00ed pou\u017eit\u00ed<\/li>\n<li>Voln\u011b stoj\u00edc\u00ed za\u0159\u00edzen\u00ed<\/li>\n<li>Nastaviteln\u00e1 v\u00fd\u0161ka plamene<\/li>\n<li>Bezpe\u010dnostn\u00ed senzory<\/li>\n<li>Nen\u00ed t\u0159eba elektrick\u00e9 p\u0159ipojen\u00ed<\/li>\n<li>CE certifikovan\u00fd syst\u00e9m ovl\u00e1d\u00e1n\u00ed<\/li>\n<li>Povrchov\u00e1 \u00faprava: brou\u0161en\u00e1 nerez<\/li>\n<li>ovl\u00e1d\u00e1n\u00ed <strong>MANU\u00c1LN\u011a<\/strong><\/li>\n<\/ul>\n<h4><strong>DODAC\u00cd DOBA: 15 pracovn\u00edch dn\u00ed<\/strong><\/h4>\n<h4><strong>PARAMETRY (manu\u00e1l) 1160 mm:<\/strong><\/h4>\n<ul>\n<li>v\u00fdkon: 13,6 \/ 11,8 kW<\/li>\n<li>Spot\u0159eba zemn\u00edho plynu: max 1,22 m<sup>3<\/sup>\/hod.<\/li>\n<li>Spot\u0159eba LPG: 0,93 kg\/hod.<\/li>\n<li>rozm\u011bry (\u0160xVxH): 1160 x 232 x 230 mm<\/li>\n<li>hmotnost: 13 kg<\/li>\n<\/ul>\n","protected":false},"excerpt":{"rendered":"<p>Plynov\u00e9 ohni\u0161t\u011b (insert) na zemn\u00ed plyn\/prop\u00e1n-but\u00e1n Verze: 1160 mm Pouze na vn\u011bj\u0161\u00ed pou\u017eit\u00ed Voln\u011b stoj\u00edc\u00ed za\u0159\u00edzen\u00ed Nastaviteln\u00e1 v\u00fd\u0161ka plamene Bezpe\u010dnostn\u00ed senzory Nen\u00ed t\u0159eba elektrick\u00e9 p\u0159ipojen\u00ed CE certifikovan\u00fd syst\u00e9m ovl\u00e1d\u00e1n\u00ed Povrchov\u00e1 \u00faprava: brou\u0161en\u00e1 nerez ovl\u00e1d\u00e1n\u00ed MANU\u00c1LN\u011a DODAC\u00cd DOBA: 15 pracovn\u00edch dn\u00ed PARAMETRY (manu\u00e1l) 1160 mm: v\u00fdkon: 13,6 \/ 11,8 kW Spot\u0159eba zemn\u00edho plynu: max 1,22 m3\/hod. [&hellip;]<\/p>\n","protected":false},"featured_media":13245,"template":"","meta":{"_acf_changed":false},"product_brand":[],"product_cat":[185,181],"product_tag":[],"class_list":{"0":"post-13248","1":"product","2":"type-product","3":"status-publish","4":"has-post-thumbnail","6":"product_cat-krbove-vlozky-cs","7":"product_cat-plyn-cs","8":"product_shipping_class-1-paleta-cs","10":"first","11":"outofstock","12":"taxable","13":"shipping-taxable","14":"purchasable","15":"product-type-simple"},"acf":[],"yoast_head":"<!-- This site is optimized with the Yoast SEO plugin v24.2 - https:\/\/yoast.com\/wordpress\/plugins\/seo\/ -->\n<title>Galio Insert Manual | Planika<\/title>\n<meta name=\"robots\" content=\"index, follow, max-snippet:-1, max-image-preview:large, max-video-preview:-1\" \/>\n<link rel=\"canonical\" href=\"https:\/\/planikafires.shop\/produkt\/galio-insert-manual\/\" \/>\n<meta property=\"og:locale\" content=\"cs_CZ\" \/>\n<meta property=\"og:type\" content=\"article\" \/>\n<meta property=\"og:title\" content=\"Galio Insert Manual | Planika\" \/>\n<meta property=\"og:description\" content=\"Plynov\u00e9 ohni\u0161t\u011b (insert) na zemn\u00ed plyn\/prop\u00e1n-but\u00e1n Verze: 1160 mm Pouze na vn\u011bj\u0161\u00ed pou\u017eit\u00ed Voln\u011b stoj\u00edc\u00ed za\u0159\u00edzen\u00ed Nastaviteln\u00e1 v\u00fd\u0161ka plamene Bezpe\u010dnostn\u00ed senzory Nen\u00ed t\u0159eba elektrick\u00e9 p\u0159ipojen\u00ed CE certifikovan\u00fd syst\u00e9m ovl\u00e1d\u00e1n\u00ed Povrchov\u00e1 \u00faprava: brou\u0161en\u00e1 nerez ovl\u00e1d\u00e1n\u00ed MANU\u00c1LN\u011a DODAC\u00cd DOBA: 15 pracovn\u00edch dn\u00ed PARAMETRY (manu\u00e1l) 1160 mm: v\u00fdkon: 13,6 \/ 11,8 kW Spot\u0159eba zemn\u00edho plynu: max 1,22 m3\/hod. [&hellip;]\" \/>\n<meta property=\"og:url\" content=\"https:\/\/planikafires.shop\/produkt\/galio-insert-manual\/\" \/>\n<meta property=\"og:site_name\" content=\"Planika\" \/>\n<meta property=\"og:image\" content=\"https:\/\/planikafires.shop\/wp-content\/uploads\/2023\/08\/Planika-Casa_Bodhi_Event-121.jpg\" \/>\n\t<meta property=\"og:image:width\" content=\"1920\" \/>\n\t<meta property=\"og:image:height\" content=\"1281\" \/>\n\t<meta property=\"og:image:type\" content=\"image\/jpeg\" \/>\n<meta name=\"twitter:card\" content=\"summary_large_image\" \/>\n<script type=\"application\/ld+json\" class=\"yoast-schema-graph\">{\"@context\":\"https:\/\/schema.org\",\"@graph\":[{\"@type\":\"WebPage\",\"@id\":\"https:\/\/planikafires.shop\/produkt\/galio-insert-manual\/\",\"url\":\"https:\/\/planikafires.shop\/produkt\/galio-insert-manual\/\",\"name\":\"Galio Insert Manual | Planika\",\"isPartOf\":{\"@id\":\"https:\/\/planikafires.shop\/cs\/#website\"},\"primaryImageOfPage\":{\"@id\":\"https:\/\/planikafires.shop\/produkt\/galio-insert-manual\/#primaryimage\"},\"image\":{\"@id\":\"https:\/\/planikafires.shop\/produkt\/galio-insert-manual\/#primaryimage\"},\"thumbnailUrl\":\"https:\/\/planikafires.shop\/wp-content\/uploads\/2025\/03\/galio-insert_manual.jpg\",\"datePublished\":\"2025-03-24T13:39:49+00:00\",\"dateModified\":\"2025-03-24T13:39:49+00:00\",\"breadcrumb\":{\"@id\":\"https:\/\/planikafires.shop\/produkt\/galio-insert-manual\/#breadcrumb\"},\"inLanguage\":\"cs\",\"potentialAction\":[{\"@type\":\"ReadAction\",\"target\":[\"https:\/\/planikafires.shop\/produkt\/galio-insert-manual\/\"]}]},{\"@type\":\"ImageObject\",\"inLanguage\":\"cs\",\"@id\":\"https:\/\/planikafires.shop\/produkt\/galio-insert-manual\/#primaryimage\",\"url\":\"https:\/\/planikafires.shop\/wp-content\/uploads\/2025\/03\/galio-insert_manual.jpg\",\"contentUrl\":\"https:\/\/planikafires.shop\/wp-content\/uploads\/2025\/03\/galio-insert_manual.jpg\",\"width\":1920,\"height\":1168},{\"@type\":\"BreadcrumbList\",\"@id\":\"https:\/\/planikafires.shop\/produkt\/galio-insert-manual\/#breadcrumb\",\"itemListElement\":[{\"@type\":\"ListItem\",\"position\":1,\"name\":\"Domovsk\u00e1 str\u00e1nka\",\"item\":\"https:\/\/planikafires.shop\/cs\/\"},{\"@type\":\"ListItem\",\"position\":2,\"name\":\"Obchod\",\"item\":\"https:\/\/planikafires.shop\/cs\/shop\/\"},{\"@type\":\"ListItem\",\"position\":3,\"name\":\"Galio Insert Manual\"}]},{\"@type\":\"WebSite\",\"@id\":\"https:\/\/planikafires.shop\/cs\/#website\",\"url\":\"https:\/\/planikafires.shop\/cs\/\",\"name\":\"Planika\",\"description\":\"Modern\u00e9 rie\u0161enie krbov\",\"publisher\":{\"@id\":\"https:\/\/planikafires.shop\/cs\/#organization\"},\"potentialAction\":[{\"@type\":\"SearchAction\",\"target\":{\"@type\":\"EntryPoint\",\"urlTemplate\":\"https:\/\/planikafires.shop\/cs\/?s={search_term_string}\"},\"query-input\":{\"@type\":\"PropertyValueSpecification\",\"valueRequired\":true,\"valueName\":\"search_term_string\"}}],\"inLanguage\":\"cs\"},{\"@type\":\"Organization\",\"@id\":\"https:\/\/planikafires.shop\/cs\/#organization\",\"name\":\"Planika\",\"url\":\"https:\/\/planikafires.shop\/cs\/\",\"logo\":{\"@type\":\"ImageObject\",\"inLanguage\":\"cs\",\"@id\":\"https:\/\/planikafires.shop\/cs\/#\/schema\/logo\/image\/\",\"url\":\"https:\/\/planikafires.shop\/wp-content\/uploads\/2022\/06\/logo.png\",\"contentUrl\":\"https:\/\/planikafires.shop\/wp-content\/uploads\/2022\/06\/logo.png\",\"width\":191,\"height\":78,\"caption\":\"Planika\"},\"image\":{\"@id\":\"https:\/\/planikafires.shop\/cs\/#\/schema\/logo\/image\/\"}}]}<\/script>\n<!-- \/ Yoast SEO plugin. -->","yoast_head_json":{"title":"Galio Insert Manual | Planika","robots":{"index":"index","follow":"follow","max-snippet":"max-snippet:-1","max-image-preview":"max-image-preview:large","max-video-preview":"max-video-preview:-1"},"canonical":"https:\/\/planikafires.shop\/produkt\/galio-insert-manual\/","og_locale":"cs_CZ","og_type":"article","og_title":"Galio Insert Manual | Planika","og_description":"Plynov\u00e9 ohni\u0161t\u011b (insert) na zemn\u00ed plyn\/prop\u00e1n-but\u00e1n Verze: 1160 mm Pouze na vn\u011bj\u0161\u00ed pou\u017eit\u00ed Voln\u011b stoj\u00edc\u00ed za\u0159\u00edzen\u00ed Nastaviteln\u00e1 v\u00fd\u0161ka plamene Bezpe\u010dnostn\u00ed senzory Nen\u00ed t\u0159eba elektrick\u00e9 p\u0159ipojen\u00ed CE certifikovan\u00fd syst\u00e9m ovl\u00e1d\u00e1n\u00ed Povrchov\u00e1 \u00faprava: brou\u0161en\u00e1 nerez ovl\u00e1d\u00e1n\u00ed MANU\u00c1LN\u011a DODAC\u00cd DOBA: 15 pracovn\u00edch dn\u00ed PARAMETRY (manu\u00e1l) 1160 mm: v\u00fdkon: 13,6 \/ 11,8 kW Spot\u0159eba zemn\u00edho plynu: max 1,22 m3\/hod. [&hellip;]","og_url":"https:\/\/planikafires.shop\/produkt\/galio-insert-manual\/","og_site_name":"Planika","og_image":[{"width":1920,"height":1281,"url":"https:\/\/planikafires.shop\/wp-content\/uploads\/2023\/08\/Planika-Casa_Bodhi_Event-121.jpg","type":"image\/jpeg"}],"twitter_card":"summary_large_image","schema":{"@context":"https:\/\/schema.org","@graph":[{"@type":"WebPage","@id":"https:\/\/planikafires.shop\/produkt\/galio-insert-manual\/","url":"https:\/\/planikafires.shop\/produkt\/galio-insert-manual\/","name":"Galio Insert Manual | Planika","isPartOf":{"@id":"https:\/\/planikafires.shop\/cs\/#website"},"primaryImageOfPage":{"@id":"https:\/\/planikafires.shop\/produkt\/galio-insert-manual\/#primaryimage"},"image":{"@id":"https:\/\/planikafires.shop\/produkt\/galio-insert-manual\/#primaryimage"},"thumbnailUrl":"https:\/\/planikafires.shop\/wp-content\/uploads\/2025\/03\/galio-insert_manual.jpg","datePublished":"2025-03-24T13:39:49+00:00","dateModified":"2025-03-24T13:39:49+00:00","breadcrumb":{"@id":"https:\/\/planikafires.shop\/produkt\/galio-insert-manual\/#breadcrumb"},"inLanguage":"cs","potentialAction":[{"@type":"ReadAction","target":["https:\/\/planikafires.shop\/produkt\/galio-insert-manual\/"]}]},{"@type":"ImageObject","inLanguage":"cs","@id":"https:\/\/planikafires.shop\/produkt\/galio-insert-manual\/#primaryimage","url":"https:\/\/planikafires.shop\/wp-content\/uploads\/2025\/03\/galio-insert_manual.jpg","contentUrl":"https:\/\/planikafires.shop\/wp-content\/uploads\/2025\/03\/galio-insert_manual.jpg","width":1920,"height":1168},{"@type":"BreadcrumbList","@id":"https:\/\/planikafires.shop\/produkt\/galio-insert-manual\/#breadcrumb","itemListElement":[{"@type":"ListItem","position":1,"name":"Domovsk\u00e1 str\u00e1nka","item":"https:\/\/planikafires.shop\/cs\/"},{"@type":"ListItem","position":2,"name":"Obchod","item":"https:\/\/planikafires.shop\/cs\/shop\/"},{"@type":"ListItem","position":3,"name":"Galio Insert Manual"}]},{"@type":"WebSite","@id":"https:\/\/planikafires.shop\/cs\/#website","url":"https:\/\/planikafires.shop\/cs\/","name":"Planika","description":"Modern\u00e9 rie\u0161enie krbov","publisher":{"@id":"https:\/\/planikafires.shop\/cs\/#organization"},"potentialAction":[{"@type":"SearchAction","target":{"@type":"EntryPoint","urlTemplate":"https:\/\/planikafires.shop\/cs\/?s={search_term_string}"},"query-input":{"@type":"PropertyValueSpecification","valueRequired":true,"valueName":"search_term_string"}}],"inLanguage":"cs"},{"@type":"Organization","@id":"https:\/\/planikafires.shop\/cs\/#organization","name":"Planika","url":"https:\/\/planikafires.shop\/cs\/","logo":{"@type":"ImageObject","inLanguage":"cs","@id":"https:\/\/planikafires.shop\/cs\/#\/schema\/logo\/image\/","url":"https:\/\/planikafires.shop\/wp-content\/uploads\/2022\/06\/logo.png","contentUrl":"https:\/\/planikafires.shop\/wp-content\/uploads\/2022\/06\/logo.png","width":191,"height":78,"caption":"Planika"},"image":{"@id":"https:\/\/planikafires.shop\/cs\/#\/schema\/logo\/image\/"}}]}},"_links":{"self":[{"href":"https:\/\/planikafires.shop\/cs\/wp-json\/wp\/v2\/product\/13248","targetHints":{"allow":["GET"]}}],"collection":[{"href":"https:\/\/planikafires.shop\/cs\/wp-json\/wp\/v2\/product"}],"about":[{"href":"https:\/\/planikafires.shop\/cs\/wp-json\/wp\/v2\/types\/product"}],"version-history":[{"count":0,"href":"https:\/\/planikafires.shop\/cs\/wp-json\/wp\/v2\/product\/13248\/revisions"}],"wp:featuredmedia":[{"embeddable":true,"href":"https:\/\/planikafires.shop\/cs\/wp-json\/wp\/v2\/media\/13245"}],"wp:attachment":[{"href":"https:\/\/planikafires.shop\/cs\/wp-json\/wp\/v2\/media?parent=13248"}],"wp:term":[{"taxonomy":"product_brand","embeddable":true,"href":"https:\/\/planikafires.shop\/cs\/wp-json\/wp\/v2\/product_brand?post=13248"},{"taxonomy":"product_cat","embeddable":true,"href":"https:\/\/planikafires.shop\/cs\/wp-json\/wp\/v2\/product_cat?post=13248"},{"taxonomy":"product_tag","embeddable":true,"href":"https:\/\/planikafires.shop\/cs\/wp-json\/wp\/v2\/product_tag?post=13248"}],"curies":[{"name":"wp","href":"https:\/\/api.w.org\/{rel}","templated":true}]}}