{"id":13297,"date":"2025-07-22T14:40:27","date_gmt":"2025-07-22T12:40:27","guid":{"rendered":"https:\/\/planikafires.shop\/produkt\/sono\/"},"modified":"2026-03-20T15:13:36","modified_gmt":"2026-03-20T14:13:36","slug":"sono","status":"publish","type":"product","link":"https:\/\/planikafires.shop\/cs\/produkt\/sono\/","title":{"rendered":"Sono"},"content":{"rendered":"<p style=\"text-align: justify;\">Biokrb Sono nab\u00edz\u00ed flexibilitu p\u0159i prezentaci plamen\u016f z jak\u00e9hokoli \u00fahlu a vylep\u0161\u00ed design va\u0161eho interi\u00e9ru. Za\u017eijte dokonalou kombinaci elegance a \u00fa\u010dinnosti s na\u0161\u00edm modern\u00edm uzav\u0159en\u00fdm krbem s tvrzen\u00fdm sklem, kter\u00fd nab\u00edz\u00ed bezkonkuren\u010dn\u00ed udr\u017een\u00ed tepla a bezpe\u010dnost pro v\u00e1\u0161 domov. <\/p>\n<p style=\"text-align: justify;\">Biokrb vyu\u017e\u00edv\u00e1 koncentrick\u00fd syst\u00e9m kou\u0159ovodu navr\u017een\u00fd pro odvod oh\u0159\u00e1t\u00e9ho vzduchu, kter\u00fd dokonale dopl\u0148uje technologie BEV\u00ae pro optim\u00e1ln\u00ed v\u00fdkon a efektivn\u00ed spalov\u00e1n\u00ed.<\/p>\n<ul>\n<li><strong>Bez kou\u0159e<\/strong><\/li>\n<li><strong>Bez popela<\/strong><\/li>\n<li><strong>S koncentrick\u00fdm napojen\u00edm<\/strong><\/li>\n<li>Biokrb s koncentrick\u00fdm kou\u0159ovodem a ho\u0159\u00e1kem s technologii BEV (Technologie ho\u0159\u00edac\u00edch v\u00fdpar\u016f etanolu)<\/li>\n<li>Biokrb &#8211; insert s tvrzen\u00fdm sklem ur\u010den pro volitelnou obstavbu spln\u00edc\u00ed bezpe\u010dnost krbu<\/li>\n<li>Eco &#8211; palivo<\/li>\n<li>Regulace velikosti plamene &#8211; 6 stup\u0148\u016f<\/li>\n<li>Automatick\u00fd pln\u00edc\u00ed syst\u00e9m<\/li>\n<li>Extern\u00ed ovl\u00e1dac\u00ed panel, kter\u00fd se montuje pod biokrb nebo na ze\u010f, aby ladil s designem u\u017eivatele. Je vybaven LCD displejem a vestav\u011bn\u00fdm otvorem pro dopl\u0148ov\u00e1n\u00ed paliva <\/li>\n<li>Pou\u017eit\u00ed v interi\u00e9ru<\/li>\n<li>Mo\u017enosti um\u00edst\u011bn\u00ed biokrbu: lev\u00fd roh, prav\u00fd roh, t\u0159\u00edstrann\u00fd<\/li>\n<li>Senzor CO<sub>2 <\/sub> <\/li>\n<li>Ovl\u00e1d\u00e1n\u00ed pomoc\u00ed d\u00e1lkov\u00e9ho ovlada\u010de (sou\u010d\u00e1st\u00ed balen\u00ed) a mobiln\u00ed aplikace <strong>NET ZERO-APP<\/strong><\/li>\n<li>Kompatibiln\u00ed se Smart Home System (volitelne, <strong>ZA P\u0158\u00cdPLATEK<\/strong>)<\/li>\n<li>Certifikov\u00e1no<\/li>\n<li>Detsk\u00e1 pojistka<\/li>\n<li>Povrchov\u00e1 \u00faprava: \u010dern\u00fd pr\u00e1\u0161kov\u00fd lak<\/li>\n<li>Materi\u00e1ly: ocel, pozinkovan\u00e1 ocel, tvrzen\u00e9 sklo<\/li>\n<li>Potrebn\u00fd p\u0159\u00edvod el. energie<\/li>\n<li>Sou\u010d\u00e1st\u00ed ho\u0159\u00e1ku jsou keramick\u00e1 polena a p\u011bnov\u00fd \u0161t\u011brk<\/li>\n<\/ul>\n<p><strong>\u010cEKAC\u00cd DOBA: 15 pracovn\u00edch dn\u016f!<\/strong><\/p>\n<h3><strong>Technick\u00e9 parametry:<\/strong><\/h3>\n<ul>\n<li>N\u00e1dr\u017e: 10,5 L<\/li>\n<li>\u010cas ho\u0159en\u00ed: 17,5 h<\/li>\n<li>V\u00fdkon: max 9,5 kW<\/li>\n<li>Interval v\u011btr\u00e1n\u00ed: min. 1\/h<\/li>\n<li>Biokrb nap\u00e1jen\u00ed: 230 V \/ 115 V<\/li>\n<li>Rozm\u011bry Sono t\u0159\u00edstrann\u00ed: \u0160xVxH &#8211; 852 x 1470 x 587 mm<\/li>\n<li>Rozm\u011bry Sono P\/L roh: \u0160xVxH &#8211; 850 x 1470 x 587 mm<\/li>\n<li>Hmotnost: 155 kg<\/li>\n<\/ul>\n","protected":false},"excerpt":{"rendered":"<p>Biokrb Sono s koncentrick\u00fdm kou\u0159ovodem a ho\u0159\u00e1kem s BEV technologii.<\/p>\n","protected":false},"featured_media":13281,"template":"","meta":{"_acf_changed":false},"product_brand":[],"product_cat":[146,183],"product_tag":[],"class_list":{"0":"post-13297","1":"product","2":"type-product","3":"status-publish","4":"has-post-thumbnail","6":"product_cat-bevetanol-cs","7":"product_cat-ohniska-s-bev-technologii","9":"first","10":"outofstock","11":"taxable","12":"shipping-taxable","13":"purchasable","14":"product-type-simple"},"acf":[],"yoast_head":"<!-- This site is optimized with the Yoast SEO plugin v24.2 - https:\/\/yoast.com\/wordpress\/plugins\/seo\/ -->\n<title>Sono | Planika<\/title>\n<meta name=\"robots\" content=\"index, follow, max-snippet:-1, max-image-preview:large, max-video-preview:-1\" \/>\n<link rel=\"canonical\" href=\"https:\/\/planikafires.shop\/cs\/produkt\/sono\/\" \/>\n<meta property=\"og:locale\" content=\"cs_CZ\" \/>\n<meta property=\"og:type\" content=\"article\" \/>\n<meta property=\"og:title\" content=\"Sono | Planika\" \/>\n<meta property=\"og:description\" content=\"Biokrb Sono s koncentrick\u00fdm kou\u0159ovodem a ho\u0159\u00e1kem s BEV technologii.\" \/>\n<meta property=\"og:url\" content=\"https:\/\/planikafires.shop\/cs\/produkt\/sono\/\" \/>\n<meta property=\"og:site_name\" content=\"Planika\" \/>\n<meta property=\"article:modified_time\" content=\"2026-03-20T14:13:36+00:00\" \/>\n<meta property=\"og:image\" content=\"https:\/\/planikafires.shop\/wp-content\/uploads\/2025\/07\/Sono_Left_Corner.jpg\" \/>\n\t<meta property=\"og:image:width\" content=\"1920\" \/>\n\t<meta property=\"og:image:height\" content=\"1280\" \/>\n\t<meta property=\"og:image:type\" content=\"image\/jpeg\" \/>\n<meta name=\"twitter:card\" content=\"summary_large_image\" \/>\n<meta name=\"twitter:label1\" content=\"Odhadovan\u00e1 doba \u010dten\u00ed\" \/>\n\t<meta name=\"twitter:data1\" content=\"2 minuty\" \/>\n<script type=\"application\/ld+json\" class=\"yoast-schema-graph\">{\"@context\":\"https:\/\/schema.org\",\"@graph\":[{\"@type\":\"WebPage\",\"@id\":\"https:\/\/planikafires.shop\/cs\/produkt\/sono\/\",\"url\":\"https:\/\/planikafires.shop\/cs\/produkt\/sono\/\",\"name\":\"Sono | Planika\",\"isPartOf\":{\"@id\":\"https:\/\/planikafires.shop\/cs\/#website\"},\"primaryImageOfPage\":{\"@id\":\"https:\/\/planikafires.shop\/cs\/produkt\/sono\/#primaryimage\"},\"image\":{\"@id\":\"https:\/\/planikafires.shop\/cs\/produkt\/sono\/#primaryimage\"},\"thumbnailUrl\":\"https:\/\/planikafires.shop\/wp-content\/uploads\/2025\/07\/Sono_Left_Corner.jpg\",\"datePublished\":\"2025-07-22T12:40:27+00:00\",\"dateModified\":\"2026-03-20T14:13:36+00:00\",\"breadcrumb\":{\"@id\":\"https:\/\/planikafires.shop\/cs\/produkt\/sono\/#breadcrumb\"},\"inLanguage\":\"cs\",\"potentialAction\":[{\"@type\":\"ReadAction\",\"target\":[\"https:\/\/planikafires.shop\/cs\/produkt\/sono\/\"]}]},{\"@type\":\"ImageObject\",\"inLanguage\":\"cs\",\"@id\":\"https:\/\/planikafires.shop\/cs\/produkt\/sono\/#primaryimage\",\"url\":\"https:\/\/planikafires.shop\/wp-content\/uploads\/2025\/07\/Sono_Left_Corner.jpg\",\"contentUrl\":\"https:\/\/planikafires.shop\/wp-content\/uploads\/2025\/07\/Sono_Left_Corner.jpg\",\"width\":1920,\"height\":1280},{\"@type\":\"BreadcrumbList\",\"@id\":\"https:\/\/planikafires.shop\/cs\/produkt\/sono\/#breadcrumb\",\"itemListElement\":[{\"@type\":\"ListItem\",\"position\":1,\"name\":\"Domovsk\u00e1 str\u00e1nka\",\"item\":\"https:\/\/planikafires.shop\/cs\/\"},{\"@type\":\"ListItem\",\"position\":2,\"name\":\"Obchod\",\"item\":\"https:\/\/planikafires.shop\/cs\/shop\/\"},{\"@type\":\"ListItem\",\"position\":3,\"name\":\"Sono\"}]},{\"@type\":\"WebSite\",\"@id\":\"https:\/\/planikafires.shop\/cs\/#website\",\"url\":\"https:\/\/planikafires.shop\/cs\/\",\"name\":\"Planika\",\"description\":\"Modern\u00e9 rie\u0161enie krbov\",\"publisher\":{\"@id\":\"https:\/\/planikafires.shop\/cs\/#organization\"},\"potentialAction\":[{\"@type\":\"SearchAction\",\"target\":{\"@type\":\"EntryPoint\",\"urlTemplate\":\"https:\/\/planikafires.shop\/cs\/?s={search_term_string}\"},\"query-input\":{\"@type\":\"PropertyValueSpecification\",\"valueRequired\":true,\"valueName\":\"search_term_string\"}}],\"inLanguage\":\"cs\"},{\"@type\":\"Organization\",\"@id\":\"https:\/\/planikafires.shop\/cs\/#organization\",\"name\":\"Planika\",\"url\":\"https:\/\/planikafires.shop\/cs\/\",\"logo\":{\"@type\":\"ImageObject\",\"inLanguage\":\"cs\",\"@id\":\"https:\/\/planikafires.shop\/cs\/#\/schema\/logo\/image\/\",\"url\":\"https:\/\/planikafires.shop\/wp-content\/uploads\/2022\/06\/logo.png\",\"contentUrl\":\"https:\/\/planikafires.shop\/wp-content\/uploads\/2022\/06\/logo.png\",\"width\":191,\"height\":78,\"caption\":\"Planika\"},\"image\":{\"@id\":\"https:\/\/planikafires.shop\/cs\/#\/schema\/logo\/image\/\"}}]}<\/script>\n<!-- \/ Yoast SEO plugin. -->","yoast_head_json":{"title":"Sono | Planika","robots":{"index":"index","follow":"follow","max-snippet":"max-snippet:-1","max-image-preview":"max-image-preview:large","max-video-preview":"max-video-preview:-1"},"canonical":"https:\/\/planikafires.shop\/cs\/produkt\/sono\/","og_locale":"cs_CZ","og_type":"article","og_title":"Sono | Planika","og_description":"Biokrb Sono s koncentrick\u00fdm kou\u0159ovodem a ho\u0159\u00e1kem s BEV technologii.","og_url":"https:\/\/planikafires.shop\/cs\/produkt\/sono\/","og_site_name":"Planika","article_modified_time":"2026-03-20T14:13:36+00:00","og_image":[{"width":1920,"height":1280,"url":"https:\/\/planikafires.shop\/wp-content\/uploads\/2025\/07\/Sono_Left_Corner.jpg","type":"image\/jpeg"}],"twitter_card":"summary_large_image","twitter_misc":{"Odhadovan\u00e1 doba \u010dten\u00ed":"2 minuty"},"schema":{"@context":"https:\/\/schema.org","@graph":[{"@type":"WebPage","@id":"https:\/\/planikafires.shop\/cs\/produkt\/sono\/","url":"https:\/\/planikafires.shop\/cs\/produkt\/sono\/","name":"Sono | Planika","isPartOf":{"@id":"https:\/\/planikafires.shop\/cs\/#website"},"primaryImageOfPage":{"@id":"https:\/\/planikafires.shop\/cs\/produkt\/sono\/#primaryimage"},"image":{"@id":"https:\/\/planikafires.shop\/cs\/produkt\/sono\/#primaryimage"},"thumbnailUrl":"https:\/\/planikafires.shop\/wp-content\/uploads\/2025\/07\/Sono_Left_Corner.jpg","datePublished":"2025-07-22T12:40:27+00:00","dateModified":"2026-03-20T14:13:36+00:00","breadcrumb":{"@id":"https:\/\/planikafires.shop\/cs\/produkt\/sono\/#breadcrumb"},"inLanguage":"cs","potentialAction":[{"@type":"ReadAction","target":["https:\/\/planikafires.shop\/cs\/produkt\/sono\/"]}]},{"@type":"ImageObject","inLanguage":"cs","@id":"https:\/\/planikafires.shop\/cs\/produkt\/sono\/#primaryimage","url":"https:\/\/planikafires.shop\/wp-content\/uploads\/2025\/07\/Sono_Left_Corner.jpg","contentUrl":"https:\/\/planikafires.shop\/wp-content\/uploads\/2025\/07\/Sono_Left_Corner.jpg","width":1920,"height":1280},{"@type":"BreadcrumbList","@id":"https:\/\/planikafires.shop\/cs\/produkt\/sono\/#breadcrumb","itemListElement":[{"@type":"ListItem","position":1,"name":"Domovsk\u00e1 str\u00e1nka","item":"https:\/\/planikafires.shop\/cs\/"},{"@type":"ListItem","position":2,"name":"Obchod","item":"https:\/\/planikafires.shop\/cs\/shop\/"},{"@type":"ListItem","position":3,"name":"Sono"}]},{"@type":"WebSite","@id":"https:\/\/planikafires.shop\/cs\/#website","url":"https:\/\/planikafires.shop\/cs\/","name":"Planika","description":"Modern\u00e9 rie\u0161enie krbov","publisher":{"@id":"https:\/\/planikafires.shop\/cs\/#organization"},"potentialAction":[{"@type":"SearchAction","target":{"@type":"EntryPoint","urlTemplate":"https:\/\/planikafires.shop\/cs\/?s={search_term_string}"},"query-input":{"@type":"PropertyValueSpecification","valueRequired":true,"valueName":"search_term_string"}}],"inLanguage":"cs"},{"@type":"Organization","@id":"https:\/\/planikafires.shop\/cs\/#organization","name":"Planika","url":"https:\/\/planikafires.shop\/cs\/","logo":{"@type":"ImageObject","inLanguage":"cs","@id":"https:\/\/planikafires.shop\/cs\/#\/schema\/logo\/image\/","url":"https:\/\/planikafires.shop\/wp-content\/uploads\/2022\/06\/logo.png","contentUrl":"https:\/\/planikafires.shop\/wp-content\/uploads\/2022\/06\/logo.png","width":191,"height":78,"caption":"Planika"},"image":{"@id":"https:\/\/planikafires.shop\/cs\/#\/schema\/logo\/image\/"}}]}},"_links":{"self":[{"href":"https:\/\/planikafires.shop\/cs\/wp-json\/wp\/v2\/product\/13297","targetHints":{"allow":["GET"]}}],"collection":[{"href":"https:\/\/planikafires.shop\/cs\/wp-json\/wp\/v2\/product"}],"about":[{"href":"https:\/\/planikafires.shop\/cs\/wp-json\/wp\/v2\/types\/product"}],"version-history":[{"count":1,"href":"https:\/\/planikafires.shop\/cs\/wp-json\/wp\/v2\/product\/13297\/revisions"}],"predecessor-version":[{"id":13522,"href":"https:\/\/planikafires.shop\/cs\/wp-json\/wp\/v2\/product\/13297\/revisions\/13522"}],"wp:featuredmedia":[{"embeddable":true,"href":"https:\/\/planikafires.shop\/cs\/wp-json\/wp\/v2\/media\/13281"}],"wp:attachment":[{"href":"https:\/\/planikafires.shop\/cs\/wp-json\/wp\/v2\/media?parent=13297"}],"wp:term":[{"taxonomy":"product_brand","embeddable":true,"href":"https:\/\/planikafires.shop\/cs\/wp-json\/wp\/v2\/product_brand?post=13297"},{"taxonomy":"product_cat","embeddable":true,"href":"https:\/\/planikafires.shop\/cs\/wp-json\/wp\/v2\/product_cat?post=13297"},{"taxonomy":"product_tag","embeddable":true,"href":"https:\/\/planikafires.shop\/cs\/wp-json\/wp\/v2\/product_tag?post=13297"}],"curies":[{"name":"wp","href":"https:\/\/api.w.org\/{rel}","templated":true}]}}