{"id":13351,"date":"2025-10-17T10:16:23","date_gmt":"2025-10-17T08:16:23","guid":{"rendered":"https:\/\/planikafires.shop\/produkt\/tulum\/"},"modified":"2026-01-13T13:20:38","modified_gmt":"2026-01-13T12:20:38","slug":"tulum","status":"publish","type":"product","link":"https:\/\/planikafires.shop\/cs\/produkt\/tulum\/","title":{"rendered":"COMET outdoor"},"content":{"rendered":"<ul>\n<li><strong>Bez kou\u0159e<\/strong><\/li>\n<li><strong>Bez popela<\/strong><\/li>\n<li><strong>Bez kom\u00edna<\/strong><\/li>\n<li>Eco &#8211; palivo<\/li>\n<li><span style=\"color: #000000;\">Kulat\u00e9 venkovn\u00ed ohni\u0161t\u011b s technologi\u00ed BEV\u00ae (\u0159\u00edzen\u00e9 spalov\u00e1n\u00ed etanolov\u00fdch par) <\/span><\/li>\n<li><span style=\"color: #000000;\">Lze zabudovat do va\u0161eho venkovn\u00edho stolu<\/span><\/li>\n<li>M\u00e1 ho\u0159\u00e1k ve tvaru hv\u011bzdy, kter\u00fd nab\u00edz\u00ed fascinuj\u00edc\u00ed a um\u011bleck\u00e9 zobrazen\u00ed ohn\u011b, je\u017e prom\u011bn\u00ed ka\u017ed\u00fd prostor ve vizu\u00e1ln\u011b ohromuj\u00edc\u00ed a p\u0159\u00edjemnou atmosf\u00e9ru.<\/li>\n<li>6 \u00farovn\u00ed v\u00fd\u0161ky plamene<\/li>\n<li>Pou\u017eit\u00ed v exteri\u00e9ri<\/li>\n<li>D\u00edky elektronice um\u00edst\u011bn\u00e9 ve vodot\u011bsn\u00e9m krytu je pln\u011b odoln\u00fd proti de\u0161ti a vlhkosti, tak\u017ee je ide\u00e1ln\u00ed pro venkovn\u00ed pou\u017eit\u00ed.<\/li>\n<li>Certifikov\u00e1no<\/li>\n<li>Integrovan\u00fd ovl\u00e1d\u00e1c\u00ed panel<\/li>\n<li>D\u00e1lkov\u00e9 ovl\u00e1d\u00e1n\u00ed v cen\u011b<\/li>\n<li>Ovl\u00e1d\u00e1n\u00ed tak\u00e9 pomoc\u00ed mobiln\u00ed aplikace<\/li>\n<li>Povrchov\u00e1 \u00faprava &#8211; \u010dern\u00e1 pra\u0161kovan\u00e1 povrchov\u00e1 \u00faprava<\/li>\n<li>Povrch &#8211; ocel, galvanizovan\u00e1 ocel<\/li>\n<li>p\u016fvodn\u00ed n\u00e1zev TULUM \/ nov\u00fd n\u00e1zev COMET outdoor<\/li>\n<\/ul>\n<p><strong>\u010cEKAC\u00cd DOBA: 20 pracovn\u00edch dn\u016f!<\/strong><\/p>\n<h3><strong>PARAMETRY:<\/strong><\/h3>\n<ul>\n<li>N\u00e1dr\u017e: 16,7 L<\/li>\n<li>\u010cas ho\u0159en\u00ed: max 22 h<\/li>\n<li>V\u00fdkon: 10,6 kW<\/li>\n<li>Interval v\u011btr\u00e1n\u00ed: min. 1\/h<\/li>\n<li>Rozm\u011bry \u00d8 x v: 700 x 422 mm<\/li>\n<\/ul>\n","protected":false},"excerpt":{"rendered":"<p>Bez kou\u0159e Bez popela Bez kom\u00edna Eco &#8211; palivo Kulat\u00e9 venkovn\u00ed ohni\u0161t\u011b s technologi\u00ed BEV\u00ae (\u0159\u00edzen\u00e9 spalov\u00e1n\u00ed etanolov\u00fdch par) Lze zabudovat do va\u0161eho venkovn\u00edho stolu M\u00e1 ho\u0159\u00e1k ve tvaru hv\u011bzdy, kter\u00fd nab\u00edz\u00ed fascinuj\u00edc\u00ed a um\u011bleck\u00e9 zobrazen\u00ed ohn\u011b, je\u017e prom\u011bn\u00ed ka\u017ed\u00fd prostor ve vizu\u00e1ln\u011b ohromuj\u00edc\u00ed a p\u0159\u00edjemnou atmosf\u00e9ru. 6 \u00farovn\u00ed v\u00fd\u0161ky plamene Pou\u017eit\u00ed v exteri\u00e9ri D\u00edky [&hellip;]<\/p>\n","protected":false},"featured_media":13349,"template":"","meta":{"_acf_changed":false},"product_brand":[],"product_cat":[146,148],"product_tag":[],"class_list":{"0":"post-13351","1":"product","2":"type-product","3":"status-publish","4":"has-post-thumbnail","6":"product_cat-bevetanol-cs","7":"product_cat-etanolove-horaky-cs","8":"product_shipping_class-1-paleta-cs","10":"first","11":"outofstock","12":"taxable","13":"shipping-taxable","14":"purchasable","15":"product-type-simple"},"acf":[],"yoast_head":"<!-- This site is optimized with the Yoast SEO plugin v24.2 - https:\/\/yoast.com\/wordpress\/plugins\/seo\/ -->\n<title>COMET outdoor | Planika<\/title>\n<meta name=\"robots\" content=\"index, follow, max-snippet:-1, max-image-preview:large, max-video-preview:-1\" \/>\n<link rel=\"canonical\" href=\"https:\/\/planikafires.shop\/cs\/produkt\/tulum\/\" \/>\n<meta property=\"og:locale\" content=\"cs_CZ\" \/>\n<meta property=\"og:type\" content=\"article\" \/>\n<meta property=\"og:title\" content=\"COMET outdoor | Planika\" \/>\n<meta property=\"og:description\" content=\"Bez kou\u0159e Bez popela Bez kom\u00edna Eco &#8211; palivo Kulat\u00e9 venkovn\u00ed ohni\u0161t\u011b s technologi\u00ed BEV\u00ae (\u0159\u00edzen\u00e9 spalov\u00e1n\u00ed etanolov\u00fdch par) Lze zabudovat do va\u0161eho venkovn\u00edho stolu M\u00e1 ho\u0159\u00e1k ve tvaru hv\u011bzdy, kter\u00fd nab\u00edz\u00ed fascinuj\u00edc\u00ed a um\u011bleck\u00e9 zobrazen\u00ed ohn\u011b, je\u017e prom\u011bn\u00ed ka\u017ed\u00fd prostor ve vizu\u00e1ln\u011b ohromuj\u00edc\u00ed a p\u0159\u00edjemnou atmosf\u00e9ru. 6 \u00farovn\u00ed v\u00fd\u0161ky plamene Pou\u017eit\u00ed v exteri\u00e9ri D\u00edky [&hellip;]\" \/>\n<meta property=\"og:url\" content=\"https:\/\/planikafires.shop\/cs\/produkt\/tulum\/\" \/>\n<meta property=\"og:site_name\" content=\"Planika\" \/>\n<meta property=\"article:modified_time\" content=\"2026-01-13T12:20:38+00:00\" \/>\n<meta property=\"og:image\" content=\"https:\/\/planikafires.shop\/wp-content\/uploads\/2025\/10\/Tulum.jpg\" \/>\n\t<meta property=\"og:image:width\" content=\"1920\" \/>\n\t<meta property=\"og:image:height\" content=\"1600\" \/>\n\t<meta property=\"og:image:type\" content=\"image\/jpeg\" \/>\n<meta name=\"twitter:card\" content=\"summary_large_image\" \/>\n<meta name=\"twitter:label1\" content=\"Odhadovan\u00e1 doba \u010dten\u00ed\" \/>\n\t<meta name=\"twitter:data1\" content=\"1 minuta\" \/>\n<script type=\"application\/ld+json\" class=\"yoast-schema-graph\">{\"@context\":\"https:\/\/schema.org\",\"@graph\":[{\"@type\":\"WebPage\",\"@id\":\"https:\/\/planikafires.shop\/cs\/produkt\/tulum\/\",\"url\":\"https:\/\/planikafires.shop\/cs\/produkt\/tulum\/\",\"name\":\"COMET outdoor | Planika\",\"isPartOf\":{\"@id\":\"https:\/\/planikafires.shop\/cs\/#website\"},\"primaryImageOfPage\":{\"@id\":\"https:\/\/planikafires.shop\/cs\/produkt\/tulum\/#primaryimage\"},\"image\":{\"@id\":\"https:\/\/planikafires.shop\/cs\/produkt\/tulum\/#primaryimage\"},\"thumbnailUrl\":\"https:\/\/planikafires.shop\/wp-content\/uploads\/2025\/10\/Tulum.jpg\",\"datePublished\":\"2025-10-17T08:16:23+00:00\",\"dateModified\":\"2026-01-13T12:20:38+00:00\",\"breadcrumb\":{\"@id\":\"https:\/\/planikafires.shop\/cs\/produkt\/tulum\/#breadcrumb\"},\"inLanguage\":\"cs\",\"potentialAction\":[{\"@type\":\"ReadAction\",\"target\":[\"https:\/\/planikafires.shop\/cs\/produkt\/tulum\/\"]}]},{\"@type\":\"ImageObject\",\"inLanguage\":\"cs\",\"@id\":\"https:\/\/planikafires.shop\/cs\/produkt\/tulum\/#primaryimage\",\"url\":\"https:\/\/planikafires.shop\/wp-content\/uploads\/2025\/10\/Tulum.jpg\",\"contentUrl\":\"https:\/\/planikafires.shop\/wp-content\/uploads\/2025\/10\/Tulum.jpg\",\"width\":1920,\"height\":1600},{\"@type\":\"BreadcrumbList\",\"@id\":\"https:\/\/planikafires.shop\/cs\/produkt\/tulum\/#breadcrumb\",\"itemListElement\":[{\"@type\":\"ListItem\",\"position\":1,\"name\":\"Domovsk\u00e1 str\u00e1nka\",\"item\":\"https:\/\/planikafires.shop\/cs\/\"},{\"@type\":\"ListItem\",\"position\":2,\"name\":\"Obchod\",\"item\":\"https:\/\/planikafires.shop\/cs\/shop\/\"},{\"@type\":\"ListItem\",\"position\":3,\"name\":\"COMET outdoor\"}]},{\"@type\":\"WebSite\",\"@id\":\"https:\/\/planikafires.shop\/cs\/#website\",\"url\":\"https:\/\/planikafires.shop\/cs\/\",\"name\":\"Planika\",\"description\":\"Modern\u00e9 rie\u0161enie krbov\",\"publisher\":{\"@id\":\"https:\/\/planikafires.shop\/cs\/#organization\"},\"potentialAction\":[{\"@type\":\"SearchAction\",\"target\":{\"@type\":\"EntryPoint\",\"urlTemplate\":\"https:\/\/planikafires.shop\/cs\/?s={search_term_string}\"},\"query-input\":{\"@type\":\"PropertyValueSpecification\",\"valueRequired\":true,\"valueName\":\"search_term_string\"}}],\"inLanguage\":\"cs\"},{\"@type\":\"Organization\",\"@id\":\"https:\/\/planikafires.shop\/cs\/#organization\",\"name\":\"Planika\",\"url\":\"https:\/\/planikafires.shop\/cs\/\",\"logo\":{\"@type\":\"ImageObject\",\"inLanguage\":\"cs\",\"@id\":\"https:\/\/planikafires.shop\/cs\/#\/schema\/logo\/image\/\",\"url\":\"https:\/\/planikafires.shop\/wp-content\/uploads\/2022\/06\/logo.png\",\"contentUrl\":\"https:\/\/planikafires.shop\/wp-content\/uploads\/2022\/06\/logo.png\",\"width\":191,\"height\":78,\"caption\":\"Planika\"},\"image\":{\"@id\":\"https:\/\/planikafires.shop\/cs\/#\/schema\/logo\/image\/\"}}]}<\/script>\n<!-- \/ Yoast SEO plugin. -->","yoast_head_json":{"title":"COMET outdoor | Planika","robots":{"index":"index","follow":"follow","max-snippet":"max-snippet:-1","max-image-preview":"max-image-preview:large","max-video-preview":"max-video-preview:-1"},"canonical":"https:\/\/planikafires.shop\/cs\/produkt\/tulum\/","og_locale":"cs_CZ","og_type":"article","og_title":"COMET outdoor | Planika","og_description":"Bez kou\u0159e Bez popela Bez kom\u00edna Eco &#8211; palivo Kulat\u00e9 venkovn\u00ed ohni\u0161t\u011b s technologi\u00ed BEV\u00ae (\u0159\u00edzen\u00e9 spalov\u00e1n\u00ed etanolov\u00fdch par) Lze zabudovat do va\u0161eho venkovn\u00edho stolu M\u00e1 ho\u0159\u00e1k ve tvaru hv\u011bzdy, kter\u00fd nab\u00edz\u00ed fascinuj\u00edc\u00ed a um\u011bleck\u00e9 zobrazen\u00ed ohn\u011b, je\u017e prom\u011bn\u00ed ka\u017ed\u00fd prostor ve vizu\u00e1ln\u011b ohromuj\u00edc\u00ed a p\u0159\u00edjemnou atmosf\u00e9ru. 6 \u00farovn\u00ed v\u00fd\u0161ky plamene Pou\u017eit\u00ed v exteri\u00e9ri D\u00edky [&hellip;]","og_url":"https:\/\/planikafires.shop\/cs\/produkt\/tulum\/","og_site_name":"Planika","article_modified_time":"2026-01-13T12:20:38+00:00","og_image":[{"width":1920,"height":1600,"url":"https:\/\/planikafires.shop\/wp-content\/uploads\/2025\/10\/Tulum.jpg","type":"image\/jpeg"}],"twitter_card":"summary_large_image","twitter_misc":{"Odhadovan\u00e1 doba \u010dten\u00ed":"1 minuta"},"schema":{"@context":"https:\/\/schema.org","@graph":[{"@type":"WebPage","@id":"https:\/\/planikafires.shop\/cs\/produkt\/tulum\/","url":"https:\/\/planikafires.shop\/cs\/produkt\/tulum\/","name":"COMET outdoor | Planika","isPartOf":{"@id":"https:\/\/planikafires.shop\/cs\/#website"},"primaryImageOfPage":{"@id":"https:\/\/planikafires.shop\/cs\/produkt\/tulum\/#primaryimage"},"image":{"@id":"https:\/\/planikafires.shop\/cs\/produkt\/tulum\/#primaryimage"},"thumbnailUrl":"https:\/\/planikafires.shop\/wp-content\/uploads\/2025\/10\/Tulum.jpg","datePublished":"2025-10-17T08:16:23+00:00","dateModified":"2026-01-13T12:20:38+00:00","breadcrumb":{"@id":"https:\/\/planikafires.shop\/cs\/produkt\/tulum\/#breadcrumb"},"inLanguage":"cs","potentialAction":[{"@type":"ReadAction","target":["https:\/\/planikafires.shop\/cs\/produkt\/tulum\/"]}]},{"@type":"ImageObject","inLanguage":"cs","@id":"https:\/\/planikafires.shop\/cs\/produkt\/tulum\/#primaryimage","url":"https:\/\/planikafires.shop\/wp-content\/uploads\/2025\/10\/Tulum.jpg","contentUrl":"https:\/\/planikafires.shop\/wp-content\/uploads\/2025\/10\/Tulum.jpg","width":1920,"height":1600},{"@type":"BreadcrumbList","@id":"https:\/\/planikafires.shop\/cs\/produkt\/tulum\/#breadcrumb","itemListElement":[{"@type":"ListItem","position":1,"name":"Domovsk\u00e1 str\u00e1nka","item":"https:\/\/planikafires.shop\/cs\/"},{"@type":"ListItem","position":2,"name":"Obchod","item":"https:\/\/planikafires.shop\/cs\/shop\/"},{"@type":"ListItem","position":3,"name":"COMET outdoor"}]},{"@type":"WebSite","@id":"https:\/\/planikafires.shop\/cs\/#website","url":"https:\/\/planikafires.shop\/cs\/","name":"Planika","description":"Modern\u00e9 rie\u0161enie krbov","publisher":{"@id":"https:\/\/planikafires.shop\/cs\/#organization"},"potentialAction":[{"@type":"SearchAction","target":{"@type":"EntryPoint","urlTemplate":"https:\/\/planikafires.shop\/cs\/?s={search_term_string}"},"query-input":{"@type":"PropertyValueSpecification","valueRequired":true,"valueName":"search_term_string"}}],"inLanguage":"cs"},{"@type":"Organization","@id":"https:\/\/planikafires.shop\/cs\/#organization","name":"Planika","url":"https:\/\/planikafires.shop\/cs\/","logo":{"@type":"ImageObject","inLanguage":"cs","@id":"https:\/\/planikafires.shop\/cs\/#\/schema\/logo\/image\/","url":"https:\/\/planikafires.shop\/wp-content\/uploads\/2022\/06\/logo.png","contentUrl":"https:\/\/planikafires.shop\/wp-content\/uploads\/2022\/06\/logo.png","width":191,"height":78,"caption":"Planika"},"image":{"@id":"https:\/\/planikafires.shop\/cs\/#\/schema\/logo\/image\/"}}]}},"_links":{"self":[{"href":"https:\/\/planikafires.shop\/cs\/wp-json\/wp\/v2\/product\/13351","targetHints":{"allow":["GET"]}}],"collection":[{"href":"https:\/\/planikafires.shop\/cs\/wp-json\/wp\/v2\/product"}],"about":[{"href":"https:\/\/planikafires.shop\/cs\/wp-json\/wp\/v2\/types\/product"}],"version-history":[{"count":1,"href":"https:\/\/planikafires.shop\/cs\/wp-json\/wp\/v2\/product\/13351\/revisions"}],"predecessor-version":[{"id":13471,"href":"https:\/\/planikafires.shop\/cs\/wp-json\/wp\/v2\/product\/13351\/revisions\/13471"}],"wp:featuredmedia":[{"embeddable":true,"href":"https:\/\/planikafires.shop\/cs\/wp-json\/wp\/v2\/media\/13349"}],"wp:attachment":[{"href":"https:\/\/planikafires.shop\/cs\/wp-json\/wp\/v2\/media?parent=13351"}],"wp:term":[{"taxonomy":"product_brand","embeddable":true,"href":"https:\/\/planikafires.shop\/cs\/wp-json\/wp\/v2\/product_brand?post=13351"},{"taxonomy":"product_cat","embeddable":true,"href":"https:\/\/planikafires.shop\/cs\/wp-json\/wp\/v2\/product_cat?post=13351"},{"taxonomy":"product_tag","embeddable":true,"href":"https:\/\/planikafires.shop\/cs\/wp-json\/wp\/v2\/product_tag?post=13351"}],"curies":[{"name":"wp","href":"https:\/\/api.w.org\/{rel}","templated":true}]}}