{"id":13396,"date":"2025-10-21T15:24:09","date_gmt":"2025-10-21T13:24:09","guid":{"rendered":"https:\/\/planikafires.shop\/produkt\/pyramid\/"},"modified":"2025-10-21T15:24:09","modified_gmt":"2025-10-21T13:24:09","slug":"pyramid","status":"publish","type":"product","link":"https:\/\/planikafires.shop\/cs\/produkt\/pyramid\/","title":{"rendered":"PYRAMID"},"content":{"rendered":"<ul>\n<li>Venkovn\u00ed voln\u011b stoj\u00edc\u00ed plynov\u00fd krb &#8211; LPG \/ propan-butan<\/li>\n<li>Mobiln\u00ed, snadno p\u0159em\u00edstiteln\u00fd zahradn\u00ed, terasov\u00fd plynov\u00fd krb na kole\u010dk\u00e1ch<\/li>\n<li>Pyramida m\u00e1 p\u0159ihr\u00e1dku, do kter\u00e9 lze snadno schovat plynovou l\u00e1hev.<\/li>\n<li>Plynov\u00fd krb p\u0159in\u00e1\u0161\u00ed p\u0159esnost do va\u0161eho pohodl\u00ed d\u00edky snadno pou\u017eiteln\u00e9mu knofl\u00edku pro nastaven\u00ed v\u00fd\u0161ky plamene, tak\u017ee si m\u016f\u017eete p\u0159izp\u016fsobit mno\u017estv\u00ed tepla a atmosf\u00e9ru.<\/li>\n<li>V\u010detn\u011b krytu plynov\u00e9ho krbu (chr\u00e1n\u00ed p\u0159ed pov\u011btrnostn\u00edmi vlivy)<\/li>\n<li>Povrchov\u00e1 \u00faprava &#8211; \u010dernou pr\u00e1\u0161kovanou pota\u017een\u00e1 ocel<\/li>\n<li>Tvrzen\u00e9 sklo<\/li>\n<li>Dekora\u010dn\u00ed granul\u00e1t<\/li>\n<li>Ho\u0159\u00e1k &#8211; nerez<\/li>\n<li>Verze: \u010dern\u00e1 (RAL 9005), \u0161ed\u00e1 (RAL 7044)<\/li>\n<\/ul>\n<h3><strong>\u010cakac\u00ed doba: 10 pracovn\u00edch dn\u016f<\/strong><\/h3>\n<ul>\n<li>Palivo: LPG \/ prop\u00e1n-but\u00e1n<\/li>\n<li>Tlak: 37 mbar (LPG)<\/li>\n<li>Spot\u0159eba: 0,4-0,55 kg\/ hod.<\/li>\n<li>V\u00fdkon: 5-8 kW<\/li>\n<li>D\u00e9lka ho\u0159en\u00ed: 55 hod (11kg plynov\u00e1 l\u00e1hev)<\/li>\n<li>Interval v\u011btr\u00e1n\u00ed: min. 1\/h<\/li>\n<li>Rozm\u011bry Vx\u0160xH: 1442 x 366 x 366 mm<\/li>\n<\/ul>\n","protected":false},"excerpt":{"rendered":"<p>Venkovn\u00ed voln\u011b stoj\u00edc\u00ed plynov\u00fd krb &#8211; LPG \/ propan-butan Mobiln\u00ed, snadno p\u0159em\u00edstiteln\u00fd zahradn\u00ed, terasov\u00fd plynov\u00fd krb na kole\u010dk\u00e1ch Pyramida m\u00e1 p\u0159ihr\u00e1dku, do kter\u00e9 lze snadno schovat plynovou l\u00e1hev. Plynov\u00fd krb p\u0159in\u00e1\u0161\u00ed p\u0159esnost do va\u0161eho pohodl\u00ed d\u00edky snadno pou\u017eiteln\u00e9mu knofl\u00edku pro nastaven\u00ed v\u00fd\u0161ky plamene, tak\u017ee si m\u016f\u017eete p\u0159izp\u016fsobit mno\u017estv\u00ed tepla a atmosf\u00e9ru. V\u010detn\u011b krytu plynov\u00e9ho krbu [&hellip;]<\/p>\n","protected":false},"featured_media":13377,"template":"","meta":{"_acf_changed":false},"product_brand":[],"product_cat":[184,181],"product_tag":[285],"class_list":{"0":"post-13396","1":"product","2":"type-product","3":"status-publish","4":"has-post-thumbnail","6":"product_cat-exterierovy-volne-stojici-plynovy-krb","7":"product_cat-plyn-cs","8":"product_tag-basic-collection-cs","10":"first","11":"onbackorder","12":"taxable","13":"shipping-taxable","14":"purchasable","15":"product-type-variable","16":"has-default-attributes"},"acf":[],"yoast_head":"<!-- This site is optimized with the Yoast SEO plugin v24.2 - https:\/\/yoast.com\/wordpress\/plugins\/seo\/ -->\n<title>PYRAMID | Planika<\/title>\n<meta name=\"robots\" content=\"index, follow, max-snippet:-1, max-image-preview:large, max-video-preview:-1\" \/>\n<link rel=\"canonical\" href=\"https:\/\/planikafires.shop\/produkt\/pyramid\/\" \/>\n<meta property=\"og:locale\" content=\"cs_CZ\" \/>\n<meta property=\"og:type\" content=\"article\" \/>\n<meta property=\"og:title\" content=\"PYRAMID | Planika\" \/>\n<meta property=\"og:description\" content=\"Venkovn\u00ed voln\u011b stoj\u00edc\u00ed plynov\u00fd krb &#8211; LPG \/ propan-butan Mobiln\u00ed, snadno p\u0159em\u00edstiteln\u00fd zahradn\u00ed, terasov\u00fd plynov\u00fd krb na kole\u010dk\u00e1ch Pyramida m\u00e1 p\u0159ihr\u00e1dku, do kter\u00e9 lze snadno schovat plynovou l\u00e1hev. Plynov\u00fd krb p\u0159in\u00e1\u0161\u00ed p\u0159esnost do va\u0161eho pohodl\u00ed d\u00edky snadno pou\u017eiteln\u00e9mu knofl\u00edku pro nastaven\u00ed v\u00fd\u0161ky plamene, tak\u017ee si m\u016f\u017eete p\u0159izp\u016fsobit mno\u017estv\u00ed tepla a atmosf\u00e9ru. V\u010detn\u011b krytu plynov\u00e9ho krbu [&hellip;]\" \/>\n<meta property=\"og:url\" content=\"https:\/\/planikafires.shop\/produkt\/pyramid\/\" \/>\n<meta property=\"og:site_name\" content=\"Planika\" \/>\n<meta property=\"og:image\" content=\"https:\/\/planikafires.shop\/wp-content\/uploads\/2023\/08\/Planika-Casa_Bodhi_Event-121.jpg\" \/>\n\t<meta property=\"og:image:width\" content=\"1920\" \/>\n\t<meta property=\"og:image:height\" content=\"1281\" \/>\n\t<meta property=\"og:image:type\" content=\"image\/jpeg\" \/>\n<meta name=\"twitter:card\" content=\"summary_large_image\" \/>\n<meta name=\"twitter:label1\" content=\"Odhadovan\u00e1 doba \u010dten\u00ed\" \/>\n\t<meta name=\"twitter:data1\" content=\"1 minuta\" \/>\n<script type=\"application\/ld+json\" class=\"yoast-schema-graph\">{\"@context\":\"https:\/\/schema.org\",\"@graph\":[{\"@type\":\"WebPage\",\"@id\":\"https:\/\/planikafires.shop\/produkt\/pyramid\/\",\"url\":\"https:\/\/planikafires.shop\/produkt\/pyramid\/\",\"name\":\"PYRAMID | Planika\",\"isPartOf\":{\"@id\":\"https:\/\/planikafires.shop\/cs\/#website\"},\"primaryImageOfPage\":{\"@id\":\"https:\/\/planikafires.shop\/produkt\/pyramid\/#primaryimage\"},\"image\":{\"@id\":\"https:\/\/planikafires.shop\/produkt\/pyramid\/#primaryimage\"},\"thumbnailUrl\":\"https:\/\/planikafires.shop\/wp-content\/uploads\/2025\/10\/Pyramid_black.png\",\"datePublished\":\"2025-10-21T13:24:09+00:00\",\"dateModified\":\"2025-10-21T13:24:09+00:00\",\"breadcrumb\":{\"@id\":\"https:\/\/planikafires.shop\/produkt\/pyramid\/#breadcrumb\"},\"inLanguage\":\"cs\",\"potentialAction\":[{\"@type\":\"ReadAction\",\"target\":[\"https:\/\/planikafires.shop\/produkt\/pyramid\/\"]}]},{\"@type\":\"ImageObject\",\"inLanguage\":\"cs\",\"@id\":\"https:\/\/planikafires.shop\/produkt\/pyramid\/#primaryimage\",\"url\":\"https:\/\/planikafires.shop\/wp-content\/uploads\/2025\/10\/Pyramid_black.png\",\"contentUrl\":\"https:\/\/planikafires.shop\/wp-content\/uploads\/2025\/10\/Pyramid_black.png\",\"width\":488,\"height\":756},{\"@type\":\"BreadcrumbList\",\"@id\":\"https:\/\/planikafires.shop\/produkt\/pyramid\/#breadcrumb\",\"itemListElement\":[{\"@type\":\"ListItem\",\"position\":1,\"name\":\"Domovsk\u00e1 str\u00e1nka\",\"item\":\"https:\/\/planikafires.shop\/cs\/\"},{\"@type\":\"ListItem\",\"position\":2,\"name\":\"Obchod\",\"item\":\"https:\/\/planikafires.shop\/cs\/shop\/\"},{\"@type\":\"ListItem\",\"position\":3,\"name\":\"PYRAMID\"}]},{\"@type\":\"WebSite\",\"@id\":\"https:\/\/planikafires.shop\/cs\/#website\",\"url\":\"https:\/\/planikafires.shop\/cs\/\",\"name\":\"Planika\",\"description\":\"Modern\u00e9 rie\u0161enie krbov\",\"publisher\":{\"@id\":\"https:\/\/planikafires.shop\/cs\/#organization\"},\"potentialAction\":[{\"@type\":\"SearchAction\",\"target\":{\"@type\":\"EntryPoint\",\"urlTemplate\":\"https:\/\/planikafires.shop\/cs\/?s={search_term_string}\"},\"query-input\":{\"@type\":\"PropertyValueSpecification\",\"valueRequired\":true,\"valueName\":\"search_term_string\"}}],\"inLanguage\":\"cs\"},{\"@type\":\"Organization\",\"@id\":\"https:\/\/planikafires.shop\/cs\/#organization\",\"name\":\"Planika\",\"url\":\"https:\/\/planikafires.shop\/cs\/\",\"logo\":{\"@type\":\"ImageObject\",\"inLanguage\":\"cs\",\"@id\":\"https:\/\/planikafires.shop\/cs\/#\/schema\/logo\/image\/\",\"url\":\"https:\/\/planikafires.shop\/wp-content\/uploads\/2022\/06\/logo.png\",\"contentUrl\":\"https:\/\/planikafires.shop\/wp-content\/uploads\/2022\/06\/logo.png\",\"width\":191,\"height\":78,\"caption\":\"Planika\"},\"image\":{\"@id\":\"https:\/\/planikafires.shop\/cs\/#\/schema\/logo\/image\/\"}}]}<\/script>\n<!-- \/ Yoast SEO plugin. -->","yoast_head_json":{"title":"PYRAMID | Planika","robots":{"index":"index","follow":"follow","max-snippet":"max-snippet:-1","max-image-preview":"max-image-preview:large","max-video-preview":"max-video-preview:-1"},"canonical":"https:\/\/planikafires.shop\/produkt\/pyramid\/","og_locale":"cs_CZ","og_type":"article","og_title":"PYRAMID | Planika","og_description":"Venkovn\u00ed voln\u011b stoj\u00edc\u00ed plynov\u00fd krb &#8211; LPG \/ propan-butan Mobiln\u00ed, snadno p\u0159em\u00edstiteln\u00fd zahradn\u00ed, terasov\u00fd plynov\u00fd krb na kole\u010dk\u00e1ch Pyramida m\u00e1 p\u0159ihr\u00e1dku, do kter\u00e9 lze snadno schovat plynovou l\u00e1hev. Plynov\u00fd krb p\u0159in\u00e1\u0161\u00ed p\u0159esnost do va\u0161eho pohodl\u00ed d\u00edky snadno pou\u017eiteln\u00e9mu knofl\u00edku pro nastaven\u00ed v\u00fd\u0161ky plamene, tak\u017ee si m\u016f\u017eete p\u0159izp\u016fsobit mno\u017estv\u00ed tepla a atmosf\u00e9ru. V\u010detn\u011b krytu plynov\u00e9ho krbu [&hellip;]","og_url":"https:\/\/planikafires.shop\/produkt\/pyramid\/","og_site_name":"Planika","og_image":[{"width":1920,"height":1281,"url":"https:\/\/planikafires.shop\/wp-content\/uploads\/2023\/08\/Planika-Casa_Bodhi_Event-121.jpg","type":"image\/jpeg"}],"twitter_card":"summary_large_image","twitter_misc":{"Odhadovan\u00e1 doba \u010dten\u00ed":"1 minuta"},"schema":{"@context":"https:\/\/schema.org","@graph":[{"@type":"WebPage","@id":"https:\/\/planikafires.shop\/produkt\/pyramid\/","url":"https:\/\/planikafires.shop\/produkt\/pyramid\/","name":"PYRAMID | Planika","isPartOf":{"@id":"https:\/\/planikafires.shop\/cs\/#website"},"primaryImageOfPage":{"@id":"https:\/\/planikafires.shop\/produkt\/pyramid\/#primaryimage"},"image":{"@id":"https:\/\/planikafires.shop\/produkt\/pyramid\/#primaryimage"},"thumbnailUrl":"https:\/\/planikafires.shop\/wp-content\/uploads\/2025\/10\/Pyramid_black.png","datePublished":"2025-10-21T13:24:09+00:00","dateModified":"2025-10-21T13:24:09+00:00","breadcrumb":{"@id":"https:\/\/planikafires.shop\/produkt\/pyramid\/#breadcrumb"},"inLanguage":"cs","potentialAction":[{"@type":"ReadAction","target":["https:\/\/planikafires.shop\/produkt\/pyramid\/"]}]},{"@type":"ImageObject","inLanguage":"cs","@id":"https:\/\/planikafires.shop\/produkt\/pyramid\/#primaryimage","url":"https:\/\/planikafires.shop\/wp-content\/uploads\/2025\/10\/Pyramid_black.png","contentUrl":"https:\/\/planikafires.shop\/wp-content\/uploads\/2025\/10\/Pyramid_black.png","width":488,"height":756},{"@type":"BreadcrumbList","@id":"https:\/\/planikafires.shop\/produkt\/pyramid\/#breadcrumb","itemListElement":[{"@type":"ListItem","position":1,"name":"Domovsk\u00e1 str\u00e1nka","item":"https:\/\/planikafires.shop\/cs\/"},{"@type":"ListItem","position":2,"name":"Obchod","item":"https:\/\/planikafires.shop\/cs\/shop\/"},{"@type":"ListItem","position":3,"name":"PYRAMID"}]},{"@type":"WebSite","@id":"https:\/\/planikafires.shop\/cs\/#website","url":"https:\/\/planikafires.shop\/cs\/","name":"Planika","description":"Modern\u00e9 rie\u0161enie krbov","publisher":{"@id":"https:\/\/planikafires.shop\/cs\/#organization"},"potentialAction":[{"@type":"SearchAction","target":{"@type":"EntryPoint","urlTemplate":"https:\/\/planikafires.shop\/cs\/?s={search_term_string}"},"query-input":{"@type":"PropertyValueSpecification","valueRequired":true,"valueName":"search_term_string"}}],"inLanguage":"cs"},{"@type":"Organization","@id":"https:\/\/planikafires.shop\/cs\/#organization","name":"Planika","url":"https:\/\/planikafires.shop\/cs\/","logo":{"@type":"ImageObject","inLanguage":"cs","@id":"https:\/\/planikafires.shop\/cs\/#\/schema\/logo\/image\/","url":"https:\/\/planikafires.shop\/wp-content\/uploads\/2022\/06\/logo.png","contentUrl":"https:\/\/planikafires.shop\/wp-content\/uploads\/2022\/06\/logo.png","width":191,"height":78,"caption":"Planika"},"image":{"@id":"https:\/\/planikafires.shop\/cs\/#\/schema\/logo\/image\/"}}]}},"_links":{"self":[{"href":"https:\/\/planikafires.shop\/cs\/wp-json\/wp\/v2\/product\/13396","targetHints":{"allow":["GET"]}}],"collection":[{"href":"https:\/\/planikafires.shop\/cs\/wp-json\/wp\/v2\/product"}],"about":[{"href":"https:\/\/planikafires.shop\/cs\/wp-json\/wp\/v2\/types\/product"}],"version-history":[{"count":0,"href":"https:\/\/planikafires.shop\/cs\/wp-json\/wp\/v2\/product\/13396\/revisions"}],"wp:featuredmedia":[{"embeddable":true,"href":"https:\/\/planikafires.shop\/cs\/wp-json\/wp\/v2\/media\/13377"}],"wp:attachment":[{"href":"https:\/\/planikafires.shop\/cs\/wp-json\/wp\/v2\/media?parent=13396"}],"wp:term":[{"taxonomy":"product_brand","embeddable":true,"href":"https:\/\/planikafires.shop\/cs\/wp-json\/wp\/v2\/product_brand?post=13396"},{"taxonomy":"product_cat","embeddable":true,"href":"https:\/\/planikafires.shop\/cs\/wp-json\/wp\/v2\/product_cat?post=13396"},{"taxonomy":"product_tag","embeddable":true,"href":"https:\/\/planikafires.shop\/cs\/wp-json\/wp\/v2\/product_tag?post=13396"}],"curies":[{"name":"wp","href":"https:\/\/api.w.org\/{rel}","templated":true}]}}