{"id":13489,"date":"2026-03-12T08:55:52","date_gmt":"2026-03-12T07:55:52","guid":{"rendered":"https:\/\/planikafires.shop\/produkt\/biokrb-flogs\/"},"modified":"2026-03-20T15:22:45","modified_gmt":"2026-03-20T14:22:45","slug":"biokrb-flogs","status":"publish","type":"product","link":"https:\/\/planikafires.shop\/cs\/produkt\/biokrb-flogs\/","title":{"rendered":"Biokrb FLOGS"},"content":{"rendered":"<p style=\"text-align: justify;\"><strong>FLOGS 990<\/strong> je modern\u00ed automatick\u00fd krbov\u00fd vlo\u017eka na bioetanol, kterou lze instalovat bez kom\u00edna nebo dodate\u010dn\u00e9ho v\u011btr\u00e1n\u00ed. Hromada keramick\u00fdch polen obklopen\u00e1 vysok\u00fdmi \u017eiv\u00fdmi plameny vytv\u00e1\u0159\u00ed vizu\u00e1ln\u00ed dojem tradi\u010dn\u00edho krbu na d\u0159evo a z\u00e1rove\u0148 zaji\u0161\u0165uje \u010dist\u00e9 spalov\u00e1n\u00ed \u2013 bez kou\u0159e, saz\u00ed a dal\u0161\u00edch nep\u0159\u00edjemnost\u00ed spojen\u00fdch s b\u011b\u017en\u00fdmi krby. D\u00edky snadn\u00e9 instalaci a \u010dist\u00e9mu a kontrolovan\u00e9mu spalov\u00e1n\u00ed (technologie BEV)<\/p>\n<ul>\n<li><strong>Bez kou\u0159e<\/strong><\/li>\n<li><strong>Bez popela<\/strong><\/li>\n<li><strong>Bez kom\u00edna<\/strong><\/li>\n<li>Biokrb &#8211; insert\/ho\u0159\u00e1k 990 mm &#8211; plameny obklopuj\u00edc\u00ed polena<\/li>\n<li>Eco &#8211; palivo<\/li>\n<li>Regulace velikosti plamene &#8211; 6 stup\u0148\u016f<\/li>\n<li>Automatick\u00fd pln\u00edc\u00ed syst\u00e9m<\/li>\n<li>Pou\u017eit\u00ed v interi\u00e9ru<\/li>\n<li>Senzor CO<sub>2 <\/sub> <\/li>\n<li>Ovl\u00e1d\u00e1n\u00ed pomoc\u00ed dotykov\u00e9ho LCD panelu u krbu, d\u00e1lkov\u00e9ho ovlada\u010de (sou\u010d\u00e1st\u00ed balen\u00ed) a mobiln\u00ed aplikace <strong>NET ZERO-APP.<\/strong><\/li>\n<li>Kompatibiln\u00ed se Smart Home System (volitelne, <strong>ZA P\u0158\u00cdPLATEK<\/strong>)<\/li>\n<li>Certifikov\u00e1no &#8211; UL, CE a SASO<\/li>\n<li>Detsk\u00e1 pojistka<\/li>\n<li>Povrchov\u00e1 \u00faprava: \u010dern\u00fd pr\u00e1\u0161kov\u00fd lak<\/li>\n<li>Materi\u00e1ly: ocel, pozinkovan\u00e1 ocel, tvrzen\u00e9 sklo<\/li>\n<li>Potrebn\u00fd p\u0159\u00edvod el. energie<\/li>\n<\/ul>\n<p><strong>\u010cEKAC\u00cd DOBA: 15 pracovn\u00edch dn\u016f!<\/strong><\/p>\n<h3><strong>Technick\u00e9 parametry:<\/strong><\/h3>\n<ul>\n<li>Z\u00e1sobn\u00edk: 5,5 L<\/li>\n<li>\u010cas ho\u0159en\u00ed: 8 h<\/li>\n<li>V\u00fdkon: max 7 kW<\/li>\n<li>Interval v\u011btr\u00e1n\u00ed: min. 1\/h<\/li>\n<li>Biokrb nap\u00e1jen\u00ed: 230 V \/ 115 V<\/li>\n<li>Rozm\u011bry (\u0160xVxH): 990 x 327 x 280 mm<\/li>\n<li>Hmotnost: 70 kg<\/li>\n<\/ul>\n","protected":false},"excerpt":{"rendered":"<p>Automatick\u00fd biokrb FLA4 se vzhledem tradi\u010dn\u00edho krbu<\/p>\n","protected":false},"featured_media":13484,"template":"","meta":{"_acf_changed":false},"product_brand":[],"product_cat":[146,183,148],"product_tag":[],"class_list":{"0":"post-13489","1":"product","2":"type-product","3":"status-publish","4":"has-post-thumbnail","6":"product_cat-bevetanol-cs","7":"product_cat-ohniska-s-bev-technologii","8":"product_cat-etanolove-horaky-cs","9":"product_shipping_class-1-paleta-cs","11":"first","12":"outofstock","13":"taxable","14":"shipping-taxable","15":"purchasable","16":"product-type-simple"},"acf":[],"yoast_head":"<!-- This site is optimized with the Yoast SEO plugin v24.2 - https:\/\/yoast.com\/wordpress\/plugins\/seo\/ -->\n<title>Biokrb FLOGS | Planika<\/title>\n<meta name=\"robots\" content=\"index, follow, max-snippet:-1, max-image-preview:large, max-video-preview:-1\" \/>\n<link rel=\"canonical\" href=\"https:\/\/planikafires.shop\/cs\/produkt\/biokrb-flogs\/\" \/>\n<meta property=\"og:locale\" content=\"cs_CZ\" \/>\n<meta property=\"og:type\" content=\"article\" \/>\n<meta property=\"og:title\" content=\"Biokrb FLOGS | Planika\" \/>\n<meta property=\"og:description\" content=\"Automatick\u00fd biokrb FLA4 se vzhledem tradi\u010dn\u00edho krbu\" \/>\n<meta property=\"og:url\" content=\"https:\/\/planikafires.shop\/cs\/produkt\/biokrb-flogs\/\" \/>\n<meta property=\"og:site_name\" content=\"Planika\" \/>\n<meta property=\"article:modified_time\" content=\"2026-03-20T14:22:45+00:00\" \/>\n<meta property=\"og:image\" content=\"https:\/\/planikafires.shop\/wp-content\/uploads\/2026\/03\/Flogs_Burner-2.jpg\" \/>\n\t<meta property=\"og:image:width\" content=\"1550\" \/>\n\t<meta property=\"og:image:height\" content=\"926\" \/>\n\t<meta property=\"og:image:type\" content=\"image\/jpeg\" \/>\n<meta name=\"twitter:card\" content=\"summary_large_image\" \/>\n<meta name=\"twitter:label1\" content=\"Odhadovan\u00e1 doba \u010dten\u00ed\" \/>\n\t<meta name=\"twitter:data1\" content=\"1 minuta\" \/>\n<script type=\"application\/ld+json\" class=\"yoast-schema-graph\">{\"@context\":\"https:\/\/schema.org\",\"@graph\":[{\"@type\":\"WebPage\",\"@id\":\"https:\/\/planikafires.shop\/cs\/produkt\/biokrb-flogs\/\",\"url\":\"https:\/\/planikafires.shop\/cs\/produkt\/biokrb-flogs\/\",\"name\":\"Biokrb FLOGS | Planika\",\"isPartOf\":{\"@id\":\"https:\/\/planikafires.shop\/cs\/#website\"},\"primaryImageOfPage\":{\"@id\":\"https:\/\/planikafires.shop\/cs\/produkt\/biokrb-flogs\/#primaryimage\"},\"image\":{\"@id\":\"https:\/\/planikafires.shop\/cs\/produkt\/biokrb-flogs\/#primaryimage\"},\"thumbnailUrl\":\"https:\/\/planikafires.shop\/wp-content\/uploads\/2026\/03\/Flogs_Burner-2.jpg\",\"datePublished\":\"2026-03-12T07:55:52+00:00\",\"dateModified\":\"2026-03-20T14:22:45+00:00\",\"breadcrumb\":{\"@id\":\"https:\/\/planikafires.shop\/cs\/produkt\/biokrb-flogs\/#breadcrumb\"},\"inLanguage\":\"cs\",\"potentialAction\":[{\"@type\":\"ReadAction\",\"target\":[\"https:\/\/planikafires.shop\/cs\/produkt\/biokrb-flogs\/\"]}]},{\"@type\":\"ImageObject\",\"inLanguage\":\"cs\",\"@id\":\"https:\/\/planikafires.shop\/cs\/produkt\/biokrb-flogs\/#primaryimage\",\"url\":\"https:\/\/planikafires.shop\/wp-content\/uploads\/2026\/03\/Flogs_Burner-2.jpg\",\"contentUrl\":\"https:\/\/planikafires.shop\/wp-content\/uploads\/2026\/03\/Flogs_Burner-2.jpg\",\"width\":1550,\"height\":926},{\"@type\":\"BreadcrumbList\",\"@id\":\"https:\/\/planikafires.shop\/cs\/produkt\/biokrb-flogs\/#breadcrumb\",\"itemListElement\":[{\"@type\":\"ListItem\",\"position\":1,\"name\":\"Domovsk\u00e1 str\u00e1nka\",\"item\":\"https:\/\/planikafires.shop\/cs\/\"},{\"@type\":\"ListItem\",\"position\":2,\"name\":\"Obchod\",\"item\":\"https:\/\/planikafires.shop\/cs\/shop\/\"},{\"@type\":\"ListItem\",\"position\":3,\"name\":\"Biokrb FLOGS\"}]},{\"@type\":\"WebSite\",\"@id\":\"https:\/\/planikafires.shop\/cs\/#website\",\"url\":\"https:\/\/planikafires.shop\/cs\/\",\"name\":\"Planika\",\"description\":\"Modern\u00e9 rie\u0161enie krbov\",\"publisher\":{\"@id\":\"https:\/\/planikafires.shop\/cs\/#organization\"},\"potentialAction\":[{\"@type\":\"SearchAction\",\"target\":{\"@type\":\"EntryPoint\",\"urlTemplate\":\"https:\/\/planikafires.shop\/cs\/?s={search_term_string}\"},\"query-input\":{\"@type\":\"PropertyValueSpecification\",\"valueRequired\":true,\"valueName\":\"search_term_string\"}}],\"inLanguage\":\"cs\"},{\"@type\":\"Organization\",\"@id\":\"https:\/\/planikafires.shop\/cs\/#organization\",\"name\":\"Planika\",\"url\":\"https:\/\/planikafires.shop\/cs\/\",\"logo\":{\"@type\":\"ImageObject\",\"inLanguage\":\"cs\",\"@id\":\"https:\/\/planikafires.shop\/cs\/#\/schema\/logo\/image\/\",\"url\":\"https:\/\/planikafires.shop\/wp-content\/uploads\/2022\/06\/logo.png\",\"contentUrl\":\"https:\/\/planikafires.shop\/wp-content\/uploads\/2022\/06\/logo.png\",\"width\":191,\"height\":78,\"caption\":\"Planika\"},\"image\":{\"@id\":\"https:\/\/planikafires.shop\/cs\/#\/schema\/logo\/image\/\"}}]}<\/script>\n<!-- \/ Yoast SEO plugin. -->","yoast_head_json":{"title":"Biokrb FLOGS | Planika","robots":{"index":"index","follow":"follow","max-snippet":"max-snippet:-1","max-image-preview":"max-image-preview:large","max-video-preview":"max-video-preview:-1"},"canonical":"https:\/\/planikafires.shop\/cs\/produkt\/biokrb-flogs\/","og_locale":"cs_CZ","og_type":"article","og_title":"Biokrb FLOGS | Planika","og_description":"Automatick\u00fd biokrb FLA4 se vzhledem tradi\u010dn\u00edho krbu","og_url":"https:\/\/planikafires.shop\/cs\/produkt\/biokrb-flogs\/","og_site_name":"Planika","article_modified_time":"2026-03-20T14:22:45+00:00","og_image":[{"width":1550,"height":926,"url":"https:\/\/planikafires.shop\/wp-content\/uploads\/2026\/03\/Flogs_Burner-2.jpg","type":"image\/jpeg"}],"twitter_card":"summary_large_image","twitter_misc":{"Odhadovan\u00e1 doba \u010dten\u00ed":"1 minuta"},"schema":{"@context":"https:\/\/schema.org","@graph":[{"@type":"WebPage","@id":"https:\/\/planikafires.shop\/cs\/produkt\/biokrb-flogs\/","url":"https:\/\/planikafires.shop\/cs\/produkt\/biokrb-flogs\/","name":"Biokrb FLOGS | Planika","isPartOf":{"@id":"https:\/\/planikafires.shop\/cs\/#website"},"primaryImageOfPage":{"@id":"https:\/\/planikafires.shop\/cs\/produkt\/biokrb-flogs\/#primaryimage"},"image":{"@id":"https:\/\/planikafires.shop\/cs\/produkt\/biokrb-flogs\/#primaryimage"},"thumbnailUrl":"https:\/\/planikafires.shop\/wp-content\/uploads\/2026\/03\/Flogs_Burner-2.jpg","datePublished":"2026-03-12T07:55:52+00:00","dateModified":"2026-03-20T14:22:45+00:00","breadcrumb":{"@id":"https:\/\/planikafires.shop\/cs\/produkt\/biokrb-flogs\/#breadcrumb"},"inLanguage":"cs","potentialAction":[{"@type":"ReadAction","target":["https:\/\/planikafires.shop\/cs\/produkt\/biokrb-flogs\/"]}]},{"@type":"ImageObject","inLanguage":"cs","@id":"https:\/\/planikafires.shop\/cs\/produkt\/biokrb-flogs\/#primaryimage","url":"https:\/\/planikafires.shop\/wp-content\/uploads\/2026\/03\/Flogs_Burner-2.jpg","contentUrl":"https:\/\/planikafires.shop\/wp-content\/uploads\/2026\/03\/Flogs_Burner-2.jpg","width":1550,"height":926},{"@type":"BreadcrumbList","@id":"https:\/\/planikafires.shop\/cs\/produkt\/biokrb-flogs\/#breadcrumb","itemListElement":[{"@type":"ListItem","position":1,"name":"Domovsk\u00e1 str\u00e1nka","item":"https:\/\/planikafires.shop\/cs\/"},{"@type":"ListItem","position":2,"name":"Obchod","item":"https:\/\/planikafires.shop\/cs\/shop\/"},{"@type":"ListItem","position":3,"name":"Biokrb FLOGS"}]},{"@type":"WebSite","@id":"https:\/\/planikafires.shop\/cs\/#website","url":"https:\/\/planikafires.shop\/cs\/","name":"Planika","description":"Modern\u00e9 rie\u0161enie krbov","publisher":{"@id":"https:\/\/planikafires.shop\/cs\/#organization"},"potentialAction":[{"@type":"SearchAction","target":{"@type":"EntryPoint","urlTemplate":"https:\/\/planikafires.shop\/cs\/?s={search_term_string}"},"query-input":{"@type":"PropertyValueSpecification","valueRequired":true,"valueName":"search_term_string"}}],"inLanguage":"cs"},{"@type":"Organization","@id":"https:\/\/planikafires.shop\/cs\/#organization","name":"Planika","url":"https:\/\/planikafires.shop\/cs\/","logo":{"@type":"ImageObject","inLanguage":"cs","@id":"https:\/\/planikafires.shop\/cs\/#\/schema\/logo\/image\/","url":"https:\/\/planikafires.shop\/wp-content\/uploads\/2022\/06\/logo.png","contentUrl":"https:\/\/planikafires.shop\/wp-content\/uploads\/2022\/06\/logo.png","width":191,"height":78,"caption":"Planika"},"image":{"@id":"https:\/\/planikafires.shop\/cs\/#\/schema\/logo\/image\/"}}]}},"_links":{"self":[{"href":"https:\/\/planikafires.shop\/cs\/wp-json\/wp\/v2\/product\/13489","targetHints":{"allow":["GET"]}}],"collection":[{"href":"https:\/\/planikafires.shop\/cs\/wp-json\/wp\/v2\/product"}],"about":[{"href":"https:\/\/planikafires.shop\/cs\/wp-json\/wp\/v2\/types\/product"}],"version-history":[{"count":1,"href":"https:\/\/planikafires.shop\/cs\/wp-json\/wp\/v2\/product\/13489\/revisions"}],"predecessor-version":[{"id":13524,"href":"https:\/\/planikafires.shop\/cs\/wp-json\/wp\/v2\/product\/13489\/revisions\/13524"}],"wp:featuredmedia":[{"embeddable":true,"href":"https:\/\/planikafires.shop\/cs\/wp-json\/wp\/v2\/media\/13484"}],"wp:attachment":[{"href":"https:\/\/planikafires.shop\/cs\/wp-json\/wp\/v2\/media?parent=13489"}],"wp:term":[{"taxonomy":"product_brand","embeddable":true,"href":"https:\/\/planikafires.shop\/cs\/wp-json\/wp\/v2\/product_brand?post=13489"},{"taxonomy":"product_cat","embeddable":true,"href":"https:\/\/planikafires.shop\/cs\/wp-json\/wp\/v2\/product_cat?post=13489"},{"taxonomy":"product_tag","embeddable":true,"href":"https:\/\/planikafires.shop\/cs\/wp-json\/wp\/v2\/product_tag?post=13489"}],"curies":[{"name":"wp","href":"https:\/\/api.w.org\/{rel}","templated":true}]}}