{"id":13512,"date":"2026-03-12T09:24:12","date_gmt":"2026-03-12T08:24:12","guid":{"rendered":"https:\/\/planikafires.shop\/produkt\/biokrb-flogs-v-instalacnim-boxe\/"},"modified":"2026-03-12T09:24:12","modified_gmt":"2026-03-12T08:24:12","slug":"biokrb-flogs-v-instalacnim-boxe","status":"publish","type":"product","link":"https:\/\/planikafires.shop\/cs\/produkt\/biokrb-flogs-v-instalacnim-boxe\/","title":{"rendered":"Biokrb FLOGS v instala\u010dn\u00edm boxe"},"content":{"rendered":"<p style=\"text-align: justify;\">\u0160pi\u010dkov\u00e1 topeni\u0161t\u011b FLOGS v instala\u010dn\u00ed krabici chr\u00e1n\u00ed okoln\u00ed materi\u00e1ly a umo\u017e\u0148uje integrovat krb do ho\u0159lav\u00fdch konstrukc\u00ed nebo instalovat televizi v t\u011bsn\u00e9 bl\u00edzkosti.<\/p>\n<p style=\"text-align: justify;\">FLOGS 990 je modern\u00ed automatick\u00e1 bioethanolov\u00e1 krbov\u00e1 vlo\u017eka, kterou lze instalovat bez kom\u00edna nebo dodate\u010dn\u00e9ho v\u011btr\u00e1n\u00ed. Hromada keramick\u00fdch polen obklopen\u00e1 vysok\u00fdmi, \u017eiv\u00fdmi plameny vytv\u00e1\u0159\u00ed vizu\u00e1ln\u00ed efekt tradi\u010dn\u00edho krbu na d\u0159evo a z\u00e1rove\u0148 zaji\u0161\u0165uje \u010dist\u00e9 spalov\u00e1n\u00ed \u2013 bez kou\u0159e, saz\u00ed a dal\u0161\u00edch nep\u0159\u00edjemnost\u00ed spojen\u00fdch s konven\u010dn\u00edmi krby. D\u00edky jednoduch\u00e9 instalaci a \u010dist\u00e9mu, kontrolovan\u00e9mu spalov\u00e1n\u00ed (technologie BEV)  <\/p>\n<ul>\n<li><strong>Bez kou\u0159e<\/strong><\/li>\n<li><strong>Bez popela<\/strong><\/li>\n<li><strong>Bez kom\u00edna<\/strong><\/li>\n<li>Biokrb &#8211; ho\u0159\u00e1k 990 mm &#8211; plameny obklopuj\u00edc\u00ed polena<\/li>\n<li>Eco &#8211; palivo<\/li>\n<li>Regulace velikosti plamene &#8211; 6 stup\u0148\u016f<\/li>\n<li>Automatick\u00fd pln\u00edc\u00ed syst\u00e9m<\/li>\n<li>Pou\u017eit\u00ed v interi\u00e9ru<\/li>\n<li>Senzor CO<sub>2 <\/sub> <\/li>\n<li>Ovl\u00e1d\u00e1n\u00ed pomoc\u00ed dotykov\u00e9ho LCD panelu u krbu, d\u00e1lkov\u00e9ho ovlada\u010de (sou\u010d\u00e1st\u00ed balen\u00ed) a mobiln\u00ed aplikace <strong>NET ZERO-APP.<\/strong><\/li>\n<li>Kompatibiln\u00ed se Smart Home System (volitelne, <strong>ZA P\u0158\u00cdPLATEK<\/strong>)<\/li>\n<li>Certifikov\u00e1no &#8211; UL, CE a SASO<\/li>\n<li>Detsk\u00e1 pojistka<\/li>\n<li>Instala\u010dn\u00ed box: <em>rovn\u00fd, prav\u00fd a lev\u00fd roh, t\u0159\u00edstrann\u00ed<\/em><\/li>\n<li>Sklen\u011bn\u00e9 panely &#8211; <strong>v cen\u011b<\/strong><\/li>\n<li>Povrchov\u00e1 \u00faprava: \u010dern\u00fd pr\u00e1\u0161kov\u00fd lak<\/li>\n<li>Materi\u00e1ly: ocel, pozinkovan\u00e1 ocel, tvrzen\u00e9 sklo<\/li>\n<li>Potrebn\u00fd p\u0159\u00edvod el. energie<\/li>\n<\/ul>\n<p style=\"text-align: justify;\">\n<p><strong>\u010cEKAC\u00cd DOBA: 15 pracovn\u00edch dn\u016f!<\/strong><\/p>\n<h3><strong>Technick\u00e9 parametry:<\/strong><\/h3>\n<ul>\n<li>Z\u00e1sobn\u00edk: 5,5 L<\/li>\n<li>\u010cas ho\u0159en\u00ed: 8 h<\/li>\n<li>V\u00fdkon: max 7 kW<\/li>\n<li>Interval v\u011btr\u00e1n\u00ed: min. 1\/h<\/li>\n<li>Biokrb nap\u00e1jen\u00ed: 230 V \/ 115 V<\/li>\n<li>Rozm\u011bry instal. boxu (\u0160xVxH): 1219 x 508 x 406 mm <\/li>\n<li>Hmotnost: 80 kg<\/li>\n<\/ul>\n","protected":false},"excerpt":{"rendered":"<p>\u0160pi\u010dkov\u00e1 topeni\u0161t\u011b FLOGS v instala\u010dn\u00ed krabici chr\u00e1n\u00ed okoln\u00ed materi\u00e1ly a umo\u017e\u0148uje integrovat krb do ho\u0159lav\u00fdch konstrukc\u00ed nebo instalovat televizi v t\u011bsn\u00e9 bl\u00edzkosti. FLOGS 990 je modern\u00ed automatick\u00e1 bioethanolov\u00e1 krbov\u00e1 vlo\u017eka, kterou lze instalovat bez kom\u00edna nebo dodate\u010dn\u00e9ho v\u011btr\u00e1n\u00ed. Hromada keramick\u00fdch polen obklopen\u00e1 vysok\u00fdmi, \u017eiv\u00fdmi plameny vytv\u00e1\u0159\u00ed vizu\u00e1ln\u00ed efekt tradi\u010dn\u00edho krbu na d\u0159evo a z\u00e1rove\u0148 zaji\u0161\u0165uje [&hellip;]<\/p>\n","protected":false},"featured_media":13496,"template":"","meta":{"_acf_changed":false},"product_brand":[],"product_cat":[146,150],"product_tag":[],"class_list":{"0":"post-13512","1":"product","2":"type-product","3":"status-publish","4":"has-post-thumbnail","6":"product_cat-bevetanol-cs","7":"product_cat-etanolove-krby-cs","8":"product_shipping_class-1-paleta-cs","10":"first","11":"outofstock","12":"taxable","13":"shipping-taxable","14":"purchasable","15":"product-type-variable","16":"has-default-attributes"},"acf":[],"yoast_head":"<!-- This site is optimized with the Yoast SEO plugin v24.2 - https:\/\/yoast.com\/wordpress\/plugins\/seo\/ -->\n<title>Biokrb FLOGS v instala\u010dn\u00edm boxe | Planika<\/title>\n<meta name=\"robots\" content=\"index, follow, max-snippet:-1, max-image-preview:large, max-video-preview:-1\" \/>\n<link rel=\"canonical\" href=\"https:\/\/planikafires.shop\/cs\/produkt\/biokrb-flogs-v-instalacnim-boxe\/\" \/>\n<meta property=\"og:locale\" content=\"cs_CZ\" \/>\n<meta property=\"og:type\" content=\"article\" \/>\n<meta property=\"og:title\" content=\"Biokrb FLOGS v instala\u010dn\u00edm boxe | Planika\" \/>\n<meta property=\"og:description\" content=\"\u0160pi\u010dkov\u00e1 topeni\u0161t\u011b FLOGS v instala\u010dn\u00ed krabici chr\u00e1n\u00ed okoln\u00ed materi\u00e1ly a umo\u017e\u0148uje integrovat krb do ho\u0159lav\u00fdch konstrukc\u00ed nebo instalovat televizi v t\u011bsn\u00e9 bl\u00edzkosti. FLOGS 990 je modern\u00ed automatick\u00e1 bioethanolov\u00e1 krbov\u00e1 vlo\u017eka, kterou lze instalovat bez kom\u00edna nebo dodate\u010dn\u00e9ho v\u011btr\u00e1n\u00ed. Hromada keramick\u00fdch polen obklopen\u00e1 vysok\u00fdmi, \u017eiv\u00fdmi plameny vytv\u00e1\u0159\u00ed vizu\u00e1ln\u00ed efekt tradi\u010dn\u00edho krbu na d\u0159evo a z\u00e1rove\u0148 zaji\u0161\u0165uje [&hellip;]\" \/>\n<meta property=\"og:url\" content=\"https:\/\/planikafires.shop\/cs\/produkt\/biokrb-flogs-v-instalacnim-boxe\/\" \/>\n<meta property=\"og:site_name\" content=\"Planika\" \/>\n<meta property=\"og:image\" content=\"https:\/\/planikafires.shop\/wp-content\/uploads\/2026\/03\/Flogs_Single-Sided.jpg\" \/>\n\t<meta property=\"og:image:width\" content=\"1920\" \/>\n\t<meta property=\"og:image:height\" content=\"1280\" \/>\n\t<meta property=\"og:image:type\" content=\"image\/jpeg\" \/>\n<meta name=\"twitter:card\" content=\"summary_large_image\" \/>\n<meta name=\"twitter:label1\" content=\"Odhadovan\u00e1 doba \u010dten\u00ed\" \/>\n\t<meta name=\"twitter:data1\" content=\"1 minuta\" \/>\n<script type=\"application\/ld+json\" class=\"yoast-schema-graph\">{\"@context\":\"https:\/\/schema.org\",\"@graph\":[{\"@type\":\"WebPage\",\"@id\":\"https:\/\/planikafires.shop\/cs\/produkt\/biokrb-flogs-v-instalacnim-boxe\/\",\"url\":\"https:\/\/planikafires.shop\/cs\/produkt\/biokrb-flogs-v-instalacnim-boxe\/\",\"name\":\"Biokrb FLOGS v instala\u010dn\u00edm boxe | Planika\",\"isPartOf\":{\"@id\":\"https:\/\/planikafires.shop\/cs\/#website\"},\"primaryImageOfPage\":{\"@id\":\"https:\/\/planikafires.shop\/cs\/produkt\/biokrb-flogs-v-instalacnim-boxe\/#primaryimage\"},\"image\":{\"@id\":\"https:\/\/planikafires.shop\/cs\/produkt\/biokrb-flogs-v-instalacnim-boxe\/#primaryimage\"},\"thumbnailUrl\":\"https:\/\/planikafires.shop\/wp-content\/uploads\/2026\/03\/Flogs_Single-Sided.jpg\",\"datePublished\":\"2026-03-12T08:24:12+00:00\",\"dateModified\":\"2026-03-12T08:24:12+00:00\",\"breadcrumb\":{\"@id\":\"https:\/\/planikafires.shop\/cs\/produkt\/biokrb-flogs-v-instalacnim-boxe\/#breadcrumb\"},\"inLanguage\":\"cs\",\"potentialAction\":[{\"@type\":\"ReadAction\",\"target\":[\"https:\/\/planikafires.shop\/cs\/produkt\/biokrb-flogs-v-instalacnim-boxe\/\"]}]},{\"@type\":\"ImageObject\",\"inLanguage\":\"cs\",\"@id\":\"https:\/\/planikafires.shop\/cs\/produkt\/biokrb-flogs-v-instalacnim-boxe\/#primaryimage\",\"url\":\"https:\/\/planikafires.shop\/wp-content\/uploads\/2026\/03\/Flogs_Single-Sided.jpg\",\"contentUrl\":\"https:\/\/planikafires.shop\/wp-content\/uploads\/2026\/03\/Flogs_Single-Sided.jpg\",\"width\":1920,\"height\":1280},{\"@type\":\"BreadcrumbList\",\"@id\":\"https:\/\/planikafires.shop\/cs\/produkt\/biokrb-flogs-v-instalacnim-boxe\/#breadcrumb\",\"itemListElement\":[{\"@type\":\"ListItem\",\"position\":1,\"name\":\"Domovsk\u00e1 str\u00e1nka\",\"item\":\"https:\/\/planikafires.shop\/cs\/\"},{\"@type\":\"ListItem\",\"position\":2,\"name\":\"Obchod\",\"item\":\"https:\/\/planikafires.shop\/cs\/shop\/\"},{\"@type\":\"ListItem\",\"position\":3,\"name\":\"Biokrb FLOGS v instala\u010dn\u00edm boxe\"}]},{\"@type\":\"WebSite\",\"@id\":\"https:\/\/planikafires.shop\/cs\/#website\",\"url\":\"https:\/\/planikafires.shop\/cs\/\",\"name\":\"Planika\",\"description\":\"Modern\u00e9 rie\u0161enie krbov\",\"publisher\":{\"@id\":\"https:\/\/planikafires.shop\/cs\/#organization\"},\"potentialAction\":[{\"@type\":\"SearchAction\",\"target\":{\"@type\":\"EntryPoint\",\"urlTemplate\":\"https:\/\/planikafires.shop\/cs\/?s={search_term_string}\"},\"query-input\":{\"@type\":\"PropertyValueSpecification\",\"valueRequired\":true,\"valueName\":\"search_term_string\"}}],\"inLanguage\":\"cs\"},{\"@type\":\"Organization\",\"@id\":\"https:\/\/planikafires.shop\/cs\/#organization\",\"name\":\"Planika\",\"url\":\"https:\/\/planikafires.shop\/cs\/\",\"logo\":{\"@type\":\"ImageObject\",\"inLanguage\":\"cs\",\"@id\":\"https:\/\/planikafires.shop\/cs\/#\/schema\/logo\/image\/\",\"url\":\"https:\/\/planikafires.shop\/wp-content\/uploads\/2022\/06\/logo.png\",\"contentUrl\":\"https:\/\/planikafires.shop\/wp-content\/uploads\/2022\/06\/logo.png\",\"width\":191,\"height\":78,\"caption\":\"Planika\"},\"image\":{\"@id\":\"https:\/\/planikafires.shop\/cs\/#\/schema\/logo\/image\/\"}}]}<\/script>\n<!-- \/ Yoast SEO plugin. -->","yoast_head_json":{"title":"Biokrb FLOGS v instala\u010dn\u00edm boxe | Planika","robots":{"index":"index","follow":"follow","max-snippet":"max-snippet:-1","max-image-preview":"max-image-preview:large","max-video-preview":"max-video-preview:-1"},"canonical":"https:\/\/planikafires.shop\/cs\/produkt\/biokrb-flogs-v-instalacnim-boxe\/","og_locale":"cs_CZ","og_type":"article","og_title":"Biokrb FLOGS v instala\u010dn\u00edm boxe | Planika","og_description":"\u0160pi\u010dkov\u00e1 topeni\u0161t\u011b FLOGS v instala\u010dn\u00ed krabici chr\u00e1n\u00ed okoln\u00ed materi\u00e1ly a umo\u017e\u0148uje integrovat krb do ho\u0159lav\u00fdch konstrukc\u00ed nebo instalovat televizi v t\u011bsn\u00e9 bl\u00edzkosti. FLOGS 990 je modern\u00ed automatick\u00e1 bioethanolov\u00e1 krbov\u00e1 vlo\u017eka, kterou lze instalovat bez kom\u00edna nebo dodate\u010dn\u00e9ho v\u011btr\u00e1n\u00ed. Hromada keramick\u00fdch polen obklopen\u00e1 vysok\u00fdmi, \u017eiv\u00fdmi plameny vytv\u00e1\u0159\u00ed vizu\u00e1ln\u00ed efekt tradi\u010dn\u00edho krbu na d\u0159evo a z\u00e1rove\u0148 zaji\u0161\u0165uje [&hellip;]","og_url":"https:\/\/planikafires.shop\/cs\/produkt\/biokrb-flogs-v-instalacnim-boxe\/","og_site_name":"Planika","og_image":[{"width":1920,"height":1280,"url":"https:\/\/planikafires.shop\/wp-content\/uploads\/2026\/03\/Flogs_Single-Sided.jpg","type":"image\/jpeg"}],"twitter_card":"summary_large_image","twitter_misc":{"Odhadovan\u00e1 doba \u010dten\u00ed":"1 minuta"},"schema":{"@context":"https:\/\/schema.org","@graph":[{"@type":"WebPage","@id":"https:\/\/planikafires.shop\/cs\/produkt\/biokrb-flogs-v-instalacnim-boxe\/","url":"https:\/\/planikafires.shop\/cs\/produkt\/biokrb-flogs-v-instalacnim-boxe\/","name":"Biokrb FLOGS v instala\u010dn\u00edm boxe | Planika","isPartOf":{"@id":"https:\/\/planikafires.shop\/cs\/#website"},"primaryImageOfPage":{"@id":"https:\/\/planikafires.shop\/cs\/produkt\/biokrb-flogs-v-instalacnim-boxe\/#primaryimage"},"image":{"@id":"https:\/\/planikafires.shop\/cs\/produkt\/biokrb-flogs-v-instalacnim-boxe\/#primaryimage"},"thumbnailUrl":"https:\/\/planikafires.shop\/wp-content\/uploads\/2026\/03\/Flogs_Single-Sided.jpg","datePublished":"2026-03-12T08:24:12+00:00","dateModified":"2026-03-12T08:24:12+00:00","breadcrumb":{"@id":"https:\/\/planikafires.shop\/cs\/produkt\/biokrb-flogs-v-instalacnim-boxe\/#breadcrumb"},"inLanguage":"cs","potentialAction":[{"@type":"ReadAction","target":["https:\/\/planikafires.shop\/cs\/produkt\/biokrb-flogs-v-instalacnim-boxe\/"]}]},{"@type":"ImageObject","inLanguage":"cs","@id":"https:\/\/planikafires.shop\/cs\/produkt\/biokrb-flogs-v-instalacnim-boxe\/#primaryimage","url":"https:\/\/planikafires.shop\/wp-content\/uploads\/2026\/03\/Flogs_Single-Sided.jpg","contentUrl":"https:\/\/planikafires.shop\/wp-content\/uploads\/2026\/03\/Flogs_Single-Sided.jpg","width":1920,"height":1280},{"@type":"BreadcrumbList","@id":"https:\/\/planikafires.shop\/cs\/produkt\/biokrb-flogs-v-instalacnim-boxe\/#breadcrumb","itemListElement":[{"@type":"ListItem","position":1,"name":"Domovsk\u00e1 str\u00e1nka","item":"https:\/\/planikafires.shop\/cs\/"},{"@type":"ListItem","position":2,"name":"Obchod","item":"https:\/\/planikafires.shop\/cs\/shop\/"},{"@type":"ListItem","position":3,"name":"Biokrb FLOGS v instala\u010dn\u00edm boxe"}]},{"@type":"WebSite","@id":"https:\/\/planikafires.shop\/cs\/#website","url":"https:\/\/planikafires.shop\/cs\/","name":"Planika","description":"Modern\u00e9 rie\u0161enie krbov","publisher":{"@id":"https:\/\/planikafires.shop\/cs\/#organization"},"potentialAction":[{"@type":"SearchAction","target":{"@type":"EntryPoint","urlTemplate":"https:\/\/planikafires.shop\/cs\/?s={search_term_string}"},"query-input":{"@type":"PropertyValueSpecification","valueRequired":true,"valueName":"search_term_string"}}],"inLanguage":"cs"},{"@type":"Organization","@id":"https:\/\/planikafires.shop\/cs\/#organization","name":"Planika","url":"https:\/\/planikafires.shop\/cs\/","logo":{"@type":"ImageObject","inLanguage":"cs","@id":"https:\/\/planikafires.shop\/cs\/#\/schema\/logo\/image\/","url":"https:\/\/planikafires.shop\/wp-content\/uploads\/2022\/06\/logo.png","contentUrl":"https:\/\/planikafires.shop\/wp-content\/uploads\/2022\/06\/logo.png","width":191,"height":78,"caption":"Planika"},"image":{"@id":"https:\/\/planikafires.shop\/cs\/#\/schema\/logo\/image\/"}}]}},"_links":{"self":[{"href":"https:\/\/planikafires.shop\/cs\/wp-json\/wp\/v2\/product\/13512","targetHints":{"allow":["GET"]}}],"collection":[{"href":"https:\/\/planikafires.shop\/cs\/wp-json\/wp\/v2\/product"}],"about":[{"href":"https:\/\/planikafires.shop\/cs\/wp-json\/wp\/v2\/types\/product"}],"version-history":[{"count":0,"href":"https:\/\/planikafires.shop\/cs\/wp-json\/wp\/v2\/product\/13512\/revisions"}],"wp:featuredmedia":[{"embeddable":true,"href":"https:\/\/planikafires.shop\/cs\/wp-json\/wp\/v2\/media\/13496"}],"wp:attachment":[{"href":"https:\/\/planikafires.shop\/cs\/wp-json\/wp\/v2\/media?parent=13512"}],"wp:term":[{"taxonomy":"product_brand","embeddable":true,"href":"https:\/\/planikafires.shop\/cs\/wp-json\/wp\/v2\/product_brand?post=13512"},{"taxonomy":"product_cat","embeddable":true,"href":"https:\/\/planikafires.shop\/cs\/wp-json\/wp\/v2\/product_cat?post=13512"},{"taxonomy":"product_tag","embeddable":true,"href":"https:\/\/planikafires.shop\/cs\/wp-json\/wp\/v2\/product_tag?post=13512"}],"curies":[{"name":"wp","href":"https:\/\/api.w.org\/{rel}","templated":true}]}}